{"id":22,"date":"2016-10-07T11:00:20","date_gmt":"2016-10-07T09:00:20","guid":{"rendered":"https:\/\/xml-io.proteusthemes.com\/adrenaline\/?page_id=22"},"modified":"2024-04-11T10:50:31","modified_gmt":"2024-04-11T08:50:31","slug":"nos-formules","status":"publish","type":"page","link":"https:\/\/nolimit-aventure.com\/chevry-cossigny\/nos-formules\/","title":{"rendered":"Formules"},"content":{"rendered":"<div id=\"pl-22\"  class=\"panel-layout\" ><div id=\"pg-22-0\"  class=\"panel-grid panel-no-style\" ><div id=\"pgc-22-0-0\"  class=\"panel-grid-cell\" ><div id=\"panel-22-0-0-0\" class=\"so-panel widget widget_sow-editor panel-first-child panel-last-child\" data-index=\"0\" ><div\n\t\t\t\n\t\t\tclass=\"so-widget-sow-editor so-widget-sow-editor-base\"\n\t\t\t\n\t\t>\n<div class=\"siteorigin-widget-tinymce textwidget\">\n\t<h3>Formules Nolimit Aventure<span style=\"color: #2e3b4e; font-weight: 300;\">\u00a0- 18 ann\u00e9es d'exp\u00e9rience<\/span><\/h3>\n<p style=\"font-size: 16px;\">Comme sur l'ensemble de nos sites, nous vous proposons un panel de formules comprenant plusieurs activit\u00e9s qui on fait la r\u00e9putation de Nolimit Aventure tel que notre fameux <strong>Pass Extrem<\/strong>, id\u00e9al pour l'organisation de vos <strong>EVG<\/strong> ou <strong>EVJF<\/strong> ou les <strong>formules anniversaire<\/strong> sont disponible \u00e0 la r\u00e9servation...<\/p>\n<p style=\"font-size: 16px;\">Nous pouvons vous proposer des formules sur mesure, sur simple demande, \u00e0 l'aide de notre formulaire de <a href=\"https:\/\/nolimit-aventure.com\/chevry-cossigny\/infos-contact\/#form\">contact<\/a><\/p>\n<p style=\"font-size: 16px;\">\u00a0<\/p>\n<\/div>\n<\/div><\/div><\/div><\/div><div id=\"pg-22-1\"  class=\"panel-grid panel-no-style\" ><div id=\"pgc-22-1-0\"  class=\"panel-grid-cell\" ><div id=\"panel-22-1-0-0\" class=\"so-panel widget widget_pw_featured_page widget-featured-page panel-first-child\" data-index=\"1\" >\n\t<div class=\"page-box  page-box--block\">\n\t\t\t\t\t\t<a class=\"page-box__picture\" href=\"https:\/\/nolimit-aventure.com\/chevry-cossigny\/nos-formules\/pass-extreme\/\">\n\t\t\t\t\t<img loading=\"lazy\" decoding=\"async\" src=\"https:\/\/nolimit-aventure.com\/chevry-cossigny\/wp-content\/uploads\/2024\/02\/Multi-activites-4-350x175.png\" width=\"350\" height=\"175\" srcset=\"https:\/\/nolimit-aventure.com\/chevry-cossigny\/wp-content\/uploads\/2024\/02\/Multi-activites-4-350x175.png 350w, https:\/\/nolimit-aventure.com\/chevry-cossigny\/wp-content\/uploads\/2024\/02\/Multi-activites-4.png 867w\" sizes=\"auto, (min-width: 1200px) 350px, (min-width: 992px) 290px, (min-width: 768px) 690px, (min-width: 576px) 510px, calc(100vw - 30px)\" class=\"wp-post-image\" alt=\"Pass Extr\u00eame\">\n\t\t\t\t\t\t\t\t\t<\/a>\n\t\t\t\t\t\t\t\t<div class=\"page-box__content\">\n\t\t\t<h2 class=\"page-box__title\"><a href=\"https:\/\/nolimit-aventure.com\/chevry-cossigny\/nos-formules\/pass-extreme\/\">Pass Extr\u00eame<\/a><\/h2>\n\t\t\t<p class=\"page-box__text\">Le plein de sensations - Sur une Journ\u00e9e compl\u00e8te\n\n\n\n\n\n\tLe Pass Extr\u00eame vous fera tr\u00e8s rapidement oublier le bon vieil adage selon lequel &hellip;<\/p>\n\t\t\t\t\t\t\t<a href=\"https:\/\/nolimit-aventure.com\/chevry-cossigny\/nos-formules\/pass-extreme\/\" class=\"page-box__more-link\">En savoir plus<\/a>\n\t\t\t\t\t<\/div>\n\t<\/div>\n\n<\/div><div id=\"panel-22-1-0-1\" class=\"so-panel widget widget_pw_featured_page widget-featured-page panel-last-child\" data-index=\"2\" >\n\t<div class=\"page-box  page-box--block\">\n\t\t\t\t\t\t<a class=\"page-box__picture\" href=\"https:\/\/nolimit-aventure.com\/chevry-cossigny\/nos-formules\/anniversaire-action\/\">\n\t\t\t\t\t<img loading=\"lazy\" decoding=\"async\" src=\"https:\/\/nolimit-aventure.com\/chevry-cossigny\/wp-content\/uploads\/2024\/02\/Multi-activites-6-350x175.png\" width=\"350\" height=\"175\" srcset=\"https:\/\/nolimit-aventure.com\/chevry-cossigny\/wp-content\/uploads\/2024\/02\/Multi-activites-6-350x175.png 350w, https:\/\/nolimit-aventure.com\/chevry-cossigny\/wp-content\/uploads\/2024\/02\/Multi-activites-6.png 867w\" sizes=\"auto, (min-width: 1200px) 350px, (min-width: 992px) 290px, (min-width: 768px) 690px, (min-width: 576px) 510px, calc(100vw - 30px)\" class=\"wp-post-image\" alt=\"Pass Multi Activit\u00e9s\">\n\t\t\t\t\t\t\t\t\t<\/a>\n\t\t\t\t\t\t\t\t<div class=\"page-box__content\">\n\t\t\t<h2 class=\"page-box__title\"><a href=\"https:\/\/nolimit-aventure.com\/chevry-cossigny\/nos-formules\/anniversaire-action\/\">Pass Multi Activit\u00e9s<\/a><\/h2>\n\t\t\t<p class=\"page-box__text\">Une formule sp\u00e9ciale pour tous !\n\n\n\n\tImmergez-vous dans les hauteurs avec l'accrobranche, d\u00e9fiez vos amis dans notre laser game, mettez \u00e0 &hellip;<\/p>\n\t\t\t\t\t\t\t<a href=\"https:\/\/nolimit-aventure.com\/chevry-cossigny\/nos-formules\/anniversaire-action\/\" class=\"page-box__more-link\">En savoir plus<\/a>\n\t\t\t\t\t<\/div>\n\t<\/div>\n\n<\/div><\/div><div id=\"pgc-22-1-1\"  class=\"panel-grid-cell\" ><div id=\"panel-22-1-1-0\" class=\"so-panel widget widget_pw_featured_page widget-featured-page panel-first-child panel-last-child\" data-index=\"3\" >\n\t<div class=\"page-box  page-box--block\">\n\t\t\t\t\t\t<a class=\"page-box__picture\" href=\"https:\/\/nolimit-aventure.com\/chevry-cossigny\/nos-formules\/pass-action\/\">\n\t\t\t\t\t<img loading=\"lazy\" decoding=\"async\" src=\"https:\/\/nolimit-aventure.com\/chevry-cossigny\/wp-content\/uploads\/2024\/02\/Multi-activites-350x175.jpg\" width=\"350\" height=\"175\" srcset=\"https:\/\/nolimit-aventure.com\/chevry-cossigny\/wp-content\/uploads\/2024\/02\/Multi-activites-350x175.jpg 350w, https:\/\/nolimit-aventure.com\/chevry-cossigny\/wp-content\/uploads\/2024\/02\/Multi-activites.jpg 867w\" sizes=\"auto, (min-width: 1200px) 350px, (min-width: 992px) 290px, (min-width: 768px) 690px, (min-width: 576px) 510px, calc(100vw - 30px)\" class=\"wp-post-image\" alt=\"Pass EVG\/EVJF\">\n\t\t\t\t\t\t\t\t\t<\/a>\n\t\t\t\t\t\t\t\t<div class=\"page-box__content\">\n\t\t\t<h2 class=\"page-box__title\"><a href=\"https:\/\/nolimit-aventure.com\/chevry-cossigny\/nos-formules\/pass-action\/\">Pass EVG\/EVJF<\/a><\/h2>\n\t\t\t<p class=\"page-box__text\">Une journ\u00e9e Action et Adr\u00e9naline\n\n\n\tDifficile de faire preuve de pr\u00e9cision \u00e0 l\u2019arc apr\u00e8s une bonne matin\u00e9e en hauteur. Les mains sont &hellip;<\/p>\n\t\t\t\t\t\t\t<a href=\"https:\/\/nolimit-aventure.com\/chevry-cossigny\/nos-formules\/pass-action\/\" class=\"page-box__more-link\">En savoir plus<\/a>\n\t\t\t\t\t<\/div>\n\t<\/div>\n\n<\/div><\/div><div id=\"pgc-22-1-2\"  class=\"panel-grid-cell\" ><div id=\"panel-22-1-2-0\" class=\"so-panel widget widget_pw_featured_page widget-featured-page panel-first-child panel-last-child\" data-index=\"4\" >\n\t<div class=\"page-box  page-box--block\">\n\t\t\t\t\t\t<a class=\"page-box__picture\" href=\"https:\/\/nolimit-aventure.com\/chevry-cossigny\/nos-formules\/anniversaire-aventure\/\">\n\t\t\t\t\t<img loading=\"lazy\" decoding=\"async\" src=\"https:\/\/nolimit-aventure.com\/chevry-cossigny\/wp-content\/uploads\/2024\/02\/Multi-activites-5-350x175.png\" width=\"350\" height=\"175\" srcset=\"https:\/\/nolimit-aventure.com\/chevry-cossigny\/wp-content\/uploads\/2024\/02\/Multi-activites-5-350x175.png 350w, https:\/\/nolimit-aventure.com\/chevry-cossigny\/wp-content\/uploads\/2024\/02\/Multi-activites-5.png 867w\" sizes=\"auto, (min-width: 1200px) 350px, (min-width: 992px) 290px, (min-width: 768px) 690px, (min-width: 576px) 510px, calc(100vw - 30px)\" class=\"wp-post-image\" alt=\"Anniversaire Aventure\">\n\t\t\t\t\t\t\t\t\t<\/a>\n\t\t\t\t\t\t\t\t<div class=\"page-box__content\">\n\t\t\t<h2 class=\"page-box__title\"><a href=\"https:\/\/nolimit-aventure.com\/chevry-cossigny\/nos-formules\/anniversaire-aventure\/\">Anniversaire Aventure<\/a><\/h2>\n\t\t\t<p class=\"page-box__text\">Une formule sp\u00e9ciale pour votre anniversaire !\nUne entr\u00e9e nominative offerte pour l'accrobranche* !&nbsp;\n\n\n\n\tUne apr\u00e8s-midi d\u2019aventures &hellip;<\/p>\n\t\t\t\t\t\t\t<a href=\"https:\/\/nolimit-aventure.com\/chevry-cossigny\/nos-formules\/anniversaire-aventure\/\" class=\"page-box__more-link\">En savoir plus<\/a>\n\t\t\t\t\t<\/div>\n\t<\/div>\n\n<\/div><\/div><\/div><div id=\"pg-22-2\"  class=\"panel-grid panel-has-style\" ><div class=\"siteorigin-panels-stretch panel-row-style panel-row-style-for-22-2\" data-stretch-type=\"full-width-stretch\" ><div id=\"pgc-22-2-0\"  class=\"panel-grid-cell\" ><div id=\"panel-22-2-0-0\" class=\"so-panel widget widget_sow-google-map panel-first-child panel-last-child\" data-index=\"5\" ><div class=\"panel-widget-style panel-widget-style-for-22-2-0-0\" ><div\n\t\t\t\n\t\t\tclass=\"so-widget-sow-google-map so-widget-sow-google-map-default-ae958db06d5f-22\"\n\t\t\t\n\t\t>\n<div class=\"sow-google-map-canvas\"\n\tstyle=\"\"\n\tid=\"map-canvas-ebe29e91dc2a7e859d8b3bd19f84373d\"\n\tdata-options=\"{&quot;address&quot;:&quot;chevry-cossigny, france&quot;,&quot;zoom&quot;:13,&quot;mobileZoom&quot;:13,&quot;gestureHandling&quot;:&quot;none&quot;,&quot;disableUi&quot;:false,&quot;markerIcon&quot;:&quot;https:\\\/\\\/nolimit-aventure.com\\\/chevry-cossigny\\\/wp-content\\\/uploads\\\/2016\\\/10\\\/marker-nla.png&quot;,&quot;markersDraggable&quot;:false,&quot;markerAtCenter&quot;:true,&quot;markerInfoDisplay&quot;:&quot;click&quot;,&quot;markerInfoMultiple&quot;:true,&quot;markerPositions&quot;:[{&quot;place&quot;:&quot;Larchant&quot;,&quot;info&quot;:&quot;&quot;,&quot;infoSelectedEditor&quot;:&quot;tinymce&quot;,&quot;infoMaxWidth&quot;:&quot;&quot;,&quot;customMarkerIcon&quot;:0,&quot;customMarkerIconSize&quot;:&quot;&quot;},{&quot;place&quot;:&quot;Montargis&quot;,&quot;info&quot;:&quot;&quot;,&quot;infoSelectedEditor&quot;:&quot;tinymce&quot;,&quot;infoMaxWidth&quot;:&quot;&quot;,&quot;customMarkerIcon&quot;:0,&quot;customMarkerIconSize&quot;:&quot;&quot;},{&quot;place&quot;:&quot;Digny&quot;,&quot;info&quot;:&quot;&quot;,&quot;infoSelectedEditor&quot;:&quot;tinymce&quot;,&quot;infoMaxWidth&quot;:&quot;&quot;,&quot;customMarkerIcon&quot;:0,&quot;customMarkerIconSize&quot;:&quot;&quot;}],&quot;mapName&quot;:&quot;Carte personnalis\\u00e9e&quot;,&quot;mapStyles&quot;:[{&quot;featureType&quot;:&quot;water&quot;,&quot;elementType&quot;:&quot;geometry&quot;,&quot;stylers&quot;:[{&quot;color&quot;:&quot;#e9e9e9&quot;},{&quot;lightness&quot;:17}]},{&quot;featureType&quot;:&quot;landscape&quot;,&quot;elementType&quot;:&quot;geometry&quot;,&quot;stylers&quot;:[{&quot;color&quot;:&quot;#f5f5f5&quot;},{&quot;lightness&quot;:20}]},{&quot;featureType&quot;:&quot;road.highway&quot;,&quot;elementType&quot;:&quot;geometry.fill&quot;,&quot;stylers&quot;:[{&quot;color&quot;:&quot;#ffffff&quot;},{&quot;lightness&quot;:17}]},{&quot;featureType&quot;:&quot;road.highway&quot;,&quot;elementType&quot;:&quot;geometry.stroke&quot;,&quot;stylers&quot;:[{&quot;color&quot;:&quot;#ffffff&quot;},{&quot;lightness&quot;:29},{&quot;weight&quot;:0.2}]},{&quot;featureType&quot;:&quot;road.arterial&quot;,&quot;elementType&quot;:&quot;geometry&quot;,&quot;stylers&quot;:[{&quot;color&quot;:&quot;#ffffff&quot;},{&quot;lightness&quot;:18}]},{&quot;featureType&quot;:&quot;road.local&quot;,&quot;elementType&quot;:&quot;geometry&quot;,&quot;stylers&quot;:[{&quot;color&quot;:&quot;#ffffff&quot;},{&quot;lightness&quot;:16}]},{&quot;featureType&quot;:&quot;poi&quot;,&quot;elementType&quot;:&quot;geometry&quot;,&quot;stylers&quot;:[{&quot;color&quot;:&quot;#f5f5f5&quot;},{&quot;lightness&quot;:21}]},{&quot;featureType&quot;:&quot;poi.park&quot;,&quot;elementType&quot;:&quot;geometry&quot;,&quot;stylers&quot;:[{&quot;color&quot;:&quot;#dedede&quot;},{&quot;lightness&quot;:21}]},{&quot;elementType&quot;:&quot;labels.text.stroke&quot;,&quot;stylers&quot;:[{&quot;visibility&quot;:&quot;on&quot;},{&quot;color&quot;:&quot;#ffffff&quot;},{&quot;lightness&quot;:16}]},{&quot;elementType&quot;:&quot;labels.text.fill&quot;,&quot;stylers&quot;:[{&quot;saturation&quot;:36},{&quot;color&quot;:&quot;#333333&quot;},{&quot;lightness&quot;:40}]},{&quot;elementType&quot;:&quot;labels.icon&quot;,&quot;stylers&quot;:[{&quot;visibility&quot;:&quot;off&quot;}]},{&quot;featureType&quot;:&quot;transit&quot;,&quot;elementType&quot;:&quot;geometry&quot;,&quot;stylers&quot;:[{&quot;color&quot;:&quot;#f2f2f2&quot;},{&quot;lightness&quot;:19}]},{&quot;featureType&quot;:&quot;administrative&quot;,&quot;elementType&quot;:&quot;geometry.fill&quot;,&quot;stylers&quot;:[{&quot;color&quot;:&quot;#fefefe&quot;},{&quot;lightness&quot;:20}]},{&quot;featureType&quot;:&quot;administrative&quot;,&quot;elementType&quot;:&quot;geometry.stroke&quot;,&quot;stylers&quot;:[{&quot;color&quot;:&quot;#fefefe&quot;},{&quot;lightness&quot;:17},{&quot;weight&quot;:1.2}]}],&quot;directions&quot;:&quot;&quot;,&quot;apiKey&quot;:&quot;AIzaSyB7KobOozKQ8YV5xIqILlrEucsBB5Bwfjc&quot;,&quot;breakpoint&quot;:780}\"\n\tdata-fallback-image=\"{&quot;img&quot;:&quot;&quot;}\"><\/div>\n<\/div><\/div><\/div><\/div><\/div><\/div><\/div>","protected":false},"excerpt":{"rendered":"<p>Formules Nolimit Aventure\u00a0&#8211; 18 ann\u00e9es d&rsquo;exp\u00e9rience Comme sur l&rsquo;ensemble de nos sites, nous vous proposons un panel de formules comprenant plusieurs activit\u00e9s qui on fait la r\u00e9putation de Nolimit Aventure tel que notre fameux Pass Extrem, id\u00e9al pour l&rsquo;organisation de vos EVG ou EVJF ou les formules anniversaire sont disponible \u00e0 la r\u00e9servation&#8230; Nous pouvons &hellip;<\/p>\n","protected":false},"author":1,"featured_media":0,"parent":0,"menu_order":0,"comment_status":"closed","ping_status":"closed","template":"","meta":{"_acf_changed":false,"footnotes":""},"class_list":{"0":"post-22","1":"page","2":"type-page","3":"status-publish","5":"clearfix","6":"article"},"acf":[],"yoast_head":"<!-- This site is optimized with the Yoast SEO plugin v27.4 - https:\/\/yoast.com\/product\/yoast-seo-wordpress\/ -->\n<title>Formules paintball moins chers - paintball et accrobranche au meilleur prix<\/title>\n<meta name=\"description\" content=\"Formules paintball et accrobranche, laser game, archery tag, bubble foot au meilleur prix, journ\u00e9e tout inclus evg, evjf a 10 min de Paris entre Pontault Combault et Brie Comte robert, en seine et Marne et proche du Val de Marne\" \/>\n<meta name=\"robots\" content=\"index, follow, max-snippet:-1, max-image-preview:large, max-video-preview:-1\" \/>\n<link rel=\"canonical\" href=\"https:\/\/nolimit-aventure.com\/chevry-cossigny\/nos-formules\/\" \/>\n<meta property=\"og:locale\" content=\"fr_FR\" \/>\n<meta property=\"og:type\" content=\"article\" \/>\n<meta property=\"og:title\" content=\"Formules paintball moins chers - paintball et accrobranche au meilleur prix\" \/>\n<meta property=\"og:description\" content=\"Formules paintball et accrobranche, laser game, archery tag, bubble foot au meilleur prix, journ\u00e9e tout inclus evg, evjf a 10 min de Paris entre Pontault Combault et Brie Comte robert, en seine et Marne et proche du Val de Marne\" \/>\n<meta property=\"og:url\" content=\"https:\/\/nolimit-aventure.com\/chevry-cossigny\/nos-formules\/\" \/>\n<meta property=\"og:site_name\" content=\"NoLimit Aventure Chevry\" \/>\n<meta property=\"article:modified_time\" content=\"2024-04-11T08:50:31+00:00\" \/>\n<meta name=\"twitter:card\" content=\"summary_large_image\" \/>\n<meta name=\"twitter:label1\" content=\"Dur\u00e9e de lecture estim\u00e9e\" \/>\n\t<meta name=\"twitter:data1\" content=\"3 minutes\" \/>\n<script type=\"application\/ld+json\" class=\"yoast-schema-graph\">{\"@context\":\"https:\\\/\\\/schema.org\",\"@graph\":[{\"@type\":\"WebPage\",\"@id\":\"https:\\\/\\\/nolimit-aventure.com\\\/chevry-cossigny\\\/nos-formules\\\/\",\"url\":\"https:\\\/\\\/nolimit-aventure.com\\\/chevry-cossigny\\\/nos-formules\\\/\",\"name\":\"Formules paintball moins chers - paintball et accrobranche au meilleur prix\",\"isPartOf\":{\"@id\":\"https:\\\/\\\/nolimit-aventure.com\\\/chevry-cossigny\\\/#website\"},\"datePublished\":\"2016-10-07T09:00:20+00:00\",\"dateModified\":\"2024-04-11T08:50:31+00:00\",\"description\":\"Formules paintball et accrobranche, laser game, archery tag, bubble foot au meilleur prix, journ\u00e9e tout inclus evg, evjf a 10 min de Paris entre Pontault Combault et Brie Comte robert, en seine et Marne et proche du Val de Marne\",\"breadcrumb\":{\"@id\":\"https:\\\/\\\/nolimit-aventure.com\\\/chevry-cossigny\\\/nos-formules\\\/#breadcrumb\"},\"inLanguage\":\"fr-FR\",\"potentialAction\":[{\"@type\":\"ReadAction\",\"target\":[\"https:\\\/\\\/nolimit-aventure.com\\\/chevry-cossigny\\\/nos-formules\\\/\"]}]},{\"@type\":\"BreadcrumbList\",\"@id\":\"https:\\\/\\\/nolimit-aventure.com\\\/chevry-cossigny\\\/nos-formules\\\/#breadcrumb\",\"itemListElement\":[{\"@type\":\"ListItem\",\"position\":1,\"name\":\"Accueil\",\"item\":\"https:\\\/\\\/nolimit-aventure.com\\\/chevry-cossigny\\\/\"},{\"@type\":\"ListItem\",\"position\":2,\"name\":\"Formules\"}]},{\"@type\":\"WebSite\",\"@id\":\"https:\\\/\\\/nolimit-aventure.com\\\/chevry-cossigny\\\/#website\",\"url\":\"https:\\\/\\\/nolimit-aventure.com\\\/chevry-cossigny\\\/\",\"name\":\"NoLimit Aventure Chevry\",\"description\":\"\",\"potentialAction\":[{\"@type\":\"SearchAction\",\"target\":{\"@type\":\"EntryPoint\",\"urlTemplate\":\"https:\\\/\\\/nolimit-aventure.com\\\/chevry-cossigny\\\/?s={search_term_string}\"},\"query-input\":{\"@type\":\"PropertyValueSpecification\",\"valueRequired\":true,\"valueName\":\"search_term_string\"}}],\"inLanguage\":\"fr-FR\"}]}<\/script>\n<!-- \/ Yoast SEO plugin. -->","yoast_head_json":{"title":"Formules paintball moins chers - paintball et accrobranche au meilleur prix","description":"Formules paintball et accrobranche, laser game, archery tag, bubble foot au meilleur prix, journ\u00e9e tout inclus evg, evjf a 10 min de Paris entre Pontault Combault et Brie Comte robert, en seine et Marne et proche du Val de Marne","robots":{"index":"index","follow":"follow","max-snippet":"max-snippet:-1","max-image-preview":"max-image-preview:large","max-video-preview":"max-video-preview:-1"},"canonical":"https:\/\/nolimit-aventure.com\/chevry-cossigny\/nos-formules\/","og_locale":"fr_FR","og_type":"article","og_title":"Formules paintball moins chers - paintball et accrobranche au meilleur prix","og_description":"Formules paintball et accrobranche, laser game, archery tag, bubble foot au meilleur prix, journ\u00e9e tout inclus evg, evjf a 10 min de Paris entre Pontault Combault et Brie Comte robert, en seine et Marne et proche du Val de Marne","og_url":"https:\/\/nolimit-aventure.com\/chevry-cossigny\/nos-formules\/","og_site_name":"NoLimit Aventure Chevry","article_modified_time":"2024-04-11T08:50:31+00:00","twitter_card":"summary_large_image","twitter_misc":{"Dur\u00e9e de lecture estim\u00e9e":"3 minutes"},"schema":{"@context":"https:\/\/schema.org","@graph":[{"@type":"WebPage","@id":"https:\/\/nolimit-aventure.com\/chevry-cossigny\/nos-formules\/","url":"https:\/\/nolimit-aventure.com\/chevry-cossigny\/nos-formules\/","name":"Formules paintball moins chers - paintball et accrobranche au meilleur prix","isPartOf":{"@id":"https:\/\/nolimit-aventure.com\/chevry-cossigny\/#website"},"datePublished":"2016-10-07T09:00:20+00:00","dateModified":"2024-04-11T08:50:31+00:00","description":"Formules paintball et accrobranche, laser game, archery tag, bubble foot au meilleur prix, journ\u00e9e tout inclus evg, evjf a 10 min de Paris entre Pontault Combault et Brie Comte robert, en seine et Marne et proche du Val de Marne","breadcrumb":{"@id":"https:\/\/nolimit-aventure.com\/chevry-cossigny\/nos-formules\/#breadcrumb"},"inLanguage":"fr-FR","potentialAction":[{"@type":"ReadAction","target":["https:\/\/nolimit-aventure.com\/chevry-cossigny\/nos-formules\/"]}]},{"@type":"BreadcrumbList","@id":"https:\/\/nolimit-aventure.com\/chevry-cossigny\/nos-formules\/#breadcrumb","itemListElement":[{"@type":"ListItem","position":1,"name":"Accueil","item":"https:\/\/nolimit-aventure.com\/chevry-cossigny\/"},{"@type":"ListItem","position":2,"name":"Formules"}]},{"@type":"WebSite","@id":"https:\/\/nolimit-aventure.com\/chevry-cossigny\/#website","url":"https:\/\/nolimit-aventure.com\/chevry-cossigny\/","name":"NoLimit Aventure Chevry","description":"","potentialAction":[{"@type":"SearchAction","target":{"@type":"EntryPoint","urlTemplate":"https:\/\/nolimit-aventure.com\/chevry-cossigny\/?s={search_term_string}"},"query-input":{"@type":"PropertyValueSpecification","valueRequired":true,"valueName":"search_term_string"}}],"inLanguage":"fr-FR"}]}},"_links":{"self":[{"href":"https:\/\/nolimit-aventure.com\/chevry-cossigny\/wp-json\/wp\/v2\/pages\/22","targetHints":{"allow":["GET"]}}],"collection":[{"href":"https:\/\/nolimit-aventure.com\/chevry-cossigny\/wp-json\/wp\/v2\/pages"}],"about":[{"href":"https:\/\/nolimit-aventure.com\/chevry-cossigny\/wp-json\/wp\/v2\/types\/page"}],"author":[{"embeddable":true,"href":"https:\/\/nolimit-aventure.com\/chevry-cossigny\/wp-json\/wp\/v2\/users\/1"}],"replies":[{"embeddable":true,"href":"https:\/\/nolimit-aventure.com\/chevry-cossigny\/wp-json\/wp\/v2\/comments?post=22"}],"version-history":[{"count":67,"href":"https:\/\/nolimit-aventure.com\/chevry-cossigny\/wp-json\/wp\/v2\/pages\/22\/revisions"}],"predecessor-version":[{"id":7837,"href":"https:\/\/nolimit-aventure.com\/chevry-cossigny\/wp-json\/wp\/v2\/pages\/22\/revisions\/7837"}],"wp:attachment":[{"href":"https:\/\/nolimit-aventure.com\/chevry-cossigny\/wp-json\/wp\/v2\/media?parent=22"}],"curies":[{"name":"wp","href":"https:\/\/api.w.org\/{rel}","templated":true}]}}