{"id":30,"date":"2016-10-07T11:01:13","date_gmt":"2016-10-07T09:01:13","guid":{"rendered":"https:\/\/xml-io.proteusthemes.com\/adrenaline\/?page_id=30"},"modified":"2025-11-21T11:08:22","modified_gmt":"2025-11-21T10:08:22","slug":"infos-contact","status":"publish","type":"page","link":"https:\/\/nolimit-aventure.com\/chevry-cossigny\/infos-contact\/","title":{"rendered":"Infos &#038; Contacts"},"content":{"rendered":"<div id=\"pl-30\"  class=\"panel-layout\" ><div id=\"pg-30-0\"  class=\"panel-grid panel-has-style\" ><div class=\"siteorigin-panels-stretch panel-row-style panel-row-style-for-30-0\" data-stretch-type=\"full-width-stretch\" ><div id=\"pgc-30-0-0\"  class=\"panel-grid-cell panel-grid-cell-mobile-last\" ><div id=\"panel-30-0-0-0\" class=\"so-panel widget widget_media_image panel-first-child panel-last-child\" data-index=\"0\" ><a href=\"https:\/\/nolimit-aventure.com\/chevry-cossigny\/wp-content\/uploads\/2025\/03\/Capture-decran-2025-03-03-104359.png\"><img loading=\"lazy\" decoding=\"async\" width=\"1024\" height=\"723\" src=\"https:\/\/nolimit-aventure.com\/chevry-cossigny\/wp-content\/uploads\/2025\/03\/Capture-decran-2025-03-03-104359-1024x723.png\" class=\"image wp-image-8080  attachment-large size-large\" alt=\"\" style=\"max-width: 100%; height: auto;\" srcset=\"https:\/\/nolimit-aventure.com\/chevry-cossigny\/wp-content\/uploads\/2025\/03\/Capture-decran-2025-03-03-104359-1024x723.png 1024w, https:\/\/nolimit-aventure.com\/chevry-cossigny\/wp-content\/uploads\/2025\/03\/Capture-decran-2025-03-03-104359-300x212.png 300w, https:\/\/nolimit-aventure.com\/chevry-cossigny\/wp-content\/uploads\/2025\/03\/Capture-decran-2025-03-03-104359-768x542.png 768w, https:\/\/nolimit-aventure.com\/chevry-cossigny\/wp-content\/uploads\/2025\/03\/Capture-decran-2025-03-03-104359-100x70.png 100w, https:\/\/nolimit-aventure.com\/chevry-cossigny\/wp-content\/uploads\/2025\/03\/Capture-decran-2025-03-03-104359.png 1075w\" sizes=\"auto, (max-width: 1024px) 100vw, 1024px\" \/><\/a><\/div><\/div><div id=\"pgc-30-0-1\"  class=\"panel-grid-cell panel-grid-cell-empty\" ><\/div><\/div><\/div><div id=\"pg-30-1\"  class=\"panel-grid panel-has-style\" ><div class=\"panel-row-style panel-row-style-for-30-1\" ><div id=\"pgc-30-1-0\"  class=\"panel-grid-cell\" ><div id=\"panel-30-1-0-0\" class=\"so-panel widget widget_sow-editor panel-first-child\" data-index=\"1\" ><div class=\"panel-widget-style panel-widget-style-for-30-1-0-0\" ><div\n\t\t\t\n\t\t\tclass=\"so-widget-sow-editor so-widget-sow-editor-base\"\n\t\t\t\n\t\t>\n<div class=\"siteorigin-widget-tinymce textwidget\">\n\t<h3>Nolimit Aventure Chevry-Cossigny<\/h3>\n<\/div>\n<\/div><\/div><\/div><div id=\"panel-30-1-0-1\" class=\"so-panel widget widget_sow-editor panel-last-child\" data-index=\"2\" ><div class=\"panel-widget-style panel-widget-style-for-30-1-0-1\" ><div\n\t\t\t\n\t\t\tclass=\"so-widget-sow-editor so-widget-sow-editor-base\"\n\t\t\t\n\t\t>\n<div class=\"siteorigin-widget-tinymce textwidget\">\n\t<p style=\"font-size: 16px;\"><span style=\"color: #666666;\"><span class=\"icon-container\"><span class=\"fa  fa-envelope\" style=\"color:#2e3b4e;\"><\/span><\/span> \u00a0\u00a0chevry@nolimit-aventure.com<\/span><\/p>\n<p style=\"font-size: 16px;\"><span style=\"color: #666666;\"><span class=\"icon-container\"><span class=\"fa  fa-phone\" style=\"color:#2e3b4e;\"><\/span><\/span> \u00a0\u00a006 07 60 73 72<\/span><\/p>\n<p style=\"font-size: 16px;\"><span style=\"color: #666666;\"><span class=\"icon-container\"><span class=\"fa  fa-map-marker\" style=\"color:#2e3b4e;\"><\/span><\/span> \u00a0\u00a0Route de Gretz - D 216, 77173 Chevry-Cossigny<\/span><\/p>\n<p style=\"font-size: 16px;\">SAS au Capital de 12 000 Euros \u2013 RCS 77010 Melun Cedex<br \/>\nSiret 820 941 159 000 13 \/\/ NAF 9329Z<\/p>\n<\/div>\n<\/div><\/div><\/div><\/div><div id=\"pgc-30-1-1\"  class=\"panel-grid-cell panel-grid-cell-empty panel-grid-cell-mobile-last\" ><\/div><div id=\"pgc-30-1-2\"  class=\"panel-grid-cell panel-grid-cell-empty\" ><\/div><\/div><\/div><div id=\"pg-30-2\"  class=\"panel-grid panel-no-style\" ><div id=\"pgc-30-2-0\"  class=\"panel-grid-cell\" ><div id=\"panel-30-2-0-0\" class=\"so-panel widget widget_pw_special_title widget-special-title panel-first-child panel-last-child\" data-index=\"3\" ><div id=\"form\" class=\"panel-widget-style panel-widget-style-for-30-2-0-0\" >\t\t\t<h2 class=\"special-title\">\n\t\t\t\tContact\t\t\t<\/h2>\n\t\t<\/div><\/div><\/div><\/div><div id=\"pg-30-3\"  class=\"panel-grid panel-has-style\" ><div class=\"panel-row-style panel-row-style-for-30-3\" ><div id=\"pgc-30-3-0\"  class=\"panel-grid-cell\" ><div id=\"panel-30-3-0-0\" class=\"so-panel widget widget_text panel-first-child\" data-index=\"4\" >\t\t\t<div class=\"textwidget\">N\u2019h\u00e9sitez pas \u00e0 nous contacter par le biais de ce formulaire pour toute question, remarque et pour toute demande d\u2019information particuli\u00e8re ou personnalis\u00e9e, nous serons ravis de pouvoir vous aider et nous nous engageons \u00e0 vous r\u00e9pondre dans la journ\u00e9e.<\/div>\n\t\t<\/div><div id=\"panel-30-3-0-1\" class=\"so-panel widget widget_text panel-last-child\" data-index=\"5\" >\t\t\t<div class=\"textwidget\">\n<div class=\"wpcf7 no-js\" id=\"wpcf7-f2235-o1\" lang=\"en-US\" dir=\"ltr\" data-wpcf7-id=\"2235\">\n<div class=\"screen-reader-response\"><p role=\"status\" aria-live=\"polite\" aria-atomic=\"true\"><\/p> <ul><\/ul><\/div>\n<form action=\"\/chevry-cossigny\/wp-json\/wp\/v2\/pages\/30#wpcf7-f2235-o1\" method=\"post\" class=\"wpcf7-form init\" aria-label=\"Contact form\" novalidate=\"novalidate\" data-status=\"init\">\n<fieldset class=\"hidden-fields-container\"><input type=\"hidden\" name=\"_wpcf7\" value=\"2235\" \/><input type=\"hidden\" name=\"_wpcf7_version\" value=\"6.1.5\" \/><input type=\"hidden\" name=\"_wpcf7_locale\" value=\"en_US\" \/><input type=\"hidden\" name=\"_wpcf7_unit_tag\" value=\"wpcf7-f2235-o1\" \/><input type=\"hidden\" name=\"_wpcf7_container_post\" value=\"0\" \/><input type=\"hidden\" name=\"_wpcf7_posted_data_hash\" value=\"\" \/><input type=\"hidden\" name=\"_wpcf7_recaptcha_response\" value=\"\" \/>\n<\/fieldset>\n<div class=\"row\">\n\t<div class=\"col-xs-12  col-lg-6\">\n\t\t<p><span class=\"wpcf7-form-control-wrap\" data-name=\"your-name\"><input size=\"40\" maxlength=\"400\" class=\"wpcf7-form-control wpcf7-text wpcf7-validates-as-required form-control\" aria-required=\"true\" aria-invalid=\"false\" placeholder=\"Nom*\" value=\"\" type=\"text\" name=\"your-name\" \/><\/span>\n\t\t<\/p>\n\t<\/div>\n\t<div class=\"col-xs-12  col-lg-6\">\n\t\t<p><span class=\"wpcf7-form-control-wrap\" data-name=\"your-company\"><input size=\"40\" maxlength=\"400\" class=\"wpcf7-form-control wpcf7-text form-control\" aria-invalid=\"false\" placeholder=\"Organisme\" value=\"\" type=\"text\" name=\"your-company\" \/><\/span>\n\t\t<\/p>\n\t<\/div>\n\t<div class=\"col-xs-12  col-lg-6\">\n\t\t<p><span class=\"wpcf7-form-control-wrap\" data-name=\"your-tel\"><input size=\"40\" maxlength=\"400\" class=\"wpcf7-form-control wpcf7-tel wpcf7-validates-as-required wpcf7-text wpcf7-validates-as-tel form-control\" aria-required=\"true\" aria-invalid=\"false\" placeholder=\"Tel*\" value=\"\" type=\"tel\" name=\"your-tel\" \/><\/span>\n\t\t<\/p>\n\t<\/div>\n\t<div class=\"col-xs-12  col-lg-6\">\n\t\t<p><span class=\"wpcf7-form-control-wrap\" data-name=\"your-email\"><input size=\"40\" maxlength=\"400\" class=\"wpcf7-form-control wpcf7-email wpcf7-validates-as-required wpcf7-text wpcf7-validates-as-email form-control\" aria-required=\"true\" aria-invalid=\"false\" placeholder=\"E-mail*\" value=\"\" type=\"email\" name=\"your-email\" \/><\/span>\n\t\t<\/p>\n\t<\/div>\n\t<div class=\"col-xs-12\">\n\t\t<p><span class=\"wpcf7-form-control-wrap\" data-name=\"your-subject\"><input size=\"40\" maxlength=\"400\" class=\"wpcf7-form-control wpcf7-text form-control\" aria-invalid=\"false\" placeholder=\"Sujet\" value=\"\" type=\"text\" name=\"your-subject\" \/><\/span>\n\t\t<\/p>\n\t<\/div>\n\t<div class=\"col-xs-12\">\n\t\t<p><span class=\"wpcf7-form-control-wrap\" data-name=\"your-message\"><textarea cols=\"40\" rows=\"10\" maxlength=\"2000\" class=\"wpcf7-form-control wpcf7-textarea form-control\" aria-invalid=\"false\" placeholder=\"Message\" name=\"your-message\"><\/textarea><\/span>\n\t\t<\/p>\n\t\t<div class=\"wpcf7-notice\" style=\"font-size: 16px;\">\n\t\t\t<p>Champs obligatoire* .\n\t\t\t<\/p>\n\t\t<\/div>\n\t\t<div>\n\t\t\t<p><span class=\"wpcf7-form-control-wrap\" data-name=\"antispam\"><label><span class=\"wpcf7-quiz-label\">Quelle est le nom du fleuve qui traverse Paris (sans le la) ?<\/span> <input size=\"40\" class=\"wpcf7-form-control wpcf7-quiz\" autocomplete=\"off\" aria-required=\"true\" aria-invalid=\"false\" type=\"text\" name=\"antispam\" \/><\/label><input type=\"hidden\" name=\"_wpcf7_quiz_answer_antispam\" value=\"4ad5743c5877aaea2c81fc08597bc845\" \/><\/span>\n\t\t\t<\/p>\n\t\t<\/div>\n\t\t<p><input class=\"wpcf7-form-control wpcf7-submit has-spinner btn btn-primary\" type=\"submit\" value=\"ENVOYER MESSAGE\" \/>\n\t\t<\/p>\n\t<\/div>\n<\/div><p style=\"display: none !important;\" class=\"akismet-fields-container\" data-prefix=\"_wpcf7_ak_\"><label>&#916;<textarea name=\"_wpcf7_ak_hp_textarea\" cols=\"45\" rows=\"8\" maxlength=\"100\"><\/textarea><\/label><input type=\"hidden\" id=\"ak_js_1\" name=\"_wpcf7_ak_js\" value=\"71\"\/><script type=\"text\/javascript\">\n\/* <![CDATA[ *\/\ndocument.getElementById( \"ak_js_1\" ).setAttribute( \"value\", ( new Date() ).getTime() );\n\/* ]]> *\/\n<\/script>\n<\/p><input type='hidden' class='wpcf7-pum' value='{\"closepopup\":false,\"closedelay\":0,\"openpopup\":false,\"openpopup_id\":0}' \/><div class=\"wpcf7-response-output\" aria-hidden=\"true\"><\/div>\n<\/form>\n<\/div>\n\n<\/div>\n\t\t<\/div><\/div><\/div><\/div><\/div>","protected":false},"excerpt":{"rendered":"<p>Nolimit Aventure Chevry-Cossigny \u00a0\u00a0chevry@nolimit-aventure.com \u00a0\u00a006 07 60 73 72 \u00a0\u00a0Route de Gretz &#8211; D 216, 77173 Chevry-Cossigny SAS au Capital de 12 000 Euros \u2013 RCS 77010 Melun Cedex Siret 820 941 159 000 13 \/\/ NAF 9329Z<\/p>\n","protected":false},"author":1,"featured_media":0,"parent":0,"menu_order":0,"comment_status":"closed","ping_status":"closed","template":"","meta":{"_acf_changed":false,"footnotes":""},"class_list":{"0":"post-30","1":"page","2":"type-page","3":"status-publish","5":"clearfix","6":"article"},"acf":[],"yoast_head":"<!-- This site is optimized with the Yoast SEO plugin v27.6 - https:\/\/yoast.com\/product\/yoast-seo-wordpress\/ -->\n<title>contact et infos Nolimit aventure Chevry-Cossigny tel : 06 70 60 73 72<\/title>\n<meta name=\"robots\" content=\"index, follow, max-snippet:-1, max-image-preview:large, max-video-preview:-1\" \/>\n<link rel=\"canonical\" href=\"https:\/\/nolimit-aventure.com\/chevry-cossigny\/infos-contact\/\" \/>\n<meta property=\"og:locale\" content=\"fr_FR\" \/>\n<meta property=\"og:type\" content=\"article\" \/>\n<meta property=\"og:title\" content=\"contact et infos Nolimit aventure Chevry-Cossigny tel : 06 70 60 73 72\" \/>\n<meta property=\"og:description\" content=\"Nolimit Aventure Chevry-Cossigny \u00a0\u00a0chevry@nolimit-aventure.com \u00a0\u00a006 07 60 73 72 \u00a0\u00a0Route de Gretz - D 216, 77173 Chevry-Cossigny SAS au Capital de 12 000 Euros \u2013 RCS 77010 Melun Cedex Siret 820 941 159 000 13 \/\/ NAF 9329Z\" \/>\n<meta property=\"og:url\" content=\"https:\/\/nolimit-aventure.com\/chevry-cossigny\/infos-contact\/\" \/>\n<meta property=\"og:site_name\" content=\"NoLimit Aventure Chevry\" \/>\n<meta property=\"article:modified_time\" content=\"2025-11-21T10:08:22+00:00\" \/>\n<meta name=\"twitter:card\" content=\"summary_large_image\" \/>\n<meta name=\"twitter:label1\" content=\"Dur\u00e9e de lecture estim\u00e9e\" \/>\n\t<meta name=\"twitter:data1\" content=\"1 minute\" \/>\n<script type=\"application\/ld+json\" class=\"yoast-schema-graph\">{\"@context\":\"https:\\\/\\\/schema.org\",\"@graph\":[{\"@type\":\"WebPage\",\"@id\":\"https:\\\/\\\/nolimit-aventure.com\\\/chevry-cossigny\\\/infos-contact\\\/\",\"url\":\"https:\\\/\\\/nolimit-aventure.com\\\/chevry-cossigny\\\/infos-contact\\\/\",\"name\":\"contact et infos Nolimit aventure Chevry-Cossigny tel : 06 70 60 73 72\",\"isPartOf\":{\"@id\":\"https:\\\/\\\/nolimit-aventure.com\\\/chevry-cossigny\\\/#website\"},\"datePublished\":\"2016-10-07T09:01:13+00:00\",\"dateModified\":\"2025-11-21T10:08:22+00:00\",\"breadcrumb\":{\"@id\":\"https:\\\/\\\/nolimit-aventure.com\\\/chevry-cossigny\\\/infos-contact\\\/#breadcrumb\"},\"inLanguage\":\"fr-FR\",\"potentialAction\":[{\"@type\":\"ReadAction\",\"target\":[\"https:\\\/\\\/nolimit-aventure.com\\\/chevry-cossigny\\\/infos-contact\\\/\"]}]},{\"@type\":\"BreadcrumbList\",\"@id\":\"https:\\\/\\\/nolimit-aventure.com\\\/chevry-cossigny\\\/infos-contact\\\/#breadcrumb\",\"itemListElement\":[{\"@type\":\"ListItem\",\"position\":1,\"name\":\"Accueil\",\"item\":\"https:\\\/\\\/nolimit-aventure.com\\\/chevry-cossigny\\\/\"},{\"@type\":\"ListItem\",\"position\":2,\"name\":\"Infos &#038; Contacts\"}]},{\"@type\":\"WebSite\",\"@id\":\"https:\\\/\\\/nolimit-aventure.com\\\/chevry-cossigny\\\/#website\",\"url\":\"https:\\\/\\\/nolimit-aventure.com\\\/chevry-cossigny\\\/\",\"name\":\"NoLimit Aventure Chevry\",\"description\":\"\",\"potentialAction\":[{\"@type\":\"SearchAction\",\"target\":{\"@type\":\"EntryPoint\",\"urlTemplate\":\"https:\\\/\\\/nolimit-aventure.com\\\/chevry-cossigny\\\/?s={search_term_string}\"},\"query-input\":{\"@type\":\"PropertyValueSpecification\",\"valueRequired\":true,\"valueName\":\"search_term_string\"}}],\"inLanguage\":\"fr-FR\"}]}<\/script>\n<!-- \/ Yoast SEO plugin. -->","yoast_head_json":{"title":"contact et infos Nolimit aventure Chevry-Cossigny tel : 06 70 60 73 72","robots":{"index":"index","follow":"follow","max-snippet":"max-snippet:-1","max-image-preview":"max-image-preview:large","max-video-preview":"max-video-preview:-1"},"canonical":"https:\/\/nolimit-aventure.com\/chevry-cossigny\/infos-contact\/","og_locale":"fr_FR","og_type":"article","og_title":"contact et infos Nolimit aventure Chevry-Cossigny tel : 06 70 60 73 72","og_description":"Nolimit Aventure Chevry-Cossigny \u00a0\u00a0chevry@nolimit-aventure.com \u00a0\u00a006 07 60 73 72 \u00a0\u00a0Route de Gretz - D 216, 77173 Chevry-Cossigny SAS au Capital de 12 000 Euros \u2013 RCS 77010 Melun Cedex Siret 820 941 159 000 13 \/\/ NAF 9329Z","og_url":"https:\/\/nolimit-aventure.com\/chevry-cossigny\/infos-contact\/","og_site_name":"NoLimit Aventure Chevry","article_modified_time":"2025-11-21T10:08:22+00:00","twitter_card":"summary_large_image","twitter_misc":{"Dur\u00e9e de lecture estim\u00e9e":"1 minute"},"schema":{"@context":"https:\/\/schema.org","@graph":[{"@type":"WebPage","@id":"https:\/\/nolimit-aventure.com\/chevry-cossigny\/infos-contact\/","url":"https:\/\/nolimit-aventure.com\/chevry-cossigny\/infos-contact\/","name":"contact et infos Nolimit aventure Chevry-Cossigny tel : 06 70 60 73 72","isPartOf":{"@id":"https:\/\/nolimit-aventure.com\/chevry-cossigny\/#website"},"datePublished":"2016-10-07T09:01:13+00:00","dateModified":"2025-11-21T10:08:22+00:00","breadcrumb":{"@id":"https:\/\/nolimit-aventure.com\/chevry-cossigny\/infos-contact\/#breadcrumb"},"inLanguage":"fr-FR","potentialAction":[{"@type":"ReadAction","target":["https:\/\/nolimit-aventure.com\/chevry-cossigny\/infos-contact\/"]}]},{"@type":"BreadcrumbList","@id":"https:\/\/nolimit-aventure.com\/chevry-cossigny\/infos-contact\/#breadcrumb","itemListElement":[{"@type":"ListItem","position":1,"name":"Accueil","item":"https:\/\/nolimit-aventure.com\/chevry-cossigny\/"},{"@type":"ListItem","position":2,"name":"Infos &#038; Contacts"}]},{"@type":"WebSite","@id":"https:\/\/nolimit-aventure.com\/chevry-cossigny\/#website","url":"https:\/\/nolimit-aventure.com\/chevry-cossigny\/","name":"NoLimit Aventure Chevry","description":"","potentialAction":[{"@type":"SearchAction","target":{"@type":"EntryPoint","urlTemplate":"https:\/\/nolimit-aventure.com\/chevry-cossigny\/?s={search_term_string}"},"query-input":{"@type":"PropertyValueSpecification","valueRequired":true,"valueName":"search_term_string"}}],"inLanguage":"fr-FR"}]}},"_links":{"self":[{"href":"https:\/\/nolimit-aventure.com\/chevry-cossigny\/wp-json\/wp\/v2\/pages\/30","targetHints":{"allow":["GET"]}}],"collection":[{"href":"https:\/\/nolimit-aventure.com\/chevry-cossigny\/wp-json\/wp\/v2\/pages"}],"about":[{"href":"https:\/\/nolimit-aventure.com\/chevry-cossigny\/wp-json\/wp\/v2\/types\/page"}],"author":[{"embeddable":true,"href":"https:\/\/nolimit-aventure.com\/chevry-cossigny\/wp-json\/wp\/v2\/users\/1"}],"replies":[{"embeddable":true,"href":"https:\/\/nolimit-aventure.com\/chevry-cossigny\/wp-json\/wp\/v2\/comments?post=30"}],"version-history":[{"count":123,"href":"https:\/\/nolimit-aventure.com\/chevry-cossigny\/wp-json\/wp\/v2\/pages\/30\/revisions"}],"predecessor-version":[{"id":8183,"href":"https:\/\/nolimit-aventure.com\/chevry-cossigny\/wp-json\/wp\/v2\/pages\/30\/revisions\/8183"}],"wp:attachment":[{"href":"https:\/\/nolimit-aventure.com\/chevry-cossigny\/wp-json\/wp\/v2\/media?parent=30"}],"curies":[{"name":"wp","href":"https:\/\/api.w.org\/{rel}","templated":true}]}}