{"id":22,"date":"2016-10-07T11:00:20","date_gmt":"2016-10-07T09:00:20","guid":{"rendered":"https:\/\/xml-io.proteusthemes.com\/adrenaline\/?page_id=22"},"modified":"2024-03-14T20:36:32","modified_gmt":"2024-03-14T19:36:32","slug":"nos-formules","status":"publish","type":"page","link":"https:\/\/nolimit-aventure.com\/coudray-montceaux\/nos-formules\/","title":{"rendered":"Formules"},"content":{"rendered":"<div id=\"pl-22\"  class=\"panel-layout\" ><div id=\"pg-22-0\"  class=\"panel-grid panel-has-style\" ><div class=\"siteorigin-panels-stretch panel-row-style panel-row-style-for-22-0\" data-stretch-type=\"full\" ><div id=\"pgc-22-0-0\"  class=\"panel-grid-cell\" ><div id=\"panel-22-0-0-0\" class=\"so-panel widget widget_pw_featured_page widget-featured-page panel-first-child panel-last-child\" data-index=\"0\" >\n\t<div class=\"page-box  page-box--block\">\n\t\t\t\t\t\t<a class=\"page-box__picture\" href=\"https:\/\/nolimit-aventure.com\/coudray-montceaux\/nos-formules\/pass-anniversaire\/\">\n\t\t\t\t\t<img decoding=\"async\" src=\"https:\/\/nolimit-aventure.com\/coudray-montceaux\/wp-content\/uploads\/2024\/03\/Multi-activites-5-350x175.png\" width=\"350\" height=\"175\" srcset=\"https:\/\/nolimit-aventure.com\/coudray-montceaux\/wp-content\/uploads\/2024\/03\/Multi-activites-5-350x175.png 350w, https:\/\/nolimit-aventure.com\/coudray-montceaux\/wp-content\/uploads\/2024\/03\/Multi-activites-5.png 762w\" sizes=\"(min-width: 1200px) 350px, (min-width: 992px) 290px, (min-width: 768px) 690px, (min-width: 576px) 510px, calc(100vw - 30px)\" class=\"wp-post-image\" alt=\"Anniversaire aventure\">\n\t\t\t\t\t\t\t\t\t<\/a>\n\t\t\t\t\t\t\t\t<div class=\"page-box__content\">\n\t\t\t<h2 class=\"page-box__title\"><a href=\"https:\/\/nolimit-aventure.com\/coudray-montceaux\/nos-formules\/pass-anniversaire\/\">Anniversaire aventure<\/a><\/h2>\n\t\t\t<p class=\"page-box__text\">Une formule sp\u00e9ciale pour les 6 - 18 ans\n\n\n\n\n\n\tUne apr\u00e8s-midi d\u2019aventures est un excellent moyen de faire de son anniversaire un moment inoubliable &hellip;<\/p>\n\t\t\t\t\t\t\t<a href=\"https:\/\/nolimit-aventure.com\/coudray-montceaux\/nos-formules\/pass-anniversaire\/\" class=\"page-box__more-link\">En savoir plus<\/a>\n\t\t\t\t\t<\/div>\n\t<\/div>\n\n<\/div><\/div><div id=\"pgc-22-0-1\"  class=\"panel-grid-cell\" ><div id=\"panel-22-0-1-0\" class=\"so-panel widget widget_pw_featured_page widget-featured-page panel-first-child panel-last-child\" data-index=\"1\" >\n\t<div class=\"page-box  page-box--block\">\n\t\t\t\t\t\t<a class=\"page-box__picture\" href=\"https:\/\/nolimit-aventure.com\/coudray-montceaux\/nos-formules\/pass-enterrement-de-vie-de-celibataire\/\">\n\t\t\t\t\t<img decoding=\"async\" src=\"https:\/\/nolimit-aventure.com\/coudray-montceaux\/wp-content\/uploads\/2024\/03\/Multi-activites-350x175.jpg\" width=\"350\" height=\"175\" srcset=\"https:\/\/nolimit-aventure.com\/coudray-montceaux\/wp-content\/uploads\/2024\/03\/Multi-activites-350x175.jpg 350w, https:\/\/nolimit-aventure.com\/coudray-montceaux\/wp-content\/uploads\/2024\/03\/Multi-activites.jpg 867w\" sizes=\"(min-width: 1200px) 350px, (min-width: 992px) 290px, (min-width: 768px) 690px, (min-width: 576px) 510px, calc(100vw - 30px)\" class=\"wp-post-image\" alt=\"Pass EVG\">\n\t\t\t\t\t\t\t\t\t<\/a>\n\t\t\t\t\t\t\t\t<div class=\"page-box__content\">\n\t\t\t<h2 class=\"page-box__title\"><a href=\"https:\/\/nolimit-aventure.com\/coudray-montceaux\/nos-formules\/pass-enterrement-de-vie-de-celibataire\/\">Pass EVG<\/a><\/h2>\n\t\t\t<p class=\"page-box__text\">Vous n'oublierez jamais cette journ\u00e9e- D\u00e9lire et Fun \n\n\n\n\n\n\tVenez f\u00eater cet \u00e9v\u00e9nement exceptionnel en combinant ces activit\u00e9s pour une &hellip;<\/p>\n\t\t\t\t\t\t\t<a href=\"https:\/\/nolimit-aventure.com\/coudray-montceaux\/nos-formules\/pass-enterrement-de-vie-de-celibataire\/\" class=\"page-box__more-link\">En savoir plus<\/a>\n\t\t\t\t\t<\/div>\n\t<\/div>\n\n<\/div><\/div><div id=\"pgc-22-0-2\"  class=\"panel-grid-cell\" ><div id=\"panel-22-0-2-0\" class=\"so-panel widget widget_pw_featured_page widget-featured-page panel-first-child panel-last-child\" data-index=\"2\" >\n\t<div class=\"page-box  page-box--block\">\n\t\t\t\t\t\t<a class=\"page-box__picture\" href=\"https:\/\/nolimit-aventure.com\/coudray-montceaux\/nos-formules\/pass-evasion\/\">\n\t\t\t\t\t<img decoding=\"async\" src=\"https:\/\/nolimit-aventure.com\/coudray-montceaux\/wp-content\/uploads\/2024\/03\/Multi-activites-8-350x175.png\" width=\"350\" height=\"175\" srcset=\"https:\/\/nolimit-aventure.com\/coudray-montceaux\/wp-content\/uploads\/2024\/03\/Multi-activites-8-350x175.png 350w, https:\/\/nolimit-aventure.com\/coudray-montceaux\/wp-content\/uploads\/2024\/03\/Multi-activites-8.png 762w\" sizes=\"(min-width: 1200px) 350px, (min-width: 992px) 290px, (min-width: 768px) 690px, (min-width: 576px) 510px, calc(100vw - 30px)\" class=\"wp-post-image\" alt=\"Pass Multi Activit\u00e9\">\n\t\t\t\t\t\t\t\t\t<\/a>\n\t\t\t\t\t\t\t\t<div class=\"page-box__content\">\n\t\t\t<h2 class=\"page-box__title\"><a href=\"https:\/\/nolimit-aventure.com\/coudray-montceaux\/nos-formules\/pass-evasion\/\">Pass Multi Activit\u00e9<\/a><\/h2>\n\t\t\t<p class=\"page-box__text\">Une escapade rafra\u00eechissante en pleine nature \n\n\n\n\n\n\t\u00c9chapp\u00e9e belle, relaxation, amusement et verdure\u00a0sont les piliers de cette offre \u00e9labor\u00e9e &hellip;<\/p>\n\t\t\t\t\t\t\t<a href=\"https:\/\/nolimit-aventure.com\/coudray-montceaux\/nos-formules\/pass-evasion\/\" class=\"page-box__more-link\">En savoir plus<\/a>\n\t\t\t\t\t<\/div>\n\t<\/div>\n\n<\/div><\/div><\/div><\/div><div id=\"pg-22-1\"  class=\"panel-grid panel-has-style\" ><div class=\"panel-row-style panel-row-style-for-22-1\" ><div id=\"pgc-22-1-0\"  class=\"panel-grid-cell panel-grid-cell-empty\" ><\/div><div id=\"pgc-22-1-1\"  class=\"panel-grid-cell panel-grid-cell-empty panel-grid-cell-mobile-last\" ><\/div><div id=\"pgc-22-1-2\"  class=\"panel-grid-cell panel-grid-cell-empty\" ><\/div><\/div><\/div><\/div>","protected":false},"excerpt":{"rendered":"<p>Anniversaire aventure Une formule sp\u00e9ciale pour les 6 &#8211; 18 ans Une apr\u00e8s-midi d\u2019aventures est un excellent moyen de faire de son anniversaire un moment inoubliable &hellip; En savoir plus Pass EVG Vous n&rsquo;oublierez jamais cette journ\u00e9e- D\u00e9lire et Fun Venez f\u00eater cet \u00e9v\u00e9nement exceptionnel en combinant ces activit\u00e9s pour une &hellip; En savoir plus &hellip;<\/p>\n","protected":false},"author":1,"featured_media":0,"parent":0,"menu_order":0,"comment_status":"closed","ping_status":"closed","template":"","meta":{"_acf_changed":false,"footnotes":""},"class_list":{"0":"post-22","1":"page","2":"type-page","3":"status-publish","5":"clearfix","6":"article"},"acf":[],"yoast_head":"<!-- This site is optimized with the Yoast SEO plugin v27.4 - https:\/\/yoast.com\/product\/yoast-seo-wordpress\/ -->\n<title>Formules paintball, accrobranche, Can\u00f6e, Nemours en Seine et Marne 77<\/title>\n<meta name=\"description\" content=\"Formules paintball, accrobranche, cano\u00eb, en journ\u00e9e compl\u00e8te ou a la demi-journ\u00e9e et enterrement de vie de c\u00e9libataire, de jeune fille et anniversaire\" \/>\n<meta name=\"robots\" content=\"index, follow, max-snippet:-1, max-image-preview:large, max-video-preview:-1\" \/>\n<link rel=\"canonical\" href=\"https:\/\/nolimit-aventure.com\/coudray-montceaux\/nos-formules\/\" \/>\n<meta property=\"og:locale\" content=\"fr_FR\" \/>\n<meta property=\"og:type\" content=\"article\" \/>\n<meta property=\"og:title\" content=\"Formules paintball, accrobranche, Can\u00f6e, Nemours en Seine et Marne 77\" \/>\n<meta property=\"og:description\" content=\"Formules paintball, accrobranche, cano\u00eb, en journ\u00e9e compl\u00e8te ou a la demi-journ\u00e9e et enterrement de vie de c\u00e9libataire, de jeune fille et anniversaire\" \/>\n<meta property=\"og:url\" content=\"https:\/\/nolimit-aventure.com\/coudray-montceaux\/nos-formules\/\" \/>\n<meta property=\"og:site_name\" content=\"NoLimit Aventure Le Coudray-Montceaux\" \/>\n<meta property=\"article:modified_time\" content=\"2024-03-14T19:36:32+00:00\" \/>\n<meta name=\"twitter:card\" content=\"summary_large_image\" \/>\n<meta name=\"twitter:label1\" content=\"Dur\u00e9e de lecture estim\u00e9e\" \/>\n\t<meta name=\"twitter:data1\" content=\"1 minute\" \/>\n<script type=\"application\/ld+json\" class=\"yoast-schema-graph\">{\"@context\":\"https:\\\/\\\/schema.org\",\"@graph\":[{\"@type\":\"WebPage\",\"@id\":\"https:\\\/\\\/nolimit-aventure.com\\\/coudray-montceaux\\\/nos-formules\\\/\",\"url\":\"https:\\\/\\\/nolimit-aventure.com\\\/coudray-montceaux\\\/nos-formules\\\/\",\"name\":\"Formules paintball, accrobranche, Can\u00f6e, Nemours en Seine et Marne 77\",\"isPartOf\":{\"@id\":\"https:\\\/\\\/nolimit-aventure.com\\\/coudray-montceaux\\\/#website\"},\"datePublished\":\"2016-10-07T09:00:20+00:00\",\"dateModified\":\"2024-03-14T19:36:32+00:00\",\"description\":\"Formules paintball, accrobranche, cano\u00eb, en journ\u00e9e compl\u00e8te ou a la demi-journ\u00e9e et enterrement de vie de c\u00e9libataire, de jeune fille et anniversaire\",\"breadcrumb\":{\"@id\":\"https:\\\/\\\/nolimit-aventure.com\\\/coudray-montceaux\\\/nos-formules\\\/#breadcrumb\"},\"inLanguage\":\"fr-FR\",\"potentialAction\":[{\"@type\":\"ReadAction\",\"target\":[\"https:\\\/\\\/nolimit-aventure.com\\\/coudray-montceaux\\\/nos-formules\\\/\"]}]},{\"@type\":\"BreadcrumbList\",\"@id\":\"https:\\\/\\\/nolimit-aventure.com\\\/coudray-montceaux\\\/nos-formules\\\/#breadcrumb\",\"itemListElement\":[{\"@type\":\"ListItem\",\"position\":1,\"name\":\"Accueil\",\"item\":\"https:\\\/\\\/nolimit-aventure.com\\\/coudray-montceaux\\\/\"},{\"@type\":\"ListItem\",\"position\":2,\"name\":\"Formules\"}]},{\"@type\":\"WebSite\",\"@id\":\"https:\\\/\\\/nolimit-aventure.com\\\/coudray-montceaux\\\/#website\",\"url\":\"https:\\\/\\\/nolimit-aventure.com\\\/coudray-montceaux\\\/\",\"name\":\"NoLimit Aventure Le Coudray-Montceaux\",\"description\":\"\",\"potentialAction\":[{\"@type\":\"SearchAction\",\"target\":{\"@type\":\"EntryPoint\",\"urlTemplate\":\"https:\\\/\\\/nolimit-aventure.com\\\/coudray-montceaux\\\/?s={search_term_string}\"},\"query-input\":{\"@type\":\"PropertyValueSpecification\",\"valueRequired\":true,\"valueName\":\"search_term_string\"}}],\"inLanguage\":\"fr-FR\"}]}<\/script>\n<!-- \/ Yoast SEO plugin. -->","yoast_head_json":{"title":"Formules paintball, accrobranche, Can\u00f6e, Nemours en Seine et Marne 77","description":"Formules paintball, accrobranche, cano\u00eb, en journ\u00e9e compl\u00e8te ou a la demi-journ\u00e9e et enterrement de vie de c\u00e9libataire, de jeune fille et anniversaire","robots":{"index":"index","follow":"follow","max-snippet":"max-snippet:-1","max-image-preview":"max-image-preview:large","max-video-preview":"max-video-preview:-1"},"canonical":"https:\/\/nolimit-aventure.com\/coudray-montceaux\/nos-formules\/","og_locale":"fr_FR","og_type":"article","og_title":"Formules paintball, accrobranche, Can\u00f6e, Nemours en Seine et Marne 77","og_description":"Formules paintball, accrobranche, cano\u00eb, en journ\u00e9e compl\u00e8te ou a la demi-journ\u00e9e et enterrement de vie de c\u00e9libataire, de jeune fille et anniversaire","og_url":"https:\/\/nolimit-aventure.com\/coudray-montceaux\/nos-formules\/","og_site_name":"NoLimit Aventure Le Coudray-Montceaux","article_modified_time":"2024-03-14T19:36:32+00:00","twitter_card":"summary_large_image","twitter_misc":{"Dur\u00e9e de lecture estim\u00e9e":"1 minute"},"schema":{"@context":"https:\/\/schema.org","@graph":[{"@type":"WebPage","@id":"https:\/\/nolimit-aventure.com\/coudray-montceaux\/nos-formules\/","url":"https:\/\/nolimit-aventure.com\/coudray-montceaux\/nos-formules\/","name":"Formules paintball, accrobranche, Can\u00f6e, Nemours en Seine et Marne 77","isPartOf":{"@id":"https:\/\/nolimit-aventure.com\/coudray-montceaux\/#website"},"datePublished":"2016-10-07T09:00:20+00:00","dateModified":"2024-03-14T19:36:32+00:00","description":"Formules paintball, accrobranche, cano\u00eb, en journ\u00e9e compl\u00e8te ou a la demi-journ\u00e9e et enterrement de vie de c\u00e9libataire, de jeune fille et anniversaire","breadcrumb":{"@id":"https:\/\/nolimit-aventure.com\/coudray-montceaux\/nos-formules\/#breadcrumb"},"inLanguage":"fr-FR","potentialAction":[{"@type":"ReadAction","target":["https:\/\/nolimit-aventure.com\/coudray-montceaux\/nos-formules\/"]}]},{"@type":"BreadcrumbList","@id":"https:\/\/nolimit-aventure.com\/coudray-montceaux\/nos-formules\/#breadcrumb","itemListElement":[{"@type":"ListItem","position":1,"name":"Accueil","item":"https:\/\/nolimit-aventure.com\/coudray-montceaux\/"},{"@type":"ListItem","position":2,"name":"Formules"}]},{"@type":"WebSite","@id":"https:\/\/nolimit-aventure.com\/coudray-montceaux\/#website","url":"https:\/\/nolimit-aventure.com\/coudray-montceaux\/","name":"NoLimit Aventure Le Coudray-Montceaux","description":"","potentialAction":[{"@type":"SearchAction","target":{"@type":"EntryPoint","urlTemplate":"https:\/\/nolimit-aventure.com\/coudray-montceaux\/?s={search_term_string}"},"query-input":{"@type":"PropertyValueSpecification","valueRequired":true,"valueName":"search_term_string"}}],"inLanguage":"fr-FR"}]}},"_links":{"self":[{"href":"https:\/\/nolimit-aventure.com\/coudray-montceaux\/wp-json\/wp\/v2\/pages\/22","targetHints":{"allow":["GET"]}}],"collection":[{"href":"https:\/\/nolimit-aventure.com\/coudray-montceaux\/wp-json\/wp\/v2\/pages"}],"about":[{"href":"https:\/\/nolimit-aventure.com\/coudray-montceaux\/wp-json\/wp\/v2\/types\/page"}],"author":[{"embeddable":true,"href":"https:\/\/nolimit-aventure.com\/coudray-montceaux\/wp-json\/wp\/v2\/users\/1"}],"replies":[{"embeddable":true,"href":"https:\/\/nolimit-aventure.com\/coudray-montceaux\/wp-json\/wp\/v2\/comments?post=22"}],"version-history":[{"count":35,"href":"https:\/\/nolimit-aventure.com\/coudray-montceaux\/wp-json\/wp\/v2\/pages\/22\/revisions"}],"predecessor-version":[{"id":7187,"href":"https:\/\/nolimit-aventure.com\/coudray-montceaux\/wp-json\/wp\/v2\/pages\/22\/revisions\/7187"}],"wp:attachment":[{"href":"https:\/\/nolimit-aventure.com\/coudray-montceaux\/wp-json\/wp\/v2\/media?parent=22"}],"curies":[{"name":"wp","href":"https:\/\/api.w.org\/{rel}","templated":true}]}}