{"id":3000,"date":"2017-05-29T14:29:13","date_gmt":"2017-05-29T12:29:13","guid":{"rendered":"https:\/\/nolimit-aventure.com\/coudray-monceaux\/?page_id=3000"},"modified":"2017-06-07T08:14:11","modified_gmt":"2017-06-07T06:14:11","slug":"parcours-marron","status":"publish","type":"page","link":"https:\/\/nolimit-aventure.com\/coudray-montceaux\/parcours-marron\/","title":{"rendered":"Parcours Marron"},"content":{"rendered":"<div id=\"pl-3000\"  class=\"panel-layout\" ><div id=\"pg-3000-0\"  class=\"panel-grid panel-no-style\" ><div id=\"pgc-3000-0-0\"  class=\"panel-grid-cell panel-grid-cell-empty\" ><\/div><\/div><div id=\"pg-3000-1\"  class=\"panel-grid panel-no-style\" ><div id=\"pgc-3000-1-0\"  class=\"panel-grid-cell\" ><div id=\"panel-3000-1-0-0\" class=\"so-panel widget widget_sow-editor panel-first-child\" data-index=\"0\" ><div\n\t\t\t\n\t\t\tclass=\"so-widget-sow-editor so-widget-sow-editor-base\"\n\t\t\t\n\t\t>\n<div class=\"siteorigin-widget-tinymce textwidget\">\n\t<h2>Parcours marron <\/h2>\n<p>Ce parcours mettra \u00e0 rude \u00e9preuve votre sens de l'\u00e9quilibre ainsi que votre endurance. Le c\u00e9l\u00e8bre Pont Himalayen made in Nolimit en est un parfait exemple.<\/p>\n<p>11 jeux \u00e0 difficult\u00e9 tr\u00e8s difficile accessibles \u00e0 partir de 1m50 d\u00e8s 16 ans<\/p>\n<\/div>\n<\/div><\/div><div id=\"panel-3000-1-0-1\" class=\"so-panel widget widget_sow-editor panel-last-child\" data-index=\"1\" ><div class=\"panel-widget-style panel-widget-style-for-3000-1-0-1\" ><div\n\t\t\t\n\t\t\tclass=\"so-widget-sow-editor so-widget-sow-editor-base\"\n\t\t\t\n\t\t>\n<div class=\"siteorigin-widget-tinymce textwidget\">\n\t\n<\/div>\n<\/div><\/div><\/div><\/div><\/div><\/div>","protected":false},"excerpt":{"rendered":"<p>Parcours marron Ce parcours mettra \u00e0 rude \u00e9preuve votre sens de l&rsquo;\u00e9quilibre ainsi que votre endurance. Le c\u00e9l\u00e8bre Pont Himalayen made in Nolimit en est un parfait exemple. 11 jeux \u00e0 difficult\u00e9 tr\u00e8s difficile accessibles \u00e0 partir de 1m50 d\u00e8s 16 ans<\/p>\n","protected":false},"author":2,"featured_media":0,"parent":0,"menu_order":0,"comment_status":"closed","ping_status":"closed","template":"","meta":{"_acf_changed":false,"footnotes":""},"class_list":{"0":"post-3000","1":"page","2":"type-page","3":"status-publish","5":"clearfix","6":"article"},"acf":[],"yoast_head":"<!-- This site is optimized with the Yoast SEO plugin v27.3 - https:\/\/yoast.com\/product\/yoast-seo-wordpress\/ -->\n<title>Parcours Marron - NoLimit Aventure Le Coudray-Montceaux<\/title>\n<meta name=\"robots\" content=\"index, follow, max-snippet:-1, max-image-preview:large, max-video-preview:-1\" \/>\n<link rel=\"canonical\" href=\"https:\/\/nolimit-aventure.com\/coudray-montceaux\/parcours-marron\/\" \/>\n<meta property=\"og:locale\" content=\"fr_FR\" \/>\n<meta property=\"og:type\" content=\"article\" \/>\n<meta property=\"og:title\" content=\"Parcours Marron - NoLimit Aventure Le Coudray-Montceaux\" \/>\n<meta property=\"og:description\" content=\"Parcours marron Ce parcours mettra \u00e0 rude \u00e9preuve votre sens de l&#039;\u00e9quilibre ainsi que votre endurance. Le c\u00e9l\u00e8bre Pont Himalayen made in Nolimit en est un parfait exemple. 11 jeux \u00e0 difficult\u00e9 tr\u00e8s difficile accessibles \u00e0 partir de 1m50 d\u00e8s 16 ans\" \/>\n<meta property=\"og:url\" content=\"https:\/\/nolimit-aventure.com\/coudray-montceaux\/parcours-marron\/\" \/>\n<meta property=\"og:site_name\" content=\"NoLimit Aventure Le Coudray-Montceaux\" \/>\n<meta property=\"article:modified_time\" content=\"2017-06-07T06:14:11+00:00\" \/>\n<meta name=\"twitter:card\" content=\"summary_large_image\" \/>\n<script type=\"application\/ld+json\" class=\"yoast-schema-graph\">{\"@context\":\"https:\\\/\\\/schema.org\",\"@graph\":[{\"@type\":\"WebPage\",\"@id\":\"https:\\\/\\\/nolimit-aventure.com\\\/coudray-montceaux\\\/parcours-marron\\\/\",\"url\":\"https:\\\/\\\/nolimit-aventure.com\\\/coudray-montceaux\\\/parcours-marron\\\/\",\"name\":\"Parcours Marron - NoLimit Aventure Le Coudray-Montceaux\",\"isPartOf\":{\"@id\":\"https:\\\/\\\/nolimit-aventure.com\\\/coudray-montceaux\\\/#website\"},\"datePublished\":\"2017-05-29T12:29:13+00:00\",\"dateModified\":\"2017-06-07T06:14:11+00:00\",\"breadcrumb\":{\"@id\":\"https:\\\/\\\/nolimit-aventure.com\\\/coudray-montceaux\\\/parcours-marron\\\/#breadcrumb\"},\"inLanguage\":\"fr-FR\",\"potentialAction\":[{\"@type\":\"ReadAction\",\"target\":[\"https:\\\/\\\/nolimit-aventure.com\\\/coudray-montceaux\\\/parcours-marron\\\/\"]}]},{\"@type\":\"BreadcrumbList\",\"@id\":\"https:\\\/\\\/nolimit-aventure.com\\\/coudray-montceaux\\\/parcours-marron\\\/#breadcrumb\",\"itemListElement\":[{\"@type\":\"ListItem\",\"position\":1,\"name\":\"Accueil\",\"item\":\"https:\\\/\\\/nolimit-aventure.com\\\/coudray-montceaux\\\/\"},{\"@type\":\"ListItem\",\"position\":2,\"name\":\"Parcours Marron\"}]},{\"@type\":\"WebSite\",\"@id\":\"https:\\\/\\\/nolimit-aventure.com\\\/coudray-montceaux\\\/#website\",\"url\":\"https:\\\/\\\/nolimit-aventure.com\\\/coudray-montceaux\\\/\",\"name\":\"NoLimit Aventure Le Coudray-Montceaux\",\"description\":\"\",\"potentialAction\":[{\"@type\":\"SearchAction\",\"target\":{\"@type\":\"EntryPoint\",\"urlTemplate\":\"https:\\\/\\\/nolimit-aventure.com\\\/coudray-montceaux\\\/?s={search_term_string}\"},\"query-input\":{\"@type\":\"PropertyValueSpecification\",\"valueRequired\":true,\"valueName\":\"search_term_string\"}}],\"inLanguage\":\"fr-FR\"}]}<\/script>\n<!-- \/ Yoast SEO plugin. -->","yoast_head_json":{"title":"Parcours Marron - NoLimit Aventure Le Coudray-Montceaux","robots":{"index":"index","follow":"follow","max-snippet":"max-snippet:-1","max-image-preview":"max-image-preview:large","max-video-preview":"max-video-preview:-1"},"canonical":"https:\/\/nolimit-aventure.com\/coudray-montceaux\/parcours-marron\/","og_locale":"fr_FR","og_type":"article","og_title":"Parcours Marron - NoLimit Aventure Le Coudray-Montceaux","og_description":"Parcours marron Ce parcours mettra \u00e0 rude \u00e9preuve votre sens de l'\u00e9quilibre ainsi que votre endurance. Le c\u00e9l\u00e8bre Pont Himalayen made in Nolimit en est un parfait exemple. 11 jeux \u00e0 difficult\u00e9 tr\u00e8s difficile accessibles \u00e0 partir de 1m50 d\u00e8s 16 ans","og_url":"https:\/\/nolimit-aventure.com\/coudray-montceaux\/parcours-marron\/","og_site_name":"NoLimit Aventure Le Coudray-Montceaux","article_modified_time":"2017-06-07T06:14:11+00:00","twitter_card":"summary_large_image","schema":{"@context":"https:\/\/schema.org","@graph":[{"@type":"WebPage","@id":"https:\/\/nolimit-aventure.com\/coudray-montceaux\/parcours-marron\/","url":"https:\/\/nolimit-aventure.com\/coudray-montceaux\/parcours-marron\/","name":"Parcours Marron - NoLimit Aventure Le Coudray-Montceaux","isPartOf":{"@id":"https:\/\/nolimit-aventure.com\/coudray-montceaux\/#website"},"datePublished":"2017-05-29T12:29:13+00:00","dateModified":"2017-06-07T06:14:11+00:00","breadcrumb":{"@id":"https:\/\/nolimit-aventure.com\/coudray-montceaux\/parcours-marron\/#breadcrumb"},"inLanguage":"fr-FR","potentialAction":[{"@type":"ReadAction","target":["https:\/\/nolimit-aventure.com\/coudray-montceaux\/parcours-marron\/"]}]},{"@type":"BreadcrumbList","@id":"https:\/\/nolimit-aventure.com\/coudray-montceaux\/parcours-marron\/#breadcrumb","itemListElement":[{"@type":"ListItem","position":1,"name":"Accueil","item":"https:\/\/nolimit-aventure.com\/coudray-montceaux\/"},{"@type":"ListItem","position":2,"name":"Parcours Marron"}]},{"@type":"WebSite","@id":"https:\/\/nolimit-aventure.com\/coudray-montceaux\/#website","url":"https:\/\/nolimit-aventure.com\/coudray-montceaux\/","name":"NoLimit Aventure Le Coudray-Montceaux","description":"","potentialAction":[{"@type":"SearchAction","target":{"@type":"EntryPoint","urlTemplate":"https:\/\/nolimit-aventure.com\/coudray-montceaux\/?s={search_term_string}"},"query-input":{"@type":"PropertyValueSpecification","valueRequired":true,"valueName":"search_term_string"}}],"inLanguage":"fr-FR"}]}},"_links":{"self":[{"href":"https:\/\/nolimit-aventure.com\/coudray-montceaux\/wp-json\/wp\/v2\/pages\/3000","targetHints":{"allow":["GET"]}}],"collection":[{"href":"https:\/\/nolimit-aventure.com\/coudray-montceaux\/wp-json\/wp\/v2\/pages"}],"about":[{"href":"https:\/\/nolimit-aventure.com\/coudray-montceaux\/wp-json\/wp\/v2\/types\/page"}],"author":[{"embeddable":true,"href":"https:\/\/nolimit-aventure.com\/coudray-montceaux\/wp-json\/wp\/v2\/users\/2"}],"replies":[{"embeddable":true,"href":"https:\/\/nolimit-aventure.com\/coudray-montceaux\/wp-json\/wp\/v2\/comments?post=3000"}],"version-history":[{"count":8,"href":"https:\/\/nolimit-aventure.com\/coudray-montceaux\/wp-json\/wp\/v2\/pages\/3000\/revisions"}],"predecessor-version":[{"id":3367,"href":"https:\/\/nolimit-aventure.com\/coudray-montceaux\/wp-json\/wp\/v2\/pages\/3000\/revisions\/3367"}],"wp:attachment":[{"href":"https:\/\/nolimit-aventure.com\/coudray-montceaux\/wp-json\/wp\/v2\/media?parent=3000"}],"curies":[{"name":"wp","href":"https:\/\/api.w.org\/{rel}","templated":true}]}}