{"id":3009,"date":"2017-05-29T14:31:37","date_gmt":"2017-05-29T12:31:37","guid":{"rendered":"https:\/\/nolimit-aventure.com\/coudray-monceaux\/?page_id=3009"},"modified":"2017-06-07T08:09:12","modified_gmt":"2017-06-07T06:09:12","slug":"parcours-arc-en-ciel","status":"publish","type":"page","link":"https:\/\/nolimit-aventure.com\/coudray-montceaux\/parcours-arc-en-ciel\/","title":{"rendered":"Parcours Arc en Ciel"},"content":{"rendered":"<div id=\"pl-3009\"  class=\"panel-layout\" ><div id=\"pg-3009-0\"  class=\"panel-grid panel-no-style\" ><div id=\"pgc-3009-0-0\"  class=\"panel-grid-cell panel-grid-cell-empty\" ><\/div><\/div><div id=\"pg-3009-1\"  class=\"panel-grid panel-no-style\" ><div id=\"pgc-3009-1-0\"  class=\"panel-grid-cell\" ><div id=\"panel-3009-1-0-0\" class=\"so-panel widget widget_sow-editor panel-first-child\" data-index=\"0\" ><div\n\t\t\t\n\t\t\tclass=\"so-widget-sow-editor so-widget-sow-editor-base\"\n\t\t\t\n\t\t>\n<div class=\"siteorigin-widget-tinymce textwidget\">\n\t<h2>Parcours arc en ciel <\/h2>\n<p>Votre enfant a une \u00e2me d'aventurier et veut faire comme Tarzan ? Ce parcours lui conviendra parfaitement.<br \/>\nEnti\u00e8rement \u00e9quip\u00e9 en ligne de vie continue, votre pitchoune sera en totale s\u00e9curit\u00e9 pour faire comme les grands.<br \/>\nExclusivement r\u00e9serv\u00e9 aux enfants.<\/p>\n<p>17 jeux \u00e0 difficult\u00e9 facile accessibles \u00e0 partir de 90 cm d\u00e8s 3 ans<\/p>\n<\/div>\n<\/div><\/div><div id=\"panel-3009-1-0-1\" class=\"so-panel widget widget_sow-editor panel-last-child\" data-index=\"1\" ><div class=\"panel-widget-style panel-widget-style-for-3009-1-0-1\" ><div\n\t\t\t\n\t\t\tclass=\"so-widget-sow-editor so-widget-sow-editor-base\"\n\t\t\t\n\t\t>\n<div class=\"siteorigin-widget-tinymce textwidget\">\n\t\n<\/div>\n<\/div><\/div><\/div><\/div><\/div><\/div>","protected":false},"excerpt":{"rendered":"<p>Parcours arc en ciel Votre enfant a une \u00e2me d&rsquo;aventurier et veut faire comme Tarzan ? Ce parcours lui conviendra parfaitement. Enti\u00e8rement \u00e9quip\u00e9 en ligne de vie continue, votre pitchoune sera en totale s\u00e9curit\u00e9 pour faire comme les grands. Exclusivement r\u00e9serv\u00e9 aux enfants. 17 jeux \u00e0 difficult\u00e9 facile accessibles \u00e0 partir de 90 cm d\u00e8s &hellip;<\/p>\n","protected":false},"author":2,"featured_media":0,"parent":0,"menu_order":0,"comment_status":"closed","ping_status":"closed","template":"","meta":{"_acf_changed":false,"footnotes":""},"class_list":{"0":"post-3009","1":"page","2":"type-page","3":"status-publish","5":"clearfix","6":"article"},"acf":[],"yoast_head":"<!-- This site is optimized with the Yoast SEO plugin v27.3 - https:\/\/yoast.com\/product\/yoast-seo-wordpress\/ -->\n<title>Parcours arc en ciel - parc accrobranche de Nemours 77<\/title>\n<meta name=\"description\" content=\"Notre parcours arc en ciel : Votre enfant a une \u00e2me d&#039;aventurier et veut faire comme Tarzan ? Ce parcours lui conviendra parfaitement.\" \/>\n<meta name=\"robots\" content=\"index, follow, max-snippet:-1, max-image-preview:large, max-video-preview:-1\" \/>\n<link rel=\"canonical\" href=\"https:\/\/nolimit-aventure.com\/coudray-montceaux\/parcours-arc-en-ciel\/\" \/>\n<meta property=\"og:locale\" content=\"fr_FR\" \/>\n<meta property=\"og:type\" content=\"article\" \/>\n<meta property=\"og:title\" content=\"Parcours arc en ciel - parc accrobranche de Nemours 77\" \/>\n<meta property=\"og:description\" content=\"Notre parcours arc en ciel : Votre enfant a une \u00e2me d&#039;aventurier et veut faire comme Tarzan ? Ce parcours lui conviendra parfaitement.\" \/>\n<meta property=\"og:url\" content=\"https:\/\/nolimit-aventure.com\/coudray-montceaux\/parcours-arc-en-ciel\/\" \/>\n<meta property=\"og:site_name\" content=\"NoLimit Aventure Le Coudray-Montceaux\" \/>\n<meta property=\"article:modified_time\" content=\"2017-06-07T06:09:12+00:00\" \/>\n<meta name=\"twitter:card\" content=\"summary_large_image\" \/>\n<script type=\"application\/ld+json\" class=\"yoast-schema-graph\">{\"@context\":\"https:\\\/\\\/schema.org\",\"@graph\":[{\"@type\":\"WebPage\",\"@id\":\"https:\\\/\\\/nolimit-aventure.com\\\/coudray-montceaux\\\/parcours-arc-en-ciel\\\/\",\"url\":\"https:\\\/\\\/nolimit-aventure.com\\\/coudray-montceaux\\\/parcours-arc-en-ciel\\\/\",\"name\":\"Parcours arc en ciel - parc accrobranche de Nemours 77\",\"isPartOf\":{\"@id\":\"https:\\\/\\\/nolimit-aventure.com\\\/coudray-montceaux\\\/#website\"},\"datePublished\":\"2017-05-29T12:31:37+00:00\",\"dateModified\":\"2017-06-07T06:09:12+00:00\",\"description\":\"Notre parcours arc en ciel : Votre enfant a une \u00e2me d'aventurier et veut faire comme Tarzan ? Ce parcours lui conviendra parfaitement.\",\"breadcrumb\":{\"@id\":\"https:\\\/\\\/nolimit-aventure.com\\\/coudray-montceaux\\\/parcours-arc-en-ciel\\\/#breadcrumb\"},\"inLanguage\":\"fr-FR\",\"potentialAction\":[{\"@type\":\"ReadAction\",\"target\":[\"https:\\\/\\\/nolimit-aventure.com\\\/coudray-montceaux\\\/parcours-arc-en-ciel\\\/\"]}]},{\"@type\":\"BreadcrumbList\",\"@id\":\"https:\\\/\\\/nolimit-aventure.com\\\/coudray-montceaux\\\/parcours-arc-en-ciel\\\/#breadcrumb\",\"itemListElement\":[{\"@type\":\"ListItem\",\"position\":1,\"name\":\"Accueil\",\"item\":\"https:\\\/\\\/nolimit-aventure.com\\\/coudray-montceaux\\\/\"},{\"@type\":\"ListItem\",\"position\":2,\"name\":\"Parcours Arc en Ciel\"}]},{\"@type\":\"WebSite\",\"@id\":\"https:\\\/\\\/nolimit-aventure.com\\\/coudray-montceaux\\\/#website\",\"url\":\"https:\\\/\\\/nolimit-aventure.com\\\/coudray-montceaux\\\/\",\"name\":\"NoLimit Aventure Le Coudray-Montceaux\",\"description\":\"\",\"potentialAction\":[{\"@type\":\"SearchAction\",\"target\":{\"@type\":\"EntryPoint\",\"urlTemplate\":\"https:\\\/\\\/nolimit-aventure.com\\\/coudray-montceaux\\\/?s={search_term_string}\"},\"query-input\":{\"@type\":\"PropertyValueSpecification\",\"valueRequired\":true,\"valueName\":\"search_term_string\"}}],\"inLanguage\":\"fr-FR\"}]}<\/script>\n<!-- \/ Yoast SEO plugin. -->","yoast_head_json":{"title":"Parcours arc en ciel - parc accrobranche de Nemours 77","description":"Notre parcours arc en ciel : Votre enfant a une \u00e2me d'aventurier et veut faire comme Tarzan ? Ce parcours lui conviendra parfaitement.","robots":{"index":"index","follow":"follow","max-snippet":"max-snippet:-1","max-image-preview":"max-image-preview:large","max-video-preview":"max-video-preview:-1"},"canonical":"https:\/\/nolimit-aventure.com\/coudray-montceaux\/parcours-arc-en-ciel\/","og_locale":"fr_FR","og_type":"article","og_title":"Parcours arc en ciel - parc accrobranche de Nemours 77","og_description":"Notre parcours arc en ciel : Votre enfant a une \u00e2me d'aventurier et veut faire comme Tarzan ? Ce parcours lui conviendra parfaitement.","og_url":"https:\/\/nolimit-aventure.com\/coudray-montceaux\/parcours-arc-en-ciel\/","og_site_name":"NoLimit Aventure Le Coudray-Montceaux","article_modified_time":"2017-06-07T06:09:12+00:00","twitter_card":"summary_large_image","schema":{"@context":"https:\/\/schema.org","@graph":[{"@type":"WebPage","@id":"https:\/\/nolimit-aventure.com\/coudray-montceaux\/parcours-arc-en-ciel\/","url":"https:\/\/nolimit-aventure.com\/coudray-montceaux\/parcours-arc-en-ciel\/","name":"Parcours arc en ciel - parc accrobranche de Nemours 77","isPartOf":{"@id":"https:\/\/nolimit-aventure.com\/coudray-montceaux\/#website"},"datePublished":"2017-05-29T12:31:37+00:00","dateModified":"2017-06-07T06:09:12+00:00","description":"Notre parcours arc en ciel : Votre enfant a une \u00e2me d'aventurier et veut faire comme Tarzan ? Ce parcours lui conviendra parfaitement.","breadcrumb":{"@id":"https:\/\/nolimit-aventure.com\/coudray-montceaux\/parcours-arc-en-ciel\/#breadcrumb"},"inLanguage":"fr-FR","potentialAction":[{"@type":"ReadAction","target":["https:\/\/nolimit-aventure.com\/coudray-montceaux\/parcours-arc-en-ciel\/"]}]},{"@type":"BreadcrumbList","@id":"https:\/\/nolimit-aventure.com\/coudray-montceaux\/parcours-arc-en-ciel\/#breadcrumb","itemListElement":[{"@type":"ListItem","position":1,"name":"Accueil","item":"https:\/\/nolimit-aventure.com\/coudray-montceaux\/"},{"@type":"ListItem","position":2,"name":"Parcours Arc en Ciel"}]},{"@type":"WebSite","@id":"https:\/\/nolimit-aventure.com\/coudray-montceaux\/#website","url":"https:\/\/nolimit-aventure.com\/coudray-montceaux\/","name":"NoLimit Aventure Le Coudray-Montceaux","description":"","potentialAction":[{"@type":"SearchAction","target":{"@type":"EntryPoint","urlTemplate":"https:\/\/nolimit-aventure.com\/coudray-montceaux\/?s={search_term_string}"},"query-input":{"@type":"PropertyValueSpecification","valueRequired":true,"valueName":"search_term_string"}}],"inLanguage":"fr-FR"}]}},"_links":{"self":[{"href":"https:\/\/nolimit-aventure.com\/coudray-montceaux\/wp-json\/wp\/v2\/pages\/3009","targetHints":{"allow":["GET"]}}],"collection":[{"href":"https:\/\/nolimit-aventure.com\/coudray-montceaux\/wp-json\/wp\/v2\/pages"}],"about":[{"href":"https:\/\/nolimit-aventure.com\/coudray-montceaux\/wp-json\/wp\/v2\/types\/page"}],"author":[{"embeddable":true,"href":"https:\/\/nolimit-aventure.com\/coudray-montceaux\/wp-json\/wp\/v2\/users\/2"}],"replies":[{"embeddable":true,"href":"https:\/\/nolimit-aventure.com\/coudray-montceaux\/wp-json\/wp\/v2\/comments?post=3009"}],"version-history":[{"count":13,"href":"https:\/\/nolimit-aventure.com\/coudray-montceaux\/wp-json\/wp\/v2\/pages\/3009\/revisions"}],"predecessor-version":[{"id":3353,"href":"https:\/\/nolimit-aventure.com\/coudray-montceaux\/wp-json\/wp\/v2\/pages\/3009\/revisions\/3353"}],"wp:attachment":[{"href":"https:\/\/nolimit-aventure.com\/coudray-montceaux\/wp-json\/wp\/v2\/media?parent=3009"}],"curies":[{"name":"wp","href":"https:\/\/api.w.org\/{rel}","templated":true}]}}