{"id":3469,"date":"2017-06-08T10:27:51","date_gmt":"2017-06-08T08:27:51","guid":{"rendered":"https:\/\/nolimit-aventure.com\/coudray-monceaux\/?page_id=3469"},"modified":"2018-04-08T11:05:35","modified_gmt":"2018-04-08T09:05:35","slug":"team-building-olympiades","status":"publish","type":"page","link":"https:\/\/nolimit-aventure.com\/coudray-montceaux\/team-building-olympiades\/","title":{"rendered":"Team building et Olympiades"},"content":{"rendered":"<div id=\"pl-3469\"  class=\"panel-layout\" ><div id=\"pg-3469-0\"  class=\"panel-grid panel-no-style\" ><div id=\"pgc-3469-0-0\"  class=\"panel-grid-cell\" ><div id=\"panel-3469-0-0-0\" class=\"so-panel widget widget_sow-editor panel-first-child panel-last-child\" data-index=\"0\" ><div\n\t\t\t\n\t\t\tclass=\"so-widget-sow-editor so-widget-sow-editor-base\"\n\t\t\t\n\t\t>\n<div class=\"siteorigin-widget-tinymce textwidget\">\n\t<p><img decoding=\"async\" src=\"https:\/\/nolimit-aventure.com\/coudray-monceaux\/wp-content\/uploads\/2017\/06\/photo-team-paint-building.jpg\" alt=\"\" width=\"980\" height=\"371\" class=\"alignnone size-full wp-image-3472\" srcset=\"https:\/\/nolimit-aventure.com\/coudray-montceaux\/wp-content\/uploads\/2017\/06\/photo-team-paint-building.jpg 768w, https:\/\/nolimit-aventure.com\/coudray-montceaux\/wp-content\/uploads\/2017\/06\/photo-team-paint-building-300x114.jpg 300w\" sizes=\"(max-width: 980px) 100vw, 980px\" \/><\/p>\n<p>Participez \u00e0 un challenge dynamique ou <strong>l\u2019esprit d\u2019\u00e9quipe<\/strong>, la <strong>comp\u00e9tition<\/strong> et la <strong>coh\u00e9sion<\/strong> sont indispensables \u00e0 la bonne r\u00e9ussite de l\u2019<strong>objectif<\/strong> final et faites appel \u00e0 des sentiments et des <strong>valeurs<\/strong> qui font la noblesse de la coh\u00e9sion de groupe et dynamisez votre entreprise et vos collaborateurs.<\/p>\n<p>Relevez le d\u00e9fi en participant \u00e0 un team building innovant : <strong>le challenge Nolimit.<\/strong><\/p>\n<p>Un principe simple et \u00e9prouv\u00e9 depuis plus de dix ans.<\/p>\n<p>Nous constituons pour vous ou selon vos souhaits des \u00e9quipes qui s\u2019affronteront dans une s\u00e9rie d\u2019\u00e9preuves ludiques et sportives (tir \u00e0 l\u2019arc, combat de sumo, saut de Tarzan, ski g\u00e9ant, jenga g\u00e9ant, corde infernale, accrobranche\u2026 Et pour finir paintball).<\/p>\n<p>A l\u2019aide du road book (personnalis\u00e9 \u00e0 votre enseigne) remis en d\u00e9but de journ\u00e9e, les participants pourront \u00e9voluer et tourner sur les <strong>diff\u00e9rentes animations<\/strong> mises en place et gagner des cr\u00e9dits qui leur permettront de s\u2019\u00e9quiper en mat\u00e9riel divers pour les finales de fin de journ\u00e9e.<\/p>\n<p>Feront-ils les bons choix ? Iront-ils jusqu'au bout des d\u00e9fis ? Quelle \u00e9quipe peut pr\u00e9tendre \u00e0 la premi\u00e8re place ?<\/p>\n<p>Un challenge <strong>dynamique<\/strong> charg\u00e9 en \u00e9motion.<\/p>\n<p>Selon vos besoins, l'animation peut \u00e9galement \u00eatre adapt\u00e9e sur le th\u00e8me de votre choix.<\/p>\n<h2>PLANNING<\/h2>\n<ul>\n<li>Accueil des participants autour d\u2019un caf\u00e9 de bienvenue<\/li>\n<li>Pr\u00e9sentation de la journ\u00e9e par notre coordinateur<\/li>\n<li>Annonce des \u00e9quipes et distribution des supports (Road book, bracelet d\u2019identification et mat\u00e9riel n\u00e9cessaire)<\/li>\n<li>D\u00e9roulement des activit\u00e9s<\/li>\n<li>Annonce des r\u00e9sultats autour d\u2019une collation et remise des m\u00e9dailles aux vainqueurs.<\/li>\n<\/ul>\n<h2>TARIF :<\/h2>\n<p>Sur une base de 100 participants 60 euros par personne<br \/>\nN\u2019h\u00e9sitez pas \u00e0 <a title=\"Infos &amp; Contact\" href=\"https:\/\/nolimit-aventure.com\/coudray-montceaux\/infos-contact\/\">nous contacter<\/a> pour plus d\u2019informations, afin d\u2019adapter et d\u2019organiser votre projet selon vos besoins.<\/p>\n<\/div>\n<\/div><\/div><\/div><\/div><\/div>","protected":false},"excerpt":{"rendered":"<p>Participez \u00e0 un challenge dynamique ou l\u2019esprit d\u2019\u00e9quipe, la comp\u00e9tition et la coh\u00e9sion sont indispensables \u00e0 la bonne r\u00e9ussite de l\u2019objectif final et faites appel \u00e0 des sentiments et des valeurs qui font la noblesse de la coh\u00e9sion de groupe et dynamisez votre entreprise et vos collaborateurs. Relevez le d\u00e9fi en participant \u00e0 un team &hellip;<\/p>\n","protected":false},"author":1,"featured_media":0,"parent":0,"menu_order":0,"comment_status":"closed","ping_status":"closed","template":"","meta":{"_acf_changed":false,"footnotes":""},"class_list":{"0":"post-3469","1":"page","2":"type-page","3":"status-publish","5":"clearfix","6":"article"},"acf":[],"yoast_head":"<!-- This site is optimized with the Yoast SEO plugin v27.4 - https:\/\/yoast.com\/product\/yoast-seo-wordpress\/ -->\n<title>Team building et Olympiades - NoLimit Aventure Le Coudray-Montceaux<\/title>\n<meta name=\"robots\" content=\"index, follow, max-snippet:-1, max-image-preview:large, max-video-preview:-1\" \/>\n<link rel=\"canonical\" href=\"https:\/\/nolimit-aventure.com\/coudray-montceaux\/team-building-olympiades\/\" \/>\n<meta property=\"og:locale\" content=\"fr_FR\" \/>\n<meta property=\"og:type\" content=\"article\" \/>\n<meta property=\"og:title\" content=\"Team building et Olympiades - NoLimit Aventure Le Coudray-Montceaux\" \/>\n<meta property=\"og:description\" content=\"Participez \u00e0 un challenge dynamique ou l\u2019esprit d\u2019\u00e9quipe, la comp\u00e9tition et la coh\u00e9sion sont indispensables \u00e0 la bonne r\u00e9ussite de l\u2019objectif final et faites appel \u00e0 des sentiments et des valeurs qui font la noblesse de la coh\u00e9sion de groupe et dynamisez votre entreprise et vos collaborateurs. Relevez le d\u00e9fi en participant \u00e0 un team &hellip;\" \/>\n<meta property=\"og:url\" content=\"https:\/\/nolimit-aventure.com\/coudray-montceaux\/team-building-olympiades\/\" \/>\n<meta property=\"og:site_name\" content=\"NoLimit Aventure Le Coudray-Montceaux\" \/>\n<meta property=\"article:modified_time\" content=\"2018-04-08T09:05:35+00:00\" \/>\n<meta property=\"og:image\" content=\"https:\/\/nolimit-aventure.com\/coudray-monceaux\/wp-content\/uploads\/2017\/06\/photo-team-paint-building.jpg\" \/>\n<meta name=\"twitter:card\" content=\"summary_large_image\" \/>\n<meta name=\"twitter:label1\" content=\"Dur\u00e9e de lecture estim\u00e9e\" \/>\n\t<meta name=\"twitter:data1\" content=\"1 minute\" \/>\n<script type=\"application\/ld+json\" class=\"yoast-schema-graph\">{\"@context\":\"https:\\\/\\\/schema.org\",\"@graph\":[{\"@type\":\"WebPage\",\"@id\":\"https:\\\/\\\/nolimit-aventure.com\\\/coudray-montceaux\\\/team-building-olympiades\\\/\",\"url\":\"https:\\\/\\\/nolimit-aventure.com\\\/coudray-montceaux\\\/team-building-olympiades\\\/\",\"name\":\"Team building et Olympiades - NoLimit Aventure Le Coudray-Montceaux\",\"isPartOf\":{\"@id\":\"https:\\\/\\\/nolimit-aventure.com\\\/coudray-montceaux\\\/#website\"},\"primaryImageOfPage\":{\"@id\":\"https:\\\/\\\/nolimit-aventure.com\\\/coudray-montceaux\\\/team-building-olympiades\\\/#primaryimage\"},\"image\":{\"@id\":\"https:\\\/\\\/nolimit-aventure.com\\\/coudray-montceaux\\\/team-building-olympiades\\\/#primaryimage\"},\"thumbnailUrl\":\"https:\\\/\\\/nolimit-aventure.com\\\/coudray-monceaux\\\/wp-content\\\/uploads\\\/2017\\\/06\\\/photo-team-paint-building.jpg\",\"datePublished\":\"2017-06-08T08:27:51+00:00\",\"dateModified\":\"2018-04-08T09:05:35+00:00\",\"breadcrumb\":{\"@id\":\"https:\\\/\\\/nolimit-aventure.com\\\/coudray-montceaux\\\/team-building-olympiades\\\/#breadcrumb\"},\"inLanguage\":\"fr-FR\",\"potentialAction\":[{\"@type\":\"ReadAction\",\"target\":[\"https:\\\/\\\/nolimit-aventure.com\\\/coudray-montceaux\\\/team-building-olympiades\\\/\"]}]},{\"@type\":\"ImageObject\",\"inLanguage\":\"fr-FR\",\"@id\":\"https:\\\/\\\/nolimit-aventure.com\\\/coudray-montceaux\\\/team-building-olympiades\\\/#primaryimage\",\"url\":\"https:\\\/\\\/nolimit-aventure.com\\\/coudray-monceaux\\\/wp-content\\\/uploads\\\/2017\\\/06\\\/photo-team-paint-building.jpg\",\"contentUrl\":\"https:\\\/\\\/nolimit-aventure.com\\\/coudray-monceaux\\\/wp-content\\\/uploads\\\/2017\\\/06\\\/photo-team-paint-building.jpg\"},{\"@type\":\"BreadcrumbList\",\"@id\":\"https:\\\/\\\/nolimit-aventure.com\\\/coudray-montceaux\\\/team-building-olympiades\\\/#breadcrumb\",\"itemListElement\":[{\"@type\":\"ListItem\",\"position\":1,\"name\":\"Accueil\",\"item\":\"https:\\\/\\\/nolimit-aventure.com\\\/coudray-montceaux\\\/\"},{\"@type\":\"ListItem\",\"position\":2,\"name\":\"Team building et Olympiades\"}]},{\"@type\":\"WebSite\",\"@id\":\"https:\\\/\\\/nolimit-aventure.com\\\/coudray-montceaux\\\/#website\",\"url\":\"https:\\\/\\\/nolimit-aventure.com\\\/coudray-montceaux\\\/\",\"name\":\"NoLimit Aventure Le Coudray-Montceaux\",\"description\":\"\",\"potentialAction\":[{\"@type\":\"SearchAction\",\"target\":{\"@type\":\"EntryPoint\",\"urlTemplate\":\"https:\\\/\\\/nolimit-aventure.com\\\/coudray-montceaux\\\/?s={search_term_string}\"},\"query-input\":{\"@type\":\"PropertyValueSpecification\",\"valueRequired\":true,\"valueName\":\"search_term_string\"}}],\"inLanguage\":\"fr-FR\"}]}<\/script>\n<!-- \/ Yoast SEO plugin. -->","yoast_head_json":{"title":"Team building et Olympiades - NoLimit Aventure Le Coudray-Montceaux","robots":{"index":"index","follow":"follow","max-snippet":"max-snippet:-1","max-image-preview":"max-image-preview:large","max-video-preview":"max-video-preview:-1"},"canonical":"https:\/\/nolimit-aventure.com\/coudray-montceaux\/team-building-olympiades\/","og_locale":"fr_FR","og_type":"article","og_title":"Team building et Olympiades - NoLimit Aventure Le Coudray-Montceaux","og_description":"Participez \u00e0 un challenge dynamique ou l\u2019esprit d\u2019\u00e9quipe, la comp\u00e9tition et la coh\u00e9sion sont indispensables \u00e0 la bonne r\u00e9ussite de l\u2019objectif final et faites appel \u00e0 des sentiments et des valeurs qui font la noblesse de la coh\u00e9sion de groupe et dynamisez votre entreprise et vos collaborateurs. Relevez le d\u00e9fi en participant \u00e0 un team &hellip;","og_url":"https:\/\/nolimit-aventure.com\/coudray-montceaux\/team-building-olympiades\/","og_site_name":"NoLimit Aventure Le Coudray-Montceaux","article_modified_time":"2018-04-08T09:05:35+00:00","og_image":[{"url":"https:\/\/nolimit-aventure.com\/coudray-monceaux\/wp-content\/uploads\/2017\/06\/photo-team-paint-building.jpg","type":"","width":"","height":""}],"twitter_card":"summary_large_image","twitter_misc":{"Dur\u00e9e de lecture estim\u00e9e":"1 minute"},"schema":{"@context":"https:\/\/schema.org","@graph":[{"@type":"WebPage","@id":"https:\/\/nolimit-aventure.com\/coudray-montceaux\/team-building-olympiades\/","url":"https:\/\/nolimit-aventure.com\/coudray-montceaux\/team-building-olympiades\/","name":"Team building et Olympiades - NoLimit Aventure Le Coudray-Montceaux","isPartOf":{"@id":"https:\/\/nolimit-aventure.com\/coudray-montceaux\/#website"},"primaryImageOfPage":{"@id":"https:\/\/nolimit-aventure.com\/coudray-montceaux\/team-building-olympiades\/#primaryimage"},"image":{"@id":"https:\/\/nolimit-aventure.com\/coudray-montceaux\/team-building-olympiades\/#primaryimage"},"thumbnailUrl":"https:\/\/nolimit-aventure.com\/coudray-monceaux\/wp-content\/uploads\/2017\/06\/photo-team-paint-building.jpg","datePublished":"2017-06-08T08:27:51+00:00","dateModified":"2018-04-08T09:05:35+00:00","breadcrumb":{"@id":"https:\/\/nolimit-aventure.com\/coudray-montceaux\/team-building-olympiades\/#breadcrumb"},"inLanguage":"fr-FR","potentialAction":[{"@type":"ReadAction","target":["https:\/\/nolimit-aventure.com\/coudray-montceaux\/team-building-olympiades\/"]}]},{"@type":"ImageObject","inLanguage":"fr-FR","@id":"https:\/\/nolimit-aventure.com\/coudray-montceaux\/team-building-olympiades\/#primaryimage","url":"https:\/\/nolimit-aventure.com\/coudray-monceaux\/wp-content\/uploads\/2017\/06\/photo-team-paint-building.jpg","contentUrl":"https:\/\/nolimit-aventure.com\/coudray-monceaux\/wp-content\/uploads\/2017\/06\/photo-team-paint-building.jpg"},{"@type":"BreadcrumbList","@id":"https:\/\/nolimit-aventure.com\/coudray-montceaux\/team-building-olympiades\/#breadcrumb","itemListElement":[{"@type":"ListItem","position":1,"name":"Accueil","item":"https:\/\/nolimit-aventure.com\/coudray-montceaux\/"},{"@type":"ListItem","position":2,"name":"Team building et Olympiades"}]},{"@type":"WebSite","@id":"https:\/\/nolimit-aventure.com\/coudray-montceaux\/#website","url":"https:\/\/nolimit-aventure.com\/coudray-montceaux\/","name":"NoLimit Aventure Le Coudray-Montceaux","description":"","potentialAction":[{"@type":"SearchAction","target":{"@type":"EntryPoint","urlTemplate":"https:\/\/nolimit-aventure.com\/coudray-montceaux\/?s={search_term_string}"},"query-input":{"@type":"PropertyValueSpecification","valueRequired":true,"valueName":"search_term_string"}}],"inLanguage":"fr-FR"}]}},"_links":{"self":[{"href":"https:\/\/nolimit-aventure.com\/coudray-montceaux\/wp-json\/wp\/v2\/pages\/3469","targetHints":{"allow":["GET"]}}],"collection":[{"href":"https:\/\/nolimit-aventure.com\/coudray-montceaux\/wp-json\/wp\/v2\/pages"}],"about":[{"href":"https:\/\/nolimit-aventure.com\/coudray-montceaux\/wp-json\/wp\/v2\/types\/page"}],"author":[{"embeddable":true,"href":"https:\/\/nolimit-aventure.com\/coudray-montceaux\/wp-json\/wp\/v2\/users\/1"}],"replies":[{"embeddable":true,"href":"https:\/\/nolimit-aventure.com\/coudray-montceaux\/wp-json\/wp\/v2\/comments?post=3469"}],"version-history":[{"count":12,"href":"https:\/\/nolimit-aventure.com\/coudray-montceaux\/wp-json\/wp\/v2\/pages\/3469\/revisions"}],"predecessor-version":[{"id":3879,"href":"https:\/\/nolimit-aventure.com\/coudray-montceaux\/wp-json\/wp\/v2\/pages\/3469\/revisions\/3879"}],"wp:attachment":[{"href":"https:\/\/nolimit-aventure.com\/coudray-montceaux\/wp-json\/wp\/v2\/media?parent=3469"}],"curies":[{"name":"wp","href":"https:\/\/api.w.org\/{rel}","templated":true}]}}