{"id":7209,"date":"2024-03-27T16:30:55","date_gmt":"2024-03-27T15:30:55","guid":{"rendered":"https:\/\/nolimit-aventure.com\/coudray-montceaux\/?page_id=7209"},"modified":"2025-11-21T11:44:03","modified_gmt":"2025-11-21T10:44:03","slug":"reservation","status":"publish","type":"page","link":"https:\/\/nolimit-aventure.com\/coudray-montceaux\/reservation\/","title":{"rendered":"R\u00e9servation"},"content":{"rendered":"<div id=\"pl-7209\"  class=\"panel-layout\" ><div id=\"pg-7209-0\"  class=\"panel-grid panel-no-style\" ><div id=\"pgc-7209-0-0\"  class=\"panel-grid-cell\" ><div id=\"panel-7209-0-0-0\" class=\"so-panel widget widget_sow-editor panel-first-child panel-last-child\" data-index=\"0\" ><div\n\t\t\t\n\t\t\tclass=\"so-widget-sow-editor so-widget-sow-editor-base\"\n\t\t\t\n\t\t>\n<div class=\"siteorigin-widget-tinymce textwidget\">\n\t<p style=\"text-align: center;\"><span style=\"color: #ff6600;\"><strong><em>R\u00c9SERVEZ VOTRE PROCHAINE SORTIE AVENTURE<\/em><\/strong><\/span><\/p>\n<p style=\"text-align: center;\"><span style=\"color: #ff0000;\"><strong>La r\u00e9servation est fortement conseill\u00e9e.<\/strong><\/span><br \/>\n<strong><span style=\"color: #ff0000;\">Dans le cas contraire, nous ne pourrons vous garantir la disponibilit\u00e9 sur place.<\/span><\/strong><br \/>\n<strong><span style=\"color: #ff0000;\">Pr\u00e9sentez vous 15mn avant l'horaire de votre session.<\/span><\/strong><\/p>\n<p style=\"text-align: center;\">Port de gants non obligatoire sur les parcours accrobranche, mais fortement conseill\u00e9<br \/>\n(Gants de jardinage, bricolage \u2013 Pas de gants en latex ou de soins - Evitez les \u00e9galement vos gants en laine !).<\/p>\n<p style=\"text-align: center;\">\n<hr \/>\n<p>&nbsp;<\/p>\n<\/div>\n<\/div><\/div><\/div><\/div><div id=\"pg-7209-1\"  class=\"panel-grid panel-no-style\" ><div id=\"pgc-7209-1-0\"  class=\"panel-grid-cell\" ><div id=\"panel-7209-1-0-0\" class=\"so-panel widget widget_sow-editor panel-first-child\" data-index=\"1\" ><div\n\t\t\t\n\t\t\tclass=\"so-widget-sow-editor so-widget-sow-editor-base\"\n\t\t\t\n\t\t>\n<div class=\"siteorigin-widget-tinymce textwidget\">\n\t<p style=\"text-align: center;\"><span style=\"color: #ff6600;\"><strong><em>Particuliers, Anniversaires, Enterrement de vie de c\u00e9libataire<\/em><\/strong><\/span><\/p>\n<hr \/>\n<p style=\"text-align: center;\">Si vous avez une question, vous pouvez nous contacter via le formulaire de contact ou par t\u00e9l\u00e9phone au<br \/>\n<span style=\"color: #003366;\"><strong>07 72 29 20 76<\/strong><\/span><\/p>\n<hr \/>\n<p style=\"text-align: center;\">\n<\/div>\n<\/div><\/div><div id=\"panel-7209-1-0-1\" class=\"so-panel widget widget_media_image panel-last-child\" data-index=\"2\" ><div class=\"featured-widget panel-widget-style panel-widget-style-for-7209-1-0-1\" ><a href=\"https:\/\/nolimit-aventure.qweekle.com\/shop\/nolimit-aventure-le-coudray\/booking?lang=fr\"><img decoding=\"async\" width=\"1024\" height=\"576\" src=\"https:\/\/nolimit-aventure.com\/coudray-montceaux\/wp-content\/uploads\/2024\/03\/Visuels-NoLimit-Aventure-4-1024x576.png\" class=\"image wp-image-7210  attachment-large size-large\" alt=\"\" style=\"max-width: 100%; height: auto;\" srcset=\"https:\/\/nolimit-aventure.com\/coudray-montceaux\/wp-content\/uploads\/2024\/03\/Visuels-NoLimit-Aventure-4-1024x576.png 1024w, https:\/\/nolimit-aventure.com\/coudray-montceaux\/wp-content\/uploads\/2024\/03\/Visuels-NoLimit-Aventure-4-300x169.png 300w, https:\/\/nolimit-aventure.com\/coudray-montceaux\/wp-content\/uploads\/2024\/03\/Visuels-NoLimit-Aventure-4-768x432.png 768w, https:\/\/nolimit-aventure.com\/coudray-montceaux\/wp-content\/uploads\/2024\/03\/Visuels-NoLimit-Aventure-4-1536x864.png 1536w, https:\/\/nolimit-aventure.com\/coudray-montceaux\/wp-content\/uploads\/2024\/03\/Visuels-NoLimit-Aventure-4-428x242.png 428w, https:\/\/nolimit-aventure.com\/coudray-montceaux\/wp-content\/uploads\/2024\/03\/Visuels-NoLimit-Aventure-4.png 683w\" sizes=\"(max-width: 1024px) 100vw, 1024px\" \/><\/a><\/div><\/div><\/div><div id=\"pgc-7209-1-1\"  class=\"panel-grid-cell\" ><div id=\"panel-7209-1-1-0\" class=\"so-panel widget widget_sow-editor panel-first-child panel-last-child\" data-index=\"3\" ><div\n\t\t\t\n\t\t\tclass=\"so-widget-sow-editor so-widget-sow-editor-base\"\n\t\t\t\n\t\t>\n<div class=\"siteorigin-widget-tinymce textwidget\">\n\t<p style=\"text-align: center;\"><span style=\"color: #ff6600;\"><strong><em>Demande de Devis : Centres de loisirs \/<\/em><\/strong><\/span><br \/>\n<span style=\"color: #ff6600;\"><strong><em>Associations \/ \u00c9coles \/ Entreprises \/ CSE<\/em><\/strong><\/span><\/p>\n<p style=\"text-align: center;\">Pour toute demande de devis, merci de nous contacter par mail \u00e0 <span style=\"color: #003366;\"><strong>lecoudray<\/strong><strong>@nolimit-aventure.com<\/strong><\/span> et de nous indiquer :<\/p>\n<ul>\n<li>Nom, Pr\u00e9nom, num\u00e9ro de t\u00e9l\u00e9phone<\/li>\n<li>Nom et coordonn\u00e9es compl\u00e8tes de votre structure<\/li>\n<li>Date et heure souhait\u00e9e pour votre sortie<\/li>\n<li>Activit\u00e9(s) souhait\u00e9e(s)<\/li>\n<li>\u00c2ge des participants<\/li>\n<li>Nombre de participants<\/li>\n<li>Mode de r\u00e8glement souhait\u00e9 (y compris Chorus !)<\/li>\n<li>Toute information pouvant faciliter le traitement de votre demande<\/li>\n<\/ul>\n<\/div>\n<\/div><\/div><\/div><\/div><div id=\"pg-7209-2\"  class=\"panel-grid panel-no-style\" ><div id=\"pgc-7209-2-0\"  class=\"panel-grid-cell\" ><div id=\"panel-7209-2-0-0\" class=\"so-panel widget widget_sow-editor panel-first-child\" data-index=\"4\" ><div\n\t\t\t\n\t\t\tclass=\"so-widget-sow-editor so-widget-sow-editor-base\"\n\t\t\t\n\t\t>\n<div class=\"siteorigin-widget-tinymce textwidget\">\n\t<hr \/>\n<p style=\"text-align: center;\"><span style=\"color: #ff0000;\"><strong><em>Fermeture de l\u2019entr\u00e9e des parcours :<br \/>\n<\/em><\/strong><\/span><br \/>\n<span style=\"color: #003366;\"><strong><em>Parcours Violet<\/em><\/strong><\/span> : <em>45 mn avant la fermeture<\/em><br \/>\n<span style=\"color: #003366;\"><em><strong>Parcours Orange<\/strong><\/em> <\/span>:<em> 15 mn avant la fermeture<br \/>\n<strong><span style=\"color: #003366;\">Pour les autres<\/span><\/strong> <span style=\"color: #003366;\"><strong>parcours <\/strong><\/span>: 30 mn avant la fermeture<\/em><\/p>\n<h3 class=\"LC20lb MBeuO DKV0Md\"><\/h3>\n<p style=\"text-align: center;\"><em><strong>\u26a0\ufe0f Attention : si vous vous pr\u00e9sentez moins de 3h avant la fermeture du parc,<br \/>\nla dur\u00e9e de votre session sera r\u00e9duite d\u2019autant. <\/strong><\/em>\u26a0\ufe0f<\/p>\n<hr \/>\n<p><span style=\"color: #003366;\"><strong>Pensez \u00e0 l'ASSURANCE REPORT NOLIMIT AVENTURE<\/strong><\/span><\/p>\n<p>Pour seulement 1,50 \u20ac par billet, notre assurance report vous offre la flexibilit\u00e9 de reporter votre billet une fois dans l'ann\u00e9e suivant l'achat. Le report est possible jusque-l\u00e0 veille de la prestation.<br \/>\nBien que non obligatoire, elle est fortement conseill\u00e9e pour ceux qui sont sensibles aux conditions m\u00e9t\u00e9orologiques ou organisent une sortie de groupe.<\/p>\n<hr \/>\n<h3 style=\"text-align: center;\"><span style=\"color: #ff0000;\"><strong>Pensez \u00e0 transmettre les informations suivantes \u00e0 l'ensemble des participants !<\/strong><\/span><\/h3>\n<hr \/>\n<p><span style=\"color: #003366;\"><strong><em>Pour l'activit\u00e9 Accrobranche :<\/em><\/strong><\/span><\/p>\n<p>Cheveux attach\u00e9s, chaussures ferm\u00e9es obligatoires et gants conseill\u00e9s (vente sur place \u00e0 2\u20ac)<br \/>\nCasque non fournit ; possibilit\u00e9 d'apporter le v\u00f4tre.<br \/>\nEcharpe, foulard ou tout habit et accessoire qui entoure le cou sont interdits pour votre s\u00e9curit\u00e9.<\/p>\n<p><span style=\"color: #003366;\"><em><strong>Pour toutes les activit\u00e9s :<\/strong><\/em><\/span><\/p>\n<p>Les pratiquants de moins de 16 ans doivent \u00eatre accompagn\u00e9s par au moins un adulte pour toute la dur\u00e9e de la session sans obligation de participer \u00e0 l'activit\u00e9.<br \/>\nPr\u00e9sentez vous 15mn avant l'horaire de la session ; tout retard entrainera une diminution du temps de jeu ou l'annulation de votre r\u00e9servation sans possibilit\u00e9 de remboursement.<\/p>\n<p><strong><span style=\"color: #003366;\">Vous trouverez sur le parc un bar et un restaurant dans l'H\u00f4tel \"Demeure de Campagne\"; (r\u00e9servation sur leur site).<\/span><\/strong><br \/>\nDes aires de pique-nique sont \u00e0 votre disposition.<\/p>\n<p>Toilettes au niveau de l'H\u00f4tel.<\/p>\n<p>Pas d'eau potable sur place.<\/p>\n<p>En cas de forte chaleur, pensez \u00e0 emmener de quoi vous d\u00e9salt\u00e9rer (possibilit\u00e9 de vente sur place).<\/p>\n<p><span style=\"color: #003366;\"><strong>Parking gratuit<\/strong><\/span><\/p>\n<\/div>\n<\/div><\/div><div id=\"panel-7209-2-0-1\" class=\"so-panel widget widget_media_image panel-last-child\" data-index=\"5\" ><a href=\"https:\/\/nolimit-aventure.com\/coudray-montceaux\/wp-content\/uploads\/2024\/03\/Horaires-douverture-nolimit-Coudray.png\"><img decoding=\"async\" width=\"1024\" height=\"725\" src=\"https:\/\/nolimit-aventure.com\/coudray-montceaux\/wp-content\/uploads\/2024\/03\/Horaires-douverture-nolimit-Coudray-1024x725.png\" class=\"image wp-image-7220  attachment-large size-large\" alt=\"\" style=\"max-width: 100%; height: auto;\" srcset=\"https:\/\/nolimit-aventure.com\/coudray-montceaux\/wp-content\/uploads\/2024\/03\/Horaires-douverture-nolimit-Coudray-1024x725.png 1024w, https:\/\/nolimit-aventure.com\/coudray-montceaux\/wp-content\/uploads\/2024\/03\/Horaires-douverture-nolimit-Coudray-300x212.png 300w, https:\/\/nolimit-aventure.com\/coudray-montceaux\/wp-content\/uploads\/2024\/03\/Horaires-douverture-nolimit-Coudray-768x543.png 768w, https:\/\/nolimit-aventure.com\/coudray-montceaux\/wp-content\/uploads\/2024\/03\/Horaires-douverture-nolimit-Coudray-1536x1087.png 1536w, https:\/\/nolimit-aventure.com\/coudray-montceaux\/wp-content\/uploads\/2024\/03\/Horaires-douverture-nolimit-Coudray-2048x1449.png 2048w, https:\/\/nolimit-aventure.com\/coudray-montceaux\/wp-content\/uploads\/2024\/03\/Horaires-douverture-nolimit-Coudray-100x70.png 100w, https:\/\/nolimit-aventure.com\/coudray-montceaux\/wp-content\/uploads\/2024\/03\/Horaires-douverture-nolimit-Coudray.png 543w\" sizes=\"(max-width: 1024px) 100vw, 1024px\" \/><\/a><\/div><\/div><\/div><\/div>","protected":false},"excerpt":{"rendered":"<p>R\u00c9SERVEZ VOTRE PROCHAINE SORTIE AVENTURE La r\u00e9servation est fortement conseill\u00e9e. Dans le cas contraire, nous ne pourrons vous garantir la disponibilit\u00e9 sur place. Pr\u00e9sentez vous 15mn avant l&rsquo;horaire de votre session. Port de gants non obligatoire sur les parcours accrobranche, mais fortement conseill\u00e9 (Gants de jardinage, bricolage \u2013 Pas de gants en latex ou de &hellip;<\/p>\n","protected":false},"author":4,"featured_media":0,"parent":0,"menu_order":0,"comment_status":"closed","ping_status":"closed","template":"","meta":{"_acf_changed":false,"footnotes":""},"class_list":{"0":"post-7209","1":"page","2":"type-page","3":"status-publish","5":"clearfix","6":"article"},"acf":[],"yoast_head":"<!-- This site is optimized with the Yoast SEO plugin v27.4 - https:\/\/yoast.com\/product\/yoast-seo-wordpress\/ -->\n<title>R\u00e9servation - NoLimit Aventure Le Coudray-Montceaux<\/title>\n<meta name=\"robots\" content=\"index, follow, max-snippet:-1, max-image-preview:large, max-video-preview:-1\" \/>\n<link rel=\"canonical\" href=\"https:\/\/nolimit-aventure.com\/coudray-montceaux\/reservation\/\" \/>\n<meta property=\"og:locale\" content=\"fr_FR\" \/>\n<meta property=\"og:type\" content=\"article\" \/>\n<meta property=\"og:title\" content=\"R\u00e9servation - NoLimit Aventure Le Coudray-Montceaux\" \/>\n<meta property=\"og:description\" content=\"R\u00c9SERVEZ VOTRE PROCHAINE SORTIE AVENTURE La r\u00e9servation est fortement conseill\u00e9e. Dans le cas contraire, nous ne pourrons vous garantir la disponibilit\u00e9 sur place. Pr\u00e9sentez vous 15mn avant l&#039;horaire de votre session. Port de gants non obligatoire sur les parcours accrobranche, mais fortement conseill\u00e9 (Gants de jardinage, bricolage \u2013 Pas de gants en latex ou de &hellip;\" \/>\n<meta property=\"og:url\" content=\"https:\/\/nolimit-aventure.com\/coudray-montceaux\/reservation\/\" \/>\n<meta property=\"og:site_name\" content=\"NoLimit Aventure Le Coudray-Montceaux\" \/>\n<meta property=\"article:modified_time\" content=\"2025-11-21T10:44:03+00:00\" \/>\n<meta name=\"twitter:card\" content=\"summary_large_image\" \/>\n<meta name=\"twitter:label1\" content=\"Dur\u00e9e de lecture estim\u00e9e\" \/>\n\t<meta name=\"twitter:data1\" content=\"3 minutes\" \/>\n<script type=\"application\/ld+json\" class=\"yoast-schema-graph\">{\"@context\":\"https:\\\/\\\/schema.org\",\"@graph\":[{\"@type\":\"WebPage\",\"@id\":\"https:\\\/\\\/nolimit-aventure.com\\\/coudray-montceaux\\\/reservation\\\/\",\"url\":\"https:\\\/\\\/nolimit-aventure.com\\\/coudray-montceaux\\\/reservation\\\/\",\"name\":\"R\u00e9servation - NoLimit Aventure Le Coudray-Montceaux\",\"isPartOf\":{\"@id\":\"https:\\\/\\\/nolimit-aventure.com\\\/coudray-montceaux\\\/#website\"},\"datePublished\":\"2024-03-27T15:30:55+00:00\",\"dateModified\":\"2025-11-21T10:44:03+00:00\",\"breadcrumb\":{\"@id\":\"https:\\\/\\\/nolimit-aventure.com\\\/coudray-montceaux\\\/reservation\\\/#breadcrumb\"},\"inLanguage\":\"fr-FR\",\"potentialAction\":[{\"@type\":\"ReadAction\",\"target\":[\"https:\\\/\\\/nolimit-aventure.com\\\/coudray-montceaux\\\/reservation\\\/\"]}]},{\"@type\":\"BreadcrumbList\",\"@id\":\"https:\\\/\\\/nolimit-aventure.com\\\/coudray-montceaux\\\/reservation\\\/#breadcrumb\",\"itemListElement\":[{\"@type\":\"ListItem\",\"position\":1,\"name\":\"Accueil\",\"item\":\"https:\\\/\\\/nolimit-aventure.com\\\/coudray-montceaux\\\/\"},{\"@type\":\"ListItem\",\"position\":2,\"name\":\"R\u00e9servation\"}]},{\"@type\":\"WebSite\",\"@id\":\"https:\\\/\\\/nolimit-aventure.com\\\/coudray-montceaux\\\/#website\",\"url\":\"https:\\\/\\\/nolimit-aventure.com\\\/coudray-montceaux\\\/\",\"name\":\"NoLimit Aventure Le Coudray-Montceaux\",\"description\":\"\",\"potentialAction\":[{\"@type\":\"SearchAction\",\"target\":{\"@type\":\"EntryPoint\",\"urlTemplate\":\"https:\\\/\\\/nolimit-aventure.com\\\/coudray-montceaux\\\/?s={search_term_string}\"},\"query-input\":{\"@type\":\"PropertyValueSpecification\",\"valueRequired\":true,\"valueName\":\"search_term_string\"}}],\"inLanguage\":\"fr-FR\"}]}<\/script>\n<!-- \/ Yoast SEO plugin. -->","yoast_head_json":{"title":"R\u00e9servation - NoLimit Aventure Le Coudray-Montceaux","robots":{"index":"index","follow":"follow","max-snippet":"max-snippet:-1","max-image-preview":"max-image-preview:large","max-video-preview":"max-video-preview:-1"},"canonical":"https:\/\/nolimit-aventure.com\/coudray-montceaux\/reservation\/","og_locale":"fr_FR","og_type":"article","og_title":"R\u00e9servation - NoLimit Aventure Le Coudray-Montceaux","og_description":"R\u00c9SERVEZ VOTRE PROCHAINE SORTIE AVENTURE La r\u00e9servation est fortement conseill\u00e9e. Dans le cas contraire, nous ne pourrons vous garantir la disponibilit\u00e9 sur place. Pr\u00e9sentez vous 15mn avant l'horaire de votre session. Port de gants non obligatoire sur les parcours accrobranche, mais fortement conseill\u00e9 (Gants de jardinage, bricolage \u2013 Pas de gants en latex ou de &hellip;","og_url":"https:\/\/nolimit-aventure.com\/coudray-montceaux\/reservation\/","og_site_name":"NoLimit Aventure Le Coudray-Montceaux","article_modified_time":"2025-11-21T10:44:03+00:00","twitter_card":"summary_large_image","twitter_misc":{"Dur\u00e9e de lecture estim\u00e9e":"3 minutes"},"schema":{"@context":"https:\/\/schema.org","@graph":[{"@type":"WebPage","@id":"https:\/\/nolimit-aventure.com\/coudray-montceaux\/reservation\/","url":"https:\/\/nolimit-aventure.com\/coudray-montceaux\/reservation\/","name":"R\u00e9servation - NoLimit Aventure Le Coudray-Montceaux","isPartOf":{"@id":"https:\/\/nolimit-aventure.com\/coudray-montceaux\/#website"},"datePublished":"2024-03-27T15:30:55+00:00","dateModified":"2025-11-21T10:44:03+00:00","breadcrumb":{"@id":"https:\/\/nolimit-aventure.com\/coudray-montceaux\/reservation\/#breadcrumb"},"inLanguage":"fr-FR","potentialAction":[{"@type":"ReadAction","target":["https:\/\/nolimit-aventure.com\/coudray-montceaux\/reservation\/"]}]},{"@type":"BreadcrumbList","@id":"https:\/\/nolimit-aventure.com\/coudray-montceaux\/reservation\/#breadcrumb","itemListElement":[{"@type":"ListItem","position":1,"name":"Accueil","item":"https:\/\/nolimit-aventure.com\/coudray-montceaux\/"},{"@type":"ListItem","position":2,"name":"R\u00e9servation"}]},{"@type":"WebSite","@id":"https:\/\/nolimit-aventure.com\/coudray-montceaux\/#website","url":"https:\/\/nolimit-aventure.com\/coudray-montceaux\/","name":"NoLimit Aventure Le Coudray-Montceaux","description":"","potentialAction":[{"@type":"SearchAction","target":{"@type":"EntryPoint","urlTemplate":"https:\/\/nolimit-aventure.com\/coudray-montceaux\/?s={search_term_string}"},"query-input":{"@type":"PropertyValueSpecification","valueRequired":true,"valueName":"search_term_string"}}],"inLanguage":"fr-FR"}]}},"_links":{"self":[{"href":"https:\/\/nolimit-aventure.com\/coudray-montceaux\/wp-json\/wp\/v2\/pages\/7209","targetHints":{"allow":["GET"]}}],"collection":[{"href":"https:\/\/nolimit-aventure.com\/coudray-montceaux\/wp-json\/wp\/v2\/pages"}],"about":[{"href":"https:\/\/nolimit-aventure.com\/coudray-montceaux\/wp-json\/wp\/v2\/types\/page"}],"author":[{"embeddable":true,"href":"https:\/\/nolimit-aventure.com\/coudray-montceaux\/wp-json\/wp\/v2\/users\/4"}],"replies":[{"embeddable":true,"href":"https:\/\/nolimit-aventure.com\/coudray-montceaux\/wp-json\/wp\/v2\/comments?post=7209"}],"version-history":[{"count":18,"href":"https:\/\/nolimit-aventure.com\/coudray-montceaux\/wp-json\/wp\/v2\/pages\/7209\/revisions"}],"predecessor-version":[{"id":7492,"href":"https:\/\/nolimit-aventure.com\/coudray-montceaux\/wp-json\/wp\/v2\/pages\/7209\/revisions\/7492"}],"wp:attachment":[{"href":"https:\/\/nolimit-aventure.com\/coudray-montceaux\/wp-json\/wp\/v2\/media?parent=7209"}],"curies":[{"name":"wp","href":"https:\/\/api.w.org\/{rel}","templated":true}]}}