{"id":2000,"date":"2017-05-04T18:07:43","date_gmt":"2017-05-04T16:07:43","guid":{"rendered":"https:\/\/nolimit-aventure.com\/digny\/?page_id=2000"},"modified":"2025-11-21T12:18:34","modified_gmt":"2025-11-21T11:18:34","slug":"passextreme","status":"publish","type":"page","link":"https:\/\/nolimit-aventure.com\/digny\/nos-formules\/passextreme\/","title":{"rendered":"Pass Extr\u00eame"},"content":{"rendered":"<div id=\"pl-2000\"  class=\"panel-layout\" ><div id=\"pg-2000-0\"  class=\"panel-grid panel-no-style\" ><div id=\"pgc-2000-0-0\"  class=\"panel-grid-cell panel-grid-cell-empty\" ><\/div><\/div><div id=\"pg-2000-1\"  class=\"panel-grid panel-no-style\" ><div id=\"pgc-2000-1-0\"  class=\"panel-grid-cell\" ><div id=\"panel-2000-1-0-0\" class=\"so-panel widget widget_sow-editor panel-first-child panel-last-child\" data-index=\"0\" ><div\n\t\t\t\n\t\t\tclass=\"so-widget-sow-editor so-widget-sow-editor-base\"\n\t\t\t\n\t\t>\n<div class=\"siteorigin-widget-tinymce textwidget\">\n\t<h2>Une journ\u00e9e fun<span style=\"color: #2e3b4e; font-weight: 300;\"> - Un concentr\u00e9 d\u2019adr\u00e9naline<\/span><\/h2>\n<\/div>\n<\/div><\/div><\/div><\/div><div id=\"pg-2000-2\"  class=\"panel-grid panel-no-style\" ><div id=\"pgc-2000-2-0\"  class=\"panel-grid-cell\" ><div id=\"panel-2000-2-0-0\" class=\"so-panel widget widget_sow-editor panel-first-child panel-last-child\" data-index=\"1\" ><div\n\t\t\t\n\t\t\tclass=\"so-widget-sow-editor so-widget-sow-editor-base\"\n\t\t\t\n\t\t>\n<div class=\"siteorigin-widget-tinymce textwidget\">\n\t<p>Nous avons r\u00e9uni les deux activit\u00e9s principales du parc, en une formule compl\u00e8te pour un budget plaisir.<br \/>\nComptez une arriv\u00e9e vers 10h et un d\u00e9part vers 18h pour profiter pleinement de votre journ\u00e9e \u2013 possibilit\u00e9 d\u2019inverser les activit\u00e9s.<\/p>\n<p style=\"font-size: 16px;\"><span style=\"color: #2e3b4e;\"><span class=\"icon-container\"><span class=\"fa  fa-long-arrow-right\" style=\"color:#ff7240;\"><\/span><\/span> \u00a0\u00a0<span style=\"color: #eb700f;\"><strong>10h00 - 13h00<\/strong><\/span> - <strong>Parcours Accrobranche<\/strong><\/span><\/p>\n<p style=\"font-size: 16px;\"><span style=\"color: #2e3b4e;\"><span class=\"icon-container\"><span class=\"fa  fa-long-arrow-right\" style=\"color:#ff7240;\"><\/span><\/span> \u00a0\u00a0<span style=\"color: #eb700f;\"><strong>13h00 - 14h30<\/strong><\/span> - <strong>Acc\u00e8s au barbecue<\/strong><\/span><\/p>\n<p style=\"font-size: 16px;\"><span style=\"color: #2e3b4e;\"><span class=\"icon-container\"><span class=\"fa  fa-long-arrow-right\" style=\"color:#ff7240;\"><\/span><\/span> \u00a0\u00a0<span style=\"color: #eb700f;\"><strong>14h30 - 17h30<\/strong><\/span> - <strong>Paintball en forfait 300 billes<\/strong><\/span><\/p>\n<p>&nbsp;<\/p>\n<\/div>\n<\/div><\/div><\/div><div id=\"pgc-2000-2-1\"  class=\"panel-grid-cell\" ><div id=\"panel-2000-2-1-0\" class=\"so-panel widget widget_sow-editor panel-first-child\" data-index=\"2\" ><div class=\"panel-widget-style panel-widget-style-for-2000-2-1-0\" ><div\n\t\t\t\n\t\t\tclass=\"so-widget-sow-editor so-widget-sow-editor-base\"\n\t\t\t\n\t\t>\n<div class=\"siteorigin-widget-tinymce textwidget\">\n\t<\/div>\n<\/div><\/div><\/div><div id=\"panel-2000-2-1-1\" class=\"so-panel widget widget_sow-editor panel-last-child\" data-index=\"3\" ><div class=\"panel-widget-style panel-widget-style-for-2000-2-1-1\" ><div\n\t\t\t\n\t\t\tclass=\"so-widget-sow-editor so-widget-sow-editor-base\"\n\t\t\t\n\t\t>\n<div class=\"siteorigin-widget-tinymce textwidget\">\n\t<div id='gallery-1' class='gallery galleryid-2000 gallery-columns-1 gallery-size-large'><figure class='gallery-item'>\n\t\t\t<div class='gallery-icon landscape'>\n\t\t\t\t<a href='https:\/\/nolimit-aventure.com\/digny\/wp-content\/uploads\/2017\/05\/accrobranche-extreme.jpg'><img loading=\"lazy\" decoding=\"async\" width=\"860\" height=\"430\" src=\"https:\/\/nolimit-aventure.com\/digny\/wp-content\/uploads\/2017\/05\/accrobranche-extreme.jpg\" class=\"attachment-large size-large\" alt=\"\" srcset=\"https:\/\/nolimit-aventure.com\/digny\/wp-content\/uploads\/2017\/05\/accrobranche-extreme.jpg 860w, https:\/\/nolimit-aventure.com\/digny\/wp-content\/uploads\/2017\/05\/accrobranche-extreme-300x150.jpg 300w, https:\/\/nolimit-aventure.com\/digny\/wp-content\/uploads\/2017\/05\/accrobranche-extreme-768x384.jpg 768w\" sizes=\"auto, (max-width: 860px) 100vw, 860px\" \/><\/a>\n\t\t\t<\/div><\/figure><figure class='gallery-item'>\n\t\t\t<div class='gallery-icon landscape'>\n\t\t\t\t<a href='https:\/\/nolimit-aventure.com\/digny\/wp-content\/uploads\/2017\/05\/site-paintball.jpg'><img loading=\"lazy\" decoding=\"async\" width=\"860\" height=\"431\" src=\"https:\/\/nolimit-aventure.com\/digny\/wp-content\/uploads\/2017\/05\/site-paintball.jpg\" class=\"attachment-large size-large\" alt=\"\" srcset=\"https:\/\/nolimit-aventure.com\/digny\/wp-content\/uploads\/2017\/05\/site-paintball.jpg 860w, https:\/\/nolimit-aventure.com\/digny\/wp-content\/uploads\/2017\/05\/site-paintball-300x150.jpg 300w, https:\/\/nolimit-aventure.com\/digny\/wp-content\/uploads\/2017\/05\/site-paintball-768x385.jpg 768w\" sizes=\"auto, (max-width: 860px) 100vw, 860px\" \/><\/a>\n\t\t\t<\/div><\/figure>\n\t\t<\/div>\n\n<\/div>\n<\/div><\/div><\/div><\/div><\/div><div id=\"pg-2000-3\"  class=\"panel-grid panel-no-style\" ><div id=\"pgc-2000-3-0\"  class=\"panel-grid-cell\" ><div id=\"panel-2000-3-0-0\" class=\"so-panel widget widget_pw_call_to_action widget-call-to-action panel-first-child panel-last-child\" data-index=\"4\" ><div class=\"panel-widget-style panel-widget-style-for-2000-3-0-0\" >\t\t\t\t<div class=\"call-to-action\">\n\t\t\t\t\t<div class=\"call-to-action__text\">\n\t\t\t\t\t\t<h2 class=\"call-to-action__title\">\n\t\t\t\t\t\t\t55 \u20ac (300 billes) La journ\u00e9e compl\u00e8te \t\t\t\t\t\t<\/h2>\n\t\t\t\t\t\t\t\t\t\t\t\t<p class=\"call-to-action__subtitle\">\n\t\t\t\t\t\t\tou 65 \u20ac pour 500 billes\t\t\t\t\t\t<\/p>\n\t\t\t\t\t\t\t\t\t\t\t<\/div>\n\t\t\t\t\t<div class=\"call-to-action__button\">\n\t\t\t\t\t\t<a class=\"btn  btn-outline-light\" href=\"https:\/\/nolimit-aventure.qweekle.com\/shop\/nolimit-aventure-digny\/pass-multi-activites?lang=fr\" target=\"_self\"> R\u00e9server<\/a>\t\t\t\t\t<\/div>\n\t\t\t\t<\/div>\n\t\t\t<\/div><\/div><\/div><\/div><div id=\"pg-2000-4\"  class=\"panel-grid panel-no-style\" ><div id=\"pgc-2000-4-0\"  class=\"panel-grid-cell\" ><div id=\"panel-2000-4-0-0\" class=\"so-panel widget widget_pw_special_title widget-special-title panel-first-child panel-last-child\" data-index=\"5\" >\t\t\t<h2 class=\"special-title\">\n\t\t\t\tINCLUS\t\t\t<\/h2>\n\t\t<\/div><\/div><\/div><div id=\"pg-2000-5\"  class=\"panel-grid panel-no-style\" ><div id=\"pgc-2000-5-0\"  class=\"panel-grid-cell\" ><div id=\"panel-2000-5-0-0\" class=\"so-panel widget widget_sow-editor panel-first-child panel-last-child\" data-index=\"6\" ><div class=\"panel-widget-style panel-widget-style-for-2000-5-0-0\" ><div\n\t\t\t\n\t\t\tclass=\"so-widget-sow-editor so-widget-sow-editor-base\"\n\t\t\t\n\t\t>\n<div class=\"siteorigin-widget-tinymce textwidget\">\n\t<h4><span style=\"color: #eb700f;\"><img loading=\"lazy\" decoding=\"async\" class=\"alignnone wp-image-4550\" src=\"https:\/\/nolimit-aventure.com\/digny\/wp-content\/uploads\/2017\/07\/inclus.png\" alt=\"\" width=\"40\" height=\"39\" srcset=\"https:\/\/nolimit-aventure.com\/digny\/wp-content\/uploads\/2017\/07\/inclus.png 246w, https:\/\/nolimit-aventure.com\/digny\/wp-content\/uploads\/2017\/07\/inclus-150x150.png 150w, https:\/\/nolimit-aventure.com\/digny\/wp-content\/uploads\/2017\/07\/inclus-180x180.png 180w\" sizes=\"auto, (max-width: 40px) 100vw, 40px\" \/>Accrobranche \u00a0<\/span><\/h4>\n<p><img loading=\"lazy\" decoding=\"async\" class=\"wp-image-4332 size-medium aligncenter\" src=\"https:\/\/nolimit-aventure.com\/digny\/wp-content\/uploads\/2017\/05\/formule-accrobranche-300x150.jpg\" alt=\"\" width=\"300\" height=\"150\" srcset=\"https:\/\/nolimit-aventure.com\/digny\/wp-content\/uploads\/2017\/05\/formule-accrobranche-300x150.jpg 300w, https:\/\/nolimit-aventure.com\/digny\/wp-content\/uploads\/2017\/05\/formule-accrobranche-768x384.jpg 768w, https:\/\/nolimit-aventure.com\/digny\/wp-content\/uploads\/2017\/05\/formule-accrobranche.jpg 860w\" sizes=\"auto, (max-width: 300px) 100vw, 300px\" \/><\/p>\n<p>Durant trois heures, \u00e9voluez sur l\u2019ensemble des parcours accrobranche selon votre \u00e2ge et votre taille.<\/p>\n<\/div>\n<\/div><\/div><\/div><\/div><div id=\"pgc-2000-5-1\"  class=\"panel-grid-cell\" ><div id=\"panel-2000-5-1-0\" class=\"so-panel widget widget_sow-editor panel-first-child panel-last-child\" data-index=\"7\" ><div class=\"panel-widget-style panel-widget-style-for-2000-5-1-0\" ><div\n\t\t\t\n\t\t\tclass=\"so-widget-sow-editor so-widget-sow-editor-base\"\n\t\t\t\n\t\t>\n<div class=\"siteorigin-widget-tinymce textwidget\">\n\t<h4><img loading=\"lazy\" decoding=\"async\" class=\"alignnone wp-image-4550\" src=\"https:\/\/nolimit-aventure.com\/digny\/wp-content\/uploads\/2017\/07\/inclus.png\" alt=\"\" width=\"40\" height=\"39\" srcset=\"https:\/\/nolimit-aventure.com\/digny\/wp-content\/uploads\/2017\/07\/inclus.png 246w, https:\/\/nolimit-aventure.com\/digny\/wp-content\/uploads\/2017\/07\/inclus-150x150.png 150w, https:\/\/nolimit-aventure.com\/digny\/wp-content\/uploads\/2017\/07\/inclus-180x180.png 180w\" sizes=\"auto, (max-width: 40px) 100vw, 40px\" \/><span style=\"color: #eb700f;\"> Barbecue \u00a0 \u00a0 \u00a0 \u00a0\u00a0<\/span><\/h4>\n<p><img loading=\"lazy\" decoding=\"async\" class=\"wp-image-4321 size-medium aligncenter\" src=\"https:\/\/nolimit-aventure.com\/digny\/wp-content\/uploads\/2017\/07\/pic-nique-28-300x150.jpg\" alt=\"\" width=\"300\" height=\"150\" srcset=\"https:\/\/nolimit-aventure.com\/digny\/wp-content\/uploads\/2017\/07\/pic-nique-28-300x150.jpg 300w, https:\/\/nolimit-aventure.com\/digny\/wp-content\/uploads\/2017\/07\/pic-nique-28-768x384.jpg 768w, https:\/\/nolimit-aventure.com\/digny\/wp-content\/uploads\/2017\/07\/pic-nique-28.jpg 860w\" sizes=\"auto, (max-width: 300px) 100vw, 300px\" \/><\/p>\n<p>Les aires ombrag\u00e9es de pique-nique et de barbecue sont \u00e0 votre disposition, n\u2019oubliez pas le charbon.<\/p>\n<\/div>\n<\/div><\/div><\/div><\/div><div id=\"pgc-2000-5-2\"  class=\"panel-grid-cell\" ><div id=\"panel-2000-5-2-0\" class=\"so-panel widget widget_sow-editor panel-first-child panel-last-child\" data-index=\"8\" ><div class=\"panel-widget-style panel-widget-style-for-2000-5-2-0\" ><div\n\t\t\t\n\t\t\tclass=\"so-widget-sow-editor so-widget-sow-editor-base\"\n\t\t\t\n\t\t>\n<div class=\"siteorigin-widget-tinymce textwidget\">\n\t<h4><img loading=\"lazy\" decoding=\"async\" class=\"alignnone wp-image-4550\" src=\"https:\/\/nolimit-aventure.com\/digny\/wp-content\/uploads\/2017\/07\/inclus.png\" alt=\"\" width=\"40\" height=\"39\" srcset=\"https:\/\/nolimit-aventure.com\/digny\/wp-content\/uploads\/2017\/07\/inclus.png 246w, https:\/\/nolimit-aventure.com\/digny\/wp-content\/uploads\/2017\/07\/inclus-150x150.png 150w, https:\/\/nolimit-aventure.com\/digny\/wp-content\/uploads\/2017\/07\/inclus-180x180.png 180w\" sizes=\"auto, (max-width: 40px) 100vw, 40px\" \/><span style=\"color: #eb700f;\">Paintball \u00a0 \u00a0 \u00a0 \u00a0 \u00a0\u00a0<\/span><\/h4>\n<p><img loading=\"lazy\" decoding=\"async\" class=\"wp-image-4359 size-medium aligncenter\" src=\"https:\/\/nolimit-aventure.com\/digny\/wp-content\/uploads\/2017\/05\/paintball-location-300x150.jpg\" alt=\"\" width=\"300\" height=\"150\" srcset=\"https:\/\/nolimit-aventure.com\/digny\/wp-content\/uploads\/2017\/05\/paintball-location-300x150.jpg 300w, https:\/\/nolimit-aventure.com\/digny\/wp-content\/uploads\/2017\/05\/paintball-location-768x384.jpg 768w, https:\/\/nolimit-aventure.com\/digny\/wp-content\/uploads\/2017\/05\/paintball-location.jpg 860w\" sizes=\"auto, (max-width: 300px) 100vw, 300px\" \/><\/p>\n<p>Avec 300 Billes, d\u00e9couvrez nos terrains\u2026 Avec 500, Folie assur\u00e9e !<\/p>\n<\/div>\n<\/div><\/div><\/div><\/div><\/div><div id=\"pg-2000-6\"  class=\"panel-grid panel-no-style\" ><div id=\"pgc-2000-6-0\"  class=\"panel-grid-cell\" ><div id=\"panel-2000-6-0-0\" class=\"so-panel widget widget_sow-editor panel-first-child panel-last-child\" data-index=\"9\" ><div\n\t\t\t\n\t\t\tclass=\"so-widget-sow-editor so-widget-sow-editor-base\"\n\t\t\t\n\t\t>\n<div class=\"siteorigin-widget-tinymce textwidget\">\n\t<hr class=\"hr--dashed\" \/>\n<\/div>\n<\/div><\/div><\/div><\/div><div id=\"pg-2000-7\"  class=\"panel-grid panel-no-style\" ><div id=\"pgc-2000-7-0\"  class=\"panel-grid-cell\" ><div id=\"panel-2000-7-0-0\" class=\"so-panel widget widget_sow-editor panel-first-child\" data-index=\"10\" ><div\n\t\t\t\n\t\t\tclass=\"so-widget-sow-editor so-widget-sow-editor-base\"\n\t\t\t\n\t\t>\n<div class=\"siteorigin-widget-tinymce textwidget\">\n\t<h2>Galerie Pass Extr\u00eame\u00a0<span style=\"color: #2e3b4e; font-weight: 300;\">- Une journ\u00e9e de \"Ouf\"<\/span><\/h2>\n<\/div>\n<\/div><\/div><div id=\"panel-2000-7-0-1\" class=\"so-panel widget widget_sow-editor panel-last-child\" data-index=\"11\" ><div\n\t\t\t\n\t\t\tclass=\"so-widget-sow-editor so-widget-sow-editor-base\"\n\t\t\t\n\t\t>\n<div class=\"siteorigin-widget-tinymce textwidget\">\n\t<div id='gallery-2' class='gallery galleryid-2000 gallery-columns-4 gallery-size-medium'><figure class='gallery-item'>\n\t\t\t<div class='gallery-icon landscape'>\n\t\t\t\t<a href='https:\/\/nolimit-aventure.com\/digny\/wp-content\/uploads\/2017\/05\/organisation-paintball.jpg'><img loading=\"lazy\" decoding=\"async\" width=\"300\" height=\"150\" src=\"https:\/\/nolimit-aventure.com\/digny\/wp-content\/uploads\/2017\/05\/organisation-paintball-300x150.jpg\" class=\"attachment-medium size-medium\" alt=\"\" srcset=\"https:\/\/nolimit-aventure.com\/digny\/wp-content\/uploads\/2017\/05\/organisation-paintball-300x150.jpg 300w, https:\/\/nolimit-aventure.com\/digny\/wp-content\/uploads\/2017\/05\/organisation-paintball-768x384.jpg 768w, https:\/\/nolimit-aventure.com\/digny\/wp-content\/uploads\/2017\/05\/organisation-paintball.jpg 860w\" sizes=\"auto, (max-width: 300px) 100vw, 300px\" \/><\/a>\n\t\t\t<\/div><\/figure><figure class='gallery-item'>\n\t\t\t<div class='gallery-icon landscape'>\n\t\t\t\t<a href='https:\/\/nolimit-aventure.com\/digny\/wp-content\/uploads\/2017\/05\/tyroliene.jpg'><img loading=\"lazy\" decoding=\"async\" width=\"300\" height=\"150\" src=\"https:\/\/nolimit-aventure.com\/digny\/wp-content\/uploads\/2017\/05\/tyroliene-300x150.jpg\" class=\"attachment-medium size-medium\" alt=\"\" srcset=\"https:\/\/nolimit-aventure.com\/digny\/wp-content\/uploads\/2017\/05\/tyroliene-300x150.jpg 300w, https:\/\/nolimit-aventure.com\/digny\/wp-content\/uploads\/2017\/05\/tyroliene-768x384.jpg 768w, https:\/\/nolimit-aventure.com\/digny\/wp-content\/uploads\/2017\/05\/tyroliene.jpg 860w\" sizes=\"auto, (max-width: 300px) 100vw, 300px\" \/><\/a>\n\t\t\t<\/div><\/figure><figure class='gallery-item'>\n\t\t\t<div class='gallery-icon landscape'>\n\t\t\t\t<a href='https:\/\/nolimit-aventure.com\/digny\/wp-content\/uploads\/2017\/05\/journ\u00e9e-paintball.jpg'><img loading=\"lazy\" decoding=\"async\" width=\"300\" height=\"150\" src=\"https:\/\/nolimit-aventure.com\/digny\/wp-content\/uploads\/2017\/05\/journ\u00e9e-paintball-300x150.jpg\" class=\"attachment-medium size-medium\" alt=\"\" srcset=\"https:\/\/nolimit-aventure.com\/digny\/wp-content\/uploads\/2017\/05\/journ\u00e9e-paintball-300x150.jpg 300w, https:\/\/nolimit-aventure.com\/digny\/wp-content\/uploads\/2017\/05\/journ\u00e9e-paintball-768x384.jpg 768w, https:\/\/nolimit-aventure.com\/digny\/wp-content\/uploads\/2017\/05\/journ\u00e9e-paintball.jpg 860w\" sizes=\"auto, (max-width: 300px) 100vw, 300px\" \/><\/a>\n\t\t\t<\/div><\/figure><figure class='gallery-item'>\n\t\t\t<div class='gallery-icon landscape'>\n\t\t\t\t<a href='https:\/\/nolimit-aventure.com\/digny\/wp-content\/uploads\/2017\/05\/parcours-aventure-et-paintball.jpg'><img loading=\"lazy\" decoding=\"async\" width=\"300\" height=\"150\" src=\"https:\/\/nolimit-aventure.com\/digny\/wp-content\/uploads\/2017\/05\/parcours-aventure-et-paintball-300x150.jpg\" class=\"attachment-medium size-medium\" alt=\"\" srcset=\"https:\/\/nolimit-aventure.com\/digny\/wp-content\/uploads\/2017\/05\/parcours-aventure-et-paintball-300x150.jpg 300w, https:\/\/nolimit-aventure.com\/digny\/wp-content\/uploads\/2017\/05\/parcours-aventure-et-paintball-768x384.jpg 768w, https:\/\/nolimit-aventure.com\/digny\/wp-content\/uploads\/2017\/05\/parcours-aventure-et-paintball.jpg 860w\" sizes=\"auto, (max-width: 300px) 100vw, 300px\" \/><\/a>\n\t\t\t<\/div><\/figure>\n\t\t<\/div>\n\n<\/div>\n<\/div><\/div><\/div><\/div><\/div>","protected":false},"excerpt":{"rendered":"<p>Une journ\u00e9e fun &#8211; Un concentr\u00e9 d\u2019adr\u00e9naline<\/p>\n","protected":false},"author":2,"featured_media":7268,"parent":22,"menu_order":0,"comment_status":"closed","ping_status":"closed","template":"","meta":{"_acf_changed":false,"footnotes":""},"class_list":{"0":"post-2000","1":"page","2":"type-page","3":"status-publish","4":"has-post-thumbnail","6":"clearfix","7":"article"},"acf":[],"yoast_head":"<!-- This site is optimized with the Yoast SEO plugin v27.4 - https:\/\/yoast.com\/product\/yoast-seo-wordpress\/ -->\n<title>Pass Multi Activit\u00e9s - NoLimit Aventure Digny (28)<\/title>\n<meta name=\"description\" content=\"D\u00e9couvrez notre pass extreme multi activit\u00e9s ouvert 7j\/7 m\u00eame le week-end en Eure-et-Loir \u00e0 30 minutes de Chartres et Dreux !\" \/>\n<meta name=\"robots\" content=\"index, follow, max-snippet:-1, max-image-preview:large, max-video-preview:-1\" \/>\n<link rel=\"canonical\" href=\"https:\/\/nolimit-aventure.com\/digny\/nos-formules\/passextreme\/\" \/>\n<meta property=\"og:locale\" content=\"fr_FR\" \/>\n<meta property=\"og:type\" content=\"article\" \/>\n<meta property=\"og:title\" content=\"Pass Multi Activit\u00e9s - NoLimit Aventure Digny (28)\" \/>\n<meta property=\"og:description\" content=\"D\u00e9couvrez notre pass extreme multi activit\u00e9s ouvert 7j\/7 m\u00eame le week-end en Eure-et-Loir \u00e0 30 minutes de Chartres et Dreux !\" \/>\n<meta property=\"og:url\" content=\"https:\/\/nolimit-aventure.com\/digny\/nos-formules\/passextreme\/\" \/>\n<meta property=\"og:site_name\" content=\"NoLimit Aventure Digny\" \/>\n<meta property=\"article:modified_time\" content=\"2025-11-21T11:18:34+00:00\" \/>\n<meta property=\"og:image\" content=\"https:\/\/nolimit-aventure.com\/digny\/wp-content\/uploads\/2024\/02\/Multi-activites-4.png\" \/>\n\t<meta property=\"og:image:width\" content=\"867\" \/>\n\t<meta property=\"og:image:height\" content=\"437\" \/>\n\t<meta property=\"og:image:type\" content=\"image\/png\" \/>\n<meta name=\"twitter:card\" content=\"summary_large_image\" \/>\n<meta name=\"twitter:label1\" content=\"Dur\u00e9e de lecture estim\u00e9e\" \/>\n\t<meta name=\"twitter:data1\" content=\"4 minutes\" \/>\n<script type=\"application\/ld+json\" class=\"yoast-schema-graph\">{\"@context\":\"https:\\\/\\\/schema.org\",\"@graph\":[{\"@type\":\"WebPage\",\"@id\":\"https:\\\/\\\/nolimit-aventure.com\\\/digny\\\/nos-formules\\\/passextreme\\\/\",\"url\":\"https:\\\/\\\/nolimit-aventure.com\\\/digny\\\/nos-formules\\\/passextreme\\\/\",\"name\":\"Pass Multi Activit\u00e9s - NoLimit Aventure Digny (28)\",\"isPartOf\":{\"@id\":\"https:\\\/\\\/nolimit-aventure.com\\\/digny\\\/#website\"},\"primaryImageOfPage\":{\"@id\":\"https:\\\/\\\/nolimit-aventure.com\\\/digny\\\/nos-formules\\\/passextreme\\\/#primaryimage\"},\"image\":{\"@id\":\"https:\\\/\\\/nolimit-aventure.com\\\/digny\\\/nos-formules\\\/passextreme\\\/#primaryimage\"},\"thumbnailUrl\":\"https:\\\/\\\/nolimit-aventure.com\\\/digny\\\/wp-content\\\/uploads\\\/2024\\\/02\\\/Multi-activites-4.png\",\"datePublished\":\"2017-05-04T16:07:43+00:00\",\"dateModified\":\"2025-11-21T11:18:34+00:00\",\"description\":\"D\u00e9couvrez notre pass extreme multi activit\u00e9s ouvert 7j\\\/7 m\u00eame le week-end en Eure-et-Loir \u00e0 30 minutes de Chartres et Dreux !\",\"breadcrumb\":{\"@id\":\"https:\\\/\\\/nolimit-aventure.com\\\/digny\\\/nos-formules\\\/passextreme\\\/#breadcrumb\"},\"inLanguage\":\"fr-FR\",\"potentialAction\":[{\"@type\":\"ReadAction\",\"target\":[\"https:\\\/\\\/nolimit-aventure.com\\\/digny\\\/nos-formules\\\/passextreme\\\/\"]}]},{\"@type\":\"ImageObject\",\"inLanguage\":\"fr-FR\",\"@id\":\"https:\\\/\\\/nolimit-aventure.com\\\/digny\\\/nos-formules\\\/passextreme\\\/#primaryimage\",\"url\":\"https:\\\/\\\/nolimit-aventure.com\\\/digny\\\/wp-content\\\/uploads\\\/2024\\\/02\\\/Multi-activites-4.png\",\"contentUrl\":\"https:\\\/\\\/nolimit-aventure.com\\\/digny\\\/wp-content\\\/uploads\\\/2024\\\/02\\\/Multi-activites-4.png\",\"width\":867,\"height\":437},{\"@type\":\"BreadcrumbList\",\"@id\":\"https:\\\/\\\/nolimit-aventure.com\\\/digny\\\/nos-formules\\\/passextreme\\\/#breadcrumb\",\"itemListElement\":[{\"@type\":\"ListItem\",\"position\":1,\"name\":\"Accueil\",\"item\":\"https:\\\/\\\/nolimit-aventure.com\\\/digny\\\/\"},{\"@type\":\"ListItem\",\"position\":2,\"name\":\"Formules\",\"item\":\"https:\\\/\\\/nolimit-aventure.com\\\/digny\\\/nos-formules\\\/\"},{\"@type\":\"ListItem\",\"position\":3,\"name\":\"Pass Extr\u00eame\"}]},{\"@type\":\"WebSite\",\"@id\":\"https:\\\/\\\/nolimit-aventure.com\\\/digny\\\/#website\",\"url\":\"https:\\\/\\\/nolimit-aventure.com\\\/digny\\\/\",\"name\":\"NoLimit Aventure Digny\",\"description\":\"\",\"potentialAction\":[{\"@type\":\"SearchAction\",\"target\":{\"@type\":\"EntryPoint\",\"urlTemplate\":\"https:\\\/\\\/nolimit-aventure.com\\\/digny\\\/?s={search_term_string}\"},\"query-input\":{\"@type\":\"PropertyValueSpecification\",\"valueRequired\":true,\"valueName\":\"search_term_string\"}}],\"inLanguage\":\"fr-FR\"}]}<\/script>\n<!-- \/ Yoast SEO plugin. -->","yoast_head_json":{"title":"Pass Multi Activit\u00e9s - NoLimit Aventure Digny (28)","description":"D\u00e9couvrez notre pass extreme multi activit\u00e9s ouvert 7j\/7 m\u00eame le week-end en Eure-et-Loir \u00e0 30 minutes de Chartres et Dreux !","robots":{"index":"index","follow":"follow","max-snippet":"max-snippet:-1","max-image-preview":"max-image-preview:large","max-video-preview":"max-video-preview:-1"},"canonical":"https:\/\/nolimit-aventure.com\/digny\/nos-formules\/passextreme\/","og_locale":"fr_FR","og_type":"article","og_title":"Pass Multi Activit\u00e9s - NoLimit Aventure Digny (28)","og_description":"D\u00e9couvrez notre pass extreme multi activit\u00e9s ouvert 7j\/7 m\u00eame le week-end en Eure-et-Loir \u00e0 30 minutes de Chartres et Dreux !","og_url":"https:\/\/nolimit-aventure.com\/digny\/nos-formules\/passextreme\/","og_site_name":"NoLimit Aventure Digny","article_modified_time":"2025-11-21T11:18:34+00:00","og_image":[{"width":867,"height":437,"url":"https:\/\/nolimit-aventure.com\/digny\/wp-content\/uploads\/2024\/02\/Multi-activites-4.png","type":"image\/png"}],"twitter_card":"summary_large_image","twitter_misc":{"Dur\u00e9e de lecture estim\u00e9e":"4 minutes"},"schema":{"@context":"https:\/\/schema.org","@graph":[{"@type":"WebPage","@id":"https:\/\/nolimit-aventure.com\/digny\/nos-formules\/passextreme\/","url":"https:\/\/nolimit-aventure.com\/digny\/nos-formules\/passextreme\/","name":"Pass Multi Activit\u00e9s - NoLimit Aventure Digny (28)","isPartOf":{"@id":"https:\/\/nolimit-aventure.com\/digny\/#website"},"primaryImageOfPage":{"@id":"https:\/\/nolimit-aventure.com\/digny\/nos-formules\/passextreme\/#primaryimage"},"image":{"@id":"https:\/\/nolimit-aventure.com\/digny\/nos-formules\/passextreme\/#primaryimage"},"thumbnailUrl":"https:\/\/nolimit-aventure.com\/digny\/wp-content\/uploads\/2024\/02\/Multi-activites-4.png","datePublished":"2017-05-04T16:07:43+00:00","dateModified":"2025-11-21T11:18:34+00:00","description":"D\u00e9couvrez notre pass extreme multi activit\u00e9s ouvert 7j\/7 m\u00eame le week-end en Eure-et-Loir \u00e0 30 minutes de Chartres et Dreux !","breadcrumb":{"@id":"https:\/\/nolimit-aventure.com\/digny\/nos-formules\/passextreme\/#breadcrumb"},"inLanguage":"fr-FR","potentialAction":[{"@type":"ReadAction","target":["https:\/\/nolimit-aventure.com\/digny\/nos-formules\/passextreme\/"]}]},{"@type":"ImageObject","inLanguage":"fr-FR","@id":"https:\/\/nolimit-aventure.com\/digny\/nos-formules\/passextreme\/#primaryimage","url":"https:\/\/nolimit-aventure.com\/digny\/wp-content\/uploads\/2024\/02\/Multi-activites-4.png","contentUrl":"https:\/\/nolimit-aventure.com\/digny\/wp-content\/uploads\/2024\/02\/Multi-activites-4.png","width":867,"height":437},{"@type":"BreadcrumbList","@id":"https:\/\/nolimit-aventure.com\/digny\/nos-formules\/passextreme\/#breadcrumb","itemListElement":[{"@type":"ListItem","position":1,"name":"Accueil","item":"https:\/\/nolimit-aventure.com\/digny\/"},{"@type":"ListItem","position":2,"name":"Formules","item":"https:\/\/nolimit-aventure.com\/digny\/nos-formules\/"},{"@type":"ListItem","position":3,"name":"Pass Extr\u00eame"}]},{"@type":"WebSite","@id":"https:\/\/nolimit-aventure.com\/digny\/#website","url":"https:\/\/nolimit-aventure.com\/digny\/","name":"NoLimit Aventure Digny","description":"","potentialAction":[{"@type":"SearchAction","target":{"@type":"EntryPoint","urlTemplate":"https:\/\/nolimit-aventure.com\/digny\/?s={search_term_string}"},"query-input":{"@type":"PropertyValueSpecification","valueRequired":true,"valueName":"search_term_string"}}],"inLanguage":"fr-FR"}]}},"_links":{"self":[{"href":"https:\/\/nolimit-aventure.com\/digny\/wp-json\/wp\/v2\/pages\/2000","targetHints":{"allow":["GET"]}}],"collection":[{"href":"https:\/\/nolimit-aventure.com\/digny\/wp-json\/wp\/v2\/pages"}],"about":[{"href":"https:\/\/nolimit-aventure.com\/digny\/wp-json\/wp\/v2\/types\/page"}],"author":[{"embeddable":true,"href":"https:\/\/nolimit-aventure.com\/digny\/wp-json\/wp\/v2\/users\/2"}],"replies":[{"embeddable":true,"href":"https:\/\/nolimit-aventure.com\/digny\/wp-json\/wp\/v2\/comments?post=2000"}],"version-history":[{"count":60,"href":"https:\/\/nolimit-aventure.com\/digny\/wp-json\/wp\/v2\/pages\/2000\/revisions"}],"predecessor-version":[{"id":7805,"href":"https:\/\/nolimit-aventure.com\/digny\/wp-json\/wp\/v2\/pages\/2000\/revisions\/7805"}],"up":[{"embeddable":true,"href":"https:\/\/nolimit-aventure.com\/digny\/wp-json\/wp\/v2\/pages\/22"}],"wp:featuredmedia":[{"embeddable":true,"href":"https:\/\/nolimit-aventure.com\/digny\/wp-json\/wp\/v2\/media\/7268"}],"wp:attachment":[{"href":"https:\/\/nolimit-aventure.com\/digny\/wp-json\/wp\/v2\/media?parent=2000"}],"curies":[{"name":"wp","href":"https:\/\/api.w.org\/{rel}","templated":true}]}}