{"id":2026,"date":"2017-05-05T11:35:12","date_gmt":"2017-05-05T09:35:12","guid":{"rendered":"https:\/\/nolimit-aventure.com\/digny\/?page_id=2026"},"modified":"2025-11-21T15:20:53","modified_gmt":"2025-11-21T14:20:53","slug":"anniversaire-accrobranche","status":"publish","type":"page","link":"https:\/\/nolimit-aventure.com\/digny\/nos-formules\/anniversaire-accrobranche\/","title":{"rendered":"Anniversaire Aventure"},"content":{"rendered":"<div id=\"pl-2026\"  class=\"panel-layout\" ><div id=\"pg-2026-0\"  class=\"panel-grid panel-no-style\" ><div id=\"pgc-2026-0-0\"  class=\"panel-grid-cell panel-grid-cell-empty\" ><\/div><\/div><div id=\"pg-2026-1\"  class=\"panel-grid panel-no-style\" ><div id=\"pgc-2026-1-0\"  class=\"panel-grid-cell\" ><div id=\"panel-2026-1-0-0\" class=\"so-panel widget widget_sow-editor panel-first-child panel-last-child\" data-index=\"0\" ><div\n\t\t\t\n\t\t\tclass=\"so-widget-sow-editor so-widget-sow-editor-base\"\n\t\t\t\n\t\t>\n<div class=\"siteorigin-widget-tinymce textwidget\">\n\t<h2>Une formule pour les 6 - 14 ans<\/h2>\n<\/div>\n<\/div><\/div><\/div><\/div><div id=\"pg-2026-2\"  class=\"panel-grid panel-no-style\" ><div id=\"pgc-2026-2-0\"  class=\"panel-grid-cell\" ><div id=\"panel-2026-2-0-0\" class=\"so-panel widget widget_sow-editor panel-first-child\" data-index=\"1\" ><div\n\t\t\t\n\t\t\tclass=\"so-widget-sow-editor so-widget-sow-editor-base\"\n\t\t\t\n\t\t>\n<div class=\"siteorigin-widget-tinymce textwidget\">\n\t<p>Pour un anniversaire unique\u2026 Nos parcours aventures sont l\u00e0 pour qu\u2019ils puissent l\u00e2cher toute leur \u00e9nergie dans une activit\u00e9 bien plus que r\u00e9cr\u00e9ative\u00a0: la fiert\u00e9 d\u2019avoir conquis tel ou tel obstacle se lira dans leur regard et\u2026 dans le v\u00f4tre.<\/p>\n<p>Plusieurs aires pour installer votre petite troupe d\u2019affam\u00e9s\u00a0: c\u2019est l\u2019heure du go\u00fbter\u00a0!<\/p>\n<p style=\"font-size: 16px;\"><span style=\"color: #2e3b4e;\"><span class=\"icon-container\"><span class=\"fa  fa-long-arrow-right\" style=\"color:#ff7240;\"><\/span><\/span> \u00a0\u00a0<span style=\"color: #eb700f;\"><strong>14h00 - 16h00<\/strong><\/span> -\u00a0<strong>Accrobranche<\/strong><\/span><\/p>\n<p style=\"font-size: 16px;\"><span style=\"color: #2e3b4e;\"><span class=\"icon-container\"><span class=\"fa  fa-long-arrow-right\" style=\"color:#ff7240;\"><\/span><\/span> \u00a0\u00a0<span style=\"color: #eb700f;\"><strong>16h00 - 17h00<\/strong><\/span>\u00a0- <strong>Aire de go\u00fbter<\/strong><\/span><\/p>\n<\/div>\n<\/div><\/div><div id=\"panel-2026-2-0-1\" class=\"so-panel widget widget_sow-editor panel-last-child\" data-index=\"2\" ><div\n\t\t\t\n\t\t\tclass=\"so-widget-sow-editor so-widget-sow-editor-base\"\n\t\t\t\n\t\t><h3 class=\"widget-title\"><span class=\"widget-title__inline\">Tarifs 2025<\/span><\/h3>\n<div class=\"siteorigin-widget-tinymce textwidget\">\n\t<hr \/>\n<p style=\"font-size: 16px;\"><span style=\"color: #2e3b4e;\"><span class=\"icon-container\"><span class=\"fa  fa-long-arrow-right\" style=\"color:#ff7240;\"><\/span><\/span> \u00a0 <span style=\"color: #eb700f;\"><strong>Juniors (15 \u00e0 18 ans)<\/strong><\/span><\/span><\/p>\n<p style=\"font-size: 16px;\"><span style=\"color: #2e3b4e;\"><span style=\"color: #003366;\"><strong>2 activit\u00e9s = <\/strong><em>33 \u20ac <\/em><strong>| 3 activit\u00e9s = <\/strong><em>48 \u20ac <\/em><strong>| 4 activit\u00e9s = <\/strong><em>60 \u20ac<\/em><\/span><\/span><\/p>\n<hr \/>\n<p style=\"font-size: 16px;\"><span style=\"color: #2e3b4e;\"><span class=\"icon-container\"><span class=\"fa  fa-long-arrow-right\" style=\"color:#ff7240;\"><\/span><\/span> \u00a0 <span style=\"color: #eb700f;\"><strong>Enfants (<em>6 \u00e0 14 ans) | 1m40 minimum pour le Battle Archery<\/em> &amp; footbulle<\/strong><\/span><\/span><\/p>\n<p style=\"font-size: 16px;\"><span style=\"color: #2e3b4e;\"><span style=\"color: #003366;\"><strong>2 activit\u00e9s = <\/strong><em>28 <\/em><em>\u20ac<\/em><strong> | 3 activit\u00e9s = <\/strong><em>43 \u20ac<\/em><strong> | 4 activit\u00e9s = <\/strong><em>55 <\/em><em>\u20ac\u00a0<\/em><\/span><\/span><\/p>\n<\/div>\n<\/div><\/div><\/div><div id=\"pgc-2026-2-1\"  class=\"panel-grid-cell\" ><div id=\"panel-2026-2-1-0\" class=\"so-panel widget widget_sow-editor panel-first-child panel-last-child\" data-index=\"3\" ><div class=\"panel-widget-style panel-widget-style-for-2026-2-1-0\" ><div\n\t\t\t\n\t\t\tclass=\"so-widget-sow-editor so-widget-sow-editor-base\"\n\t\t\t\n\t\t>\n<div class=\"siteorigin-widget-tinymce textwidget\">\n\t<p><a href=\"https:\/\/nolimit-aventure.com\/digny\/wp-content\/uploads\/2017\/05\/anniversaire-accrobranche.jpg\"><img loading=\"lazy\" decoding=\"async\" class=\"aligncenter wp-image-4369\" src=\"https:\/\/nolimit-aventure.com\/digny\/wp-content\/uploads\/2017\/05\/anniversaire-accrobranche-300x150.jpg\" alt=\"\" width=\"354\" height=\"177\" srcset=\"https:\/\/nolimit-aventure.com\/digny\/wp-content\/uploads\/2017\/05\/anniversaire-accrobranche-300x150.jpg 300w, https:\/\/nolimit-aventure.com\/digny\/wp-content\/uploads\/2017\/05\/anniversaire-accrobranche-768x384.jpg 768w, https:\/\/nolimit-aventure.com\/digny\/wp-content\/uploads\/2017\/05\/anniversaire-accrobranche.jpg 860w\" sizes=\"auto, (max-width: 354px) 100vw, 354px\" \/><\/a> <a href=\"https:\/\/nolimit-aventure.com\/digny\/wp-content\/uploads\/2017\/05\/journ\u00e9e-anniversaire-nolimit-aventure.jpg\"><img loading=\"lazy\" decoding=\"async\" class=\"aligncenter wp-image-4373\" src=\"https:\/\/nolimit-aventure.com\/digny\/wp-content\/uploads\/2017\/05\/journ\u00e9e-anniversaire-nolimit-aventure-300x150.jpg\" alt=\"\" width=\"354\" height=\"177\" srcset=\"https:\/\/nolimit-aventure.com\/digny\/wp-content\/uploads\/2017\/05\/journ\u00e9e-anniversaire-nolimit-aventure-300x150.jpg 300w, https:\/\/nolimit-aventure.com\/digny\/wp-content\/uploads\/2017\/05\/journ\u00e9e-anniversaire-nolimit-aventure-768x384.jpg 768w, https:\/\/nolimit-aventure.com\/digny\/wp-content\/uploads\/2017\/05\/journ\u00e9e-anniversaire-nolimit-aventure.jpg 860w\" sizes=\"auto, (max-width: 354px) 100vw, 354px\" \/><\/a><\/p><\/div>\n<\/div><\/div><\/div><\/div><\/div><div id=\"pg-2026-3\"  class=\"panel-grid panel-no-style\" ><div id=\"pgc-2026-3-0\"  class=\"panel-grid-cell\" ><div id=\"panel-2026-3-0-0\" class=\"so-panel widget widget_pw_call_to_action widget-call-to-action panel-first-child panel-last-child\" data-index=\"4\" ><div class=\"panel-widget-style panel-widget-style-for-2026-3-0-0\" >\t\t\t\t<div class=\"call-to-action\">\n\t\t\t\t\t<div class=\"call-to-action__text\">\n\t\t\t\t\t\t<h2 class=\"call-to-action__title\">\n\t\t\t\t\t\t\tA partir de 28\u20ac\t\t\t\t\t\t<\/h2>\n\t\t\t\t\t\t\t\t\t\t\t\t<p class=\"call-to-action__subtitle\">\n\t\t\t\t\t\t\t6 personnes minimum | Un cadeau offert pour celui qui f\u00eate son anniversaire\t\t\t\t\t\t<\/p>\n\t\t\t\t\t\t\t\t\t\t\t<\/div>\n\t\t\t\t\t<div class=\"call-to-action__button\">\n\t\t\t\t\t\t<a class=\"btn  btn-outline-light\" href=\"https:\/\/nolimit-aventure.qweekle.com\/shop\/nolimit-aventure-digny\/booking?lang=fr\" target=\"_self\"> R\u00e9server<\/a>\t\t\t\t\t<\/div>\n\t\t\t\t<\/div>\n\t\t\t<\/div><\/div><\/div><\/div><div id=\"pg-2026-4\"  class=\"panel-grid panel-has-style\" ><div class=\"panel-row-style panel-row-style-for-2026-4\" ><div id=\"pgc-2026-4-0\"  class=\"panel-grid-cell\" ><div id=\"panel-2026-4-0-0\" class=\"so-panel widget widget_pw_special_title widget-special-title panel-first-child panel-last-child\" data-index=\"5\" >\t\t\t<h2 class=\"special-title\">\n\t\t\t\tINCLUS\t\t\t<\/h2>\n\t\t<\/div><\/div><\/div><\/div><div id=\"pg-2026-5\"  class=\"panel-grid panel-no-style\" ><div id=\"pgc-2026-5-0\"  class=\"panel-grid-cell\" ><div id=\"panel-2026-5-0-0\" class=\"so-panel widget widget_sow-editor panel-first-child panel-last-child\" data-index=\"6\" ><div class=\"panel-widget-style panel-widget-style-for-2026-5-0-0\" ><div\n\t\t\t\n\t\t\tclass=\"so-widget-sow-editor so-widget-sow-editor-base\"\n\t\t\t\n\t\t>\n<div class=\"siteorigin-widget-tinymce textwidget\">\n\t<h4><img loading=\"lazy\" decoding=\"async\" class=\"wp-image-4550 aligncenter\" src=\"https:\/\/nolimit-aventure.com\/digny\/wp-content\/uploads\/2017\/07\/inclus.png\" alt=\"\" width=\"40\" height=\"39\" srcset=\"https:\/\/nolimit-aventure.com\/digny\/wp-content\/uploads\/2017\/07\/inclus.png 246w, https:\/\/nolimit-aventure.com\/digny\/wp-content\/uploads\/2017\/07\/inclus-150x150.png 150w, https:\/\/nolimit-aventure.com\/digny\/wp-content\/uploads\/2017\/07\/inclus-180x180.png 180w\" sizes=\"auto, (max-width: 40px) 100vw, 40px\" \/><\/h4>\n<h4 style=\"text-align: center;\"><span style=\"color: #eb700f;\"> Accrobranche<\/span><\/h4>\n<p><img loading=\"lazy\" decoding=\"async\" class=\"size-medium wp-image-4332 aligncenter\" src=\"https:\/\/nolimit-aventure.com\/digny\/wp-content\/uploads\/2017\/05\/formule-accrobranche-300x150.jpg\" alt=\"\" width=\"300\" height=\"150\" srcset=\"https:\/\/nolimit-aventure.com\/digny\/wp-content\/uploads\/2017\/05\/formule-accrobranche-300x150.jpg 300w, https:\/\/nolimit-aventure.com\/digny\/wp-content\/uploads\/2017\/05\/formule-accrobranche-768x384.jpg 768w, https:\/\/nolimit-aventure.com\/digny\/wp-content\/uploads\/2017\/05\/formule-accrobranche.jpg 860w\" sizes=\"auto, (max-width: 300px) 100vw, 300px\" \/><\/p>\n<div class=\"t pg-1m0 pg-1x0 pg-1h4 pg-1yf pg-1ff2 pg-1fs1 pg-1fc1 pg-1sc0 pg-1ls0 pg-1ws0\" style=\"text-align: center;\"><span style=\"color: #000000;\">Acc\u00e8s aux parcours adapt\u00e9s selon l\u2019\u00e2ge et la taille de chacun\u00a0; ligne de vie continue pour la s\u00e9curit\u00e9 de tous.<\/span><\/div>\n<\/div>\n<\/div><\/div><\/div><\/div><div id=\"pgc-2026-5-1\"  class=\"panel-grid-cell\" ><div id=\"panel-2026-5-1-0\" class=\"so-panel widget widget_sow-editor panel-first-child panel-last-child\" data-index=\"7\" ><div class=\"panel-widget-style panel-widget-style-for-2026-5-1-0\" ><div\n\t\t\t\n\t\t\tclass=\"so-widget-sow-editor so-widget-sow-editor-base\"\n\t\t\t\n\t\t>\n<div class=\"siteorigin-widget-tinymce textwidget\">\n\t<h4><img loading=\"lazy\" decoding=\"async\" class=\"wp-image-4550 aligncenter\" src=\"https:\/\/nolimit-aventure.com\/digny\/wp-content\/uploads\/2017\/07\/inclus.png\" alt=\"\" width=\"40\" height=\"39\" srcset=\"https:\/\/nolimit-aventure.com\/digny\/wp-content\/uploads\/2017\/07\/inclus.png 246w, https:\/\/nolimit-aventure.com\/digny\/wp-content\/uploads\/2017\/07\/inclus-150x150.png 150w, https:\/\/nolimit-aventure.com\/digny\/wp-content\/uploads\/2017\/07\/inclus-180x180.png 180w\" sizes=\"auto, (max-width: 40px) 100vw, 40px\" \/><\/h4>\n<h4 style=\"text-align: center;\"><span style=\"color: #eb700f;\">\u00a0Aire de go\u00fbter<\/span><\/h4>\n<h4 style=\"text-align: center;\"><span style=\"color: #eb700f;\"><img loading=\"lazy\" decoding=\"async\" class=\"alignnone size-medium wp-image-4565\" src=\"https:\/\/nolimit-aventure.com\/digny\/wp-content\/uploads\/2017\/05\/pique-nique-nemours-300x150.jpg\" alt=\"\" width=\"300\" height=\"150\" srcset=\"https:\/\/nolimit-aventure.com\/digny\/wp-content\/uploads\/2017\/05\/pique-nique-nemours-300x150.jpg 300w, https:\/\/nolimit-aventure.com\/digny\/wp-content\/uploads\/2017\/05\/pique-nique-nemours-768x384.jpg 768w, https:\/\/nolimit-aventure.com\/digny\/wp-content\/uploads\/2017\/05\/pique-nique-nemours.jpg 861w\" sizes=\"auto, (max-width: 300px) 100vw, 300px\" \/><\/span><\/h4>\n<div class=\"t pg-2m0 pg-2x0 pg-2h4 pg-2y3 pg-2ff3 pg-2fs1 pg-2fc1 pg-2sc0 pg-2ls0 pg-2ws0\" style=\"text-align: center;\"><span style=\"color: #000000;\">Une aire de go\u00fbter en ext\u00e9rieur ou en int\u00e9rieur sera disponible pour partager les exploits de vos h\u00e9ros en herbes\u00a0!<\/span><\/div>\n<\/div>\n<\/div><\/div><\/div><\/div><\/div><div id=\"pg-2026-6\"  class=\"panel-grid panel-no-style\" ><div id=\"pgc-2026-6-0\"  class=\"panel-grid-cell\" ><div id=\"panel-2026-6-0-0\" class=\"so-panel widget widget_sow-editor panel-first-child panel-last-child\" data-index=\"8\" ><div\n\t\t\t\n\t\t\tclass=\"so-widget-sow-editor so-widget-sow-editor-base\"\n\t\t\t\n\t\t>\n<div class=\"siteorigin-widget-tinymce textwidget\">\n\t<hr class=\"hr--dashed\" \/>\n<\/div>\n<\/div><\/div><\/div><\/div><div id=\"pg-2026-7\"  class=\"panel-grid panel-no-style\" ><div id=\"pgc-2026-7-0\"  class=\"panel-grid-cell\" ><div id=\"panel-2026-7-0-0\" class=\"so-panel widget widget_sow-editor panel-first-child\" data-index=\"9\" ><div\n\t\t\t\n\t\t\tclass=\"so-widget-sow-editor so-widget-sow-editor-base\"\n\t\t\t\n\t\t>\n<div class=\"siteorigin-widget-tinymce textwidget\">\n\t<h2>Galerie anniversaire \u00a0<span style=\"color: #2e3b4e; font-weight: 300;\">- en plein air\u00a0<\/span><\/h2>\n<\/div>\n<\/div><\/div><div id=\"panel-2026-7-0-1\" class=\"so-panel widget widget_sow-editor panel-last-child\" data-index=\"10\" ><div\n\t\t\t\n\t\t\tclass=\"so-widget-sow-editor so-widget-sow-editor-base\"\n\t\t\t\n\t\t>\n<div class=\"siteorigin-widget-tinymce textwidget\">\n\t<div id='gallery-1' class='gallery galleryid-2026 gallery-columns-3 gallery-size-large'><figure class='gallery-item'>\n\t\t\t<div class='gallery-icon landscape'>\n\t\t\t\t<a href='https:\/\/nolimit-aventure.com\/digny\/wp-content\/uploads\/2017\/05\/anniversaire-parcours-aventure-nolimit.jpg'><img loading=\"lazy\" decoding=\"async\" width=\"860\" height=\"430\" src=\"https:\/\/nolimit-aventure.com\/digny\/wp-content\/uploads\/2017\/05\/anniversaire-parcours-aventure-nolimit.jpg\" class=\"attachment-large size-large\" alt=\"\" srcset=\"https:\/\/nolimit-aventure.com\/digny\/wp-content\/uploads\/2017\/05\/anniversaire-parcours-aventure-nolimit.jpg 860w, https:\/\/nolimit-aventure.com\/digny\/wp-content\/uploads\/2017\/05\/anniversaire-parcours-aventure-nolimit-300x150.jpg 300w, https:\/\/nolimit-aventure.com\/digny\/wp-content\/uploads\/2017\/05\/anniversaire-parcours-aventure-nolimit-768x384.jpg 768w\" sizes=\"auto, (max-width: 860px) 100vw, 860px\" \/><\/a>\n\t\t\t<\/div><\/figure><figure class='gallery-item'>\n\t\t\t<div class='gallery-icon landscape'>\n\t\t\t\t<a href='https:\/\/nolimit-aventure.com\/digny\/wp-content\/uploads\/2017\/05\/anniversaire-accrobranche-dreux.jpg'><img loading=\"lazy\" decoding=\"async\" width=\"860\" height=\"430\" src=\"https:\/\/nolimit-aventure.com\/digny\/wp-content\/uploads\/2017\/05\/anniversaire-accrobranche-dreux.jpg\" class=\"attachment-large size-large\" alt=\"\" srcset=\"https:\/\/nolimit-aventure.com\/digny\/wp-content\/uploads\/2017\/05\/anniversaire-accrobranche-dreux.jpg 860w, https:\/\/nolimit-aventure.com\/digny\/wp-content\/uploads\/2017\/05\/anniversaire-accrobranche-dreux-300x150.jpg 300w, https:\/\/nolimit-aventure.com\/digny\/wp-content\/uploads\/2017\/05\/anniversaire-accrobranche-dreux-768x384.jpg 768w\" sizes=\"auto, (max-width: 860px) 100vw, 860px\" \/><\/a>\n\t\t\t<\/div><\/figure><figure class='gallery-item'>\n\t\t\t<div class='gallery-icon landscape'>\n\t\t\t\t<a href='https:\/\/nolimit-aventure.com\/digny\/wp-content\/uploads\/2017\/05\/anniversaire-nolimit-aventure.jpg'><img loading=\"lazy\" decoding=\"async\" width=\"860\" height=\"430\" src=\"https:\/\/nolimit-aventure.com\/digny\/wp-content\/uploads\/2017\/05\/anniversaire-nolimit-aventure.jpg\" class=\"attachment-large size-large\" alt=\"Anniversaire accrobranche\" srcset=\"https:\/\/nolimit-aventure.com\/digny\/wp-content\/uploads\/2017\/05\/anniversaire-nolimit-aventure.jpg 860w, https:\/\/nolimit-aventure.com\/digny\/wp-content\/uploads\/2017\/05\/anniversaire-nolimit-aventure-300x150.jpg 300w, https:\/\/nolimit-aventure.com\/digny\/wp-content\/uploads\/2017\/05\/anniversaire-nolimit-aventure-768x384.jpg 768w\" sizes=\"auto, (max-width: 860px) 100vw, 860px\" \/><\/a>\n\t\t\t<\/div><\/figure>\n\t\t<\/div>\n\n<\/div>\n<\/div><\/div><\/div><\/div><\/div>","protected":false},"excerpt":{"rendered":"<p>Une formule pour les 6 &#8211; 14 ans<\/p>\n","protected":false},"author":2,"featured_media":4369,"parent":22,"menu_order":0,"comment_status":"closed","ping_status":"closed","template":"","meta":{"_acf_changed":false,"footnotes":""},"class_list":{"0":"post-2026","1":"page","2":"type-page","3":"status-publish","4":"has-post-thumbnail","6":"clearfix","7":"article"},"acf":[],"yoast_head":"<!-- This site is optimized with the Yoast SEO plugin v27.5 - https:\/\/yoast.com\/product\/yoast-seo-wordpress\/ -->\n<title>Anniversaire Aventure - NoLimit Aventure Digny<\/title>\n<meta name=\"description\" content=\"Anniversaire Accrobranche, organisez l&#039;anniversaire de votre enfant sur notre parc aventure de Digny, 10 parcours au choix en ligne de vie automatique\" \/>\n<meta name=\"robots\" content=\"index, follow, max-snippet:-1, max-image-preview:large, max-video-preview:-1\" \/>\n<link rel=\"canonical\" href=\"https:\/\/nolimit-aventure.com\/digny\/nos-formules\/anniversaire-accrobranche\/\" \/>\n<meta property=\"og:locale\" content=\"fr_FR\" \/>\n<meta property=\"og:type\" content=\"article\" \/>\n<meta property=\"og:title\" content=\"Anniversaire Aventure - NoLimit Aventure Digny\" \/>\n<meta property=\"og:description\" content=\"Anniversaire Accrobranche, organisez l&#039;anniversaire de votre enfant sur notre parc aventure de Digny, 10 parcours au choix en ligne de vie automatique\" \/>\n<meta property=\"og:url\" content=\"https:\/\/nolimit-aventure.com\/digny\/nos-formules\/anniversaire-accrobranche\/\" \/>\n<meta property=\"og:site_name\" content=\"NoLimit Aventure Digny\" \/>\n<meta property=\"article:modified_time\" content=\"2025-11-21T14:20:53+00:00\" \/>\n<meta property=\"og:image\" content=\"https:\/\/nolimit-aventure.com\/digny\/wp-content\/uploads\/2017\/05\/anniversaire-accrobranche.jpg\" \/>\n\t<meta property=\"og:image:width\" content=\"860\" \/>\n\t<meta property=\"og:image:height\" content=\"430\" \/>\n\t<meta property=\"og:image:type\" content=\"image\/jpeg\" \/>\n<meta name=\"twitter:card\" content=\"summary_large_image\" \/>\n<meta name=\"twitter:label1\" content=\"Dur\u00e9e de lecture estim\u00e9e\" \/>\n\t<meta name=\"twitter:data1\" content=\"3 minutes\" \/>\n<script type=\"application\/ld+json\" class=\"yoast-schema-graph\">{\"@context\":\"https:\\\/\\\/schema.org\",\"@graph\":[{\"@type\":\"WebPage\",\"@id\":\"https:\\\/\\\/nolimit-aventure.com\\\/digny\\\/nos-formules\\\/anniversaire-accrobranche\\\/\",\"url\":\"https:\\\/\\\/nolimit-aventure.com\\\/digny\\\/nos-formules\\\/anniversaire-accrobranche\\\/\",\"name\":\"Anniversaire Aventure - NoLimit Aventure Digny\",\"isPartOf\":{\"@id\":\"https:\\\/\\\/nolimit-aventure.com\\\/digny\\\/#website\"},\"primaryImageOfPage\":{\"@id\":\"https:\\\/\\\/nolimit-aventure.com\\\/digny\\\/nos-formules\\\/anniversaire-accrobranche\\\/#primaryimage\"},\"image\":{\"@id\":\"https:\\\/\\\/nolimit-aventure.com\\\/digny\\\/nos-formules\\\/anniversaire-accrobranche\\\/#primaryimage\"},\"thumbnailUrl\":\"https:\\\/\\\/nolimit-aventure.com\\\/digny\\\/wp-content\\\/uploads\\\/2017\\\/05\\\/anniversaire-accrobranche.jpg\",\"datePublished\":\"2017-05-05T09:35:12+00:00\",\"dateModified\":\"2025-11-21T14:20:53+00:00\",\"description\":\"Anniversaire Accrobranche, organisez l'anniversaire de votre enfant sur notre parc aventure de Digny, 10 parcours au choix en ligne de vie automatique\",\"breadcrumb\":{\"@id\":\"https:\\\/\\\/nolimit-aventure.com\\\/digny\\\/nos-formules\\\/anniversaire-accrobranche\\\/#breadcrumb\"},\"inLanguage\":\"fr-FR\",\"potentialAction\":[{\"@type\":\"ReadAction\",\"target\":[\"https:\\\/\\\/nolimit-aventure.com\\\/digny\\\/nos-formules\\\/anniversaire-accrobranche\\\/\"]}]},{\"@type\":\"ImageObject\",\"inLanguage\":\"fr-FR\",\"@id\":\"https:\\\/\\\/nolimit-aventure.com\\\/digny\\\/nos-formules\\\/anniversaire-accrobranche\\\/#primaryimage\",\"url\":\"https:\\\/\\\/nolimit-aventure.com\\\/digny\\\/wp-content\\\/uploads\\\/2017\\\/05\\\/anniversaire-accrobranche.jpg\",\"contentUrl\":\"https:\\\/\\\/nolimit-aventure.com\\\/digny\\\/wp-content\\\/uploads\\\/2017\\\/05\\\/anniversaire-accrobranche.jpg\",\"width\":860,\"height\":430,\"caption\":\"anniversaire accrobranche\"},{\"@type\":\"BreadcrumbList\",\"@id\":\"https:\\\/\\\/nolimit-aventure.com\\\/digny\\\/nos-formules\\\/anniversaire-accrobranche\\\/#breadcrumb\",\"itemListElement\":[{\"@type\":\"ListItem\",\"position\":1,\"name\":\"Accueil\",\"item\":\"https:\\\/\\\/nolimit-aventure.com\\\/digny\\\/\"},{\"@type\":\"ListItem\",\"position\":2,\"name\":\"Formules\",\"item\":\"https:\\\/\\\/nolimit-aventure.com\\\/digny\\\/nos-formules\\\/\"},{\"@type\":\"ListItem\",\"position\":3,\"name\":\"Anniversaire Aventure\"}]},{\"@type\":\"WebSite\",\"@id\":\"https:\\\/\\\/nolimit-aventure.com\\\/digny\\\/#website\",\"url\":\"https:\\\/\\\/nolimit-aventure.com\\\/digny\\\/\",\"name\":\"NoLimit Aventure Digny\",\"description\":\"\",\"potentialAction\":[{\"@type\":\"SearchAction\",\"target\":{\"@type\":\"EntryPoint\",\"urlTemplate\":\"https:\\\/\\\/nolimit-aventure.com\\\/digny\\\/?s={search_term_string}\"},\"query-input\":{\"@type\":\"PropertyValueSpecification\",\"valueRequired\":true,\"valueName\":\"search_term_string\"}}],\"inLanguage\":\"fr-FR\"}]}<\/script>\n<!-- \/ Yoast SEO plugin. -->","yoast_head_json":{"title":"Anniversaire Aventure - NoLimit Aventure Digny","description":"Anniversaire Accrobranche, organisez l'anniversaire de votre enfant sur notre parc aventure de Digny, 10 parcours au choix en ligne de vie automatique","robots":{"index":"index","follow":"follow","max-snippet":"max-snippet:-1","max-image-preview":"max-image-preview:large","max-video-preview":"max-video-preview:-1"},"canonical":"https:\/\/nolimit-aventure.com\/digny\/nos-formules\/anniversaire-accrobranche\/","og_locale":"fr_FR","og_type":"article","og_title":"Anniversaire Aventure - NoLimit Aventure Digny","og_description":"Anniversaire Accrobranche, organisez l'anniversaire de votre enfant sur notre parc aventure de Digny, 10 parcours au choix en ligne de vie automatique","og_url":"https:\/\/nolimit-aventure.com\/digny\/nos-formules\/anniversaire-accrobranche\/","og_site_name":"NoLimit Aventure Digny","article_modified_time":"2025-11-21T14:20:53+00:00","og_image":[{"width":860,"height":430,"url":"https:\/\/nolimit-aventure.com\/digny\/wp-content\/uploads\/2017\/05\/anniversaire-accrobranche.jpg","type":"image\/jpeg"}],"twitter_card":"summary_large_image","twitter_misc":{"Dur\u00e9e de lecture estim\u00e9e":"3 minutes"},"schema":{"@context":"https:\/\/schema.org","@graph":[{"@type":"WebPage","@id":"https:\/\/nolimit-aventure.com\/digny\/nos-formules\/anniversaire-accrobranche\/","url":"https:\/\/nolimit-aventure.com\/digny\/nos-formules\/anniversaire-accrobranche\/","name":"Anniversaire Aventure - NoLimit Aventure Digny","isPartOf":{"@id":"https:\/\/nolimit-aventure.com\/digny\/#website"},"primaryImageOfPage":{"@id":"https:\/\/nolimit-aventure.com\/digny\/nos-formules\/anniversaire-accrobranche\/#primaryimage"},"image":{"@id":"https:\/\/nolimit-aventure.com\/digny\/nos-formules\/anniversaire-accrobranche\/#primaryimage"},"thumbnailUrl":"https:\/\/nolimit-aventure.com\/digny\/wp-content\/uploads\/2017\/05\/anniversaire-accrobranche.jpg","datePublished":"2017-05-05T09:35:12+00:00","dateModified":"2025-11-21T14:20:53+00:00","description":"Anniversaire Accrobranche, organisez l'anniversaire de votre enfant sur notre parc aventure de Digny, 10 parcours au choix en ligne de vie automatique","breadcrumb":{"@id":"https:\/\/nolimit-aventure.com\/digny\/nos-formules\/anniversaire-accrobranche\/#breadcrumb"},"inLanguage":"fr-FR","potentialAction":[{"@type":"ReadAction","target":["https:\/\/nolimit-aventure.com\/digny\/nos-formules\/anniversaire-accrobranche\/"]}]},{"@type":"ImageObject","inLanguage":"fr-FR","@id":"https:\/\/nolimit-aventure.com\/digny\/nos-formules\/anniversaire-accrobranche\/#primaryimage","url":"https:\/\/nolimit-aventure.com\/digny\/wp-content\/uploads\/2017\/05\/anniversaire-accrobranche.jpg","contentUrl":"https:\/\/nolimit-aventure.com\/digny\/wp-content\/uploads\/2017\/05\/anniversaire-accrobranche.jpg","width":860,"height":430,"caption":"anniversaire accrobranche"},{"@type":"BreadcrumbList","@id":"https:\/\/nolimit-aventure.com\/digny\/nos-formules\/anniversaire-accrobranche\/#breadcrumb","itemListElement":[{"@type":"ListItem","position":1,"name":"Accueil","item":"https:\/\/nolimit-aventure.com\/digny\/"},{"@type":"ListItem","position":2,"name":"Formules","item":"https:\/\/nolimit-aventure.com\/digny\/nos-formules\/"},{"@type":"ListItem","position":3,"name":"Anniversaire Aventure"}]},{"@type":"WebSite","@id":"https:\/\/nolimit-aventure.com\/digny\/#website","url":"https:\/\/nolimit-aventure.com\/digny\/","name":"NoLimit Aventure Digny","description":"","potentialAction":[{"@type":"SearchAction","target":{"@type":"EntryPoint","urlTemplate":"https:\/\/nolimit-aventure.com\/digny\/?s={search_term_string}"},"query-input":{"@type":"PropertyValueSpecification","valueRequired":true,"valueName":"search_term_string"}}],"inLanguage":"fr-FR"}]}},"_links":{"self":[{"href":"https:\/\/nolimit-aventure.com\/digny\/wp-json\/wp\/v2\/pages\/2026","targetHints":{"allow":["GET"]}}],"collection":[{"href":"https:\/\/nolimit-aventure.com\/digny\/wp-json\/wp\/v2\/pages"}],"about":[{"href":"https:\/\/nolimit-aventure.com\/digny\/wp-json\/wp\/v2\/types\/page"}],"author":[{"embeddable":true,"href":"https:\/\/nolimit-aventure.com\/digny\/wp-json\/wp\/v2\/users\/2"}],"replies":[{"embeddable":true,"href":"https:\/\/nolimit-aventure.com\/digny\/wp-json\/wp\/v2\/comments?post=2026"}],"version-history":[{"count":49,"href":"https:\/\/nolimit-aventure.com\/digny\/wp-json\/wp\/v2\/pages\/2026\/revisions"}],"predecessor-version":[{"id":7817,"href":"https:\/\/nolimit-aventure.com\/digny\/wp-json\/wp\/v2\/pages\/2026\/revisions\/7817"}],"up":[{"embeddable":true,"href":"https:\/\/nolimit-aventure.com\/digny\/wp-json\/wp\/v2\/pages\/22"}],"wp:featuredmedia":[{"embeddable":true,"href":"https:\/\/nolimit-aventure.com\/digny\/wp-json\/wp\/v2\/media\/4369"}],"wp:attachment":[{"href":"https:\/\/nolimit-aventure.com\/digny\/wp-json\/wp\/v2\/media?parent=2026"}],"curies":[{"name":"wp","href":"https:\/\/api.w.org\/{rel}","templated":true}]}}