{"id":22,"date":"2016-10-07T11:00:20","date_gmt":"2016-10-07T09:00:20","guid":{"rendered":"https:\/\/xml-io.proteusthemes.com\/adrenaline\/?page_id=22"},"modified":"2024-03-18T16:23:09","modified_gmt":"2024-03-18T15:23:09","slug":"nos-formules","status":"publish","type":"page","link":"https:\/\/nolimit-aventure.com\/digny\/nos-formules\/","title":{"rendered":"Formules"},"content":{"rendered":"<div id=\"pl-22\"  class=\"panel-layout\" ><div id=\"pg-22-0\"  class=\"panel-grid panel-no-style\" ><div id=\"pgc-22-0-0\"  class=\"panel-grid-cell panel-grid-cell-empty\" ><\/div><\/div><div id=\"pg-22-1\"  class=\"panel-grid panel-no-style\" ><div id=\"pgc-22-1-0\"  class=\"panel-grid-cell\" ><div id=\"panel-22-1-0-0\" class=\"so-panel widget widget_pw_featured_page widget-featured-page panel-first-child\" data-index=\"0\" >\n\t<div class=\"page-box  page-box--block\">\n\t\t\t\t\t\t<a class=\"page-box__picture\" href=\"https:\/\/nolimit-aventure.com\/digny\/nos-formules\/passextreme\/\">\n\t\t\t\t\t<img loading=\"lazy\" decoding=\"async\" src=\"https:\/\/nolimit-aventure.com\/digny\/wp-content\/uploads\/2024\/02\/Multi-activites-4-350x175.png\" width=\"350\" height=\"175\" srcset=\"https:\/\/nolimit-aventure.com\/digny\/wp-content\/uploads\/2024\/02\/Multi-activites-4-350x175.png 350w, https:\/\/nolimit-aventure.com\/digny\/wp-content\/uploads\/2024\/02\/Multi-activites-4.png 867w\" sizes=\"auto, (min-width: 1200px) 350px, (min-width: 992px) 290px, (min-width: 768px) 690px, (min-width: 576px) 510px, calc(100vw - 30px)\" class=\"wp-post-image\" alt=\"Pass Extr\u00eame\">\n\t\t\t\t\t\t\t\t\t<\/a>\n\t\t\t\t\t\t\t\t<div class=\"page-box__content\">\n\t\t\t<h2 class=\"page-box__title\"><a href=\"https:\/\/nolimit-aventure.com\/digny\/nos-formules\/passextreme\/\">Pass Extr\u00eame<\/a><\/h2>\n\t\t\t<p class=\"page-box__text\">Une journ\u00e9e fun - Un concentr\u00e9 d\u2019adr\u00e9naline\n\n\n\n\n\n\tNous avons r\u00e9uni les deux activit\u00e9s principales du parc, en une formule compl\u00e8te pour &hellip;<\/p>\n\t\t\t\t\t\t\t<a href=\"https:\/\/nolimit-aventure.com\/digny\/nos-formules\/passextreme\/\" class=\"page-box__more-link\">En savoir plus<\/a>\n\t\t\t\t\t<\/div>\n\t<\/div>\n\n<\/div><div id=\"panel-22-1-0-1\" class=\"so-panel widget widget_pw_featured_page widget-featured-page panel-last-child\" data-index=\"1\" >\n\t<div class=\"page-box  page-box--block\">\n\t\t\t\t\t\t<a class=\"page-box__picture\" href=\"https:\/\/nolimit-aventure.com\/digny\/nos-formules\/enterrement-de-vie-de-garcon\/\">\n\t\t\t\t\t<img loading=\"lazy\" decoding=\"async\" src=\"https:\/\/nolimit-aventure.com\/digny\/wp-content\/uploads\/2024\/02\/Multi-activites-350x175.jpg\" width=\"350\" height=\"175\" srcset=\"https:\/\/nolimit-aventure.com\/digny\/wp-content\/uploads\/2024\/02\/Multi-activites-350x175.jpg 350w, https:\/\/nolimit-aventure.com\/digny\/wp-content\/uploads\/2024\/02\/Multi-activites.jpg 867w\" sizes=\"auto, (min-width: 1200px) 350px, (min-width: 992px) 290px, (min-width: 768px) 690px, (min-width: 576px) 510px, calc(100vw - 30px)\" class=\"wp-post-image\" alt=\"Pass EVG\">\n\t\t\t\t\t\t\t\t\t<\/a>\n\t\t\t\t\t\t\t\t<div class=\"page-box__content\">\n\t\t\t<h2 class=\"page-box__title\"><a href=\"https:\/\/nolimit-aventure.com\/digny\/nos-formules\/enterrement-de-vie-de-garcon\/\">Pass EVG<\/a><\/h2>\n\t\t\t<p class=\"page-box__text\">Une journ\u00e9e d\u2019exception - fous rires garantis \n\n\n\n\n\tNous vous proposons un panel d\u2019activit\u00e9s qui fera de votre \u00ab enterrement de vie de &hellip;<\/p>\n\t\t\t\t\t\t\t<a href=\"https:\/\/nolimit-aventure.com\/digny\/nos-formules\/enterrement-de-vie-de-garcon\/\" class=\"page-box__more-link\">En savoir plus<\/a>\n\t\t\t\t\t<\/div>\n\t<\/div>\n\n<\/div><\/div><div id=\"pgc-22-1-1\"  class=\"panel-grid-cell\" ><div id=\"panel-22-1-1-0\" class=\"so-panel widget widget_pw_featured_page widget-featured-page panel-first-child panel-last-child\" data-index=\"2\" >\n\t<div class=\"page-box  page-box--block\">\n\t\t\t\t\t\t<a class=\"page-box__picture\" href=\"https:\/\/nolimit-aventure.com\/digny\/footbulle-et-accrobranche\/\">\n\t\t\t\t\t<img loading=\"lazy\" decoding=\"async\" src=\"https:\/\/nolimit-aventure.com\/digny\/wp-content\/uploads\/2024\/03\/Multi-activites-6-350x175.png\" width=\"350\" height=\"175\" srcset=\"https:\/\/nolimit-aventure.com\/digny\/wp-content\/uploads\/2024\/03\/Multi-activites-6-350x175.png 350w, https:\/\/nolimit-aventure.com\/digny\/wp-content\/uploads\/2024\/03\/Multi-activites-6.png 867w\" sizes=\"auto, (min-width: 1200px) 350px, (min-width: 992px) 290px, (min-width: 768px) 690px, (min-width: 576px) 510px, calc(100vw - 30px)\" class=\"wp-post-image\" alt=\"Pass Mutli Activit\u00e9s\">\n\t\t\t\t\t\t\t\t\t<\/a>\n\t\t\t\t\t\t\t\t<div class=\"page-box__content\">\n\t\t\t<h2 class=\"page-box__title\"><a href=\"https:\/\/nolimit-aventure.com\/digny\/footbulle-et-accrobranche\/\">Pass Mutli Activit\u00e9s<\/a><\/h2>\n\t\t\t<p class=\"page-box__text\">Des Bulles, des Fl\u00e8ches et des Tyroliennes\n\n\n\n\tPlongez-vous dans les hauteurs avec l'accrobranche, d\u00e9fiez vos amis dans notre laser game, testez &hellip;<\/p>\n\t\t\t\t\t\t\t<a href=\"https:\/\/nolimit-aventure.com\/digny\/footbulle-et-accrobranche\/\" class=\"page-box__more-link\">En savoir plus<\/a>\n\t\t\t\t\t<\/div>\n\t<\/div>\n\n<\/div><\/div><div id=\"pgc-22-1-2\"  class=\"panel-grid-cell\" ><div id=\"panel-22-1-2-0\" class=\"so-panel widget widget_pw_featured_page widget-featured-page panel-first-child panel-last-child\" data-index=\"3\" >\n\t<div class=\"page-box  page-box--block\">\n\t\t\t\t\t\t<a class=\"page-box__picture\" href=\"https:\/\/nolimit-aventure.com\/digny\/nos-formules\/anniversaire-accrobranche\/\">\n\t\t\t\t\t<img loading=\"lazy\" decoding=\"async\" src=\"https:\/\/nolimit-aventure.com\/digny\/wp-content\/uploads\/2017\/05\/anniversaire-accrobranche-352x198.jpg\" width=\"311\" height=\"175\" srcset=\"https:\/\/nolimit-aventure.com\/digny\/wp-content\/uploads\/2017\/05\/anniversaire-accrobranche-352x198.jpg 311w, https:\/\/nolimit-aventure.com\/digny\/wp-content\/uploads\/2017\/05\/anniversaire-accrobranche.jpg 860w\" sizes=\"auto, (min-width: 1200px) 350px, (min-width: 992px) 290px, (min-width: 768px) 690px, (min-width: 576px) 510px, calc(100vw - 30px)\" class=\"wp-post-image\" alt=\"Anniversaire Aventure\">\n\t\t\t\t\t\t\t\t\t<\/a>\n\t\t\t\t\t\t\t\t<div class=\"page-box__content\">\n\t\t\t<h2 class=\"page-box__title\"><a href=\"https:\/\/nolimit-aventure.com\/digny\/nos-formules\/anniversaire-accrobranche\/\">Anniversaire Aventure<\/a><\/h2>\n\t\t\t<p class=\"page-box__text\">Une formule pour les 6 - 14 ans\n\n\n\tPour un anniversaire unique\u2026 Nos parcours aventures sont l\u00e0 pour qu\u2019ils puissent l\u00e2cher toute leur \u00e9nergie &hellip;<\/p>\n\t\t\t\t\t\t\t<a href=\"https:\/\/nolimit-aventure.com\/digny\/nos-formules\/anniversaire-accrobranche\/\" class=\"page-box__more-link\">En savoir plus<\/a>\n\t\t\t\t\t<\/div>\n\t<\/div>\n\n<\/div><\/div><\/div><div id=\"pg-22-2\"  class=\"panel-grid panel-has-style\" ><div class=\"siteorigin-panels-stretch panel-row-style panel-row-style-for-22-2\" data-stretch-type=\"full-width-stretch\" ><div id=\"pgc-22-2-0\"  class=\"panel-grid-cell\" ><div id=\"panel-22-2-0-0\" class=\"so-panel widget widget_sow-google-map panel-first-child panel-last-child\" data-index=\"4\" ><div class=\"panel-widget-style panel-widget-style-for-22-2-0-0\" ><div\n\t\t\t\n\t\t\tclass=\"so-widget-sow-google-map so-widget-sow-google-map-default-ae958db06d5f-22\"\n\t\t\t\n\t\t>\n<div class=\"sow-google-map-canvas\"\n\tstyle=\"\"\n\tid=\"map-canvas-ca876df2bdaf970f192dd5079be4344f\"\n\tdata-options=\"{&quot;address&quot;:&quot;digny, france&quot;,&quot;zoom&quot;:13,&quot;mobileZoom&quot;:13,&quot;gestureHandling&quot;:&quot;none&quot;,&quot;disableUi&quot;:false,&quot;markerIcon&quot;:&quot;https:\\\/\\\/nolimit-aventure.com\\\/digny\\\/wp-content\\\/uploads\\\/2016\\\/10\\\/marker-nla.png&quot;,&quot;markersDraggable&quot;:false,&quot;markerAtCenter&quot;:true,&quot;markerInfoDisplay&quot;:&quot;click&quot;,&quot;markerInfoMultiple&quot;:true,&quot;markerPositions&quot;:[{&quot;place&quot;:&quot;Larchant&quot;,&quot;info&quot;:&quot;&quot;,&quot;infoSelectedEditor&quot;:&quot;tinymce&quot;,&quot;infoMaxWidth&quot;:&quot;&quot;,&quot;customMarkerIcon&quot;:0,&quot;customMarkerIconSize&quot;:&quot;&quot;},{&quot;place&quot;:&quot;Montargis&quot;,&quot;info&quot;:&quot;&quot;,&quot;infoSelectedEditor&quot;:&quot;tinymce&quot;,&quot;infoMaxWidth&quot;:&quot;&quot;,&quot;customMarkerIcon&quot;:0,&quot;customMarkerIconSize&quot;:&quot;&quot;},{&quot;place&quot;:&quot;Nemours&quot;,&quot;info&quot;:&quot;&quot;,&quot;infoSelectedEditor&quot;:&quot;tinymce&quot;,&quot;infoMaxWidth&quot;:&quot;&quot;,&quot;customMarkerIcon&quot;:0,&quot;customMarkerIconSize&quot;:&quot;&quot;}],&quot;mapName&quot;:&quot;Carte personnalis\\u00e9e&quot;,&quot;mapStyles&quot;:[{&quot;featureType&quot;:&quot;water&quot;,&quot;elementType&quot;:&quot;geometry&quot;,&quot;stylers&quot;:[{&quot;color&quot;:&quot;#e9e9e9&quot;},{&quot;lightness&quot;:17}]},{&quot;featureType&quot;:&quot;landscape&quot;,&quot;elementType&quot;:&quot;geometry&quot;,&quot;stylers&quot;:[{&quot;color&quot;:&quot;#f5f5f5&quot;},{&quot;lightness&quot;:20}]},{&quot;featureType&quot;:&quot;road.highway&quot;,&quot;elementType&quot;:&quot;geometry.fill&quot;,&quot;stylers&quot;:[{&quot;color&quot;:&quot;#ffffff&quot;},{&quot;lightness&quot;:17}]},{&quot;featureType&quot;:&quot;road.highway&quot;,&quot;elementType&quot;:&quot;geometry.stroke&quot;,&quot;stylers&quot;:[{&quot;color&quot;:&quot;#ffffff&quot;},{&quot;lightness&quot;:29},{&quot;weight&quot;:0.2}]},{&quot;featureType&quot;:&quot;road.arterial&quot;,&quot;elementType&quot;:&quot;geometry&quot;,&quot;stylers&quot;:[{&quot;color&quot;:&quot;#ffffff&quot;},{&quot;lightness&quot;:18}]},{&quot;featureType&quot;:&quot;road.local&quot;,&quot;elementType&quot;:&quot;geometry&quot;,&quot;stylers&quot;:[{&quot;color&quot;:&quot;#ffffff&quot;},{&quot;lightness&quot;:16}]},{&quot;featureType&quot;:&quot;poi&quot;,&quot;elementType&quot;:&quot;geometry&quot;,&quot;stylers&quot;:[{&quot;color&quot;:&quot;#f5f5f5&quot;},{&quot;lightness&quot;:21}]},{&quot;featureType&quot;:&quot;poi.park&quot;,&quot;elementType&quot;:&quot;geometry&quot;,&quot;stylers&quot;:[{&quot;color&quot;:&quot;#dedede&quot;},{&quot;lightness&quot;:21}]},{&quot;elementType&quot;:&quot;labels.text.stroke&quot;,&quot;stylers&quot;:[{&quot;visibility&quot;:&quot;on&quot;},{&quot;color&quot;:&quot;#ffffff&quot;},{&quot;lightness&quot;:16}]},{&quot;elementType&quot;:&quot;labels.text.fill&quot;,&quot;stylers&quot;:[{&quot;saturation&quot;:36},{&quot;color&quot;:&quot;#333333&quot;},{&quot;lightness&quot;:40}]},{&quot;elementType&quot;:&quot;labels.icon&quot;,&quot;stylers&quot;:[{&quot;visibility&quot;:&quot;off&quot;}]},{&quot;featureType&quot;:&quot;transit&quot;,&quot;elementType&quot;:&quot;geometry&quot;,&quot;stylers&quot;:[{&quot;color&quot;:&quot;#f2f2f2&quot;},{&quot;lightness&quot;:19}]},{&quot;featureType&quot;:&quot;administrative&quot;,&quot;elementType&quot;:&quot;geometry.fill&quot;,&quot;stylers&quot;:[{&quot;color&quot;:&quot;#fefefe&quot;},{&quot;lightness&quot;:20}]},{&quot;featureType&quot;:&quot;administrative&quot;,&quot;elementType&quot;:&quot;geometry.stroke&quot;,&quot;stylers&quot;:[{&quot;color&quot;:&quot;#fefefe&quot;},{&quot;lightness&quot;:17},{&quot;weight&quot;:1.2}]}],&quot;directions&quot;:&quot;&quot;,&quot;apiKey&quot;:&quot;AIzaSyB7KobOozKQ8YV5xIqILlrEucsBB5Bwfjc&quot;,&quot;breakpoint&quot;:780}\"\n\tdata-fallback-image=\"{&quot;img&quot;:&quot;&quot;}\"><\/div>\n<\/div><\/div><\/div><\/div><\/div><\/div><\/div>","protected":false},"excerpt":{"rendered":"<p>Pass Extr\u00eame Une journ\u00e9e fun &#8211; Un concentr\u00e9 d\u2019adr\u00e9naline Nous avons r\u00e9uni les deux activit\u00e9s principales du parc, en une formule compl\u00e8te pour &hellip; En savoir plus Pass EVG Une journ\u00e9e d\u2019exception &#8211; fous rires garantis Nous vous proposons un panel d\u2019activit\u00e9s qui fera de votre \u00ab enterrement de vie de &hellip; En savoir plus &hellip;<\/p>\n","protected":false},"author":1,"featured_media":0,"parent":0,"menu_order":0,"comment_status":"closed","ping_status":"closed","template":"","meta":{"_acf_changed":false,"footnotes":""},"class_list":{"0":"post-22","1":"page","2":"type-page","3":"status-publish","5":"clearfix","6":"article"},"acf":[],"yoast_head":"<!-- This site is optimized with the Yoast SEO plugin v27.6 - https:\/\/yoast.com\/product\/yoast-seo-wordpress\/ -->\n<title>Formules paintball, accrobranche, Can\u00f6e, Nemours en Seine et Marne 77<\/title>\n<meta name=\"description\" content=\"Formules paintball, accrobranche, cano\u00eb, en journ\u00e9e compl\u00e8te ou a la demi-journ\u00e9e et enterrement de vie de c\u00e9libataire, de jeune fille et anniversaire\" \/>\n<meta name=\"robots\" content=\"index, follow, max-snippet:-1, max-image-preview:large, max-video-preview:-1\" \/>\n<link rel=\"canonical\" href=\"https:\/\/nolimit-aventure.com\/digny\/nos-formules\/\" \/>\n<meta property=\"og:locale\" content=\"fr_FR\" \/>\n<meta property=\"og:type\" content=\"article\" \/>\n<meta property=\"og:title\" content=\"Formules paintball, accrobranche, Can\u00f6e, Nemours en Seine et Marne 77\" \/>\n<meta property=\"og:description\" content=\"Formules paintball, accrobranche, cano\u00eb, en journ\u00e9e compl\u00e8te ou a la demi-journ\u00e9e et enterrement de vie de c\u00e9libataire, de jeune fille et anniversaire\" \/>\n<meta property=\"og:url\" content=\"https:\/\/nolimit-aventure.com\/digny\/nos-formules\/\" \/>\n<meta property=\"og:site_name\" content=\"NoLimit Aventure Digny\" \/>\n<meta property=\"article:modified_time\" content=\"2024-03-18T15:23:09+00:00\" \/>\n<meta name=\"twitter:card\" content=\"summary_large_image\" \/>\n<meta name=\"twitter:label1\" content=\"Dur\u00e9e de lecture estim\u00e9e\" \/>\n\t<meta name=\"twitter:data1\" content=\"2 minutes\" \/>\n<script type=\"application\/ld+json\" class=\"yoast-schema-graph\">{\"@context\":\"https:\\\/\\\/schema.org\",\"@graph\":[{\"@type\":\"WebPage\",\"@id\":\"https:\\\/\\\/nolimit-aventure.com\\\/digny\\\/nos-formules\\\/\",\"url\":\"https:\\\/\\\/nolimit-aventure.com\\\/digny\\\/nos-formules\\\/\",\"name\":\"Formules paintball, accrobranche, Can\u00f6e, Nemours en Seine et Marne 77\",\"isPartOf\":{\"@id\":\"https:\\\/\\\/nolimit-aventure.com\\\/digny\\\/#website\"},\"datePublished\":\"2016-10-07T09:00:20+00:00\",\"dateModified\":\"2024-03-18T15:23:09+00:00\",\"description\":\"Formules paintball, accrobranche, cano\u00eb, en journ\u00e9e compl\u00e8te ou a la demi-journ\u00e9e et enterrement de vie de c\u00e9libataire, de jeune fille et anniversaire\",\"breadcrumb\":{\"@id\":\"https:\\\/\\\/nolimit-aventure.com\\\/digny\\\/nos-formules\\\/#breadcrumb\"},\"inLanguage\":\"fr-FR\",\"potentialAction\":[{\"@type\":\"ReadAction\",\"target\":[\"https:\\\/\\\/nolimit-aventure.com\\\/digny\\\/nos-formules\\\/\"]}]},{\"@type\":\"BreadcrumbList\",\"@id\":\"https:\\\/\\\/nolimit-aventure.com\\\/digny\\\/nos-formules\\\/#breadcrumb\",\"itemListElement\":[{\"@type\":\"ListItem\",\"position\":1,\"name\":\"Accueil\",\"item\":\"https:\\\/\\\/nolimit-aventure.com\\\/digny\\\/\"},{\"@type\":\"ListItem\",\"position\":2,\"name\":\"Formules\"}]},{\"@type\":\"WebSite\",\"@id\":\"https:\\\/\\\/nolimit-aventure.com\\\/digny\\\/#website\",\"url\":\"https:\\\/\\\/nolimit-aventure.com\\\/digny\\\/\",\"name\":\"NoLimit Aventure Digny\",\"description\":\"\",\"potentialAction\":[{\"@type\":\"SearchAction\",\"target\":{\"@type\":\"EntryPoint\",\"urlTemplate\":\"https:\\\/\\\/nolimit-aventure.com\\\/digny\\\/?s={search_term_string}\"},\"query-input\":{\"@type\":\"PropertyValueSpecification\",\"valueRequired\":true,\"valueName\":\"search_term_string\"}}],\"inLanguage\":\"fr-FR\"}]}<\/script>\n<!-- \/ Yoast SEO plugin. -->","yoast_head_json":{"title":"Formules paintball, accrobranche, Can\u00f6e, Nemours en Seine et Marne 77","description":"Formules paintball, accrobranche, cano\u00eb, en journ\u00e9e compl\u00e8te ou a la demi-journ\u00e9e et enterrement de vie de c\u00e9libataire, de jeune fille et anniversaire","robots":{"index":"index","follow":"follow","max-snippet":"max-snippet:-1","max-image-preview":"max-image-preview:large","max-video-preview":"max-video-preview:-1"},"canonical":"https:\/\/nolimit-aventure.com\/digny\/nos-formules\/","og_locale":"fr_FR","og_type":"article","og_title":"Formules paintball, accrobranche, Can\u00f6e, Nemours en Seine et Marne 77","og_description":"Formules paintball, accrobranche, cano\u00eb, en journ\u00e9e compl\u00e8te ou a la demi-journ\u00e9e et enterrement de vie de c\u00e9libataire, de jeune fille et anniversaire","og_url":"https:\/\/nolimit-aventure.com\/digny\/nos-formules\/","og_site_name":"NoLimit Aventure Digny","article_modified_time":"2024-03-18T15:23:09+00:00","twitter_card":"summary_large_image","twitter_misc":{"Dur\u00e9e de lecture estim\u00e9e":"2 minutes"},"schema":{"@context":"https:\/\/schema.org","@graph":[{"@type":"WebPage","@id":"https:\/\/nolimit-aventure.com\/digny\/nos-formules\/","url":"https:\/\/nolimit-aventure.com\/digny\/nos-formules\/","name":"Formules paintball, accrobranche, Can\u00f6e, Nemours en Seine et Marne 77","isPartOf":{"@id":"https:\/\/nolimit-aventure.com\/digny\/#website"},"datePublished":"2016-10-07T09:00:20+00:00","dateModified":"2024-03-18T15:23:09+00:00","description":"Formules paintball, accrobranche, cano\u00eb, en journ\u00e9e compl\u00e8te ou a la demi-journ\u00e9e et enterrement de vie de c\u00e9libataire, de jeune fille et anniversaire","breadcrumb":{"@id":"https:\/\/nolimit-aventure.com\/digny\/nos-formules\/#breadcrumb"},"inLanguage":"fr-FR","potentialAction":[{"@type":"ReadAction","target":["https:\/\/nolimit-aventure.com\/digny\/nos-formules\/"]}]},{"@type":"BreadcrumbList","@id":"https:\/\/nolimit-aventure.com\/digny\/nos-formules\/#breadcrumb","itemListElement":[{"@type":"ListItem","position":1,"name":"Accueil","item":"https:\/\/nolimit-aventure.com\/digny\/"},{"@type":"ListItem","position":2,"name":"Formules"}]},{"@type":"WebSite","@id":"https:\/\/nolimit-aventure.com\/digny\/#website","url":"https:\/\/nolimit-aventure.com\/digny\/","name":"NoLimit Aventure Digny","description":"","potentialAction":[{"@type":"SearchAction","target":{"@type":"EntryPoint","urlTemplate":"https:\/\/nolimit-aventure.com\/digny\/?s={search_term_string}"},"query-input":{"@type":"PropertyValueSpecification","valueRequired":true,"valueName":"search_term_string"}}],"inLanguage":"fr-FR"}]}},"_links":{"self":[{"href":"https:\/\/nolimit-aventure.com\/digny\/wp-json\/wp\/v2\/pages\/22","targetHints":{"allow":["GET"]}}],"collection":[{"href":"https:\/\/nolimit-aventure.com\/digny\/wp-json\/wp\/v2\/pages"}],"about":[{"href":"https:\/\/nolimit-aventure.com\/digny\/wp-json\/wp\/v2\/types\/page"}],"author":[{"embeddable":true,"href":"https:\/\/nolimit-aventure.com\/digny\/wp-json\/wp\/v2\/users\/1"}],"replies":[{"embeddable":true,"href":"https:\/\/nolimit-aventure.com\/digny\/wp-json\/wp\/v2\/comments?post=22"}],"version-history":[{"count":21,"href":"https:\/\/nolimit-aventure.com\/digny\/wp-json\/wp\/v2\/pages\/22\/revisions"}],"predecessor-version":[{"id":7337,"href":"https:\/\/nolimit-aventure.com\/digny\/wp-json\/wp\/v2\/pages\/22\/revisions\/7337"}],"wp:attachment":[{"href":"https:\/\/nolimit-aventure.com\/digny\/wp-json\/wp\/v2\/media?parent=22"}],"curies":[{"name":"wp","href":"https:\/\/api.w.org\/{rel}","templated":true}]}}