{"id":2618,"date":"2017-05-24T13:56:31","date_gmt":"2017-05-24T11:56:31","guid":{"rendered":"https:\/\/nolimit-aventure.com\/digny\/?page_id=2618"},"modified":"2025-11-21T12:00:46","modified_gmt":"2025-11-21T11:00:46","slug":"faq","status":"publish","type":"page","link":"https:\/\/nolimit-aventure.com\/digny\/faq\/","title":{"rendered":"Toutes vos questions"},"content":{"rendered":"<div id=\"pl-2618\"  class=\"panel-layout\" ><div id=\"pg-2618-0\"  class=\"panel-grid panel-no-style\" ><div id=\"pgc-2618-0-0\"  class=\"panel-grid-cell\" ><div id=\"panel-2618-0-0-0\" class=\"so-panel widget widget_pw_accordion widget-accordion panel-first-child\" data-index=\"0\" ><h3 class=\"widget-title\"><span class=\"widget-title__inline\">vos questions<\/span><\/h3>\t<div class=\"accordion\" id=\"accordion-widget-0-0-0\" role=\"tablist\" aria-multiselectable=\"true\">\n\t\t\t<div class=\"accordion__panel  panel card\">\n\t\t\t<div class=\"accordion__heading  panel-heading\" role=\"tab\" id=\"heading-widget-0-0-0-0\">\n\t\t\t\t<div class=\"panel-title\">\n\t\t\t\t\t<a class=\"collapsed\" role=\"button\" data-toggle=\"collapse\" data-parent=\"#accordion-widget-0-0-0\" href=\"#collapse-widget-0-0-0-0\" aria-expanded=\"false\" aria-controls=\"collapse-widget-0-0-0-0\">\n\t\t\t\t\t\tQuels sont les moyens de paiement accept\u00e9s sur le parc ?\t\t\t\t\t<\/a>\n\t\t\t\t<\/div>\n\t\t\t<\/div>\n\t\t\t<div id=\"collapse-widget-0-0-0-0\" class=\"accordion__content  panel-collapse  collapse\" role=\"tabpanel\" aria-labelledby=\"heading-widget-0-0-0-0\">\n\t\t\t\t<div class=\"panel-body\">\n\t\t\t\t\tPour les particuliers : Carte Bancaire, Esp\u00e8ces, Ch\u00e8ques vacances.\nPour les entreprises ou les collectivit\u00e9s : Carte Bancaire, Esp\u00e8ces,\tCh\u00e8que, Virement, Bon administratif\n\n\t\t\t\t<\/div>\n\t\t\t<\/div>\n\t\t<\/div>\n\t\t\t<div class=\"accordion__panel  panel card\">\n\t\t\t<div class=\"accordion__heading  panel-heading\" role=\"tab\" id=\"heading-widget-0-0-0-1\">\n\t\t\t\t<div class=\"panel-title\">\n\t\t\t\t\t<a class=\"collapsed\" role=\"button\" data-toggle=\"collapse\" data-parent=\"#accordion-widget-0-0-0\" href=\"#collapse-widget-0-0-0-1\" aria-expanded=\"false\" aria-controls=\"collapse-widget-0-0-0-1\">\n\t\t\t\t\t\tLes accompagnants ne pratiquant pas les activit\u00e9s doivent-ils payer \u00e0 l'entr\u00e9e du parc ?\t\t\t\t\t<\/a>\n\t\t\t\t<\/div>\n\t\t\t<\/div>\n\t\t\t<div id=\"collapse-widget-0-0-0-1\" class=\"accordion__content  panel-collapse  collapse\" role=\"tabpanel\" aria-labelledby=\"heading-widget-0-0-0-1\">\n\t\t\t\t<div class=\"panel-body\">\n\t\t\t\t\tL\u2019acc\u00e8s au parc est gratuit pour les accompagnants et les visiteurs.\n\n\t\t\t\t<\/div>\n\t\t\t<\/div>\n\t\t<\/div>\n\t\t\t<div class=\"accordion__panel  panel card\">\n\t\t\t<div class=\"accordion__heading  panel-heading\" role=\"tab\" id=\"heading-widget-0-0-0-2\">\n\t\t\t\t<div class=\"panel-title\">\n\t\t\t\t\t<a class=\"collapsed\" role=\"button\" data-toggle=\"collapse\" data-parent=\"#accordion-widget-0-0-0\" href=\"#collapse-widget-0-0-0-2\" aria-expanded=\"false\" aria-controls=\"collapse-widget-0-0-0-2\">\n\t\t\t\t\t\tLes animaux de compagnie sont-ils accept\u00e9s ?\t\t\t\t\t<\/a>\n\t\t\t\t<\/div>\n\t\t\t<\/div>\n\t\t\t<div id=\"collapse-widget-0-0-0-2\" class=\"accordion__content  panel-collapse  collapse\" role=\"tabpanel\" aria-labelledby=\"heading-widget-0-0-0-2\">\n\t\t\t\t<div class=\"panel-body\">\n\t\t\t\t\tLes animaux de compagnie, m\u00eame s\u2019ils sont nos amis, ne peuvent \u00eatre accept\u00e9s dans l\u2019enceinte du parc de loisirs.\t\t\t\t<\/div>\n\t\t\t<\/div>\n\t\t<\/div>\n\t\t\t<div class=\"accordion__panel  panel card\">\n\t\t\t<div class=\"accordion__heading  panel-heading\" role=\"tab\" id=\"heading-widget-0-0-0-3\">\n\t\t\t\t<div class=\"panel-title\">\n\t\t\t\t\t<a class=\"collapsed\" role=\"button\" data-toggle=\"collapse\" data-parent=\"#accordion-widget-0-0-0\" href=\"#collapse-widget-0-0-0-3\" aria-expanded=\"false\" aria-controls=\"collapse-widget-0-0-0-3\">\n\t\t\t\t\t\tLe parking est-il payant ?\t\t\t\t\t<\/a>\n\t\t\t\t<\/div>\n\t\t\t<\/div>\n\t\t\t<div id=\"collapse-widget-0-0-0-3\" class=\"accordion__content  panel-collapse  collapse\" role=\"tabpanel\" aria-labelledby=\"heading-widget-0-0-0-3\">\n\t\t\t\t<div class=\"panel-body\">\n\t\t\t\t\tNous disposons d\u2019un parking priv\u00e9 gratuit \u00e0 l\u2019int\u00e9rieur du site.\n\nIl est accessible aux bus, autocars et transports scolaires\n\t\t\t\t<\/div>\n\t\t\t<\/div>\n\t\t<\/div>\n\t\t\t<div class=\"accordion__panel  panel card\">\n\t\t\t<div class=\"accordion__heading  panel-heading\" role=\"tab\" id=\"heading-widget-0-0-0-4\">\n\t\t\t\t<div class=\"panel-title\">\n\t\t\t\t\t<a class=\"collapsed\" role=\"button\" data-toggle=\"collapse\" data-parent=\"#accordion-widget-0-0-0\" href=\"#collapse-widget-0-0-0-4\" aria-expanded=\"false\" aria-controls=\"collapse-widget-0-0-0-4\">\n\t\t\t\t\t\tEn cas de pluie le parc reste t'il ouvert ?\t\t\t\t\t<\/a>\n\t\t\t\t<\/div>\n\t\t\t<\/div>\n\t\t\t<div id=\"collapse-widget-0-0-0-4\" class=\"accordion__content  panel-collapse  collapse\" role=\"tabpanel\" aria-labelledby=\"heading-widget-0-0-0-4\">\n\t\t\t\t<div class=\"panel-body\">\n\t\t\t\t\tLe parc reste ouvert en cas de pluie.\n\nIl peut fermer ses portes en cas d\u2019orage ou de vent sup\u00e9rieur \u00e0 60 km\/h.\n\n\t\t\t\t<\/div>\n\t\t\t<\/div>\n\t\t<\/div>\n\t\t\t<div class=\"accordion__panel  panel card\">\n\t\t\t<div class=\"accordion__heading  panel-heading\" role=\"tab\" id=\"heading-widget-0-0-0-5\">\n\t\t\t\t<div class=\"panel-title\">\n\t\t\t\t\t<a class=\"collapsed\" role=\"button\" data-toggle=\"collapse\" data-parent=\"#accordion-widget-0-0-0\" href=\"#collapse-widget-0-0-0-5\" aria-expanded=\"false\" aria-controls=\"collapse-widget-0-0-0-5\">\n\t\t\t\t\t\tLe pique-nique ou le barbecue sont-ils autoris\u00e9s sur le parc ?\t\t\t\t\t<\/a>\n\t\t\t\t<\/div>\n\t\t\t<\/div>\n\t\t\t<div id=\"collapse-widget-0-0-0-5\" class=\"accordion__content  panel-collapse  collapse\" role=\"tabpanel\" aria-labelledby=\"heading-widget-0-0-0-5\">\n\t\t\t\t<div class=\"panel-body\">\n\t\t\t\t\tUne aire de pique-nique abrit\u00e9e est \u00e0 votre disposition.\n\nSi vous souhaitez vous exercer \u00e0 l\u2019art mill\u00e9naire de la grillade, des barbecues sont \u00e9galement en libre acc\u00e8s. \n\nPensez \u00e0 vous munir de charbons de bois et d\u2019ustensiles comme un pique, une pince, une broche ou tout ce que votre esprit cr\u00e9atif peut inventer pour tourner une merguez\u2026   \n\t\t\t\t<\/div>\n\t\t\t<\/div>\n\t\t<\/div>\n\t\t\t<div class=\"accordion__panel  panel card\">\n\t\t\t<div class=\"accordion__heading  panel-heading\" role=\"tab\" id=\"heading-widget-0-0-0-6\">\n\t\t\t\t<div class=\"panel-title\">\n\t\t\t\t\t<a class=\"collapsed\" role=\"button\" data-toggle=\"collapse\" data-parent=\"#accordion-widget-0-0-0\" href=\"#collapse-widget-0-0-0-6\" aria-expanded=\"false\" aria-controls=\"collapse-widget-0-0-0-6\">\n\t\t\t\t\t\tA partir de quel \u00e2ge mon enfants peut t'il pratiquer l'accrobranche ou le paintball ?\t\t\t\t\t<\/a>\n\t\t\t\t<\/div>\n\t\t\t<\/div>\n\t\t\t<div id=\"collapse-widget-0-0-0-6\" class=\"accordion__content  panel-collapse  collapse\" role=\"tabpanel\" aria-labelledby=\"heading-widget-0-0-0-6\">\n\t\t\t\t<div class=\"panel-body\">\n\t\t\t\t\tPour l\u2019accrobranche, il doit avoir au moins 3 ans. L\u2019acc\u00e8s sur les parcours se d\u00e9termine par rapport \u00e0 sa taille :\n-\tS\u2019il mesure entre 0,90m et 1,10m : acc\u00e8s aux pistes arc en ciel.\n-\tEntre 1,10m et 1,40m : blanc, jaune, arc en ciel, vert, turquoise.\n-\tPlus d\u20191,40m : blanc, jaune, vert, turquoise, orange (\u00e0 partir d'1,30m), bleu, violet, rouge (noir \u00e0 partir d'1,50m).\n\nIl est possible de suivre ses enfants au sol pour les pistes arc en ciel, sur le parcours pour tous les autres. \n\nDans le cas du paintball enfant, il faut \u00eatre \u00e2g\u00e9 d\u2019au moins 12 ans.    \n \nTout groupe constitu\u00e9 de jeunes de moins de 16 ans doit \u00eatre accompagn\u00e9 d\u2019une personne majeure. \nToute personne de moins de 18 ans, si elle n\u2019est pas accompagn\u00e9e d\u2019un responsable l\u00e9gal, doit \u00eatre munie d\u2019une autorisation.\n\t\t\t\t<\/div>\n\t\t\t<\/div>\n\t\t<\/div>\n\t\t\t<\/div>\n\n<\/div><div id=\"panel-2618-0-0-1\" class=\"so-panel widget widget_sow-editor panel-last-child\" data-index=\"1\" ><div\n\t\t\t\n\t\t\tclass=\"so-widget-sow-editor so-widget-sow-editor-base\"\n\t\t\t\n\t\t>\n<div class=\"siteorigin-widget-tinymce textwidget\">\n\t<h3 style=\"text-align: center;\"><a class=\"btn  btn-primary  col-xs-12\" href=\"https:\/\/nolimit-aventure.com\/digny\/parc-de-loisirs\/\" target=\"_self\"> Retour <\/a><\/h3>\n<\/div>\n<\/div><\/div><\/div><\/div><\/div>","protected":false},"excerpt":{"rendered":"<p>vos questions Quels sont les moyens de paiement accept\u00e9s sur le parc ? Pour les particuliers : Carte Bancaire, Esp\u00e8ces, Ch\u00e8ques vacances. Pour les entreprises ou les collectivit\u00e9s : Carte Bancaire, Esp\u00e8ces, Ch\u00e8que, Virement, Bon administratif Les accompagnants ne pratiquant pas les activit\u00e9s doivent-ils payer \u00e0 l&rsquo;entr\u00e9e du parc ? L\u2019acc\u00e8s au parc est gratuit &hellip;<\/p>\n","protected":false},"author":2,"featured_media":0,"parent":0,"menu_order":0,"comment_status":"closed","ping_status":"closed","template":"","meta":{"_acf_changed":false,"footnotes":""},"class_list":{"0":"post-2618","1":"page","2":"type-page","3":"status-publish","5":"clearfix","6":"article"},"acf":[],"yoast_head":"<!-- This site is optimized with the Yoast SEO plugin v27.5 - https:\/\/yoast.com\/product\/yoast-seo-wordpress\/ -->\n<title>FAQ nolimit aventure nemours - parc loisir 77, 91, 28, 45<\/title>\n<meta name=\"robots\" content=\"index, follow, max-snippet:-1, max-image-preview:large, max-video-preview:-1\" \/>\n<link rel=\"canonical\" href=\"https:\/\/nolimit-aventure.com\/digny\/faq\/\" \/>\n<meta property=\"og:locale\" content=\"fr_FR\" \/>\n<meta property=\"og:type\" content=\"article\" \/>\n<meta property=\"og:title\" content=\"FAQ nolimit aventure nemours - parc loisir 77, 91, 28, 45\" \/>\n<meta property=\"og:description\" content=\"vos questions Quels sont les moyens de paiement accept\u00e9s sur le parc ? Pour les particuliers : Carte Bancaire, Esp\u00e8ces, Ch\u00e8ques vacances. Pour les entreprises ou les collectivit\u00e9s : Carte Bancaire, Esp\u00e8ces, Ch\u00e8que, Virement, Bon administratif Les accompagnants ne pratiquant pas les activit\u00e9s doivent-ils payer \u00e0 l&#039;entr\u00e9e du parc ? L\u2019acc\u00e8s au parc est gratuit &hellip;\" \/>\n<meta property=\"og:url\" content=\"https:\/\/nolimit-aventure.com\/digny\/faq\/\" \/>\n<meta property=\"og:site_name\" content=\"NoLimit Aventure Digny\" \/>\n<meta property=\"article:modified_time\" content=\"2025-11-21T11:00:46+00:00\" \/>\n<meta name=\"twitter:card\" content=\"summary_large_image\" \/>\n<meta name=\"twitter:label1\" content=\"Dur\u00e9e de lecture estim\u00e9e\" \/>\n\t<meta name=\"twitter:data1\" content=\"2 minutes\" \/>\n<script type=\"application\/ld+json\" class=\"yoast-schema-graph\">{\"@context\":\"https:\\\/\\\/schema.org\",\"@graph\":[{\"@type\":\"WebPage\",\"@id\":\"https:\\\/\\\/nolimit-aventure.com\\\/digny\\\/faq\\\/\",\"url\":\"https:\\\/\\\/nolimit-aventure.com\\\/digny\\\/faq\\\/\",\"name\":\"FAQ nolimit aventure nemours - parc loisir 77, 91, 28, 45\",\"isPartOf\":{\"@id\":\"https:\\\/\\\/nolimit-aventure.com\\\/digny\\\/#website\"},\"datePublished\":\"2017-05-24T11:56:31+00:00\",\"dateModified\":\"2025-11-21T11:00:46+00:00\",\"breadcrumb\":{\"@id\":\"https:\\\/\\\/nolimit-aventure.com\\\/digny\\\/faq\\\/#breadcrumb\"},\"inLanguage\":\"fr-FR\",\"potentialAction\":[{\"@type\":\"ReadAction\",\"target\":[\"https:\\\/\\\/nolimit-aventure.com\\\/digny\\\/faq\\\/\"]}]},{\"@type\":\"BreadcrumbList\",\"@id\":\"https:\\\/\\\/nolimit-aventure.com\\\/digny\\\/faq\\\/#breadcrumb\",\"itemListElement\":[{\"@type\":\"ListItem\",\"position\":1,\"name\":\"Accueil\",\"item\":\"https:\\\/\\\/nolimit-aventure.com\\\/digny\\\/\"},{\"@type\":\"ListItem\",\"position\":2,\"name\":\"Toutes vos questions\"}]},{\"@type\":\"WebSite\",\"@id\":\"https:\\\/\\\/nolimit-aventure.com\\\/digny\\\/#website\",\"url\":\"https:\\\/\\\/nolimit-aventure.com\\\/digny\\\/\",\"name\":\"NoLimit Aventure Digny\",\"description\":\"\",\"potentialAction\":[{\"@type\":\"SearchAction\",\"target\":{\"@type\":\"EntryPoint\",\"urlTemplate\":\"https:\\\/\\\/nolimit-aventure.com\\\/digny\\\/?s={search_term_string}\"},\"query-input\":{\"@type\":\"PropertyValueSpecification\",\"valueRequired\":true,\"valueName\":\"search_term_string\"}}],\"inLanguage\":\"fr-FR\"}]}<\/script>\n<!-- \/ Yoast SEO plugin. -->","yoast_head_json":{"title":"FAQ nolimit aventure nemours - parc loisir 77, 91, 28, 45","robots":{"index":"index","follow":"follow","max-snippet":"max-snippet:-1","max-image-preview":"max-image-preview:large","max-video-preview":"max-video-preview:-1"},"canonical":"https:\/\/nolimit-aventure.com\/digny\/faq\/","og_locale":"fr_FR","og_type":"article","og_title":"FAQ nolimit aventure nemours - parc loisir 77, 91, 28, 45","og_description":"vos questions Quels sont les moyens de paiement accept\u00e9s sur le parc ? Pour les particuliers : Carte Bancaire, Esp\u00e8ces, Ch\u00e8ques vacances. Pour les entreprises ou les collectivit\u00e9s : Carte Bancaire, Esp\u00e8ces, Ch\u00e8que, Virement, Bon administratif Les accompagnants ne pratiquant pas les activit\u00e9s doivent-ils payer \u00e0 l'entr\u00e9e du parc ? L\u2019acc\u00e8s au parc est gratuit &hellip;","og_url":"https:\/\/nolimit-aventure.com\/digny\/faq\/","og_site_name":"NoLimit Aventure Digny","article_modified_time":"2025-11-21T11:00:46+00:00","twitter_card":"summary_large_image","twitter_misc":{"Dur\u00e9e de lecture estim\u00e9e":"2 minutes"},"schema":{"@context":"https:\/\/schema.org","@graph":[{"@type":"WebPage","@id":"https:\/\/nolimit-aventure.com\/digny\/faq\/","url":"https:\/\/nolimit-aventure.com\/digny\/faq\/","name":"FAQ nolimit aventure nemours - parc loisir 77, 91, 28, 45","isPartOf":{"@id":"https:\/\/nolimit-aventure.com\/digny\/#website"},"datePublished":"2017-05-24T11:56:31+00:00","dateModified":"2025-11-21T11:00:46+00:00","breadcrumb":{"@id":"https:\/\/nolimit-aventure.com\/digny\/faq\/#breadcrumb"},"inLanguage":"fr-FR","potentialAction":[{"@type":"ReadAction","target":["https:\/\/nolimit-aventure.com\/digny\/faq\/"]}]},{"@type":"BreadcrumbList","@id":"https:\/\/nolimit-aventure.com\/digny\/faq\/#breadcrumb","itemListElement":[{"@type":"ListItem","position":1,"name":"Accueil","item":"https:\/\/nolimit-aventure.com\/digny\/"},{"@type":"ListItem","position":2,"name":"Toutes vos questions"}]},{"@type":"WebSite","@id":"https:\/\/nolimit-aventure.com\/digny\/#website","url":"https:\/\/nolimit-aventure.com\/digny\/","name":"NoLimit Aventure Digny","description":"","potentialAction":[{"@type":"SearchAction","target":{"@type":"EntryPoint","urlTemplate":"https:\/\/nolimit-aventure.com\/digny\/?s={search_term_string}"},"query-input":{"@type":"PropertyValueSpecification","valueRequired":true,"valueName":"search_term_string"}}],"inLanguage":"fr-FR"}]}},"_links":{"self":[{"href":"https:\/\/nolimit-aventure.com\/digny\/wp-json\/wp\/v2\/pages\/2618","targetHints":{"allow":["GET"]}}],"collection":[{"href":"https:\/\/nolimit-aventure.com\/digny\/wp-json\/wp\/v2\/pages"}],"about":[{"href":"https:\/\/nolimit-aventure.com\/digny\/wp-json\/wp\/v2\/types\/page"}],"author":[{"embeddable":true,"href":"https:\/\/nolimit-aventure.com\/digny\/wp-json\/wp\/v2\/users\/2"}],"replies":[{"embeddable":true,"href":"https:\/\/nolimit-aventure.com\/digny\/wp-json\/wp\/v2\/comments?post=2618"}],"version-history":[{"count":15,"href":"https:\/\/nolimit-aventure.com\/digny\/wp-json\/wp\/v2\/pages\/2618\/revisions"}],"predecessor-version":[{"id":7792,"href":"https:\/\/nolimit-aventure.com\/digny\/wp-json\/wp\/v2\/pages\/2618\/revisions\/7792"}],"wp:attachment":[{"href":"https:\/\/nolimit-aventure.com\/digny\/wp-json\/wp\/v2\/media?parent=2618"}],"curies":[{"name":"wp","href":"https:\/\/api.w.org\/{rel}","templated":true}]}}