{"id":2017,"date":"2017-05-05T11:28:59","date_gmt":"2017-05-05T09:28:59","guid":{"rendered":"https:\/\/nolimit-aventure.com\/montargis\/?page_id=2017"},"modified":"2024-06-13T14:04:43","modified_gmt":"2024-06-13T12:04:43","slug":"pass-anniversaire","status":"publish","type":"page","link":"https:\/\/nolimit-aventure.com\/montargis\/nos-formules\/pass-anniversaire\/","title":{"rendered":"Anniversaire aventure"},"content":{"rendered":"<div id=\"pl-2017\"  class=\"panel-layout\" ><div id=\"pg-2017-0\"  class=\"panel-grid panel-no-style\" ><div id=\"pgc-2017-0-0\"  class=\"panel-grid-cell panel-grid-cell-empty\" ><\/div><\/div><div id=\"pg-2017-1\"  class=\"panel-grid panel-no-style\" ><div id=\"pgc-2017-1-0\"  class=\"panel-grid-cell\" ><div id=\"panel-2017-1-0-0\" class=\"so-panel widget widget_sow-editor panel-first-child panel-last-child\" data-index=\"0\" ><div\n\t\t\t\n\t\t\tclass=\"so-widget-sow-editor so-widget-sow-editor-base\"\n\t\t\t\n\t\t>\n<div class=\"siteorigin-widget-tinymce textwidget\">\n\t<h2>Une formule sp\u00e9ciale pour votre anniversaire !<\/h2>\n<h5><span style=\"color: #003366;\"><span style=\"color: #ff6600;\"><em><strong>Une entr\u00e9e nominative<\/strong><\/em> offerte pour l'accrobranche* !<\/span>\u00a0<\/span><\/h5>\n<\/div>\n<\/div><\/div><\/div><\/div><div id=\"pg-2017-2\"  class=\"panel-grid panel-no-style\" ><div id=\"pgc-2017-2-0\"  class=\"panel-grid-cell\" ><div id=\"panel-2017-2-0-0\" class=\"so-panel widget widget_sow-editor panel-first-child panel-last-child\" data-index=\"1\" ><div\n\t\t\t\n\t\t\tclass=\"so-widget-sow-editor so-widget-sow-editor-base\"\n\t\t\t\n\t\t>\n<div class=\"siteorigin-widget-tinymce textwidget\">\n\t<p>D\u00e9s leur arriv\u00e9e, les enfants seront pris en charge par un op\u00e9rateur, qui les \u00e9quipera d\u2019un baudrier, d\u2019un casque, de deux mousquetons et d\u2019une poulie. Ils passeront ensuite de mani\u00e8re individuelle et sous la surveillance de l\u2019op\u00e9rateur le parcours test (facile). Apr\u00e8s cela ils pourront se diriger vers les parcours de leur niveau.<\/p>\n<h6><span style=\"color: #ff6600;\"><em>* Sur justificatif attestant la date d'anniversaire<\/em><\/span><\/h6>\n<p style=\"font-size: 16px;\"><span style=\"color: #2e3b4e;\"><span class=\"icon-container\"><span class=\"fa  fa-long-arrow-right\" style=\"color:#ff7240;\"><\/span><\/span> \u00a0\u00a0<span style=\"color: #eb700f;\"><strong>14h00 - 16h00<\/strong><\/span> -\u00a0<strong>Accrobranche<\/strong><\/span><\/p>\n<p style=\"font-size: 16px;\"><span style=\"color: #2e3b4e;\"><span class=\"icon-container\"><span class=\"fa  fa-long-arrow-right\" style=\"color:#ff7240;\"><\/span><\/span> \u00a0\u00a0<span style=\"color: #eb700f;\"><strong>16h00\u00a0- 17h00\u00a0<\/strong><\/span>- <strong>Aire de pique nique<\/strong><\/span><\/p>\n<\/div>\n<\/div><\/div><\/div><div id=\"pgc-2017-2-1\"  class=\"panel-grid-cell\" ><div id=\"panel-2017-2-1-0\" class=\"so-panel widget widget_sow-editor panel-first-child panel-last-child\" data-index=\"2\" ><div class=\"panel-widget-style panel-widget-style-for-2017-2-1-0\" ><div\n\t\t\t\n\t\t\tclass=\"so-widget-sow-editor so-widget-sow-editor-base\"\n\t\t\t\n\t\t>\n<div class=\"siteorigin-widget-tinymce textwidget\">\n\t<p>\u00a0<\/p>\n<div id='gallery-1' class='gallery galleryid-2017 gallery-columns-1 gallery-size-large'><figure class='gallery-item'>\n\t\t\t<div class='gallery-icon landscape'>\n\t\t\t\t<a href='https:\/\/nolimit-aventure.com\/montargis\/wp-content\/uploads\/2017\/05\/anniversaire-accrobranche.jpg'><img loading=\"lazy\" decoding=\"async\" width=\"899\" height=\"417\" src=\"https:\/\/nolimit-aventure.com\/montargis\/wp-content\/uploads\/2017\/05\/anniversaire-accrobranche.jpg\" class=\"attachment-large size-large\" alt=\"\" srcset=\"https:\/\/nolimit-aventure.com\/montargis\/wp-content\/uploads\/2017\/05\/anniversaire-accrobranche.jpg 899w, https:\/\/nolimit-aventure.com\/montargis\/wp-content\/uploads\/2017\/05\/anniversaire-accrobranche-300x139.jpg 300w, https:\/\/nolimit-aventure.com\/montargis\/wp-content\/uploads\/2017\/05\/anniversaire-accrobranche-768x356.jpg 768w\" sizes=\"auto, (max-width: 899px) 100vw, 899px\" \/><\/a>\n\t\t\t<\/div><\/figure><figure class='gallery-item'>\n\t\t\t<div class='gallery-icon landscape'>\n\t\t\t\t<a href='https:\/\/nolimit-aventure.com\/montargis\/wp-content\/uploads\/2017\/05\/accrobranche-petit.jpg'><img loading=\"lazy\" decoding=\"async\" width=\"899\" height=\"417\" src=\"https:\/\/nolimit-aventure.com\/montargis\/wp-content\/uploads\/2017\/05\/accrobranche-petit.jpg\" class=\"attachment-large size-large\" alt=\"\" srcset=\"https:\/\/nolimit-aventure.com\/montargis\/wp-content\/uploads\/2017\/05\/accrobranche-petit.jpg 899w, https:\/\/nolimit-aventure.com\/montargis\/wp-content\/uploads\/2017\/05\/accrobranche-petit-300x139.jpg 300w, https:\/\/nolimit-aventure.com\/montargis\/wp-content\/uploads\/2017\/05\/accrobranche-petit-768x356.jpg 768w\" sizes=\"auto, (max-width: 899px) 100vw, 899px\" \/><\/a>\n\t\t\t<\/div><\/figure>\n\t\t<\/div>\n\n<\/div>\n<\/div><\/div><\/div><\/div><\/div><div id=\"pg-2017-3\"  class=\"panel-grid panel-no-style\" ><div id=\"pgc-2017-3-0\"  class=\"panel-grid-cell\" ><div id=\"panel-2017-3-0-0\" class=\"so-panel widget widget_pw_call_to_action widget-call-to-action panel-first-child\" data-index=\"3\" ><div class=\"panel-widget-style panel-widget-style-for-2017-3-0-0\" >\t\t\t\t<div class=\"call-to-action\">\n\t\t\t\t\t<div class=\"call-to-action__text\">\n\t\t\t\t\t\t<h2 class=\"call-to-action__title\">\n\t\t\t\t\t\t\tR\u00e9servations\t\t\t\t\t\t<\/h2>\n\t\t\t\t\t\t\t\t\t\t\t\t<p class=\"call-to-action__subtitle\">\n\t\t\t\t\t\t\t6 personnes minimum\t\t\t\t\t\t<\/p>\n\t\t\t\t\t\t\t\t\t\t\t<\/div>\n\t\t\t\t\t<div class=\"call-to-action__button\">\n\t\t\t\t\t\t<a class=\"btn  btn-outline-light\" href=\"https:\/\/nolimit-aventure.qweekle.com\/shop\/nolimit-aventure-montargis\/booking?lang=fr\" target=\"_self\"> R\u00e9server<\/a>\t\t\t\t\t<\/div>\n\t\t\t\t<\/div>\n\t\t\t<\/div><\/div><div id=\"panel-2017-3-0-1\" class=\"so-panel widget widget_sow-editor panel-last-child\" data-index=\"4\" ><div\n\t\t\t\n\t\t\tclass=\"so-widget-sow-editor so-widget-sow-editor-base\"\n\t\t\t\n\t\t>\n<div class=\"siteorigin-widget-tinymce textwidget\">\n\t<hr \/>\n<p style=\"font-size: 16px;\"><span style=\"color: #2e3b4e;\"><span class=\"icon-container\"><span class=\"fa  fa-long-arrow-right\" style=\"color:#ff7240;\"><\/span><\/span> \u00a0 <span style=\"color: #eb700f;\"><strong>Juniors (15 \u00e0 20 ans)<\/strong><\/span><\/span><\/p>\n<p style=\"font-size: 16px;\"><span style=\"color: #2e3b4e;\"><span style=\"color: #003366;\"><strong>2 activit\u00e9s = <\/strong><em>33 \u20ac <\/em><strong>| 3 activit\u00e9s = <\/strong><em>48 \u20ac\u00a0<\/em><\/span><\/span><\/p>\n<hr \/>\n<p style=\"font-size: 16px;\"><span style=\"color: #2e3b4e;\"><span class=\"icon-container\"><span class=\"fa  fa-long-arrow-right\" style=\"color:#ff7240;\"><\/span><\/span> \u00a0 <span style=\"color: #eb700f;\"><strong>Enfants (<em>6 \u00e0 14 ans)\u00a0<\/em><\/strong><\/span><\/span><\/p>\n<p style=\"font-size: 16px;\"><span style=\"color: #2e3b4e;\"><span style=\"color: #003366;\"><strong>2 activit\u00e9s = <\/strong><em>28 <\/em><em>\u20ac<\/em><strong> | 3 activit\u00e9s = <\/strong><em>43 \u20ac<\/em><strong>\u00a0<\/strong><\/span><\/span><\/p>\n<\/div>\n<\/div><\/div><\/div><\/div><div id=\"pg-2017-4\"  class=\"panel-grid panel-has-style\" ><div class=\"panel-row-style panel-row-style-for-2017-4\" ><div id=\"pgc-2017-4-0\"  class=\"panel-grid-cell\" ><div id=\"panel-2017-4-0-0\" class=\"so-panel widget widget_pw_special_title widget-special-title panel-first-child panel-last-child\" data-index=\"5\" >\t\t\t<h2 class=\"special-title\">\n\t\t\t\tINCLUS\t\t\t<\/h2>\n\t\t<\/div><\/div><\/div><\/div><div id=\"pg-2017-5\"  class=\"panel-grid panel-no-style\" ><div id=\"pgc-2017-5-0\"  class=\"panel-grid-cell\" ><div id=\"panel-2017-5-0-0\" class=\"so-panel widget widget_sow-editor panel-first-child panel-last-child\" data-index=\"6\" ><div class=\"panel-widget-style panel-widget-style-for-2017-5-0-0\" ><div\n\t\t\t\n\t\t\tclass=\"so-widget-sow-editor so-widget-sow-editor-base\"\n\t\t\t\n\t\t>\n<div class=\"siteorigin-widget-tinymce textwidget\">\n\t<h4><span style=\"color: #eb700f;\"><img loading=\"lazy\" decoding=\"async\" class=\"alignnone wp-image-2297\" src=\"https:\/\/nolimit-aventure.com\/nemours\/wp-content\/uploads\/2017\/05\/inclus.png\" alt=\"\" width=\"39\" height=\"39\" \/>\u00a0Accrobranche \u00a0 \u00a0\u00a0<\/span><\/h4>\n<p><a href=\"https:\/\/nolimit-aventure.com\/nemours\/activite\/parc-accrobranche\/\"><img loading=\"lazy\" decoding=\"async\" class=\"wp-image-2405 aligncenter\" src=\"https:\/\/nolimit-aventure.com\/nemours\/wp-content\/uploads\/2017\/05\/saut-de-tarzan-300x150.jpg\" alt=\"\" width=\"288\" height=\"144\" \/><\/a><\/p>\n<p>Acc\u00e8s \u00e0 l'ensemble des parcours accrobranche pendant deux heures.<em> Tyrolienne g\u00e9ante non inclus.<\/em><\/p>\n<h4 style=\"text-align: center;\"><span style=\"color: #eb700f;\">\u00a0<\/span><\/h4>\n<\/div>\n<\/div><\/div><\/div><\/div><div id=\"pgc-2017-5-1\"  class=\"panel-grid-cell\" ><div id=\"panel-2017-5-1-0\" class=\"so-panel widget widget_sow-editor panel-first-child panel-last-child\" data-index=\"7\" ><div class=\"panel-widget-style panel-widget-style-for-2017-5-1-0\" ><div\n\t\t\t\n\t\t\tclass=\"so-widget-sow-editor so-widget-sow-editor-base\"\n\t\t\t\n\t\t>\n<div class=\"siteorigin-widget-tinymce textwidget\">\n\t<h4><span style=\"color: #eb700f;\"><img loading=\"lazy\" decoding=\"async\" class=\"alignnone wp-image-2297\" src=\"https:\/\/nolimit-aventure.com\/nemours\/wp-content\/uploads\/2017\/05\/inclus.png\" alt=\"\" width=\"39\" height=\"39\" \/> Combat de Sumo\u00a0 \u00a0<\/span><\/h4>\n<p><img loading=\"lazy\" decoding=\"async\" class=\"size-medium wp-image-3710 aligncenter\" src=\"https:\/\/nolimit-aventure.com\/montargis\/wp-content\/uploads\/2017\/05\/evg-combat-de-sumo-300x159.jpg\" alt=\"\" width=\"300\" height=\"159\" srcset=\"https:\/\/nolimit-aventure.com\/montargis\/wp-content\/uploads\/2017\/05\/evg-combat-de-sumo-300x159.jpg 300w, https:\/\/nolimit-aventure.com\/montargis\/wp-content\/uploads\/2017\/05\/evg-combat-de-sumo-768x406.jpg 768w, https:\/\/nolimit-aventure.com\/montargis\/wp-content\/uploads\/2017\/05\/evg-combat-de-sumo.jpg 900w\" sizes=\"auto, (max-width: 300px) 100vw, 300px\" \/><\/p>\n<p>D\u00e9couvrez le combat de sumo, des bousculades amusantes pour tous !<\/p>\n<h4 style=\"text-align: center;\"><span style=\"color: #eb700f;\">\u00a0<\/span><\/h4>\n<\/div>\n<\/div><\/div><\/div><\/div><div id=\"pgc-2017-5-2\"  class=\"panel-grid-cell\" ><div id=\"panel-2017-5-2-0\" class=\"so-panel widget widget_sow-editor panel-first-child panel-last-child\" data-index=\"8\" ><div\n\t\t\t\n\t\t\tclass=\"so-widget-sow-editor so-widget-sow-editor-base\"\n\t\t\t\n\t\t>\n<div class=\"siteorigin-widget-tinymce textwidget\">\n\t<h4><span style=\"color: #eb700f;\"><img loading=\"lazy\" decoding=\"async\" class=\"alignnone wp-image-2297\" src=\"https:\/\/nolimit-aventure.com\/nemours\/wp-content\/uploads\/2017\/05\/inclus.png\" alt=\"\" width=\"39\" height=\"39\" \/><\/span><span style=\"color: #eb700f;\">Escape Game\u00a0<\/span><\/h4>\n<h4><img loading=\"lazy\" decoding=\"async\" class=\"aligncenter\" src=\"https:\/\/nolimit-aventure.com\/montargis\/wp-content\/uploads\/2017\/05\/escape-game-exterieur-montargis.png\" alt=\"chasse au tresor\" width=\"285\" height=\"137\" \/><\/h4>\n<p>Plongez dans l'aventure immersive de nos escapes games et d\u00e9fiez votre esprit strat\u00e9gique pour une exp\u00e9rience inoubliable pleine de myst\u00e8res \u00e0 r\u00e9soudre et de d\u00e9fis \u00e0 relever !<\/p>\n<\/div>\n<\/div><\/div><\/div><\/div><div id=\"pg-2017-6\"  class=\"panel-grid panel-no-style\" ><div id=\"pgc-2017-6-0\"  class=\"panel-grid-cell\" ><div id=\"panel-2017-6-0-0\" class=\"so-panel widget widget_sow-editor panel-first-child panel-last-child\" data-index=\"9\" ><div\n\t\t\t\n\t\t\tclass=\"so-widget-sow-editor so-widget-sow-editor-base\"\n\t\t\t\n\t\t>\n<div class=\"siteorigin-widget-tinymce textwidget\">\n\t<hr class=\"hr--dashed\" \/>\n<\/div>\n<\/div><\/div><\/div><\/div><div id=\"pg-2017-7\"  class=\"panel-grid panel-no-style\" ><div id=\"pgc-2017-7-0\"  class=\"panel-grid-cell\" ><div id=\"panel-2017-7-0-0\" class=\"so-panel widget widget_sow-editor panel-first-child\" data-index=\"10\" ><div\n\t\t\t\n\t\t\tclass=\"so-widget-sow-editor so-widget-sow-editor-base\"\n\t\t\t\n\t\t>\n<div class=\"siteorigin-widget-tinymce textwidget\">\n\t<h2>Galerie anniversaire\u00a0<span style=\"color: #2e3b4e; font-weight: 300;\">- les petits aventuriers<\/span><\/h2>\n<\/div>\n<\/div><\/div><div id=\"panel-2017-7-0-1\" class=\"so-panel widget widget_sow-editor panel-last-child\" data-index=\"11\" ><div\n\t\t\t\n\t\t\tclass=\"so-widget-sow-editor so-widget-sow-editor-base\"\n\t\t\t\n\t\t>\n<div class=\"siteorigin-widget-tinymce textwidget\">\n\t<\/div>\n<\/div><\/div><\/div><\/div><\/div>","protected":false},"excerpt":{"rendered":"<p>Une formule sp\u00e9ciale pour votre anniversaire ! Une entr\u00e9e nominative offerte pour l&rsquo;accrobranche* !\u00a0<\/p>\n","protected":false},"author":2,"featured_media":7029,"parent":22,"menu_order":0,"comment_status":"closed","ping_status":"closed","template":"","meta":{"_acf_changed":false,"footnotes":""},"class_list":{"0":"post-2017","1":"page","2":"type-page","3":"status-publish","4":"has-post-thumbnail","6":"clearfix","7":"article"},"acf":[],"yoast_head":"<!-- This site is optimized with the Yoast SEO plugin v27.5 - https:\/\/yoast.com\/product\/yoast-seo-wordpress\/ -->\n<title>Anniversaire aventure - NoLimit Aventure Montargis<\/title>\n<meta name=\"robots\" content=\"index, follow, max-snippet:-1, max-image-preview:large, max-video-preview:-1\" \/>\n<link rel=\"canonical\" href=\"https:\/\/nolimit-aventure.com\/montargis\/nos-formules\/pass-anniversaire\/\" \/>\n<meta property=\"og:locale\" content=\"fr_FR\" \/>\n<meta property=\"og:type\" content=\"article\" \/>\n<meta property=\"og:title\" content=\"Anniversaire aventure - NoLimit Aventure Montargis\" \/>\n<meta property=\"og:description\" content=\"Une formule sp\u00e9ciale pour votre anniversaire ! Une entr\u00e9e nominative offerte pour l&#039;accrobranche* !\u00a0\" \/>\n<meta property=\"og:url\" content=\"https:\/\/nolimit-aventure.com\/montargis\/nos-formules\/pass-anniversaire\/\" \/>\n<meta property=\"og:site_name\" content=\"NoLimit Aventure Montargis\" \/>\n<meta property=\"article:modified_time\" content=\"2024-06-13T12:04:43+00:00\" \/>\n<meta property=\"og:image\" content=\"https:\/\/nolimit-aventure.com\/montargis\/wp-content\/uploads\/2024\/02\/Multi-activites-5.png\" \/>\n\t<meta property=\"og:image:width\" content=\"867\" \/>\n\t<meta property=\"og:image:height\" content=\"437\" \/>\n\t<meta property=\"og:image:type\" content=\"image\/png\" \/>\n<meta name=\"twitter:card\" content=\"summary_large_image\" \/>\n<meta name=\"twitter:label1\" content=\"Dur\u00e9e de lecture estim\u00e9e\" \/>\n\t<meta name=\"twitter:data1\" content=\"3 minutes\" \/>\n<script type=\"application\/ld+json\" class=\"yoast-schema-graph\">{\"@context\":\"https:\\\/\\\/schema.org\",\"@graph\":[{\"@type\":\"WebPage\",\"@id\":\"https:\\\/\\\/nolimit-aventure.com\\\/montargis\\\/nos-formules\\\/pass-anniversaire\\\/\",\"url\":\"https:\\\/\\\/nolimit-aventure.com\\\/montargis\\\/nos-formules\\\/pass-anniversaire\\\/\",\"name\":\"Anniversaire aventure - NoLimit Aventure Montargis\",\"isPartOf\":{\"@id\":\"https:\\\/\\\/nolimit-aventure.com\\\/montargis\\\/#website\"},\"primaryImageOfPage\":{\"@id\":\"https:\\\/\\\/nolimit-aventure.com\\\/montargis\\\/nos-formules\\\/pass-anniversaire\\\/#primaryimage\"},\"image\":{\"@id\":\"https:\\\/\\\/nolimit-aventure.com\\\/montargis\\\/nos-formules\\\/pass-anniversaire\\\/#primaryimage\"},\"thumbnailUrl\":\"https:\\\/\\\/nolimit-aventure.com\\\/montargis\\\/wp-content\\\/uploads\\\/2024\\\/02\\\/Multi-activites-5.png\",\"datePublished\":\"2017-05-05T09:28:59+00:00\",\"dateModified\":\"2024-06-13T12:04:43+00:00\",\"breadcrumb\":{\"@id\":\"https:\\\/\\\/nolimit-aventure.com\\\/montargis\\\/nos-formules\\\/pass-anniversaire\\\/#breadcrumb\"},\"inLanguage\":\"fr-FR\",\"potentialAction\":[{\"@type\":\"ReadAction\",\"target\":[\"https:\\\/\\\/nolimit-aventure.com\\\/montargis\\\/nos-formules\\\/pass-anniversaire\\\/\"]}]},{\"@type\":\"ImageObject\",\"inLanguage\":\"fr-FR\",\"@id\":\"https:\\\/\\\/nolimit-aventure.com\\\/montargis\\\/nos-formules\\\/pass-anniversaire\\\/#primaryimage\",\"url\":\"https:\\\/\\\/nolimit-aventure.com\\\/montargis\\\/wp-content\\\/uploads\\\/2024\\\/02\\\/Multi-activites-5.png\",\"contentUrl\":\"https:\\\/\\\/nolimit-aventure.com\\\/montargis\\\/wp-content\\\/uploads\\\/2024\\\/02\\\/Multi-activites-5.png\",\"width\":867,\"height\":437},{\"@type\":\"BreadcrumbList\",\"@id\":\"https:\\\/\\\/nolimit-aventure.com\\\/montargis\\\/nos-formules\\\/pass-anniversaire\\\/#breadcrumb\",\"itemListElement\":[{\"@type\":\"ListItem\",\"position\":1,\"name\":\"Accueil\",\"item\":\"https:\\\/\\\/nolimit-aventure.com\\\/montargis\\\/\"},{\"@type\":\"ListItem\",\"position\":2,\"name\":\"Formules\",\"item\":\"https:\\\/\\\/nolimit-aventure.com\\\/montargis\\\/nos-formules\\\/\"},{\"@type\":\"ListItem\",\"position\":3,\"name\":\"Anniversaire aventure\"}]},{\"@type\":\"WebSite\",\"@id\":\"https:\\\/\\\/nolimit-aventure.com\\\/montargis\\\/#website\",\"url\":\"https:\\\/\\\/nolimit-aventure.com\\\/montargis\\\/\",\"name\":\"NoLimit Aventure Montargis\",\"description\":\"\",\"potentialAction\":[{\"@type\":\"SearchAction\",\"target\":{\"@type\":\"EntryPoint\",\"urlTemplate\":\"https:\\\/\\\/nolimit-aventure.com\\\/montargis\\\/?s={search_term_string}\"},\"query-input\":{\"@type\":\"PropertyValueSpecification\",\"valueRequired\":true,\"valueName\":\"search_term_string\"}}],\"inLanguage\":\"fr-FR\"}]}<\/script>\n<!-- \/ Yoast SEO plugin. -->","yoast_head_json":{"title":"Anniversaire aventure - NoLimit Aventure Montargis","robots":{"index":"index","follow":"follow","max-snippet":"max-snippet:-1","max-image-preview":"max-image-preview:large","max-video-preview":"max-video-preview:-1"},"canonical":"https:\/\/nolimit-aventure.com\/montargis\/nos-formules\/pass-anniversaire\/","og_locale":"fr_FR","og_type":"article","og_title":"Anniversaire aventure - NoLimit Aventure Montargis","og_description":"Une formule sp\u00e9ciale pour votre anniversaire ! Une entr\u00e9e nominative offerte pour l'accrobranche* !\u00a0","og_url":"https:\/\/nolimit-aventure.com\/montargis\/nos-formules\/pass-anniversaire\/","og_site_name":"NoLimit Aventure Montargis","article_modified_time":"2024-06-13T12:04:43+00:00","og_image":[{"width":867,"height":437,"url":"https:\/\/nolimit-aventure.com\/montargis\/wp-content\/uploads\/2024\/02\/Multi-activites-5.png","type":"image\/png"}],"twitter_card":"summary_large_image","twitter_misc":{"Dur\u00e9e de lecture estim\u00e9e":"3 minutes"},"schema":{"@context":"https:\/\/schema.org","@graph":[{"@type":"WebPage","@id":"https:\/\/nolimit-aventure.com\/montargis\/nos-formules\/pass-anniversaire\/","url":"https:\/\/nolimit-aventure.com\/montargis\/nos-formules\/pass-anniversaire\/","name":"Anniversaire aventure - NoLimit Aventure Montargis","isPartOf":{"@id":"https:\/\/nolimit-aventure.com\/montargis\/#website"},"primaryImageOfPage":{"@id":"https:\/\/nolimit-aventure.com\/montargis\/nos-formules\/pass-anniversaire\/#primaryimage"},"image":{"@id":"https:\/\/nolimit-aventure.com\/montargis\/nos-formules\/pass-anniversaire\/#primaryimage"},"thumbnailUrl":"https:\/\/nolimit-aventure.com\/montargis\/wp-content\/uploads\/2024\/02\/Multi-activites-5.png","datePublished":"2017-05-05T09:28:59+00:00","dateModified":"2024-06-13T12:04:43+00:00","breadcrumb":{"@id":"https:\/\/nolimit-aventure.com\/montargis\/nos-formules\/pass-anniversaire\/#breadcrumb"},"inLanguage":"fr-FR","potentialAction":[{"@type":"ReadAction","target":["https:\/\/nolimit-aventure.com\/montargis\/nos-formules\/pass-anniversaire\/"]}]},{"@type":"ImageObject","inLanguage":"fr-FR","@id":"https:\/\/nolimit-aventure.com\/montargis\/nos-formules\/pass-anniversaire\/#primaryimage","url":"https:\/\/nolimit-aventure.com\/montargis\/wp-content\/uploads\/2024\/02\/Multi-activites-5.png","contentUrl":"https:\/\/nolimit-aventure.com\/montargis\/wp-content\/uploads\/2024\/02\/Multi-activites-5.png","width":867,"height":437},{"@type":"BreadcrumbList","@id":"https:\/\/nolimit-aventure.com\/montargis\/nos-formules\/pass-anniversaire\/#breadcrumb","itemListElement":[{"@type":"ListItem","position":1,"name":"Accueil","item":"https:\/\/nolimit-aventure.com\/montargis\/"},{"@type":"ListItem","position":2,"name":"Formules","item":"https:\/\/nolimit-aventure.com\/montargis\/nos-formules\/"},{"@type":"ListItem","position":3,"name":"Anniversaire aventure"}]},{"@type":"WebSite","@id":"https:\/\/nolimit-aventure.com\/montargis\/#website","url":"https:\/\/nolimit-aventure.com\/montargis\/","name":"NoLimit Aventure Montargis","description":"","potentialAction":[{"@type":"SearchAction","target":{"@type":"EntryPoint","urlTemplate":"https:\/\/nolimit-aventure.com\/montargis\/?s={search_term_string}"},"query-input":{"@type":"PropertyValueSpecification","valueRequired":true,"valueName":"search_term_string"}}],"inLanguage":"fr-FR"}]}},"_links":{"self":[{"href":"https:\/\/nolimit-aventure.com\/montargis\/wp-json\/wp\/v2\/pages\/2017","targetHints":{"allow":["GET"]}}],"collection":[{"href":"https:\/\/nolimit-aventure.com\/montargis\/wp-json\/wp\/v2\/pages"}],"about":[{"href":"https:\/\/nolimit-aventure.com\/montargis\/wp-json\/wp\/v2\/types\/page"}],"author":[{"embeddable":true,"href":"https:\/\/nolimit-aventure.com\/montargis\/wp-json\/wp\/v2\/users\/2"}],"replies":[{"embeddable":true,"href":"https:\/\/nolimit-aventure.com\/montargis\/wp-json\/wp\/v2\/comments?post=2017"}],"version-history":[{"count":21,"href":"https:\/\/nolimit-aventure.com\/montargis\/wp-json\/wp\/v2\/pages\/2017\/revisions"}],"predecessor-version":[{"id":7222,"href":"https:\/\/nolimit-aventure.com\/montargis\/wp-json\/wp\/v2\/pages\/2017\/revisions\/7222"}],"up":[{"embeddable":true,"href":"https:\/\/nolimit-aventure.com\/montargis\/wp-json\/wp\/v2\/pages\/22"}],"wp:featuredmedia":[{"embeddable":true,"href":"https:\/\/nolimit-aventure.com\/montargis\/wp-json\/wp\/v2\/media\/7029"}],"wp:attachment":[{"href":"https:\/\/nolimit-aventure.com\/montargis\/wp-json\/wp\/v2\/media?parent=2017"}],"curies":[{"name":"wp","href":"https:\/\/api.w.org\/{rel}","templated":true}]}}