{"id":2026,"date":"2017-05-05T11:35:12","date_gmt":"2017-05-05T09:35:12","guid":{"rendered":"https:\/\/nolimit-aventure.com\/montargis\/?page_id=2026"},"modified":"2025-11-20T17:27:44","modified_gmt":"2025-11-20T16:27:44","slug":"anniversaire-paintball","status":"publish","type":"page","link":"https:\/\/nolimit-aventure.com\/montargis\/nos-formules\/anniversaire-paintball\/","title":{"rendered":"Anniversaire paintball"},"content":{"rendered":"<div id=\"pl-2026\"  class=\"panel-layout\" ><div id=\"pg-2026-0\"  class=\"panel-grid panel-no-style\" ><div id=\"pgc-2026-0-0\"  class=\"panel-grid-cell panel-grid-cell-empty\" ><\/div><\/div><div id=\"pg-2026-1\"  class=\"panel-grid panel-no-style\" ><div id=\"pgc-2026-1-0\"  class=\"panel-grid-cell\" ><div id=\"panel-2026-1-0-0\" class=\"so-panel widget widget_sow-editor panel-first-child panel-last-child\" data-index=\"0\" ><div\n\t\t\t\n\t\t\tclass=\"so-widget-sow-editor so-widget-sow-editor-base\"\n\t\t\t\n\t\t>\n<div class=\"siteorigin-widget-tinymce textwidget\">\n\t<h2>Une formule pour les 12\/16 ans<span style=\"color: #2e3b4e; font-weight: 300;\"><\/span><\/h2>\n<\/div>\n<\/div><\/div><\/div><\/div><div id=\"pg-2026-2\"  class=\"panel-grid panel-no-style\" ><div id=\"pgc-2026-2-0\"  class=\"panel-grid-cell\" ><div id=\"panel-2026-2-0-0\" class=\"so-panel widget widget_sow-editor panel-first-child panel-last-child\" data-index=\"1\" ><div\n\t\t\t\n\t\t\tclass=\"so-widget-sow-editor so-widget-sow-editor-base\"\n\t\t\t\n\t\t>\n<div class=\"siteorigin-widget-tinymce textwidget\">\n\t<p>Une vari\u00e9t\u00e9 d\u2019\u00e9quipements de paintball derni\u00e8re g\u00e9n\u00e9ration est disponible pour nos jeunes publics, sp\u00e9cialement con\u00e7us pour eux. Les lanceurs sont deux fois moins puissants que ceux propos\u00e9s habituellement et tirent de minis billes sans danger pour les enfants. Les parties sont toujours anim\u00e9es par un professionnel qui les guidera tout au long des sc\u00e9narios propos\u00e9s (capture du drapeau, \u00e9limination, etc.\u2026)<\/p>\n<p style=\"font-size: 16px;\"><span style=\"color: #2e3b4e;\"><span class=\"icon-container\"><span class=\"fa  fa-long-arrow-right\" style=\"color:#ff7240;\"><\/span><\/span> \u00a0\u00a0<span style=\"color: #eb700f;\"><strong>14h00 - 16h00<\/strong><\/span> -\u00a0<strong>Paintball<\/strong><\/span><\/p>\n<p style=\"font-size: 16px;\"><span style=\"color: #2e3b4e;\"><span class=\"icon-container\"><span class=\"fa  fa-long-arrow-right\" style=\"color:#ff7240;\"><\/span><\/span> \u00a0\u00a0<span style=\"color: #eb700f;\"><strong>16h00 - 17h00<\/strong><\/span>\u00a0- <strong>Aire de go\u00fbter<\/strong><\/span><\/p>\n<\/div>\n<\/div><\/div><\/div><div id=\"pgc-2026-2-1\"  class=\"panel-grid-cell\" ><div id=\"panel-2026-2-1-0\" class=\"so-panel widget widget_sow-editor panel-first-child\" data-index=\"2\" ><div class=\"panel-widget-style panel-widget-style-for-2026-2-1-0\" ><div\n\t\t\t\n\t\t\tclass=\"so-widget-sow-editor so-widget-sow-editor-base\"\n\t\t\t\n\t\t>\n<div class=\"siteorigin-widget-tinymce textwidget\">\n\t<p><img loading=\"lazy\" decoding=\"async\" class=\"alignnone  wp-image-3750\" src=\"https:\/\/nolimit-aventure.com\/montargis\/wp-content\/uploads\/2017\/05\/paintball-enfant-300x200.jpg\" alt=\"\" width=\"500\" height=\"333\" srcset=\"https:\/\/nolimit-aventure.com\/montargis\/wp-content\/uploads\/2017\/05\/paintball-enfant-300x200.jpg 300w, https:\/\/nolimit-aventure.com\/montargis\/wp-content\/uploads\/2017\/05\/paintball-enfant-768x512.jpg 768w, https:\/\/nolimit-aventure.com\/montargis\/wp-content\/uploads\/2017\/05\/paintball-enfant-272x182.jpg 272w, https:\/\/nolimit-aventure.com\/montargis\/wp-content\/uploads\/2017\/05\/paintball-enfant.jpg 900w\" sizes=\"auto, (max-width: 500px) 100vw, 500px\" \/><\/p>\n<\/div>\n<\/div><\/div><\/div><div id=\"panel-2026-2-1-1\" class=\"so-panel widget widget_pw_call_to_action widget-call-to-action panel-last-child\" data-index=\"3\" ><div class=\"panel-widget-style panel-widget-style-for-2026-2-1-1\" >\t\t\t\t<div class=\"call-to-action\">\n\t\t\t\t\t<div class=\"call-to-action__text\">\n\t\t\t\t\t\t<h2 class=\"call-to-action__title\">\n\t\t\t\t\t\t\t25 \u20ac par enfant\t\t\t\t\t\t<\/h2>\n\t\t\t\t\t\t\t\t\t\t\t<\/div>\n\t\t\t\t\t<div class=\"call-to-action__button\">\n\t\t\t\t\t\t<a class=\"btn  btn-outline-light\" href=\"https:\/\/nolimit-aventure.qweekle.com\/shop\/nolimit-aventure-montargis\/paintball\/anniversaire-paintball-12-a-16-ans?lang=fr\" target=\"_self\"> R\u00e9server<\/a>\t\t\t\t\t<\/div>\n\t\t\t\t<\/div>\n\t\t\t<\/div><\/div><\/div><\/div><div id=\"pg-2026-3\"  class=\"panel-grid panel-has-style\" ><div class=\"panel-row-style panel-row-style-for-2026-3\" ><div id=\"pgc-2026-3-0\"  class=\"panel-grid-cell\" ><div id=\"panel-2026-3-0-0\" class=\"so-panel widget widget_pw_special_title widget-special-title panel-first-child panel-last-child\" data-index=\"4\" >\t\t\t<h2 class=\"special-title\">\n\t\t\t\tINCLUS\t\t\t<\/h2>\n\t\t<\/div><\/div><\/div><\/div><div id=\"pg-2026-4\"  class=\"panel-grid panel-no-style\" ><div id=\"pgc-2026-4-0\"  class=\"panel-grid-cell\" ><div id=\"panel-2026-4-0-0\" class=\"so-panel widget widget_sow-editor panel-first-child panel-last-child\" data-index=\"5\" ><div class=\"panel-widget-style panel-widget-style-for-2026-4-0-0\" ><div\n\t\t\t\n\t\t\tclass=\"so-widget-sow-editor so-widget-sow-editor-base\"\n\t\t\t\n\t\t>\n<div class=\"siteorigin-widget-tinymce textwidget\">\n\t<h4 style=\"text-align: center;\"><span style=\"color: #eb700f;\"><img loading=\"lazy\" decoding=\"async\" class=\"alignnone wp-image-2297 aligncenter\" src=\"https:\/\/nolimit-aventure.com\/nemours\/wp-content\/uploads\/2017\/05\/inclus.png\" alt=\"\" width=\"39\" height=\"39\" \/>\u00a0Paintball<\/span><\/h4>\n<p style=\"text-align: center;\"><img loading=\"lazy\" decoding=\"async\" class=\"wp-image-2377 size-medium aligncenter\" src=\"https:\/\/nolimit-aventure.com\/nemours\/wp-content\/uploads\/2017\/05\/pock-paintball-300x150.jpg\" alt=\"\" width=\"300\" height=\"150\" \/>Forfait 200 billes pour deux heures avec l\u2019\u00e9quipement sur l\u2019ensemble des trois terrains de jeu.<\/p>\n<\/div>\n<\/div><\/div><\/div><\/div><div id=\"pgc-2026-4-1\"  class=\"panel-grid-cell\" ><div id=\"panel-2026-4-1-0\" class=\"so-panel widget widget_sow-editor panel-first-child panel-last-child\" data-index=\"6\" ><div class=\"panel-widget-style panel-widget-style-for-2026-4-1-0\" ><div\n\t\t\t\n\t\t\tclass=\"so-widget-sow-editor so-widget-sow-editor-base\"\n\t\t\t\n\t\t>\n<div class=\"siteorigin-widget-tinymce textwidget\">\n\t<h4 style=\"text-align: center;\"><span style=\"color: #eb700f;\"><img loading=\"lazy\" decoding=\"async\" class=\"alignnone wp-image-2297 aligncenter\" src=\"https:\/\/nolimit-aventure.com\/nemours\/wp-content\/uploads\/2017\/05\/inclus.png\" alt=\"\" width=\"39\" height=\"39\" \/>\u00a0Aire de go\u00fbter<\/span><\/h4>\n<p><img loading=\"lazy\" decoding=\"async\" class=\"wp-image-2379 size-medium aligncenter\" src=\"https:\/\/nolimit-aventure.com\/nemours\/wp-content\/uploads\/2017\/05\/aniversaire-paintball-300x150.jpg\" alt=\"\" width=\"300\" height=\"150\" \/><\/p>\n<div class=\"t pg-2m0 pg-2x0 pg-2h4 pg-2y3 pg-2ff3 pg-2fs1 pg-2fc1 pg-2sc0 pg-2ls0 pg-2ws0\">\n<p style=\"text-align: center;\">Pour leur offrir un vrai festin d\u2019anniversaire, disposez de notre aire de pique-nique abrit\u00e9e.<\/p>\n<\/div>\n<\/div>\n<\/div><\/div><\/div><\/div><\/div><div id=\"pg-2026-5\"  class=\"panel-grid panel-no-style\" ><div id=\"pgc-2026-5-0\"  class=\"panel-grid-cell\" ><div id=\"panel-2026-5-0-0\" class=\"so-panel widget widget_sow-editor panel-first-child panel-last-child\" data-index=\"7\" ><div\n\t\t\t\n\t\t\tclass=\"so-widget-sow-editor so-widget-sow-editor-base\"\n\t\t\t\n\t\t>\n<div class=\"siteorigin-widget-tinymce textwidget\">\n\t<hr class=\"hr--dashed\" \/>\n<\/div>\n<\/div><\/div><\/div><\/div><div id=\"pg-2026-6\"  class=\"panel-grid panel-no-style\" ><div id=\"pgc-2026-6-0\"  class=\"panel-grid-cell\" ><div id=\"panel-2026-6-0-0\" class=\"so-panel widget widget_sow-editor panel-first-child\" data-index=\"8\" ><div\n\t\t\t\n\t\t\tclass=\"so-widget-sow-editor so-widget-sow-editor-base\"\n\t\t\t\n\t\t>\n<div class=\"siteorigin-widget-tinymce textwidget\">\n\t<h2>Galerie anniversaire paintball\u00a0<span style=\"color: #2e3b4e; font-weight: 300;\">- Mieux que les jeux vid\u00e9o\u00a0<\/span><\/h2>\n<\/div>\n<\/div><\/div><div id=\"panel-2026-6-0-1\" class=\"so-panel widget widget_sow-editor panel-last-child\" data-index=\"9\" ><div\n\t\t\t\n\t\t\tclass=\"so-widget-sow-editor so-widget-sow-editor-base\"\n\t\t\t\n\t\t>\n<div class=\"siteorigin-widget-tinymce textwidget\">\n\t<\/div>\n<\/div><\/div><\/div><\/div><\/div>","protected":false},"excerpt":{"rendered":"<p>Une formule pour les 12\/16 ans<\/p>\n","protected":false},"author":2,"featured_media":7030,"parent":22,"menu_order":0,"comment_status":"closed","ping_status":"closed","template":"","meta":{"_acf_changed":false,"footnotes":""},"class_list":{"0":"post-2026","1":"page","2":"type-page","3":"status-publish","4":"has-post-thumbnail","6":"clearfix","7":"article"},"acf":[],"yoast_head":"<!-- This site is optimized with the Yoast SEO plugin v27.5 - https:\/\/yoast.com\/product\/yoast-seo-wordpress\/ -->\n<title>Anniversaire paintball - NoLimit Aventure Montargis<\/title>\n<meta name=\"description\" content=\"Rien de tel qu\u2019un Anniversaire paintball plein de d\u00e9charges d\u2019\u00e9nergie pour f\u00eater l\u2019anniversaire de votre adolescent. rigolades et fous rires au programme\" \/>\n<meta name=\"robots\" content=\"index, follow, max-snippet:-1, max-image-preview:large, max-video-preview:-1\" \/>\n<link rel=\"canonical\" href=\"https:\/\/nolimit-aventure.com\/montargis\/nos-formules\/anniversaire-paintball\/\" \/>\n<meta property=\"og:locale\" content=\"fr_FR\" \/>\n<meta property=\"og:type\" content=\"article\" \/>\n<meta property=\"og:title\" content=\"Anniversaire paintball - NoLimit Aventure Montargis\" \/>\n<meta property=\"og:description\" content=\"Rien de tel qu\u2019un Anniversaire paintball plein de d\u00e9charges d\u2019\u00e9nergie pour f\u00eater l\u2019anniversaire de votre adolescent. rigolades et fous rires au programme\" \/>\n<meta property=\"og:url\" content=\"https:\/\/nolimit-aventure.com\/montargis\/nos-formules\/anniversaire-paintball\/\" \/>\n<meta property=\"og:site_name\" content=\"NoLimit Aventure Montargis\" \/>\n<meta property=\"article:modified_time\" content=\"2025-11-20T16:27:44+00:00\" \/>\n<meta property=\"og:image\" content=\"https:\/\/nolimit-aventure.com\/montargis\/wp-content\/uploads\/2024\/02\/Multi-activites-7.png\" \/>\n\t<meta property=\"og:image:width\" content=\"867\" \/>\n\t<meta property=\"og:image:height\" content=\"437\" \/>\n\t<meta property=\"og:image:type\" content=\"image\/png\" \/>\n<meta name=\"twitter:card\" content=\"summary_large_image\" \/>\n<meta name=\"twitter:label1\" content=\"Dur\u00e9e de lecture estim\u00e9e\" \/>\n\t<meta name=\"twitter:data1\" content=\"2 minutes\" \/>\n<script type=\"application\/ld+json\" class=\"yoast-schema-graph\">{\"@context\":\"https:\\\/\\\/schema.org\",\"@graph\":[{\"@type\":\"WebPage\",\"@id\":\"https:\\\/\\\/nolimit-aventure.com\\\/montargis\\\/nos-formules\\\/anniversaire-paintball\\\/\",\"url\":\"https:\\\/\\\/nolimit-aventure.com\\\/montargis\\\/nos-formules\\\/anniversaire-paintball\\\/\",\"name\":\"Anniversaire paintball - NoLimit Aventure Montargis\",\"isPartOf\":{\"@id\":\"https:\\\/\\\/nolimit-aventure.com\\\/montargis\\\/#website\"},\"primaryImageOfPage\":{\"@id\":\"https:\\\/\\\/nolimit-aventure.com\\\/montargis\\\/nos-formules\\\/anniversaire-paintball\\\/#primaryimage\"},\"image\":{\"@id\":\"https:\\\/\\\/nolimit-aventure.com\\\/montargis\\\/nos-formules\\\/anniversaire-paintball\\\/#primaryimage\"},\"thumbnailUrl\":\"https:\\\/\\\/nolimit-aventure.com\\\/montargis\\\/wp-content\\\/uploads\\\/2024\\\/02\\\/Multi-activites-7.png\",\"datePublished\":\"2017-05-05T09:35:12+00:00\",\"dateModified\":\"2025-11-20T16:27:44+00:00\",\"description\":\"Rien de tel qu\u2019un Anniversaire paintball plein de d\u00e9charges d\u2019\u00e9nergie pour f\u00eater l\u2019anniversaire de votre adolescent. rigolades et fous rires au programme\",\"breadcrumb\":{\"@id\":\"https:\\\/\\\/nolimit-aventure.com\\\/montargis\\\/nos-formules\\\/anniversaire-paintball\\\/#breadcrumb\"},\"inLanguage\":\"fr-FR\",\"potentialAction\":[{\"@type\":\"ReadAction\",\"target\":[\"https:\\\/\\\/nolimit-aventure.com\\\/montargis\\\/nos-formules\\\/anniversaire-paintball\\\/\"]}]},{\"@type\":\"ImageObject\",\"inLanguage\":\"fr-FR\",\"@id\":\"https:\\\/\\\/nolimit-aventure.com\\\/montargis\\\/nos-formules\\\/anniversaire-paintball\\\/#primaryimage\",\"url\":\"https:\\\/\\\/nolimit-aventure.com\\\/montargis\\\/wp-content\\\/uploads\\\/2024\\\/02\\\/Multi-activites-7.png\",\"contentUrl\":\"https:\\\/\\\/nolimit-aventure.com\\\/montargis\\\/wp-content\\\/uploads\\\/2024\\\/02\\\/Multi-activites-7.png\",\"width\":867,\"height\":437},{\"@type\":\"BreadcrumbList\",\"@id\":\"https:\\\/\\\/nolimit-aventure.com\\\/montargis\\\/nos-formules\\\/anniversaire-paintball\\\/#breadcrumb\",\"itemListElement\":[{\"@type\":\"ListItem\",\"position\":1,\"name\":\"Accueil\",\"item\":\"https:\\\/\\\/nolimit-aventure.com\\\/montargis\\\/\"},{\"@type\":\"ListItem\",\"position\":2,\"name\":\"Formules\",\"item\":\"https:\\\/\\\/nolimit-aventure.com\\\/montargis\\\/nos-formules\\\/\"},{\"@type\":\"ListItem\",\"position\":3,\"name\":\"Anniversaire paintball\"}]},{\"@type\":\"WebSite\",\"@id\":\"https:\\\/\\\/nolimit-aventure.com\\\/montargis\\\/#website\",\"url\":\"https:\\\/\\\/nolimit-aventure.com\\\/montargis\\\/\",\"name\":\"NoLimit Aventure Montargis\",\"description\":\"\",\"potentialAction\":[{\"@type\":\"SearchAction\",\"target\":{\"@type\":\"EntryPoint\",\"urlTemplate\":\"https:\\\/\\\/nolimit-aventure.com\\\/montargis\\\/?s={search_term_string}\"},\"query-input\":{\"@type\":\"PropertyValueSpecification\",\"valueRequired\":true,\"valueName\":\"search_term_string\"}}],\"inLanguage\":\"fr-FR\"}]}<\/script>\n<!-- \/ Yoast SEO plugin. -->","yoast_head_json":{"title":"Anniversaire paintball - NoLimit Aventure Montargis","description":"Rien de tel qu\u2019un Anniversaire paintball plein de d\u00e9charges d\u2019\u00e9nergie pour f\u00eater l\u2019anniversaire de votre adolescent. rigolades et fous rires au programme","robots":{"index":"index","follow":"follow","max-snippet":"max-snippet:-1","max-image-preview":"max-image-preview:large","max-video-preview":"max-video-preview:-1"},"canonical":"https:\/\/nolimit-aventure.com\/montargis\/nos-formules\/anniversaire-paintball\/","og_locale":"fr_FR","og_type":"article","og_title":"Anniversaire paintball - NoLimit Aventure Montargis","og_description":"Rien de tel qu\u2019un Anniversaire paintball plein de d\u00e9charges d\u2019\u00e9nergie pour f\u00eater l\u2019anniversaire de votre adolescent. rigolades et fous rires au programme","og_url":"https:\/\/nolimit-aventure.com\/montargis\/nos-formules\/anniversaire-paintball\/","og_site_name":"NoLimit Aventure Montargis","article_modified_time":"2025-11-20T16:27:44+00:00","og_image":[{"width":867,"height":437,"url":"https:\/\/nolimit-aventure.com\/montargis\/wp-content\/uploads\/2024\/02\/Multi-activites-7.png","type":"image\/png"}],"twitter_card":"summary_large_image","twitter_misc":{"Dur\u00e9e de lecture estim\u00e9e":"2 minutes"},"schema":{"@context":"https:\/\/schema.org","@graph":[{"@type":"WebPage","@id":"https:\/\/nolimit-aventure.com\/montargis\/nos-formules\/anniversaire-paintball\/","url":"https:\/\/nolimit-aventure.com\/montargis\/nos-formules\/anniversaire-paintball\/","name":"Anniversaire paintball - NoLimit Aventure Montargis","isPartOf":{"@id":"https:\/\/nolimit-aventure.com\/montargis\/#website"},"primaryImageOfPage":{"@id":"https:\/\/nolimit-aventure.com\/montargis\/nos-formules\/anniversaire-paintball\/#primaryimage"},"image":{"@id":"https:\/\/nolimit-aventure.com\/montargis\/nos-formules\/anniversaire-paintball\/#primaryimage"},"thumbnailUrl":"https:\/\/nolimit-aventure.com\/montargis\/wp-content\/uploads\/2024\/02\/Multi-activites-7.png","datePublished":"2017-05-05T09:35:12+00:00","dateModified":"2025-11-20T16:27:44+00:00","description":"Rien de tel qu\u2019un Anniversaire paintball plein de d\u00e9charges d\u2019\u00e9nergie pour f\u00eater l\u2019anniversaire de votre adolescent. rigolades et fous rires au programme","breadcrumb":{"@id":"https:\/\/nolimit-aventure.com\/montargis\/nos-formules\/anniversaire-paintball\/#breadcrumb"},"inLanguage":"fr-FR","potentialAction":[{"@type":"ReadAction","target":["https:\/\/nolimit-aventure.com\/montargis\/nos-formules\/anniversaire-paintball\/"]}]},{"@type":"ImageObject","inLanguage":"fr-FR","@id":"https:\/\/nolimit-aventure.com\/montargis\/nos-formules\/anniversaire-paintball\/#primaryimage","url":"https:\/\/nolimit-aventure.com\/montargis\/wp-content\/uploads\/2024\/02\/Multi-activites-7.png","contentUrl":"https:\/\/nolimit-aventure.com\/montargis\/wp-content\/uploads\/2024\/02\/Multi-activites-7.png","width":867,"height":437},{"@type":"BreadcrumbList","@id":"https:\/\/nolimit-aventure.com\/montargis\/nos-formules\/anniversaire-paintball\/#breadcrumb","itemListElement":[{"@type":"ListItem","position":1,"name":"Accueil","item":"https:\/\/nolimit-aventure.com\/montargis\/"},{"@type":"ListItem","position":2,"name":"Formules","item":"https:\/\/nolimit-aventure.com\/montargis\/nos-formules\/"},{"@type":"ListItem","position":3,"name":"Anniversaire paintball"}]},{"@type":"WebSite","@id":"https:\/\/nolimit-aventure.com\/montargis\/#website","url":"https:\/\/nolimit-aventure.com\/montargis\/","name":"NoLimit Aventure Montargis","description":"","potentialAction":[{"@type":"SearchAction","target":{"@type":"EntryPoint","urlTemplate":"https:\/\/nolimit-aventure.com\/montargis\/?s={search_term_string}"},"query-input":{"@type":"PropertyValueSpecification","valueRequired":true,"valueName":"search_term_string"}}],"inLanguage":"fr-FR"}]}},"_links":{"self":[{"href":"https:\/\/nolimit-aventure.com\/montargis\/wp-json\/wp\/v2\/pages\/2026","targetHints":{"allow":["GET"]}}],"collection":[{"href":"https:\/\/nolimit-aventure.com\/montargis\/wp-json\/wp\/v2\/pages"}],"about":[{"href":"https:\/\/nolimit-aventure.com\/montargis\/wp-json\/wp\/v2\/types\/page"}],"author":[{"embeddable":true,"href":"https:\/\/nolimit-aventure.com\/montargis\/wp-json\/wp\/v2\/users\/2"}],"replies":[{"embeddable":true,"href":"https:\/\/nolimit-aventure.com\/montargis\/wp-json\/wp\/v2\/comments?post=2026"}],"version-history":[{"count":22,"href":"https:\/\/nolimit-aventure.com\/montargis\/wp-json\/wp\/v2\/pages\/2026\/revisions"}],"predecessor-version":[{"id":7337,"href":"https:\/\/nolimit-aventure.com\/montargis\/wp-json\/wp\/v2\/pages\/2026\/revisions\/7337"}],"up":[{"embeddable":true,"href":"https:\/\/nolimit-aventure.com\/montargis\/wp-json\/wp\/v2\/pages\/22"}],"wp:featuredmedia":[{"embeddable":true,"href":"https:\/\/nolimit-aventure.com\/montargis\/wp-json\/wp\/v2\/media\/7030"}],"wp:attachment":[{"href":"https:\/\/nolimit-aventure.com\/montargis\/wp-json\/wp\/v2\/media?parent=2026"}],"curies":[{"name":"wp","href":"https:\/\/api.w.org\/{rel}","templated":true}]}}