{"id":24,"date":"2016-10-07T11:00:28","date_gmt":"2016-10-07T11:00:28","guid":{"rendered":"https:\/\/xml-io.proteusthemes.com\/adrenaline\/?page_id=24"},"modified":"2025-11-20T17:30:52","modified_gmt":"2025-11-20T16:30:52","slug":"parc-de-loisirs","status":"publish","type":"page","link":"https:\/\/nolimit-aventure.com\/montargis\/parc-de-loisirs\/","title":{"rendered":"Le parc"},"content":{"rendered":"<div id=\"pl-24\"  class=\"panel-layout\" ><div id=\"pg-24-0\"  class=\"panel-grid panel-no-style\" ><div id=\"pgc-24-0-0\"  class=\"panel-grid-cell panel-grid-cell-empty\" ><\/div><\/div><div id=\"pg-24-1\"  class=\"panel-grid panel-no-style\" ><div id=\"pgc-24-1-0\"  class=\"panel-grid-cell\" ><div id=\"panel-24-1-0-0\" class=\"so-panel widget widget_sow-editor panel-first-child panel-last-child\" data-index=\"0\" ><div\n\t\t\t\n\t\t\tclass=\"so-widget-sow-editor so-widget-sow-editor-base\"\n\t\t\t\n\t\t>\n<div class=\"siteorigin-widget-tinymce textwidget\">\n\t<h2>NoLimit Aventure <span style=\"color: #2e3b4e; font-weight: 300;\">- Montargis<\/span><\/h2>\n<p style=\"font-size: 16px;\">Partez \u00e0 l\u2019aventure dans les arbres de Conflans sur loing \u00e0 10min de Montargis. Nous vous accueillons toute l\u2019ann\u00e9e dans un parc de plus de 10 hectares, vous \u00e9voluerez dans un cadre naturel, d\u00e9paysant et unique dans le Loiret (45).<\/p>\n<p style=\"font-size: 16px;\"><span style=\"color: #2e3b4e;\"><strong><span class=\"icon-container\"><span class=\"fa  fa-chevron-right\" style=\"color:#2e3b4e;\"><\/span><\/span> 3 terrains de paintball<\/strong><\/span><span style=\"color: #2e3b4e;\"><strong><br \/>\n<\/strong><\/span><\/p>\n<p style=\"font-size: 16px;\"><span style=\"color: #2e3b4e;\"><strong><span class=\"icon-container\"><span class=\"fa  fa-chevron-right\" style=\"color:#2e3b4e;\"><\/span><\/span> 11 pistes d\u2019accrobranche<\/strong><\/span><span style=\"color: #2e3b4e;\"><strong><br \/>\n<\/strong><\/span><\/p>\n<p style=\"font-size: 16px;\"><span style=\"color: #2e3b4e;\"><strong><span class=\"icon-container\"><span class=\"fa  fa-chevron-right\" style=\"color:#2e3b4e;\"><\/span><\/span> Plusieurs Escape Game outdoor<\/strong><\/span><span style=\"color: #2e3b4e;\"><strong><br \/>\n<\/strong><\/span><\/p>\n<p style=\"font-size: 16px;\"><span style=\"color: #2e3b4e;\"><strong><span class=\"icon-container\"><span class=\"fa  fa-chevron-right\" style=\"color:#2e3b4e;\"><\/span><\/span> 1 aire de combat de sumo<\/strong><\/span><span style=\"color: #2e3b4e;\"><strong><br \/>\n<\/strong><\/span><\/p>\n<\/div>\n<\/div><\/div><\/div><div id=\"pgc-24-1-1\"  class=\"panel-grid-cell\" ><div id=\"panel-24-1-1-0\" class=\"so-panel widget widget_sow-editor panel-first-child panel-last-child\" data-index=\"1\" ><div\n\t\t\t\n\t\t\tclass=\"so-widget-sow-editor so-widget-sow-editor-base\"\n\t\t\t\n\t\t>\n<div class=\"siteorigin-widget-tinymce textwidget\">\n\t<div id='gallery-1' class='gallery galleryid-24 gallery-columns-1 gallery-size-large'><figure class='gallery-item'>\n\t\t\t<div class='gallery-icon landscape'>\n\t\t\t\t<a href='https:\/\/nolimit-aventure.com\/montargis\/wp-content\/uploads\/2016\/10\/parc-aventure-montargis-45.jpg'><img loading=\"lazy\" decoding=\"async\" width=\"1000\" height=\"638\" src=\"https:\/\/nolimit-aventure.com\/montargis\/wp-content\/uploads\/2016\/10\/parc-aventure-montargis-45.jpg\" class=\"attachment-large size-large\" alt=\"\" srcset=\"https:\/\/nolimit-aventure.com\/montargis\/wp-content\/uploads\/2016\/10\/parc-aventure-montargis-45.jpg 1000w, https:\/\/nolimit-aventure.com\/montargis\/wp-content\/uploads\/2016\/10\/parc-aventure-montargis-45-300x191.jpg 300w, https:\/\/nolimit-aventure.com\/montargis\/wp-content\/uploads\/2016\/10\/parc-aventure-montargis-45-768x490.jpg 768w\" sizes=\"auto, (max-width: 1000px) 100vw, 1000px\" \/><\/a>\n\t\t\t<\/div><\/figure>\n\t\t<\/div>\n\n<\/div>\n<\/div><\/div><\/div><\/div><div id=\"pg-24-2\"  class=\"panel-grid panel-no-style\" ><div id=\"pgc-24-2-0\"  class=\"panel-grid-cell\" ><div id=\"panel-24-2-0-0\" class=\"so-panel widget widget_sow-editor panel-first-child panel-last-child\" data-index=\"2\" ><div\n\t\t\t\n\t\t\tclass=\"so-widget-sow-editor so-widget-sow-editor-base\"\n\t\t\t\n\t\t>\n<div class=\"siteorigin-widget-tinymce textwidget\">\n\t<p><img loading=\"lazy\" decoding=\"async\" class=\"wp-image-3766 aligncenter\" src=\"https:\/\/nolimit-aventure.com\/montargis\/wp-content\/uploads\/2017\/06\/cropped-fav-nla.png\" alt=\"\" width=\"644\" height=\"339\" \/><\/p>\n<\/div>\n<\/div><\/div><\/div><div id=\"pgc-24-2-1\"  class=\"panel-grid-cell\" ><div id=\"panel-24-2-1-0\" class=\"so-panel widget widget_sow-editor panel-first-child panel-last-child\" data-index=\"3\" ><div\n\t\t\t\n\t\t\tclass=\"so-widget-sow-editor so-widget-sow-editor-base\"\n\t\t\t\n\t\t>\n<div class=\"siteorigin-widget-tinymce textwidget\">\n\t<h2>Notre \u00e9quipe<span style=\"color: #2e3b4e; font-weight: 300;\">- un personnel d\u00e9di\u00e9 a l'aventure<\/span><\/h2>\n<p>La r\u00e9ussite de votre loisir tient aussi aux capacit\u00e9s du personnel encadrant. Aussi, chez No Limit vous serez toujours entour\u00e9 par une \u00e9quipe passionn\u00e9e et dynamique, sans cesse en qu\u00eate du perfectionnement du fonctionnement des activit\u00e9s et toujours au devant de vos attentes.<\/p>\n<\/div>\n<\/div><\/div><\/div><\/div><div id=\"pg-24-3\"  class=\"panel-grid panel-no-style\" ><div id=\"pgc-24-3-0\"  class=\"panel-grid-cell\" ><div id=\"panel-24-3-0-0\" class=\"so-panel widget widget_pw_accordion widget-accordion panel-first-child panel-last-child\" data-index=\"4\" ><h3 class=\"widget-title\"><span class=\"widget-title__inline\">vos questions<\/span><\/h3>\t<div class=\"accordion\" id=\"accordion-widget-3-0-0\" role=\"tablist\" aria-multiselectable=\"true\">\n\t\t\t<div class=\"accordion__panel  panel card\">\n\t\t\t<div class=\"accordion__heading  panel-heading\" role=\"tab\" id=\"heading-widget-3-0-0-0\">\n\t\t\t\t<div class=\"panel-title\">\n\t\t\t\t\t<a class=\"collapsed\" role=\"button\" data-toggle=\"collapse\" data-parent=\"#accordion-widget-3-0-0\" href=\"#collapse-widget-3-0-0-0\" aria-expanded=\"false\" aria-controls=\"collapse-widget-3-0-0-0\">\n\t\t\t\t\t\tQuels sont les moyens de paiement accept\u00e9s sur le parc ?\t\t\t\t\t<\/a>\n\t\t\t\t<\/div>\n\t\t\t<\/div>\n\t\t\t<div id=\"collapse-widget-3-0-0-0\" class=\"accordion__content  panel-collapse  collapse\" role=\"tabpanel\" aria-labelledby=\"heading-widget-3-0-0-0\">\n\t\t\t\t<div class=\"panel-body\">\n\t\t\t\t\tPour les particuliers : Carte Bancaire, Esp\u00e8ces, Ch\u00e8ques vacances.\nPour les entreprises ou les collectivit\u00e9s : Carte Bancaire, Esp\u00e8ces,\tCh\u00e8que, Virement, Bon administratif.\n\n\t\t\t\t<\/div>\n\t\t\t<\/div>\n\t\t<\/div>\n\t\t\t<div class=\"accordion__panel  panel card\">\n\t\t\t<div class=\"accordion__heading  panel-heading\" role=\"tab\" id=\"heading-widget-3-0-0-3\">\n\t\t\t\t<div class=\"panel-title\">\n\t\t\t\t\t<a class=\"collapsed\" role=\"button\" data-toggle=\"collapse\" data-parent=\"#accordion-widget-3-0-0\" href=\"#collapse-widget-3-0-0-3\" aria-expanded=\"false\" aria-controls=\"collapse-widget-3-0-0-3\">\n\t\t\t\t\t\tLe parking est-il payant ?\t\t\t\t\t<\/a>\n\t\t\t\t<\/div>\n\t\t\t<\/div>\n\t\t\t<div id=\"collapse-widget-3-0-0-3\" class=\"accordion__content  panel-collapse  collapse\" role=\"tabpanel\" aria-labelledby=\"heading-widget-3-0-0-3\">\n\t\t\t\t<div class=\"panel-body\">\n\t\t\t\t\tNous disposons d\u2019un parking priv\u00e9 gratuit \u00e0 l\u2019int\u00e9rieur du site.\n\nIl est accessible aux bus, autocars et transports scolaires.\n\t\t\t\t<\/div>\n\t\t\t<\/div>\n\t\t<\/div>\n\t\t\t<div class=\"accordion__panel  panel card\">\n\t\t\t<div class=\"accordion__heading  panel-heading\" role=\"tab\" id=\"heading-widget-3-0-0-4\">\n\t\t\t\t<div class=\"panel-title\">\n\t\t\t\t\t<a class=\"collapsed\" role=\"button\" data-toggle=\"collapse\" data-parent=\"#accordion-widget-3-0-0\" href=\"#collapse-widget-3-0-0-4\" aria-expanded=\"false\" aria-controls=\"collapse-widget-3-0-0-4\">\n\t\t\t\t\t\tEn cas de pluie le parc reste-t-il ouvert ?\t\t\t\t\t<\/a>\n\t\t\t\t<\/div>\n\t\t\t<\/div>\n\t\t\t<div id=\"collapse-widget-3-0-0-4\" class=\"accordion__content  panel-collapse  collapse\" role=\"tabpanel\" aria-labelledby=\"heading-widget-3-0-0-4\">\n\t\t\t\t<div class=\"panel-body\">\n\t\t\t\t\tLe parc reste ouvert en cas de pluie.\n\nIl peut fermer ses portes en cas d\u2019orage ou de vent sup\u00e9rieur \u00e0 60 km\/h.\n\n\t\t\t\t<\/div>\n\t\t\t<\/div>\n\t\t<\/div>\n\t\t\t<div class=\"accordion__panel  panel card\">\n\t\t\t<div class=\"accordion__heading  panel-heading\" role=\"tab\" id=\"heading-widget-3-0-0-5\">\n\t\t\t\t<div class=\"panel-title\">\n\t\t\t\t\t<a class=\"collapsed\" role=\"button\" data-toggle=\"collapse\" data-parent=\"#accordion-widget-3-0-0\" href=\"#collapse-widget-3-0-0-5\" aria-expanded=\"false\" aria-controls=\"collapse-widget-3-0-0-5\">\n\t\t\t\t\t\tLe pique-nique ou le barbecue sont-ils autoris\u00e9s sur le parc ?\t\t\t\t\t<\/a>\n\t\t\t\t<\/div>\n\t\t\t<\/div>\n\t\t\t<div id=\"collapse-widget-3-0-0-5\" class=\"accordion__content  panel-collapse  collapse\" role=\"tabpanel\" aria-labelledby=\"heading-widget-3-0-0-5\">\n\t\t\t\t<div class=\"panel-body\">\n\t\t\t\t\tUne aire de pique-nique abrit\u00e9e est \u00e0 votre disposition.\n\nSi vous souhaitez vous exercer \u00e0 l\u2019art mill\u00e9naire de la grillade, des barbecues sont \u00e9galement en libre acc\u00e8s. \n\nPensez \u00e0 vous munir de charbon de bois et d\u2019ustensiles comme un pique, une pince, une broche ou tout ce que votre esprit cr\u00e9atif peut inventer pour tourner une merguez\u2026   \n\t\t\t\t<\/div>\n\t\t\t<\/div>\n\t\t<\/div>\n\t\t\t<div class=\"accordion__panel  panel card\">\n\t\t\t<div class=\"accordion__heading  panel-heading\" role=\"tab\" id=\"heading-widget-3-0-0-6\">\n\t\t\t\t<div class=\"panel-title\">\n\t\t\t\t\t<a class=\"collapsed\" role=\"button\" data-toggle=\"collapse\" data-parent=\"#accordion-widget-3-0-0\" href=\"#collapse-widget-3-0-0-6\" aria-expanded=\"false\" aria-controls=\"collapse-widget-3-0-0-6\">\n\t\t\t\t\t\tLes accompagnants ne pratiquant pas les activit\u00e9s doivent-ils payer \u00e0 l'entr\u00e9e du parc ?\t\t\t\t\t<\/a>\n\t\t\t\t<\/div>\n\t\t\t<\/div>\n\t\t\t<div id=\"collapse-widget-3-0-0-6\" class=\"accordion__content  panel-collapse  collapse\" role=\"tabpanel\" aria-labelledby=\"heading-widget-3-0-0-6\">\n\t\t\t\t<div class=\"panel-body\">\n\t\t\t\t\tL\u2019acc\u00e8s au parc est gratuit pour les accompagnants et les visiteurs.\t\t\t\t<\/div>\n\t\t\t<\/div>\n\t\t<\/div>\n\t\t\t<div class=\"accordion__panel  panel card\">\n\t\t\t<div class=\"accordion__heading  panel-heading\" role=\"tab\" id=\"heading-widget-3-0-0-7\">\n\t\t\t\t<div class=\"panel-title\">\n\t\t\t\t\t<a class=\"collapsed\" role=\"button\" data-toggle=\"collapse\" data-parent=\"#accordion-widget-3-0-0\" href=\"#collapse-widget-3-0-0-7\" aria-expanded=\"false\" aria-controls=\"collapse-widget-3-0-0-7\">\n\t\t\t\t\t\t Faut il r\u00e9server pour se rendre au parc ?\t\t\t\t\t<\/a>\n\t\t\t\t<\/div>\n\t\t\t<\/div>\n\t\t\t<div id=\"collapse-widget-3-0-0-7\" class=\"accordion__content  panel-collapse  collapse\" role=\"tabpanel\" aria-labelledby=\"heading-widget-3-0-0-7\">\n\t\t\t\t<div class=\"panel-body\">\n\t\t\t\t\tOui, la r\u00e9servation est \u00e0 effectuer via notre site internet ou directement au 06 76 98 15 81.\t\t\t\t<\/div>\n\t\t\t<\/div>\n\t\t<\/div>\n\t\t\t\t<a href=\"https:\/\/nolimit-aventure.com\/montargis\/faq\/\" class=\"more-link\">Lire la suite<\/a>\n\t\t<\/div>\n\n<\/div><\/div><div id=\"pgc-24-3-1\"  class=\"panel-grid-cell\" ><div id=\"panel-24-3-1-0\" class=\"so-panel widget widget_sow-editor panel-first-child panel-last-child\" data-index=\"5\" ><div\n\t\t\t\n\t\t\tclass=\"so-widget-sow-editor so-widget-sow-editor-base\"\n\t\t\t\n\t\t><h3 class=\"widget-title\"><span class=\"widget-title__inline\">Nos engagements<\/span><\/h3>\n<div class=\"siteorigin-widget-tinymce textwidget\">\n\t<h4>Charte de qualit\u00e9 et de s\u00e9curit\u00e9<\/h4>\n<p style=\"font-size: 15px;\">Afin de garantir un divertissement toujours r\u00e9ussi, nous avons \u00e9tabli cette charte de r\u00e9f\u00e9rence que nous am\u00e9liorons constamment. Elle se r\u00e9f\u00e8re aux normes AFNOR pour lesquelles nous avons travaill\u00e9 activement. Notre exp\u00e9rience de professionnels sp\u00e9cialis\u00e9s dans la cr\u00e9ation et la gestion de parcs de loisirs \u00e0 votre service !  <\/p>\n<hr class=\"hr--dashed\" \/>\n<h4>Recherche et d\u00e9veloppement<\/h4>\n<p style=\"font-size: 15px;\">L\u2019organisation et les infrastructures sont sans cesse perfectionn\u00e9es et le mat\u00e9riel r\u00e9guli\u00e8rement renouvel\u00e9 afin de toujours vous certifier une aisance d\u2019utilisation optimale et une fiabilit\u00e9 accrue. C\u00f4t\u00e9 activit\u00e9s, nous cherchons continuellement \u00e0 les faire \u00e9voluer et \u00e0 en inventer de nouvelles. Notre d\u00e9fi : continuer \u00e0 vous surprendre !<\/p>\n<hr class=\"hr--dashed\" \/>\n<h4>Contr\u00f4les p\u00e9riodiques<\/h4>\n<p style=\"font-size: 15px;\">Chaque ann\u00e9e, des organismes agr\u00e9\u00e9s inspectent nos am\u00e9nagements, et nos registres d\u2019entretien et de contr\u00f4les. Avant sa mise en \u0153uvre, nous faisons analyser chaque nouveau projet par un bureau d\u2019\u00e9tude.<\/p>\n<hr class=\"hr--dashed\" \/>\n<h4><\/h4>\n<\/div>\n<\/div><\/div><\/div><\/div><div id=\"pg-24-4\"  class=\"panel-grid panel-has-style\" ><div class=\"siteorigin-panels-stretch panel-row-style panel-row-style-for-24-4\" data-stretch-type=\"full-width-stretch\" ><div id=\"pgc-24-4-0\"  class=\"panel-grid-cell\" ><div id=\"panel-24-4-0-0\" class=\"so-panel widget panel-first-child\" data-index=\"6\" ><\/div><div id=\"panel-24-4-0-1\" class=\"so-panel widget widget_sow-editor panel-last-child\" data-index=\"7\" ><div\n\t\t\t\n\t\t\tclass=\"so-widget-sow-editor so-widget-sow-editor-base\"\n\t\t\t\n\t\t>\n<div class=\"siteorigin-widget-tinymce textwidget\">\n\t<\/div>\n<\/div><\/div><\/div><\/div><\/div><\/div>","protected":false},"excerpt":{"rendered":"<p>NoLimit Aventure &#8211; Montargis Partez \u00e0 l\u2019aventure dans les arbres de Conflans sur loing \u00e0 10min de Montargis. Nous vous accueillons toute l\u2019ann\u00e9e dans un parc de plus de 10 hectares, vous \u00e9voluerez dans un cadre naturel, d\u00e9paysant et unique dans le Loiret (45). 3 terrains de paintball 11 pistes d\u2019accrobranche Plusieurs Escape Game outdoor &hellip;<\/p>\n","protected":false},"author":1,"featured_media":0,"parent":0,"menu_order":0,"comment_status":"closed","ping_status":"closed","template":"","meta":{"_acf_changed":false,"footnotes":""},"class_list":{"0":"post-24","1":"page","2":"type-page","3":"status-publish","5":"clearfix","6":"article"},"acf":[],"yoast_head":"<!-- This site is optimized with the Yoast SEO plugin v27.6 - https:\/\/yoast.com\/product\/yoast-seo-wordpress\/ -->\n<title>Parc de loisirs proche paris, \u00eele de France, 77, 91, 75, 92, 93,<\/title>\n<meta name=\"description\" content=\"Le plus beaux parc de loisirs d\u2019\u00eele de France, 8 terrains de paintball, 12 parcours d\u2019accrobranche, une aire de combat de sumo\" \/>\n<meta name=\"robots\" content=\"index, follow, max-snippet:-1, max-image-preview:large, max-video-preview:-1\" \/>\n<link rel=\"canonical\" href=\"https:\/\/nolimit-aventure.com\/montargis\/parc-de-loisirs\/\" \/>\n<meta property=\"og:locale\" content=\"fr_FR\" \/>\n<meta property=\"og:type\" content=\"article\" \/>\n<meta property=\"og:title\" content=\"Parc de loisirs proche paris, \u00eele de France, 77, 91, 75, 92, 93,\" \/>\n<meta property=\"og:description\" content=\"Le plus beaux parc de loisirs d\u2019\u00eele de France, 8 terrains de paintball, 12 parcours d\u2019accrobranche, une aire de combat de sumo\" \/>\n<meta property=\"og:url\" content=\"https:\/\/nolimit-aventure.com\/montargis\/parc-de-loisirs\/\" \/>\n<meta property=\"og:site_name\" content=\"NoLimit Aventure Montargis\" \/>\n<meta property=\"article:modified_time\" content=\"2025-11-20T16:30:52+00:00\" \/>\n<meta property=\"og:image\" content=\"https:\/\/nolimit-aventure.com\/montargis\/wp-content\/uploads\/2016\/10\/parc-aventure-montargis-45.jpg\" \/>\n<meta name=\"twitter:card\" content=\"summary_large_image\" \/>\n<meta name=\"twitter:label1\" content=\"Dur\u00e9e de lecture estim\u00e9e\" \/>\n\t<meta name=\"twitter:data1\" content=\"3 minutes\" \/>\n<script type=\"application\/ld+json\" class=\"yoast-schema-graph\">{\"@context\":\"https:\\\/\\\/schema.org\",\"@graph\":[{\"@type\":\"WebPage\",\"@id\":\"https:\\\/\\\/nolimit-aventure.com\\\/montargis\\\/parc-de-loisirs\\\/\",\"url\":\"https:\\\/\\\/nolimit-aventure.com\\\/montargis\\\/parc-de-loisirs\\\/\",\"name\":\"Parc de loisirs proche paris, \u00eele de France, 77, 91, 75, 92, 93,\",\"isPartOf\":{\"@id\":\"https:\\\/\\\/nolimit-aventure.com\\\/montargis\\\/#website\"},\"primaryImageOfPage\":{\"@id\":\"https:\\\/\\\/nolimit-aventure.com\\\/montargis\\\/parc-de-loisirs\\\/#primaryimage\"},\"image\":{\"@id\":\"https:\\\/\\\/nolimit-aventure.com\\\/montargis\\\/parc-de-loisirs\\\/#primaryimage\"},\"thumbnailUrl\":\"https:\\\/\\\/nolimit-aventure.com\\\/montargis\\\/wp-content\\\/uploads\\\/2016\\\/10\\\/parc-aventure-montargis-45.jpg\",\"datePublished\":\"2016-10-07T11:00:28+00:00\",\"dateModified\":\"2025-11-20T16:30:52+00:00\",\"description\":\"Le plus beaux parc de loisirs d\u2019\u00eele de France, 8 terrains de paintball, 12 parcours d\u2019accrobranche, une aire de combat de sumo\",\"breadcrumb\":{\"@id\":\"https:\\\/\\\/nolimit-aventure.com\\\/montargis\\\/parc-de-loisirs\\\/#breadcrumb\"},\"inLanguage\":\"fr-FR\",\"potentialAction\":[{\"@type\":\"ReadAction\",\"target\":[\"https:\\\/\\\/nolimit-aventure.com\\\/montargis\\\/parc-de-loisirs\\\/\"]}]},{\"@type\":\"ImageObject\",\"inLanguage\":\"fr-FR\",\"@id\":\"https:\\\/\\\/nolimit-aventure.com\\\/montargis\\\/parc-de-loisirs\\\/#primaryimage\",\"url\":\"https:\\\/\\\/nolimit-aventure.com\\\/montargis\\\/wp-content\\\/uploads\\\/2016\\\/10\\\/parc-aventure-montargis-45.jpg\",\"contentUrl\":\"https:\\\/\\\/nolimit-aventure.com\\\/montargis\\\/wp-content\\\/uploads\\\/2016\\\/10\\\/parc-aventure-montargis-45.jpg\",\"width\":1000,\"height\":638},{\"@type\":\"BreadcrumbList\",\"@id\":\"https:\\\/\\\/nolimit-aventure.com\\\/montargis\\\/parc-de-loisirs\\\/#breadcrumb\",\"itemListElement\":[{\"@type\":\"ListItem\",\"position\":1,\"name\":\"Accueil\",\"item\":\"https:\\\/\\\/nolimit-aventure.com\\\/montargis\\\/\"},{\"@type\":\"ListItem\",\"position\":2,\"name\":\"Le parc\"}]},{\"@type\":\"WebSite\",\"@id\":\"https:\\\/\\\/nolimit-aventure.com\\\/montargis\\\/#website\",\"url\":\"https:\\\/\\\/nolimit-aventure.com\\\/montargis\\\/\",\"name\":\"NoLimit Aventure Montargis\",\"description\":\"\",\"potentialAction\":[{\"@type\":\"SearchAction\",\"target\":{\"@type\":\"EntryPoint\",\"urlTemplate\":\"https:\\\/\\\/nolimit-aventure.com\\\/montargis\\\/?s={search_term_string}\"},\"query-input\":{\"@type\":\"PropertyValueSpecification\",\"valueRequired\":true,\"valueName\":\"search_term_string\"}}],\"inLanguage\":\"fr-FR\"}]}<\/script>\n<!-- \/ Yoast SEO plugin. -->","yoast_head_json":{"title":"Parc de loisirs proche paris, \u00eele de France, 77, 91, 75, 92, 93,","description":"Le plus beaux parc de loisirs d\u2019\u00eele de France, 8 terrains de paintball, 12 parcours d\u2019accrobranche, une aire de combat de sumo","robots":{"index":"index","follow":"follow","max-snippet":"max-snippet:-1","max-image-preview":"max-image-preview:large","max-video-preview":"max-video-preview:-1"},"canonical":"https:\/\/nolimit-aventure.com\/montargis\/parc-de-loisirs\/","og_locale":"fr_FR","og_type":"article","og_title":"Parc de loisirs proche paris, \u00eele de France, 77, 91, 75, 92, 93,","og_description":"Le plus beaux parc de loisirs d\u2019\u00eele de France, 8 terrains de paintball, 12 parcours d\u2019accrobranche, une aire de combat de sumo","og_url":"https:\/\/nolimit-aventure.com\/montargis\/parc-de-loisirs\/","og_site_name":"NoLimit Aventure Montargis","article_modified_time":"2025-11-20T16:30:52+00:00","og_image":[{"url":"https:\/\/nolimit-aventure.com\/montargis\/wp-content\/uploads\/2016\/10\/parc-aventure-montargis-45.jpg","type":"","width":"","height":""}],"twitter_card":"summary_large_image","twitter_misc":{"Dur\u00e9e de lecture estim\u00e9e":"3 minutes"},"schema":{"@context":"https:\/\/schema.org","@graph":[{"@type":"WebPage","@id":"https:\/\/nolimit-aventure.com\/montargis\/parc-de-loisirs\/","url":"https:\/\/nolimit-aventure.com\/montargis\/parc-de-loisirs\/","name":"Parc de loisirs proche paris, \u00eele de France, 77, 91, 75, 92, 93,","isPartOf":{"@id":"https:\/\/nolimit-aventure.com\/montargis\/#website"},"primaryImageOfPage":{"@id":"https:\/\/nolimit-aventure.com\/montargis\/parc-de-loisirs\/#primaryimage"},"image":{"@id":"https:\/\/nolimit-aventure.com\/montargis\/parc-de-loisirs\/#primaryimage"},"thumbnailUrl":"https:\/\/nolimit-aventure.com\/montargis\/wp-content\/uploads\/2016\/10\/parc-aventure-montargis-45.jpg","datePublished":"2016-10-07T11:00:28+00:00","dateModified":"2025-11-20T16:30:52+00:00","description":"Le plus beaux parc de loisirs d\u2019\u00eele de France, 8 terrains de paintball, 12 parcours d\u2019accrobranche, une aire de combat de sumo","breadcrumb":{"@id":"https:\/\/nolimit-aventure.com\/montargis\/parc-de-loisirs\/#breadcrumb"},"inLanguage":"fr-FR","potentialAction":[{"@type":"ReadAction","target":["https:\/\/nolimit-aventure.com\/montargis\/parc-de-loisirs\/"]}]},{"@type":"ImageObject","inLanguage":"fr-FR","@id":"https:\/\/nolimit-aventure.com\/montargis\/parc-de-loisirs\/#primaryimage","url":"https:\/\/nolimit-aventure.com\/montargis\/wp-content\/uploads\/2016\/10\/parc-aventure-montargis-45.jpg","contentUrl":"https:\/\/nolimit-aventure.com\/montargis\/wp-content\/uploads\/2016\/10\/parc-aventure-montargis-45.jpg","width":1000,"height":638},{"@type":"BreadcrumbList","@id":"https:\/\/nolimit-aventure.com\/montargis\/parc-de-loisirs\/#breadcrumb","itemListElement":[{"@type":"ListItem","position":1,"name":"Accueil","item":"https:\/\/nolimit-aventure.com\/montargis\/"},{"@type":"ListItem","position":2,"name":"Le parc"}]},{"@type":"WebSite","@id":"https:\/\/nolimit-aventure.com\/montargis\/#website","url":"https:\/\/nolimit-aventure.com\/montargis\/","name":"NoLimit Aventure Montargis","description":"","potentialAction":[{"@type":"SearchAction","target":{"@type":"EntryPoint","urlTemplate":"https:\/\/nolimit-aventure.com\/montargis\/?s={search_term_string}"},"query-input":{"@type":"PropertyValueSpecification","valueRequired":true,"valueName":"search_term_string"}}],"inLanguage":"fr-FR"}]}},"_links":{"self":[{"href":"https:\/\/nolimit-aventure.com\/montargis\/wp-json\/wp\/v2\/pages\/24","targetHints":{"allow":["GET"]}}],"collection":[{"href":"https:\/\/nolimit-aventure.com\/montargis\/wp-json\/wp\/v2\/pages"}],"about":[{"href":"https:\/\/nolimit-aventure.com\/montargis\/wp-json\/wp\/v2\/types\/page"}],"author":[{"embeddable":true,"href":"https:\/\/nolimit-aventure.com\/montargis\/wp-json\/wp\/v2\/users\/1"}],"replies":[{"embeddable":true,"href":"https:\/\/nolimit-aventure.com\/montargis\/wp-json\/wp\/v2\/comments?post=24"}],"version-history":[{"count":23,"href":"https:\/\/nolimit-aventure.com\/montargis\/wp-json\/wp\/v2\/pages\/24\/revisions"}],"predecessor-version":[{"id":7340,"href":"https:\/\/nolimit-aventure.com\/montargis\/wp-json\/wp\/v2\/pages\/24\/revisions\/7340"}],"wp:attachment":[{"href":"https:\/\/nolimit-aventure.com\/montargis\/wp-json\/wp\/v2\/media?parent=24"}],"curies":[{"name":"wp","href":"https:\/\/api.w.org\/{rel}","templated":true}]}}