{"id":3466,"date":"2017-06-08T10:27:01","date_gmt":"2017-06-08T08:27:01","guid":{"rendered":"https:\/\/nolimit-aventure.com\/montargis\/?page_id=3466"},"modified":"2024-04-17T14:06:47","modified_gmt":"2024-04-17T12:06:47","slug":"billetterie","status":"publish","type":"page","link":"https:\/\/nolimit-aventure.com\/montargis\/billetterie\/","title":{"rendered":"Billetterie C.E"},"content":{"rendered":"<div id=\"pl-3466\"  class=\"panel-layout\" ><div id=\"pg-3466-0\"  class=\"panel-grid panel-no-style\" ><div id=\"pgc-3466-0-0\"  class=\"panel-grid-cell\" ><div id=\"panel-3466-0-0-0\" class=\"so-panel widget widget_sow-editor panel-first-child panel-last-child\" data-index=\"0\" ><div\n\t\t\t\n\t\t\tclass=\"so-widget-sow-editor so-widget-sow-editor-base\"\n\t\t\t\n\t\t>\n<div class=\"siteorigin-widget-tinymce textwidget\">\n\t<p><img loading=\"lazy\" decoding=\"async\" class=\"alignnone wp-image-7180 size-full\" src=\"https:\/\/nolimit-aventure.com\/montargis\/wp-content\/uploads\/2024\/04\/bandeau-CE-Site.jpg\" alt=\"\" width=\"1024\" height=\"396\" srcset=\"https:\/\/nolimit-aventure.com\/montargis\/wp-content\/uploads\/2024\/04\/bandeau-CE-Site.jpg 1024w, https:\/\/nolimit-aventure.com\/montargis\/wp-content\/uploads\/2024\/04\/bandeau-CE-Site-300x116.jpg 300w, https:\/\/nolimit-aventure.com\/montargis\/wp-content\/uploads\/2024\/04\/bandeau-CE-Site-768x297.jpg 768w\" sizes=\"auto, (max-width: 1024px) 100vw, 1024px\" \/><\/p>\n<p>Concept unique et novateur de billetterie, r\u00e9serv\u00e9 aux <strong>comit\u00e9s d'entreprise, :<\/strong><\/p>\n<h2><strong>Nolimit Aventure lance sa propre campagne de billeterie destin\u00e9e aux comit\u00e9s d'entreprise , sous la forme de d\u00e9p\u00f4t-vente<\/strong>.<\/h2>\n<p>Cette billeterie est innovante, avantageuse, simple et \u00e9conomique.<\/p>\n<p>Acteur majeur et exploitant de nos propres sites de loisirs, nous sommes en mesure de vous faire profiter d\u2019une offre incomparable et de qualit\u00e9 sur le march\u00e9 du loisir en Ile de France.<\/p>\n<p>Profitez de cette offre exceptionnelle pour d\u00e9couvrir ou red\u00e9couvrir l'accrobranche et le paintball<\/p>\n<p>Quels sont vos avantages :<\/p>\n<ul>\n<li>B\u00e9n\u00e9ficiez de r\u00e9duction exceptionnels.<\/li>\n<li>Syst\u00e8me de d\u00e9p\u00f4t vente pas de tr\u00e9soreries a avanc\u00e9.<\/li>\n<li>Des activit\u00e9s pour les grands et les petits.<\/li>\n<li>Acc\u00e8s \u00e0 nos 12 parcours d'accrobranche et nos 8 terrains de paintball.<\/li>\n<li>Utilisation simple et pratique.<\/li>\n<\/ul>\n<p>N'h\u00e9sitez plus et faites le plein de sensations fortes!<br \/>\nDemandez <a title=\"Demande de brochure\" href=\"https:\/\/nolimit-aventure.com\/montargis\/infos-contact\/\">votre brochure<\/a>.<\/p>\n<\/div>\n<\/div><\/div><\/div><\/div><\/div>","protected":false},"excerpt":{"rendered":"<p>Concept unique et novateur de billetterie, r\u00e9serv\u00e9 aux comit\u00e9s d&rsquo;entreprise, : Nolimit Aventure lance sa propre campagne de billeterie destin\u00e9e aux comit\u00e9s d&rsquo;entreprise , sous la forme de d\u00e9p\u00f4t-vente. Cette billeterie est innovante, avantageuse, simple et \u00e9conomique. Acteur majeur et exploitant de nos propres sites de loisirs, nous sommes en mesure de vous faire profiter &hellip;<\/p>\n","protected":false},"author":1,"featured_media":0,"parent":0,"menu_order":0,"comment_status":"closed","ping_status":"closed","template":"","meta":{"_acf_changed":false,"footnotes":""},"class_list":{"0":"post-3466","1":"page","2":"type-page","3":"status-publish","5":"clearfix","6":"article"},"acf":[],"yoast_head":"<!-- This site is optimized with the Yoast SEO plugin v27.6 - https:\/\/yoast.com\/product\/yoast-seo-wordpress\/ -->\n<title>Billetterie C.E - NoLimit Aventure Montargis<\/title>\n<meta name=\"description\" content=\"Profitez d&#039;une offre exceptionnelle pour d\u00e9couvrir ou red\u00e9couvrir l&#039;accrobranche et le paintball sur les plus grand parc proche de paris.\" \/>\n<meta name=\"robots\" content=\"index, follow, max-snippet:-1, max-image-preview:large, max-video-preview:-1\" \/>\n<link rel=\"canonical\" href=\"https:\/\/nolimit-aventure.com\/montargis\/billetterie\/\" \/>\n<meta property=\"og:locale\" content=\"fr_FR\" \/>\n<meta property=\"og:type\" content=\"article\" \/>\n<meta property=\"og:title\" content=\"Billetterie C.E - NoLimit Aventure Montargis\" \/>\n<meta property=\"og:description\" content=\"Profitez d&#039;une offre exceptionnelle pour d\u00e9couvrir ou red\u00e9couvrir l&#039;accrobranche et le paintball sur les plus grand parc proche de paris.\" \/>\n<meta property=\"og:url\" content=\"https:\/\/nolimit-aventure.com\/montargis\/billetterie\/\" \/>\n<meta property=\"og:site_name\" content=\"NoLimit Aventure Montargis\" \/>\n<meta property=\"article:modified_time\" content=\"2024-04-17T12:06:47+00:00\" \/>\n<meta property=\"og:image\" content=\"https:\/\/nolimit-aventure.com\/montargis\/wp-content\/uploads\/2024\/04\/bandeau-CE-Site.jpg\" \/>\n<meta name=\"twitter:card\" content=\"summary_large_image\" \/>\n<meta name=\"twitter:label1\" content=\"Dur\u00e9e de lecture estim\u00e9e\" \/>\n\t<meta name=\"twitter:data1\" content=\"1 minute\" \/>\n<script type=\"application\/ld+json\" class=\"yoast-schema-graph\">{\"@context\":\"https:\\\/\\\/schema.org\",\"@graph\":[{\"@type\":\"WebPage\",\"@id\":\"https:\\\/\\\/nolimit-aventure.com\\\/montargis\\\/billetterie\\\/\",\"url\":\"https:\\\/\\\/nolimit-aventure.com\\\/montargis\\\/billetterie\\\/\",\"name\":\"Billetterie C.E - NoLimit Aventure Montargis\",\"isPartOf\":{\"@id\":\"https:\\\/\\\/nolimit-aventure.com\\\/montargis\\\/#website\"},\"primaryImageOfPage\":{\"@id\":\"https:\\\/\\\/nolimit-aventure.com\\\/montargis\\\/billetterie\\\/#primaryimage\"},\"image\":{\"@id\":\"https:\\\/\\\/nolimit-aventure.com\\\/montargis\\\/billetterie\\\/#primaryimage\"},\"thumbnailUrl\":\"https:\\\/\\\/nolimit-aventure.com\\\/montargis\\\/wp-content\\\/uploads\\\/2024\\\/04\\\/bandeau-CE-Site.jpg\",\"datePublished\":\"2017-06-08T08:27:01+00:00\",\"dateModified\":\"2024-04-17T12:06:47+00:00\",\"description\":\"Profitez d'une offre exceptionnelle pour d\u00e9couvrir ou red\u00e9couvrir l'accrobranche et le paintball sur les plus grand parc proche de paris.\",\"breadcrumb\":{\"@id\":\"https:\\\/\\\/nolimit-aventure.com\\\/montargis\\\/billetterie\\\/#breadcrumb\"},\"inLanguage\":\"fr-FR\",\"potentialAction\":[{\"@type\":\"ReadAction\",\"target\":[\"https:\\\/\\\/nolimit-aventure.com\\\/montargis\\\/billetterie\\\/\"]}]},{\"@type\":\"ImageObject\",\"inLanguage\":\"fr-FR\",\"@id\":\"https:\\\/\\\/nolimit-aventure.com\\\/montargis\\\/billetterie\\\/#primaryimage\",\"url\":\"https:\\\/\\\/nolimit-aventure.com\\\/montargis\\\/wp-content\\\/uploads\\\/2024\\\/04\\\/bandeau-CE-Site.jpg\",\"contentUrl\":\"https:\\\/\\\/nolimit-aventure.com\\\/montargis\\\/wp-content\\\/uploads\\\/2024\\\/04\\\/bandeau-CE-Site.jpg\",\"width\":1024,\"height\":396},{\"@type\":\"BreadcrumbList\",\"@id\":\"https:\\\/\\\/nolimit-aventure.com\\\/montargis\\\/billetterie\\\/#breadcrumb\",\"itemListElement\":[{\"@type\":\"ListItem\",\"position\":1,\"name\":\"Accueil\",\"item\":\"https:\\\/\\\/nolimit-aventure.com\\\/montargis\\\/\"},{\"@type\":\"ListItem\",\"position\":2,\"name\":\"Billetterie C.E\"}]},{\"@type\":\"WebSite\",\"@id\":\"https:\\\/\\\/nolimit-aventure.com\\\/montargis\\\/#website\",\"url\":\"https:\\\/\\\/nolimit-aventure.com\\\/montargis\\\/\",\"name\":\"NoLimit Aventure Montargis\",\"description\":\"\",\"potentialAction\":[{\"@type\":\"SearchAction\",\"target\":{\"@type\":\"EntryPoint\",\"urlTemplate\":\"https:\\\/\\\/nolimit-aventure.com\\\/montargis\\\/?s={search_term_string}\"},\"query-input\":{\"@type\":\"PropertyValueSpecification\",\"valueRequired\":true,\"valueName\":\"search_term_string\"}}],\"inLanguage\":\"fr-FR\"}]}<\/script>\n<!-- \/ Yoast SEO plugin. -->","yoast_head_json":{"title":"Billetterie C.E - NoLimit Aventure Montargis","description":"Profitez d'une offre exceptionnelle pour d\u00e9couvrir ou red\u00e9couvrir l'accrobranche et le paintball sur les plus grand parc proche de paris.","robots":{"index":"index","follow":"follow","max-snippet":"max-snippet:-1","max-image-preview":"max-image-preview:large","max-video-preview":"max-video-preview:-1"},"canonical":"https:\/\/nolimit-aventure.com\/montargis\/billetterie\/","og_locale":"fr_FR","og_type":"article","og_title":"Billetterie C.E - NoLimit Aventure Montargis","og_description":"Profitez d'une offre exceptionnelle pour d\u00e9couvrir ou red\u00e9couvrir l'accrobranche et le paintball sur les plus grand parc proche de paris.","og_url":"https:\/\/nolimit-aventure.com\/montargis\/billetterie\/","og_site_name":"NoLimit Aventure Montargis","article_modified_time":"2024-04-17T12:06:47+00:00","og_image":[{"url":"https:\/\/nolimit-aventure.com\/montargis\/wp-content\/uploads\/2024\/04\/bandeau-CE-Site.jpg","type":"","width":"","height":""}],"twitter_card":"summary_large_image","twitter_misc":{"Dur\u00e9e de lecture estim\u00e9e":"1 minute"},"schema":{"@context":"https:\/\/schema.org","@graph":[{"@type":"WebPage","@id":"https:\/\/nolimit-aventure.com\/montargis\/billetterie\/","url":"https:\/\/nolimit-aventure.com\/montargis\/billetterie\/","name":"Billetterie C.E - NoLimit Aventure Montargis","isPartOf":{"@id":"https:\/\/nolimit-aventure.com\/montargis\/#website"},"primaryImageOfPage":{"@id":"https:\/\/nolimit-aventure.com\/montargis\/billetterie\/#primaryimage"},"image":{"@id":"https:\/\/nolimit-aventure.com\/montargis\/billetterie\/#primaryimage"},"thumbnailUrl":"https:\/\/nolimit-aventure.com\/montargis\/wp-content\/uploads\/2024\/04\/bandeau-CE-Site.jpg","datePublished":"2017-06-08T08:27:01+00:00","dateModified":"2024-04-17T12:06:47+00:00","description":"Profitez d'une offre exceptionnelle pour d\u00e9couvrir ou red\u00e9couvrir l'accrobranche et le paintball sur les plus grand parc proche de paris.","breadcrumb":{"@id":"https:\/\/nolimit-aventure.com\/montargis\/billetterie\/#breadcrumb"},"inLanguage":"fr-FR","potentialAction":[{"@type":"ReadAction","target":["https:\/\/nolimit-aventure.com\/montargis\/billetterie\/"]}]},{"@type":"ImageObject","inLanguage":"fr-FR","@id":"https:\/\/nolimit-aventure.com\/montargis\/billetterie\/#primaryimage","url":"https:\/\/nolimit-aventure.com\/montargis\/wp-content\/uploads\/2024\/04\/bandeau-CE-Site.jpg","contentUrl":"https:\/\/nolimit-aventure.com\/montargis\/wp-content\/uploads\/2024\/04\/bandeau-CE-Site.jpg","width":1024,"height":396},{"@type":"BreadcrumbList","@id":"https:\/\/nolimit-aventure.com\/montargis\/billetterie\/#breadcrumb","itemListElement":[{"@type":"ListItem","position":1,"name":"Accueil","item":"https:\/\/nolimit-aventure.com\/montargis\/"},{"@type":"ListItem","position":2,"name":"Billetterie C.E"}]},{"@type":"WebSite","@id":"https:\/\/nolimit-aventure.com\/montargis\/#website","url":"https:\/\/nolimit-aventure.com\/montargis\/","name":"NoLimit Aventure Montargis","description":"","potentialAction":[{"@type":"SearchAction","target":{"@type":"EntryPoint","urlTemplate":"https:\/\/nolimit-aventure.com\/montargis\/?s={search_term_string}"},"query-input":{"@type":"PropertyValueSpecification","valueRequired":true,"valueName":"search_term_string"}}],"inLanguage":"fr-FR"}]}},"_links":{"self":[{"href":"https:\/\/nolimit-aventure.com\/montargis\/wp-json\/wp\/v2\/pages\/3466","targetHints":{"allow":["GET"]}}],"collection":[{"href":"https:\/\/nolimit-aventure.com\/montargis\/wp-json\/wp\/v2\/pages"}],"about":[{"href":"https:\/\/nolimit-aventure.com\/montargis\/wp-json\/wp\/v2\/types\/page"}],"author":[{"embeddable":true,"href":"https:\/\/nolimit-aventure.com\/montargis\/wp-json\/wp\/v2\/users\/1"}],"replies":[{"embeddable":true,"href":"https:\/\/nolimit-aventure.com\/montargis\/wp-json\/wp\/v2\/comments?post=3466"}],"version-history":[{"count":10,"href":"https:\/\/nolimit-aventure.com\/montargis\/wp-json\/wp\/v2\/pages\/3466\/revisions"}],"predecessor-version":[{"id":7182,"href":"https:\/\/nolimit-aventure.com\/montargis\/wp-json\/wp\/v2\/pages\/3466\/revisions\/7182"}],"wp:attachment":[{"href":"https:\/\/nolimit-aventure.com\/montargis\/wp-json\/wp\/v2\/media?parent=3466"}],"curies":[{"name":"wp","href":"https:\/\/api.w.org\/{rel}","templated":true}]}}