{"id":7165,"date":"2024-04-16T15:45:29","date_gmt":"2024-04-16T13:45:29","guid":{"rendered":"https:\/\/nolimit-aventure.com\/montargis\/?page_id=7165"},"modified":"2024-06-13T14:05:22","modified_gmt":"2024-06-13T12:05:22","slug":"pass-multi-activite","status":"publish","type":"page","link":"https:\/\/nolimit-aventure.com\/montargis\/pass-multi-activite\/","title":{"rendered":"Pass Multi Activit\u00e9"},"content":{"rendered":"<div id=\"pl-7165\"  class=\"panel-layout\" ><div id=\"pg-7165-0\"  class=\"panel-grid panel-no-style\" ><div id=\"pgc-7165-0-0\"  class=\"panel-grid-cell\" ><div id=\"panel-7165-0-0-0\" class=\"so-panel widget widget_sow-editor panel-first-child panel-last-child\" data-index=\"0\" ><div\n\t\t\t\n\t\t\tclass=\"so-widget-sow-editor so-widget-sow-editor-base\"\n\t\t\t\n\t\t>\n<div class=\"siteorigin-widget-tinymce textwidget\">\n\t<h2>Une pause vivifiante au c\u0153ur de la nature<\/h2>\n<\/div>\n<\/div><\/div><\/div><\/div><div id=\"pg-7165-1\"  class=\"panel-grid panel-no-style\" ><div id=\"pgc-7165-1-0\"  class=\"panel-grid-cell\" ><div id=\"panel-7165-1-0-0\" class=\"so-panel widget widget_sow-editor panel-first-child panel-last-child\" data-index=\"1\" ><div\n\t\t\t\n\t\t\tclass=\"so-widget-sow-editor so-widget-sow-editor-base\"\n\t\t\t\n\t\t>\n<div class=\"siteorigin-widget-tinymce textwidget\">\n\t<div class=\"flex-1 overflow-hidden\">\n<div class=\"react-scroll-to-bottom--css-nhiqx-79elbk h-full\">\n<div class=\"react-scroll-to-bottom--css-nhiqx-1n7m0yu\">\n<div class=\"flex flex-col text-sm pb-9\">\n<div class=\"w-full text-token-text-primary\" dir=\"auto\" data-testid=\"conversation-turn-5\">\n<div class=\"px-4 py-2 justify-center text-base md:gap-6 m-auto\">\n<div class=\"flex flex-1 text-base mx-auto gap-3 juice:gap-4 juice:md:gap-6 md:px-5 lg:px-1 xl:px-5 md:max-w-3xl lg:max-w-[40rem] xl:max-w-[48rem]\">\n<div class=\"relative flex w-full flex-col agent-turn\">\n<div class=\"flex-col gap-1 md:gap-3\">\n<div class=\"flex flex-grow flex-col max-w-full\">\n<div class=\"min-h-[20px] text-message flex flex-col items-start gap-3 whitespace-pre-wrap break-words [.text-message+&amp;]:mt-5 overflow-x-auto\" dir=\"auto\" data-message-author-role=\"assistant\" data-message-id=\"08cdc776-f31e-4d4e-82ce-05d35b88078e\">\n<div class=\"markdown prose w-full break-words dark:prose-invert light\">\n<p>Cette offre con\u00e7ue pour \u00e9chapper au tumulte de la ville repose sur quatre piliers : \u00e9vasion, d\u00e9tente, plaisir et nature !<\/p>\n<p>D\u00e9couvrez la beaut\u00e9 \u00e9poustouflante du paysage unique de Montargis !<\/p>\n<p>Commencez votre journ\u00e9e par l'\u00e9l\u00e9ment de l'Eau, continuez l'apr\u00e8s-midi avec l'Air, et terminez sur la Terre pour savourer les plaisirs d'une magnifique journ\u00e9e ensoleill\u00e9e !<\/p>\n<\/div>\n<\/div>\n<\/div>\n<div class=\"mt-1 flex gap-3 empty:hidden\">\n<div class=\"text-gray-400 flex self-end lg:self-center items-center justify-center lg:justify-start mt-0 -ml-1 h-7 gap-[2px] visible\">\n<div class=\"flex items-center gap-1.5 text-xs\"><\/div>\n<div class=\"flex\"><\/div>\n<\/div>\n<\/div>\n<div class=\"pr-2 lg:pr-0\"><\/div>\n<\/div>\n<div class=\"absolute\">\n<div class=\"flex w-full gap-2 items-center justify-center\"><\/div>\n<\/div>\n<\/div>\n<\/div>\n<\/div>\n<\/div>\n<\/div>\n<\/div>\n<\/div>\n<\/div>\n<div class=\"w-full pt-2 md:pt-0 dark:border-white\/20 md:border-transparent md:dark:border-transparent md:w-[calc(100%-.5rem)]\">\n<form class=\"stretch mx-2 flex flex-row gap-3 last:mb-2 md:mx-4 md:last:mb-6 lg:mx-auto lg:max-w-2xl xl:max-w-3xl\">\n<div class=\"relative flex h-full flex-1 flex-col\">\n<div class=\"absolute bottom-full left-0 right-0\"><\/div>\n<div class=\"flex w-full items-center\"><\/div>\n<\/div>\n<\/form>\n<\/div>\n<\/div>\n<\/div><\/div><\/div><div id=\"pgc-7165-1-1\"  class=\"panel-grid-cell\" ><div id=\"panel-7165-1-1-0\" class=\"so-panel widget widget_sow-editor panel-first-child\" data-index=\"2\" ><div\n\t\t\t\n\t\t\tclass=\"so-widget-sow-editor so-widget-sow-editor-base\"\n\t\t\t\n\t\t>\n<div class=\"siteorigin-widget-tinymce textwidget\">\n\t<div id='gallery-1' class='gallery galleryid-7165 gallery-columns-3 gallery-size-thumbnail'><figure class='gallery-item'>\n\t\t\t<div class='gallery-icon landscape'>\n\t\t\t\t<a href='https:\/\/nolimit-aventure.com\/montargis\/parcours-aventure-45\/'><img loading=\"lazy\" decoding=\"async\" width=\"150\" height=\"150\" src=\"https:\/\/nolimit-aventure.com\/montargis\/wp-content\/uploads\/2017\/07\/parcours-aventure-45-150x150.jpg\" class=\"attachment-thumbnail size-thumbnail\" alt=\"\" srcset=\"https:\/\/nolimit-aventure.com\/montargis\/wp-content\/uploads\/2017\/07\/parcours-aventure-45-150x150.jpg 150w, https:\/\/nolimit-aventure.com\/montargis\/wp-content\/uploads\/2017\/07\/parcours-aventure-45-180x180.jpg 180w, https:\/\/nolimit-aventure.com\/montargis\/wp-content\/uploads\/2017\/07\/parcours-aventure-45-300x300.jpg 300w\" sizes=\"auto, (max-width: 150px) 100vw, 150px\" \/><\/a>\n\t\t\t<\/div><\/figure><figure class='gallery-item'>\n\t\t\t<div class='gallery-icon landscape'>\n\t\t\t\t<a href='https:\/\/nolimit-aventure.com\/montargis\/laser-game-aniversaire\/'><img loading=\"lazy\" decoding=\"async\" width=\"150\" height=\"150\" src=\"https:\/\/nolimit-aventure.com\/montargis\/wp-content\/uploads\/2022\/04\/laser-game-aniversaire-150x150.jpg\" class=\"attachment-thumbnail size-thumbnail\" alt=\"\" srcset=\"https:\/\/nolimit-aventure.com\/montargis\/wp-content\/uploads\/2022\/04\/laser-game-aniversaire-150x150.jpg 150w, https:\/\/nolimit-aventure.com\/montargis\/wp-content\/uploads\/2022\/04\/laser-game-aniversaire-300x300.jpg 300w, https:\/\/nolimit-aventure.com\/montargis\/wp-content\/uploads\/2022\/04\/laser-game-aniversaire-100x100.jpg 100w\" sizes=\"auto, (max-width: 150px) 100vw, 150px\" \/><\/a>\n\t\t\t<\/div><\/figure><figure class='gallery-item'>\n\t\t\t<div class='gallery-icon landscape'>\n\t\t\t\t<a href='https:\/\/nolimit-aventure.com\/montargis\/activite\/paintball\/evg-paintball-45\/'><img loading=\"lazy\" decoding=\"async\" width=\"150\" height=\"150\" src=\"https:\/\/nolimit-aventure.com\/montargis\/wp-content\/uploads\/2017\/05\/evg-paintball-45-150x150.jpg\" class=\"attachment-thumbnail size-thumbnail\" alt=\"\" srcset=\"https:\/\/nolimit-aventure.com\/montargis\/wp-content\/uploads\/2017\/05\/evg-paintball-45-150x150.jpg 150w, https:\/\/nolimit-aventure.com\/montargis\/wp-content\/uploads\/2017\/05\/evg-paintball-45-180x180.jpg 180w, https:\/\/nolimit-aventure.com\/montargis\/wp-content\/uploads\/2017\/05\/evg-paintball-45-300x300.jpg 300w\" sizes=\"auto, (max-width: 150px) 100vw, 150px\" \/><\/a>\n\t\t\t<\/div><\/figure><figure class='gallery-item'>\n\t\t\t<div class='gallery-icon landscape'>\n\t\t\t\t<a href='https:\/\/nolimit-aventure.com\/montargis\/activite\/escape-game\/tir-a-larc-2\/'><img loading=\"lazy\" decoding=\"async\" width=\"150\" height=\"150\" src=\"https:\/\/nolimit-aventure.com\/montargis\/wp-content\/uploads\/2017\/05\/tir-a-larc-150x150.jpg\" class=\"attachment-thumbnail size-thumbnail\" alt=\"\" srcset=\"https:\/\/nolimit-aventure.com\/montargis\/wp-content\/uploads\/2017\/05\/tir-a-larc-150x150.jpg 150w, https:\/\/nolimit-aventure.com\/montargis\/wp-content\/uploads\/2017\/05\/tir-a-larc-180x180.jpg 180w, https:\/\/nolimit-aventure.com\/montargis\/wp-content\/uploads\/2017\/05\/tir-a-larc-300x300.jpg 300w, https:\/\/nolimit-aventure.com\/montargis\/wp-content\/uploads\/2017\/05\/tir-a-larc-600x600.jpg 600w\" sizes=\"auto, (max-width: 150px) 100vw, 150px\" \/><\/a>\n\t\t\t<\/div><\/figure><figure class='gallery-item'>\n\t\t\t<div class='gallery-icon landscape'>\n\t\t\t\t<a href='https:\/\/nolimit-aventure.com\/montargis\/activite\/combat-de-sumo\/evg-combat-de-sumo\/'><img loading=\"lazy\" decoding=\"async\" width=\"150\" height=\"150\" src=\"https:\/\/nolimit-aventure.com\/montargis\/wp-content\/uploads\/2017\/05\/evg-combat-de-sumo-150x150.jpg\" class=\"attachment-thumbnail size-thumbnail\" alt=\"\" srcset=\"https:\/\/nolimit-aventure.com\/montargis\/wp-content\/uploads\/2017\/05\/evg-combat-de-sumo-150x150.jpg 150w, https:\/\/nolimit-aventure.com\/montargis\/wp-content\/uploads\/2017\/05\/evg-combat-de-sumo-180x180.jpg 180w, https:\/\/nolimit-aventure.com\/montargis\/wp-content\/uploads\/2017\/05\/evg-combat-de-sumo-300x300.jpg 300w\" sizes=\"auto, (max-width: 150px) 100vw, 150px\" \/><\/a>\n\t\t\t<\/div><\/figure><figure class='gallery-item'>\n\t\t\t<div class='gallery-icon landscape'>\n\t\t\t\t<a href='https:\/\/nolimit-aventure.com\/montargis\/nos-formules\/passextrem\/formule-accrobranche\/'><img loading=\"lazy\" decoding=\"async\" width=\"150\" height=\"150\" src=\"https:\/\/nolimit-aventure.com\/montargis\/wp-content\/uploads\/2017\/05\/formule-accrobranche-150x150.jpg\" class=\"attachment-thumbnail size-thumbnail\" alt=\"\" srcset=\"https:\/\/nolimit-aventure.com\/montargis\/wp-content\/uploads\/2017\/05\/formule-accrobranche-150x150.jpg 150w, https:\/\/nolimit-aventure.com\/montargis\/wp-content\/uploads\/2017\/05\/formule-accrobranche-180x180.jpg 180w, https:\/\/nolimit-aventure.com\/montargis\/wp-content\/uploads\/2017\/05\/formule-accrobranche-300x300.jpg 300w\" sizes=\"auto, (max-width: 150px) 100vw, 150px\" \/><\/a>\n\t\t\t<\/div><\/figure>\n\t\t<\/div>\n\n<\/div>\n<\/div><\/div><div id=\"panel-7165-1-1-1\" class=\"so-panel widget widget_pw_call_to_action widget-call-to-action panel-last-child\" data-index=\"3\" ><div class=\"panel-widget-style panel-widget-style-for-7165-1-1-1\" >\t\t\t\t<div class=\"call-to-action\">\n\t\t\t\t\t<div class=\"call-to-action__text\">\n\t\t\t\t\t\t<h2 class=\"call-to-action__title\">\n\t\t\t\t\t\t\tR\u00e9servations\t\t\t\t\t\t<\/h2>\n\t\t\t\t\t\t\t\t\t\t\t\t<p class=\"call-to-action__subtitle\">\n\t\t\t\t\t\t\tToute l'ann\u00e9e sur r\u00e9servation\t\t\t\t\t\t<\/p>\n\t\t\t\t\t\t\t\t\t\t\t<\/div>\n\t\t\t\t\t<div class=\"call-to-action__button\">\n\t\t\t\t\t\t<a class=\"btn  btn-outline-light\" href=\"https:\/\/nolimit-aventure.qweekle.com\/shop\/nolimit-aventure-montargis\/pass-multi-activites?lang=fr\" target=\"_self\"> R\u00e9server<\/a>\t\t\t\t\t<\/div>\n\t\t\t\t<\/div>\n\t\t\t<\/div><\/div><\/div><\/div><div id=\"pg-7165-2\"  class=\"panel-grid panel-no-style\" ><div id=\"pgc-7165-2-0\"  class=\"panel-grid-cell\" ><div id=\"panel-7165-2-0-0\" class=\"so-panel widget widget_sow-editor panel-first-child panel-last-child\" data-index=\"4\" ><div\n\t\t\t\n\t\t\tclass=\"so-widget-sow-editor so-widget-sow-editor-base\"\n\t\t\t\n\t\t><h3 class=\"widget-title\"><span class=\"widget-title__inline\"><span class=\"widget-title__inline\">Tarifs 2024<\/span><\/span><\/h3>\n<div class=\"siteorigin-widget-tinymce textwidget\">\n\t<div class=\"siteorigin-widget-tinymce textwidget\">\n<hr \/>\n<p style=\"font-size: 16px;\"><span style=\"color: #2e3b4e;\"> \u00a0 <span style=\"color: #eb700f;\"><strong>Adultes\u00a0<\/strong><\/span><\/span><\/p>\n<p style=\"font-size: 16px;\"><span style=\"color: #003366;\"><strong>2 <\/strong><\/span><span style=\"color: #003366;\"><strong>activit\u00e9<\/strong> 38<em>\u00a0\u20ac<\/em> | <strong>3 Activit\u00e9s<\/strong> = <em>53 \u20ac<\/em>\u00a0<\/span><\/p>\n<hr \/>\n<p style=\"font-size: 16px;\"><span style=\"color: #2e3b4e;\"> \u00a0 <span style=\"color: #eb700f;\"><strong>Juniors (15 \u00e0 20 ans)\u00a0<\/strong><\/span><\/span><\/p>\n<p style=\"font-size: 16px;\"><span style=\"color: #2e3b4e;\"><span style=\"color: #003366;\"><strong>2 activit\u00e9s = <\/strong>33<em>\u00a0\u20ac <\/em><strong>| 3 activit\u00e9s = <\/strong>48 <em>\u20ac\u00a0<\/em><\/span><\/span><\/p>\n<hr \/>\n<p style=\"font-size: 16px;\"><span style=\"color: #2e3b4e;\"> \u00a0 <span style=\"color: #eb700f;\"><strong>Enfants (<em>6 \u00e0 14 ans) |\u00a0<\/em><\/strong><\/span><\/span><\/p>\n<p style=\"font-size: 16px;\"><span style=\"color: #2e3b4e;\"><span style=\"color: #003366;\"><strong>2 activit\u00e9s = <\/strong><em>28 \u20ac<\/em><strong> | 3 activit\u00e9s = <\/strong><em>43 \u20ac<\/em><strong>\u00a0<\/strong><\/span><\/span><\/p>\n<hr \/>\n<p>&nbsp;<\/p>\n<\/div>\n<\/div>\n<\/div><\/div><\/div><\/div><div id=\"pg-7165-3\"  class=\"panel-grid panel-no-style\" ><div id=\"pgc-7165-3-0\"  class=\"panel-grid-cell\" ><div id=\"panel-7165-3-0-0\" class=\"so-panel widget widget_sow-editor panel-first-child panel-last-child\" data-index=\"5\" ><div\n\t\t\t\n\t\t\tclass=\"so-widget-sow-editor so-widget-sow-editor-base\"\n\t\t\t\n\t\t>\n<div class=\"siteorigin-widget-tinymce textwidget\">\n\t<h4><span style=\"color: #eb700f;\">Combat de Sumo<\/span><\/h4>\n<p><img loading=\"lazy\" decoding=\"async\" class=\"alignnone size-medium wp-image-3708\" src=\"https:\/\/nolimit-aventure.com\/montargis\/wp-content\/uploads\/2017\/05\/combat-de-sumo-300x144.jpg\" alt=\"\" width=\"300\" height=\"144\" srcset=\"https:\/\/nolimit-aventure.com\/montargis\/wp-content\/uploads\/2017\/05\/combat-de-sumo-300x144.jpg 300w, https:\/\/nolimit-aventure.com\/montargis\/wp-content\/uploads\/2017\/05\/combat-de-sumo-768x368.jpg 768w, https:\/\/nolimit-aventure.com\/montargis\/wp-content\/uploads\/2017\/05\/combat-de-sumo-1024x490.jpg 1024w, https:\/\/nolimit-aventure.com\/montargis\/wp-content\/uploads\/2017\/05\/combat-de-sumo-710x340.jpg 710w, https:\/\/nolimit-aventure.com\/montargis\/wp-content\/uploads\/2017\/05\/combat-de-sumo-355x170.jpg 355w, https:\/\/nolimit-aventure.com\/montargis\/wp-content\/uploads\/2017\/05\/combat-de-sumo.jpg 1420w\" sizes=\"auto, (max-width: 300px) 100vw, 300px\" \/><\/p>\n<p>Rassemblez vous et d\u00e9fiez vous dans des combats \u00e9piques !<\/p>\n<\/div>\n<\/div><\/div><\/div><div id=\"pgc-7165-3-1\"  class=\"panel-grid-cell\" ><div id=\"panel-7165-3-1-0\" class=\"so-panel widget widget_sow-editor panel-first-child panel-last-child\" data-index=\"6\" ><div\n\t\t\t\n\t\t\tclass=\"so-widget-sow-editor so-widget-sow-editor-base\"\n\t\t\t\n\t\t>\n<div class=\"siteorigin-widget-tinymce textwidget\">\n\t<h4><span style=\"color: #eb700f;\">Accrobranche \u00a0 \u00a0\u00a0<\/span><\/h4>\n<p><img loading=\"lazy\" decoding=\"async\" class=\" wp-image-3756 aligncenter\" src=\"https:\/\/nolimit-aventure.com\/montargis\/wp-content\/uploads\/2017\/05\/formule-accrobranche-300x139.jpg\" alt=\"\" width=\"412\" height=\"191\" srcset=\"https:\/\/nolimit-aventure.com\/montargis\/wp-content\/uploads\/2017\/05\/formule-accrobranche-300x139.jpg 300w, https:\/\/nolimit-aventure.com\/montargis\/wp-content\/uploads\/2017\/05\/formule-accrobranche-768x356.jpg 768w, https:\/\/nolimit-aventure.com\/montargis\/wp-content\/uploads\/2017\/05\/formule-accrobranche.jpg 899w\" sizes=\"auto, (max-width: 412px) 100vw, 412px\" \/><\/p>\n<p>Acc\u00e8s \u00e0 l'ensemble des parcours accrobranche !<\/p>\n<\/div>\n<\/div><\/div><\/div><div id=\"pgc-7165-3-2\"  class=\"panel-grid-cell\" ><div id=\"panel-7165-3-2-0\" class=\"so-panel widget widget_sow-editor panel-first-child panel-last-child\" data-index=\"7\" ><div\n\t\t\t\n\t\t\tclass=\"so-widget-sow-editor so-widget-sow-editor-base\"\n\t\t\t\n\t\t>\n<div class=\"siteorigin-widget-tinymce textwidget\">\n\t<h4><span style=\"color: #eb700f;\">Escape Game<\/span><\/h4>\n<p><img loading=\"lazy\" decoding=\"async\" class=\"size-medium wp-image-7075 aligncenter\" src=\"https:\/\/nolimit-aventure.com\/montargis\/wp-content\/uploads\/2017\/05\/08052018-_DSC6387-1024x684-1-300x200.jpg\" alt=\"\" width=\"300\" height=\"200\" srcset=\"https:\/\/nolimit-aventure.com\/montargis\/wp-content\/uploads\/2017\/05\/08052018-_DSC6387-1024x684-1-300x200.jpg 300w, https:\/\/nolimit-aventure.com\/montargis\/wp-content\/uploads\/2017\/05\/08052018-_DSC6387-1024x684-1-768x513.jpg 768w, https:\/\/nolimit-aventure.com\/montargis\/wp-content\/uploads\/2017\/05\/08052018-_DSC6387-1024x684-1-272x182.jpg 272w, https:\/\/nolimit-aventure.com\/montargis\/wp-content\/uploads\/2017\/05\/08052018-_DSC6387-1024x684-1.jpg 1024w\" sizes=\"auto, (max-width: 300px) 100vw, 300px\" \/><br \/>\nEssayez vous a l'escape game ! Elucider des myst\u00e8res en groupe !<\/p>\n<\/div>\n<\/div><\/div><\/div><\/div><\/div>","protected":false},"excerpt":{"rendered":"<p>Une pause vivifiante au c\u0153ur de la nature Cette offre con\u00e7ue pour \u00e9chapper au tumulte de la ville repose sur quatre piliers : \u00e9vasion, d\u00e9tente, plaisir et nature ! D\u00e9couvrez la beaut\u00e9 \u00e9poustouflante du paysage unique de Montargis ! Commencez votre journ\u00e9e par l&rsquo;\u00e9l\u00e9ment de l&rsquo;Eau, continuez l&rsquo;apr\u00e8s-midi avec l&rsquo;Air, et terminez sur la Terre &hellip;<\/p>\n","protected":false},"author":4,"featured_media":7176,"parent":0,"menu_order":0,"comment_status":"closed","ping_status":"closed","template":"","meta":{"_acf_changed":false,"footnotes":""},"class_list":{"0":"post-7165","1":"page","2":"type-page","3":"status-publish","4":"has-post-thumbnail","6":"clearfix","7":"article"},"acf":[],"yoast_head":"<!-- This site is optimized with the Yoast SEO plugin v27.5 - https:\/\/yoast.com\/product\/yoast-seo-wordpress\/ -->\n<title>Pass Multi Activit\u00e9 - NoLimit Aventure Montargis<\/title>\n<meta name=\"robots\" content=\"index, follow, max-snippet:-1, max-image-preview:large, max-video-preview:-1\" \/>\n<link rel=\"canonical\" href=\"https:\/\/nolimit-aventure.com\/montargis\/pass-multi-activite\/\" \/>\n<meta property=\"og:locale\" content=\"fr_FR\" \/>\n<meta property=\"og:type\" content=\"article\" \/>\n<meta property=\"og:title\" content=\"Pass Multi Activit\u00e9 - NoLimit Aventure Montargis\" \/>\n<meta property=\"og:description\" content=\"Une pause vivifiante au c\u0153ur de la nature Cette offre con\u00e7ue pour \u00e9chapper au tumulte de la ville repose sur quatre piliers : \u00e9vasion, d\u00e9tente, plaisir et nature ! D\u00e9couvrez la beaut\u00e9 \u00e9poustouflante du paysage unique de Montargis ! Commencez votre journ\u00e9e par l&#039;\u00e9l\u00e9ment de l&#039;Eau, continuez l&#039;apr\u00e8s-midi avec l&#039;Air, et terminez sur la Terre &hellip;\" \/>\n<meta property=\"og:url\" content=\"https:\/\/nolimit-aventure.com\/montargis\/pass-multi-activite\/\" \/>\n<meta property=\"og:site_name\" content=\"NoLimit Aventure Montargis\" \/>\n<meta property=\"article:modified_time\" content=\"2024-06-13T12:05:22+00:00\" \/>\n<meta property=\"og:image\" content=\"https:\/\/nolimit-aventure.com\/montargis\/wp-content\/uploads\/2024\/04\/Multi-activites-6.png\" \/>\n\t<meta property=\"og:image:width\" content=\"867\" \/>\n\t<meta property=\"og:image:height\" content=\"437\" \/>\n\t<meta property=\"og:image:type\" content=\"image\/png\" \/>\n<meta name=\"twitter:card\" content=\"summary_large_image\" \/>\n<meta name=\"twitter:label1\" content=\"Dur\u00e9e de lecture estim\u00e9e\" \/>\n\t<meta name=\"twitter:data1\" content=\"3 minutes\" \/>\n<script type=\"application\/ld+json\" class=\"yoast-schema-graph\">{\"@context\":\"https:\\\/\\\/schema.org\",\"@graph\":[{\"@type\":\"WebPage\",\"@id\":\"https:\\\/\\\/nolimit-aventure.com\\\/montargis\\\/pass-multi-activite\\\/\",\"url\":\"https:\\\/\\\/nolimit-aventure.com\\\/montargis\\\/pass-multi-activite\\\/\",\"name\":\"Pass Multi Activit\u00e9 - NoLimit Aventure Montargis\",\"isPartOf\":{\"@id\":\"https:\\\/\\\/nolimit-aventure.com\\\/montargis\\\/#website\"},\"primaryImageOfPage\":{\"@id\":\"https:\\\/\\\/nolimit-aventure.com\\\/montargis\\\/pass-multi-activite\\\/#primaryimage\"},\"image\":{\"@id\":\"https:\\\/\\\/nolimit-aventure.com\\\/montargis\\\/pass-multi-activite\\\/#primaryimage\"},\"thumbnailUrl\":\"https:\\\/\\\/nolimit-aventure.com\\\/montargis\\\/wp-content\\\/uploads\\\/2024\\\/04\\\/Multi-activites-6.png\",\"datePublished\":\"2024-04-16T13:45:29+00:00\",\"dateModified\":\"2024-06-13T12:05:22+00:00\",\"breadcrumb\":{\"@id\":\"https:\\\/\\\/nolimit-aventure.com\\\/montargis\\\/pass-multi-activite\\\/#breadcrumb\"},\"inLanguage\":\"fr-FR\",\"potentialAction\":[{\"@type\":\"ReadAction\",\"target\":[\"https:\\\/\\\/nolimit-aventure.com\\\/montargis\\\/pass-multi-activite\\\/\"]}]},{\"@type\":\"ImageObject\",\"inLanguage\":\"fr-FR\",\"@id\":\"https:\\\/\\\/nolimit-aventure.com\\\/montargis\\\/pass-multi-activite\\\/#primaryimage\",\"url\":\"https:\\\/\\\/nolimit-aventure.com\\\/montargis\\\/wp-content\\\/uploads\\\/2024\\\/04\\\/Multi-activites-6.png\",\"contentUrl\":\"https:\\\/\\\/nolimit-aventure.com\\\/montargis\\\/wp-content\\\/uploads\\\/2024\\\/04\\\/Multi-activites-6.png\",\"width\":867,\"height\":437},{\"@type\":\"BreadcrumbList\",\"@id\":\"https:\\\/\\\/nolimit-aventure.com\\\/montargis\\\/pass-multi-activite\\\/#breadcrumb\",\"itemListElement\":[{\"@type\":\"ListItem\",\"position\":1,\"name\":\"Accueil\",\"item\":\"https:\\\/\\\/nolimit-aventure.com\\\/montargis\\\/\"},{\"@type\":\"ListItem\",\"position\":2,\"name\":\"Pass Multi Activit\u00e9\"}]},{\"@type\":\"WebSite\",\"@id\":\"https:\\\/\\\/nolimit-aventure.com\\\/montargis\\\/#website\",\"url\":\"https:\\\/\\\/nolimit-aventure.com\\\/montargis\\\/\",\"name\":\"NoLimit Aventure Montargis\",\"description\":\"\",\"potentialAction\":[{\"@type\":\"SearchAction\",\"target\":{\"@type\":\"EntryPoint\",\"urlTemplate\":\"https:\\\/\\\/nolimit-aventure.com\\\/montargis\\\/?s={search_term_string}\"},\"query-input\":{\"@type\":\"PropertyValueSpecification\",\"valueRequired\":true,\"valueName\":\"search_term_string\"}}],\"inLanguage\":\"fr-FR\"}]}<\/script>\n<!-- \/ Yoast SEO plugin. -->","yoast_head_json":{"title":"Pass Multi Activit\u00e9 - NoLimit Aventure Montargis","robots":{"index":"index","follow":"follow","max-snippet":"max-snippet:-1","max-image-preview":"max-image-preview:large","max-video-preview":"max-video-preview:-1"},"canonical":"https:\/\/nolimit-aventure.com\/montargis\/pass-multi-activite\/","og_locale":"fr_FR","og_type":"article","og_title":"Pass Multi Activit\u00e9 - NoLimit Aventure Montargis","og_description":"Une pause vivifiante au c\u0153ur de la nature Cette offre con\u00e7ue pour \u00e9chapper au tumulte de la ville repose sur quatre piliers : \u00e9vasion, d\u00e9tente, plaisir et nature ! D\u00e9couvrez la beaut\u00e9 \u00e9poustouflante du paysage unique de Montargis ! Commencez votre journ\u00e9e par l'\u00e9l\u00e9ment de l'Eau, continuez l'apr\u00e8s-midi avec l'Air, et terminez sur la Terre &hellip;","og_url":"https:\/\/nolimit-aventure.com\/montargis\/pass-multi-activite\/","og_site_name":"NoLimit Aventure Montargis","article_modified_time":"2024-06-13T12:05:22+00:00","og_image":[{"width":867,"height":437,"url":"https:\/\/nolimit-aventure.com\/montargis\/wp-content\/uploads\/2024\/04\/Multi-activites-6.png","type":"image\/png"}],"twitter_card":"summary_large_image","twitter_misc":{"Dur\u00e9e de lecture estim\u00e9e":"3 minutes"},"schema":{"@context":"https:\/\/schema.org","@graph":[{"@type":"WebPage","@id":"https:\/\/nolimit-aventure.com\/montargis\/pass-multi-activite\/","url":"https:\/\/nolimit-aventure.com\/montargis\/pass-multi-activite\/","name":"Pass Multi Activit\u00e9 - NoLimit Aventure Montargis","isPartOf":{"@id":"https:\/\/nolimit-aventure.com\/montargis\/#website"},"primaryImageOfPage":{"@id":"https:\/\/nolimit-aventure.com\/montargis\/pass-multi-activite\/#primaryimage"},"image":{"@id":"https:\/\/nolimit-aventure.com\/montargis\/pass-multi-activite\/#primaryimage"},"thumbnailUrl":"https:\/\/nolimit-aventure.com\/montargis\/wp-content\/uploads\/2024\/04\/Multi-activites-6.png","datePublished":"2024-04-16T13:45:29+00:00","dateModified":"2024-06-13T12:05:22+00:00","breadcrumb":{"@id":"https:\/\/nolimit-aventure.com\/montargis\/pass-multi-activite\/#breadcrumb"},"inLanguage":"fr-FR","potentialAction":[{"@type":"ReadAction","target":["https:\/\/nolimit-aventure.com\/montargis\/pass-multi-activite\/"]}]},{"@type":"ImageObject","inLanguage":"fr-FR","@id":"https:\/\/nolimit-aventure.com\/montargis\/pass-multi-activite\/#primaryimage","url":"https:\/\/nolimit-aventure.com\/montargis\/wp-content\/uploads\/2024\/04\/Multi-activites-6.png","contentUrl":"https:\/\/nolimit-aventure.com\/montargis\/wp-content\/uploads\/2024\/04\/Multi-activites-6.png","width":867,"height":437},{"@type":"BreadcrumbList","@id":"https:\/\/nolimit-aventure.com\/montargis\/pass-multi-activite\/#breadcrumb","itemListElement":[{"@type":"ListItem","position":1,"name":"Accueil","item":"https:\/\/nolimit-aventure.com\/montargis\/"},{"@type":"ListItem","position":2,"name":"Pass Multi Activit\u00e9"}]},{"@type":"WebSite","@id":"https:\/\/nolimit-aventure.com\/montargis\/#website","url":"https:\/\/nolimit-aventure.com\/montargis\/","name":"NoLimit Aventure Montargis","description":"","potentialAction":[{"@type":"SearchAction","target":{"@type":"EntryPoint","urlTemplate":"https:\/\/nolimit-aventure.com\/montargis\/?s={search_term_string}"},"query-input":{"@type":"PropertyValueSpecification","valueRequired":true,"valueName":"search_term_string"}}],"inLanguage":"fr-FR"}]}},"_links":{"self":[{"href":"https:\/\/nolimit-aventure.com\/montargis\/wp-json\/wp\/v2\/pages\/7165","targetHints":{"allow":["GET"]}}],"collection":[{"href":"https:\/\/nolimit-aventure.com\/montargis\/wp-json\/wp\/v2\/pages"}],"about":[{"href":"https:\/\/nolimit-aventure.com\/montargis\/wp-json\/wp\/v2\/types\/page"}],"author":[{"embeddable":true,"href":"https:\/\/nolimit-aventure.com\/montargis\/wp-json\/wp\/v2\/users\/4"}],"replies":[{"embeddable":true,"href":"https:\/\/nolimit-aventure.com\/montargis\/wp-json\/wp\/v2\/comments?post=7165"}],"version-history":[{"count":12,"href":"https:\/\/nolimit-aventure.com\/montargis\/wp-json\/wp\/v2\/pages\/7165\/revisions"}],"predecessor-version":[{"id":7223,"href":"https:\/\/nolimit-aventure.com\/montargis\/wp-json\/wp\/v2\/pages\/7165\/revisions\/7223"}],"wp:featuredmedia":[{"embeddable":true,"href":"https:\/\/nolimit-aventure.com\/montargis\/wp-json\/wp\/v2\/media\/7176"}],"wp:attachment":[{"href":"https:\/\/nolimit-aventure.com\/montargis\/wp-json\/wp\/v2\/media?parent=7165"}],"curies":[{"name":"wp","href":"https:\/\/api.w.org\/{rel}","templated":true}]}}