{"id":22,"date":"2016-10-07T11:00:20","date_gmt":"2016-10-07T09:00:20","guid":{"rendered":"https:\/\/xml-io.proteusthemes.com\/adrenaline\/?page_id=22"},"modified":"2024-01-04T11:10:07","modified_gmt":"2024-01-04T10:10:07","slug":"nos-formules","status":"publish","type":"page","link":"https:\/\/nolimit-aventure.com\/nemours\/nos-formules\/","title":{"rendered":"Formules"},"content":{"rendered":"<div id=\"pl-22\"  class=\"panel-layout\" ><div id=\"pg-22-0\"  class=\"panel-grid panel-no-style\" ><div id=\"pgc-22-0-0\"  class=\"panel-grid-cell panel-grid-cell-empty\" ><\/div><\/div><div id=\"pg-22-1\"  class=\"panel-grid panel-no-style\" ><div id=\"pgc-22-1-0\"  class=\"panel-grid-cell\" ><div id=\"panel-22-1-0-0\" class=\"so-panel widget widget_pw_featured_page widget-featured-page panel-first-child\" data-index=\"0\" >\n\t<div class=\"page-box  page-box--block\">\n\t\t\t\t\t\t<a class=\"page-box__picture\" href=\"https:\/\/nolimit-aventure.com\/nemours\/nos-formules\/passextrem\/\">\n\t\t\t\t\t<img loading=\"lazy\" decoding=\"async\" src=\"https:\/\/nolimit-aventure.com\/nemours\/wp-content\/uploads\/2024\/01\/Multi-activites-3-350x175.jpg\" width=\"350\" height=\"175\" srcset=\"https:\/\/nolimit-aventure.com\/nemours\/wp-content\/uploads\/2024\/01\/Multi-activites-3-350x175.jpg 350w, https:\/\/nolimit-aventure.com\/nemours\/wp-content\/uploads\/2024\/01\/Multi-activites-3.jpg 867w\" sizes=\"auto, (min-width: 1200px) 350px, (min-width: 992px) 290px, (min-width: 768px) 690px, (min-width: 576px) 510px, calc(100vw - 30px)\" class=\"wp-post-image\" alt=\"Pass Extr\u00eame\">\n\t\t\t\t\t\t\t\t\t<\/a>\n\t\t\t\t\t\t\t\t<div class=\"page-box__content\">\n\t\t\t<h2 class=\"page-box__title\"><a href=\"https:\/\/nolimit-aventure.com\/nemours\/nos-formules\/passextrem\/\">Pass Extr\u00eame<\/a><\/h2>\n\t\t\t<p class=\"page-box__text\">Un programme inoubliable - Sur une Journ\u00e9e compl\u00e8te\n\n\n\n\tPaintball et accrobranche, les deux activit\u00e9s phares du moment \u00e0 un\u00a0tarif sp\u00e9cialement &hellip;<\/p>\n\t\t\t\t\t\t\t<a href=\"https:\/\/nolimit-aventure.com\/nemours\/nos-formules\/passextrem\/\" class=\"page-box__more-link\">En savoir plus<\/a>\n\t\t\t\t\t<\/div>\n\t<\/div>\n\n<\/div><div id=\"panel-22-1-0-1\" class=\"so-panel widget widget_pw_featured_page widget-featured-page panel-last-child\" data-index=\"1\" >\n\t<div class=\"page-box  page-box--block\">\n\t\t\t\t\t\t<a class=\"page-box__picture\" href=\"https:\/\/nolimit-aventure.com\/nemours\/nos-formules\/pass-anniversaire\/\">\n\t\t\t\t\t<img loading=\"lazy\" decoding=\"async\" src=\"https:\/\/nolimit-aventure.com\/nemours\/wp-content\/uploads\/2024\/01\/Multi-activites-350x175.png\" width=\"350\" height=\"175\" srcset=\"https:\/\/nolimit-aventure.com\/nemours\/wp-content\/uploads\/2024\/01\/Multi-activites-350x175.png 350w, https:\/\/nolimit-aventure.com\/nemours\/wp-content\/uploads\/2024\/01\/Multi-activites.png 867w\" sizes=\"auto, (min-width: 1200px) 350px, (min-width: 992px) 290px, (min-width: 768px) 690px, (min-width: 576px) 510px, calc(100vw - 30px)\" class=\"wp-post-image\" alt=\"Anniversaire Aventure\">\n\t\t\t\t\t\t\t\t\t<\/a>\n\t\t\t\t\t\t\t\t<div class=\"page-box__content\">\n\t\t\t<h2 class=\"page-box__title\"><a href=\"https:\/\/nolimit-aventure.com\/nemours\/nos-formules\/pass-anniversaire\/\">Anniversaire Aventure<\/a><\/h2>\n\t\t\t<p class=\"page-box__text\">Une formule sp\u00e9ciale pour votre anniversaire !\nUne entr\u00e9e nominative offerte pour l'accrobranche* !\u00a0\n\n\n\n\tUne apr\u00e8s-midi d\u2019aventures est &hellip;<\/p>\n\t\t\t\t\t\t\t<a href=\"https:\/\/nolimit-aventure.com\/nemours\/nos-formules\/pass-anniversaire\/\" class=\"page-box__more-link\">En savoir plus<\/a>\n\t\t\t\t\t<\/div>\n\t<\/div>\n\n<\/div><\/div><div id=\"pgc-22-1-1\"  class=\"panel-grid-cell\" ><div id=\"panel-22-1-1-0\" class=\"so-panel widget widget_pw_featured_page widget-featured-page panel-first-child\" data-index=\"2\" >\n\t<div class=\"page-box  page-box--block\">\n\t\t\t\t\t\t<a class=\"page-box__picture\" href=\"https:\/\/nolimit-aventure.com\/nemours\/nos-formules\/pass-enterrement-de-vie-de-celibataire\/\">\n\t\t\t\t\t<img loading=\"lazy\" decoding=\"async\" src=\"https:\/\/nolimit-aventure.com\/nemours\/wp-content\/uploads\/2024\/01\/Multi-activites-6-350x175.jpg\" width=\"350\" height=\"175\" srcset=\"https:\/\/nolimit-aventure.com\/nemours\/wp-content\/uploads\/2024\/01\/Multi-activites-6-350x175.jpg 350w, https:\/\/nolimit-aventure.com\/nemours\/wp-content\/uploads\/2024\/01\/Multi-activites-6.jpg 867w\" sizes=\"auto, (min-width: 1200px) 350px, (min-width: 992px) 290px, (min-width: 768px) 690px, (min-width: 576px) 510px, calc(100vw - 30px)\" class=\"wp-post-image\" alt=\"Pass EVG\">\n\t\t\t\t\t\t\t\t\t<\/a>\n\t\t\t\t\t\t\t\t<div class=\"page-box__content\">\n\t\t\t<h2 class=\"page-box__title\"><a href=\"https:\/\/nolimit-aventure.com\/nemours\/nos-formules\/pass-enterrement-de-vie-de-celibataire\/\">Pass EVG<\/a><\/h2>\n\t\t\t<p class=\"page-box__text\">Une aventure in\u00e9gal\u00e9e o\u00f9 rires, surprises et souvenirs m\u00e9morables sont au rendez-vous !\n\n\n\n\tVenez f\u00eater cet \u00e9v\u00e9nement exceptionnel en &hellip;<\/p>\n\t\t\t\t\t\t\t<a href=\"https:\/\/nolimit-aventure.com\/nemours\/nos-formules\/pass-enterrement-de-vie-de-celibataire\/\" class=\"page-box__more-link\">En savoir plus<\/a>\n\t\t\t\t\t<\/div>\n\t<\/div>\n\n<\/div><div id=\"panel-22-1-1-1\" class=\"so-panel widget widget_pw_featured_page widget-featured-page panel-last-child\" data-index=\"3\" >\n\t<div class=\"page-box  page-box--block\">\n\t\t\t\t\t\t<a class=\"page-box__picture\" href=\"https:\/\/nolimit-aventure.com\/nemours\/nos-formules\/anniversaire-paintball\/\">\n\t\t\t\t\t<img loading=\"lazy\" decoding=\"async\" src=\"https:\/\/nolimit-aventure.com\/nemours\/wp-content\/uploads\/2024\/01\/Multi-activites-5-350x175.jpg\" width=\"350\" height=\"175\" srcset=\"https:\/\/nolimit-aventure.com\/nemours\/wp-content\/uploads\/2024\/01\/Multi-activites-5-350x175.jpg 350w, https:\/\/nolimit-aventure.com\/nemours\/wp-content\/uploads\/2024\/01\/Multi-activites-5.jpg 867w\" sizes=\"auto, (min-width: 1200px) 350px, (min-width: 992px) 290px, (min-width: 768px) 690px, (min-width: 576px) 510px, calc(100vw - 30px)\" class=\"wp-post-image\" alt=\"Anniversaire Paintball\">\n\t\t\t\t\t\t\t\t\t<\/a>\n\t\t\t\t\t\t\t\t<div class=\"page-box__content\">\n\t\t\t<h2 class=\"page-box__title\"><a href=\"https:\/\/nolimit-aventure.com\/nemours\/nos-formules\/anniversaire-paintball\/\">Anniversaire Paintball<\/a><\/h2>\n\t\t\t<p class=\"page-box__text\">Une formule pour les 12\/16 ans\n\n\n\n;\n\n\tRien de tel qu\u2019un jeu de coh\u00e9sion plein de d\u00e9charges d\u2019\u00e9nergie pour f\u00eater l\u2019anniversaire de votre &hellip;<\/p>\n\t\t\t\t\t\t\t<a href=\"https:\/\/nolimit-aventure.com\/nemours\/nos-formules\/anniversaire-paintball\/\" class=\"page-box__more-link\">En savoir plus<\/a>\n\t\t\t\t\t<\/div>\n\t<\/div>\n\n<\/div><\/div><div id=\"pgc-22-1-2\"  class=\"panel-grid-cell\" ><div id=\"panel-22-1-2-0\" class=\"so-panel widget widget_pw_featured_page widget-featured-page panel-first-child panel-last-child\" data-index=\"4\" >\n\t<div class=\"page-box  page-box--block\">\n\t\t\t\t\t\t<a class=\"page-box__picture\" href=\"https:\/\/nolimit-aventure.com\/nemours\/nos-formules\/pass-evasion\/\">\n\t\t\t\t\t<img loading=\"lazy\" decoding=\"async\" src=\"https:\/\/nolimit-aventure.com\/nemours\/wp-content\/uploads\/2024\/01\/Multi-activites-1-350x175.jpg\" width=\"350\" height=\"175\" srcset=\"https:\/\/nolimit-aventure.com\/nemours\/wp-content\/uploads\/2024\/01\/Multi-activites-1-350x175.jpg 350w, https:\/\/nolimit-aventure.com\/nemours\/wp-content\/uploads\/2024\/01\/Multi-activites-1.jpg 867w\" sizes=\"auto, (min-width: 1200px) 350px, (min-width: 992px) 290px, (min-width: 768px) 690px, (min-width: 576px) 510px, calc(100vw - 30px)\" class=\"wp-post-image\" alt=\"Pass Multi Activit\u00e9s\">\n\t\t\t\t\t\t\t\t\t<\/a>\n\t\t\t\t\t\t\t\t<div class=\"page-box__content\">\n\t\t\t<h2 class=\"page-box__title\"><a href=\"https:\/\/nolimit-aventure.com\/nemours\/nos-formules\/pass-evasion\/\">Pass Multi Activit\u00e9s<\/a><\/h2>\n\t\t\t<p class=\"page-box__text\">Une escapade rafra\u00eechissante en pleine nature \n\n\n\n\n\n\tD\u00e9couvrez l'ultime libert\u00e9 de l'aventure avec notre Pass Multi-Activit\u00e9s exclusif !\nPlongez-vous &hellip;<\/p>\n\t\t\t\t\t\t\t<a href=\"https:\/\/nolimit-aventure.com\/nemours\/nos-formules\/pass-evasion\/\" class=\"page-box__more-link\">En savoir plus<\/a>\n\t\t\t\t\t<\/div>\n\t<\/div>\n\n<\/div><\/div><\/div><div id=\"pg-22-2\"  class=\"panel-grid panel-no-style\" ><div id=\"pgc-22-2-0\"  class=\"panel-grid-cell panel-grid-cell-empty\" ><\/div><div id=\"pgc-22-2-1\"  class=\"panel-grid-cell panel-grid-cell-empty panel-grid-cell-mobile-last\" ><\/div><div id=\"pgc-22-2-2\"  class=\"panel-grid-cell panel-grid-cell-empty\" ><\/div><\/div><div id=\"pg-22-3\"  class=\"panel-grid panel-has-style\" ><div class=\"siteorigin-panels-stretch panel-row-style panel-row-style-for-22-3\" data-stretch-type=\"full-width-stretch\" ><div id=\"pgc-22-3-0\"  class=\"panel-grid-cell\" ><div id=\"panel-22-3-0-0\" class=\"so-panel widget widget_sow-google-map panel-first-child panel-last-child\" data-index=\"5\" ><div class=\"panel-widget-style panel-widget-style-for-22-3-0-0\" ><div\n\t\t\t\n\t\t\tclass=\"so-widget-sow-google-map so-widget-sow-google-map-default-ae958db06d5f-22\"\n\t\t\t\n\t\t>\n<div class=\"sow-google-map-canvas\"\n\tstyle=\"\"\n\tid=\"map-canvas-8c5f28be808e77ebd1ac63373937a510\"\n\tdata-options=\"{&quot;address&quot;:&quot;nemours, france&quot;,&quot;zoom&quot;:13,&quot;mobileZoom&quot;:13,&quot;gestureHandling&quot;:&quot;none&quot;,&quot;disableUi&quot;:false,&quot;markerIcon&quot;:&quot;https:\\\/\\\/nolimit-aventure.com\\\/nemours\\\/wp-content\\\/uploads\\\/2016\\\/10\\\/marker-nla.png&quot;,&quot;markersDraggable&quot;:false,&quot;markerAtCenter&quot;:true,&quot;markerInfoDisplay&quot;:&quot;click&quot;,&quot;markerInfoMultiple&quot;:true,&quot;markerPositions&quot;:[{&quot;place&quot;:&quot;Larchant&quot;,&quot;info&quot;:&quot;&quot;,&quot;infoSelectedEditor&quot;:&quot;tinymce&quot;,&quot;infoMaxWidth&quot;:&quot;&quot;,&quot;customMarkerIcon&quot;:0,&quot;customMarkerIconSize&quot;:&quot;&quot;},{&quot;place&quot;:&quot;Montargis&quot;,&quot;info&quot;:&quot;&quot;,&quot;infoSelectedEditor&quot;:&quot;tinymce&quot;,&quot;infoMaxWidth&quot;:&quot;&quot;,&quot;customMarkerIcon&quot;:0,&quot;customMarkerIconSize&quot;:&quot;&quot;},{&quot;place&quot;:&quot;Digny&quot;,&quot;info&quot;:&quot;&quot;,&quot;infoSelectedEditor&quot;:&quot;tinymce&quot;,&quot;infoMaxWidth&quot;:&quot;&quot;,&quot;customMarkerIcon&quot;:0,&quot;customMarkerIconSize&quot;:&quot;&quot;}],&quot;mapName&quot;:&quot;Carte personnalis\\u00e9e&quot;,&quot;mapStyles&quot;:[{&quot;featureType&quot;:&quot;water&quot;,&quot;elementType&quot;:&quot;geometry&quot;,&quot;stylers&quot;:[{&quot;color&quot;:&quot;#e9e9e9&quot;},{&quot;lightness&quot;:17}]},{&quot;featureType&quot;:&quot;landscape&quot;,&quot;elementType&quot;:&quot;geometry&quot;,&quot;stylers&quot;:[{&quot;color&quot;:&quot;#f5f5f5&quot;},{&quot;lightness&quot;:20}]},{&quot;featureType&quot;:&quot;road.highway&quot;,&quot;elementType&quot;:&quot;geometry.fill&quot;,&quot;stylers&quot;:[{&quot;color&quot;:&quot;#ffffff&quot;},{&quot;lightness&quot;:17}]},{&quot;featureType&quot;:&quot;road.highway&quot;,&quot;elementType&quot;:&quot;geometry.stroke&quot;,&quot;stylers&quot;:[{&quot;color&quot;:&quot;#ffffff&quot;},{&quot;lightness&quot;:29},{&quot;weight&quot;:0.2}]},{&quot;featureType&quot;:&quot;road.arterial&quot;,&quot;elementType&quot;:&quot;geometry&quot;,&quot;stylers&quot;:[{&quot;color&quot;:&quot;#ffffff&quot;},{&quot;lightness&quot;:18}]},{&quot;featureType&quot;:&quot;road.local&quot;,&quot;elementType&quot;:&quot;geometry&quot;,&quot;stylers&quot;:[{&quot;color&quot;:&quot;#ffffff&quot;},{&quot;lightness&quot;:16}]},{&quot;featureType&quot;:&quot;poi&quot;,&quot;elementType&quot;:&quot;geometry&quot;,&quot;stylers&quot;:[{&quot;color&quot;:&quot;#f5f5f5&quot;},{&quot;lightness&quot;:21}]},{&quot;featureType&quot;:&quot;poi.park&quot;,&quot;elementType&quot;:&quot;geometry&quot;,&quot;stylers&quot;:[{&quot;color&quot;:&quot;#dedede&quot;},{&quot;lightness&quot;:21}]},{&quot;elementType&quot;:&quot;labels.text.stroke&quot;,&quot;stylers&quot;:[{&quot;visibility&quot;:&quot;on&quot;},{&quot;color&quot;:&quot;#ffffff&quot;},{&quot;lightness&quot;:16}]},{&quot;elementType&quot;:&quot;labels.text.fill&quot;,&quot;stylers&quot;:[{&quot;saturation&quot;:36},{&quot;color&quot;:&quot;#333333&quot;},{&quot;lightness&quot;:40}]},{&quot;elementType&quot;:&quot;labels.icon&quot;,&quot;stylers&quot;:[{&quot;visibility&quot;:&quot;off&quot;}]},{&quot;featureType&quot;:&quot;transit&quot;,&quot;elementType&quot;:&quot;geometry&quot;,&quot;stylers&quot;:[{&quot;color&quot;:&quot;#f2f2f2&quot;},{&quot;lightness&quot;:19}]},{&quot;featureType&quot;:&quot;administrative&quot;,&quot;elementType&quot;:&quot;geometry.fill&quot;,&quot;stylers&quot;:[{&quot;color&quot;:&quot;#fefefe&quot;},{&quot;lightness&quot;:20}]},{&quot;featureType&quot;:&quot;administrative&quot;,&quot;elementType&quot;:&quot;geometry.stroke&quot;,&quot;stylers&quot;:[{&quot;color&quot;:&quot;#fefefe&quot;},{&quot;lightness&quot;:17},{&quot;weight&quot;:1.2}]}],&quot;directions&quot;:&quot;&quot;,&quot;apiKey&quot;:&quot;AIzaSyB7KobOozKQ8YV5xIqILlrEucsBB5Bwfjc&quot;,&quot;breakpoint&quot;:780}\"\n\tdata-fallback-image=\"{&quot;img&quot;:&quot;&quot;}\"><\/div>\n<\/div><\/div><\/div><\/div><\/div><\/div><\/div>","protected":false},"excerpt":{"rendered":"<p>Pass Extr\u00eame Un programme inoubliable &#8211; Sur une Journ\u00e9e compl\u00e8te Paintball et accrobranche, les deux activit\u00e9s phares du moment \u00e0 un\u00a0tarif sp\u00e9cialement &hellip; En savoir plus Anniversaire Aventure Une formule sp\u00e9ciale pour votre anniversaire ! Une entr\u00e9e nominative offerte pour l&rsquo;accrobranche* !\u00a0 Une apr\u00e8s-midi d\u2019aventures est &hellip; En savoir plus Pass EVG Une aventure in\u00e9gal\u00e9e &hellip;<\/p>\n","protected":false},"author":1,"featured_media":0,"parent":0,"menu_order":0,"comment_status":"closed","ping_status":"closed","template":"","meta":{"_acf_changed":false,"footnotes":""},"class_list":{"0":"post-22","1":"page","2":"type-page","3":"status-publish","5":"clearfix","6":"article"},"acf":[],"yoast_head":"<!-- This site is optimized with the Yoast SEO plugin v27.4 - https:\/\/yoast.com\/product\/yoast-seo-wordpress\/ -->\n<title>Formules paintball, accrobranche, Can\u00f6e, Nemours en Seine et Marne 77<\/title>\n<meta name=\"description\" content=\"Formules paintball, accrobranche, cano\u00eb, en journ\u00e9e compl\u00e8te ou a la demi-journ\u00e9e et enterrement de vie de c\u00e9libataire, de jeune fille et anniversaire\" \/>\n<meta name=\"robots\" content=\"index, follow, max-snippet:-1, max-image-preview:large, max-video-preview:-1\" \/>\n<link rel=\"canonical\" href=\"https:\/\/nolimit-aventure.com\/nemours\/nos-formules\/\" \/>\n<meta property=\"og:locale\" content=\"fr_FR\" \/>\n<meta property=\"og:type\" content=\"article\" \/>\n<meta property=\"og:title\" content=\"Formules paintball, accrobranche, Can\u00f6e, Nemours en Seine et Marne 77\" \/>\n<meta property=\"og:description\" content=\"Formules paintball, accrobranche, cano\u00eb, en journ\u00e9e compl\u00e8te ou a la demi-journ\u00e9e et enterrement de vie de c\u00e9libataire, de jeune fille et anniversaire\" \/>\n<meta property=\"og:url\" content=\"https:\/\/nolimit-aventure.com\/nemours\/nos-formules\/\" \/>\n<meta property=\"og:site_name\" content=\"NoLimit Aventure Nemours\" \/>\n<meta property=\"article:modified_time\" content=\"2024-01-04T10:10:07+00:00\" \/>\n<meta name=\"twitter:card\" content=\"summary_large_image\" \/>\n<meta name=\"twitter:label1\" content=\"Dur\u00e9e de lecture estim\u00e9e\" \/>\n\t<meta name=\"twitter:data1\" content=\"2 minutes\" \/>\n<script type=\"application\/ld+json\" class=\"yoast-schema-graph\">{\"@context\":\"https:\\\/\\\/schema.org\",\"@graph\":[{\"@type\":\"WebPage\",\"@id\":\"https:\\\/\\\/nolimit-aventure.com\\\/nemours\\\/nos-formules\\\/\",\"url\":\"https:\\\/\\\/nolimit-aventure.com\\\/nemours\\\/nos-formules\\\/\",\"name\":\"Formules paintball, accrobranche, Can\u00f6e, Nemours en Seine et Marne 77\",\"isPartOf\":{\"@id\":\"https:\\\/\\\/nolimit-aventure.com\\\/nemours\\\/#website\"},\"datePublished\":\"2016-10-07T09:00:20+00:00\",\"dateModified\":\"2024-01-04T10:10:07+00:00\",\"description\":\"Formules paintball, accrobranche, cano\u00eb, en journ\u00e9e compl\u00e8te ou a la demi-journ\u00e9e et enterrement de vie de c\u00e9libataire, de jeune fille et anniversaire\",\"breadcrumb\":{\"@id\":\"https:\\\/\\\/nolimit-aventure.com\\\/nemours\\\/nos-formules\\\/#breadcrumb\"},\"inLanguage\":\"fr-FR\",\"potentialAction\":[{\"@type\":\"ReadAction\",\"target\":[\"https:\\\/\\\/nolimit-aventure.com\\\/nemours\\\/nos-formules\\\/\"]}]},{\"@type\":\"BreadcrumbList\",\"@id\":\"https:\\\/\\\/nolimit-aventure.com\\\/nemours\\\/nos-formules\\\/#breadcrumb\",\"itemListElement\":[{\"@type\":\"ListItem\",\"position\":1,\"name\":\"Accueil\",\"item\":\"https:\\\/\\\/nolimit-aventure.com\\\/nemours\\\/\"},{\"@type\":\"ListItem\",\"position\":2,\"name\":\"Formules\"}]},{\"@type\":\"WebSite\",\"@id\":\"https:\\\/\\\/nolimit-aventure.com\\\/nemours\\\/#website\",\"url\":\"https:\\\/\\\/nolimit-aventure.com\\\/nemours\\\/\",\"name\":\"NoLimit Aventure Nemours\",\"description\":\"\",\"potentialAction\":[{\"@type\":\"SearchAction\",\"target\":{\"@type\":\"EntryPoint\",\"urlTemplate\":\"https:\\\/\\\/nolimit-aventure.com\\\/nemours\\\/?s={search_term_string}\"},\"query-input\":{\"@type\":\"PropertyValueSpecification\",\"valueRequired\":true,\"valueName\":\"search_term_string\"}}],\"inLanguage\":\"fr-FR\"}]}<\/script>\n<!-- \/ Yoast SEO plugin. -->","yoast_head_json":{"title":"Formules paintball, accrobranche, Can\u00f6e, Nemours en Seine et Marne 77","description":"Formules paintball, accrobranche, cano\u00eb, en journ\u00e9e compl\u00e8te ou a la demi-journ\u00e9e et enterrement de vie de c\u00e9libataire, de jeune fille et anniversaire","robots":{"index":"index","follow":"follow","max-snippet":"max-snippet:-1","max-image-preview":"max-image-preview:large","max-video-preview":"max-video-preview:-1"},"canonical":"https:\/\/nolimit-aventure.com\/nemours\/nos-formules\/","og_locale":"fr_FR","og_type":"article","og_title":"Formules paintball, accrobranche, Can\u00f6e, Nemours en Seine et Marne 77","og_description":"Formules paintball, accrobranche, cano\u00eb, en journ\u00e9e compl\u00e8te ou a la demi-journ\u00e9e et enterrement de vie de c\u00e9libataire, de jeune fille et anniversaire","og_url":"https:\/\/nolimit-aventure.com\/nemours\/nos-formules\/","og_site_name":"NoLimit Aventure Nemours","article_modified_time":"2024-01-04T10:10:07+00:00","twitter_card":"summary_large_image","twitter_misc":{"Dur\u00e9e de lecture estim\u00e9e":"2 minutes"},"schema":{"@context":"https:\/\/schema.org","@graph":[{"@type":"WebPage","@id":"https:\/\/nolimit-aventure.com\/nemours\/nos-formules\/","url":"https:\/\/nolimit-aventure.com\/nemours\/nos-formules\/","name":"Formules paintball, accrobranche, Can\u00f6e, Nemours en Seine et Marne 77","isPartOf":{"@id":"https:\/\/nolimit-aventure.com\/nemours\/#website"},"datePublished":"2016-10-07T09:00:20+00:00","dateModified":"2024-01-04T10:10:07+00:00","description":"Formules paintball, accrobranche, cano\u00eb, en journ\u00e9e compl\u00e8te ou a la demi-journ\u00e9e et enterrement de vie de c\u00e9libataire, de jeune fille et anniversaire","breadcrumb":{"@id":"https:\/\/nolimit-aventure.com\/nemours\/nos-formules\/#breadcrumb"},"inLanguage":"fr-FR","potentialAction":[{"@type":"ReadAction","target":["https:\/\/nolimit-aventure.com\/nemours\/nos-formules\/"]}]},{"@type":"BreadcrumbList","@id":"https:\/\/nolimit-aventure.com\/nemours\/nos-formules\/#breadcrumb","itemListElement":[{"@type":"ListItem","position":1,"name":"Accueil","item":"https:\/\/nolimit-aventure.com\/nemours\/"},{"@type":"ListItem","position":2,"name":"Formules"}]},{"@type":"WebSite","@id":"https:\/\/nolimit-aventure.com\/nemours\/#website","url":"https:\/\/nolimit-aventure.com\/nemours\/","name":"NoLimit Aventure Nemours","description":"","potentialAction":[{"@type":"SearchAction","target":{"@type":"EntryPoint","urlTemplate":"https:\/\/nolimit-aventure.com\/nemours\/?s={search_term_string}"},"query-input":{"@type":"PropertyValueSpecification","valueRequired":true,"valueName":"search_term_string"}}],"inLanguage":"fr-FR"}]}},"_links":{"self":[{"href":"https:\/\/nolimit-aventure.com\/nemours\/wp-json\/wp\/v2\/pages\/22","targetHints":{"allow":["GET"]}}],"collection":[{"href":"https:\/\/nolimit-aventure.com\/nemours\/wp-json\/wp\/v2\/pages"}],"about":[{"href":"https:\/\/nolimit-aventure.com\/nemours\/wp-json\/wp\/v2\/types\/page"}],"author":[{"embeddable":true,"href":"https:\/\/nolimit-aventure.com\/nemours\/wp-json\/wp\/v2\/users\/1"}],"replies":[{"embeddable":true,"href":"https:\/\/nolimit-aventure.com\/nemours\/wp-json\/wp\/v2\/comments?post=22"}],"version-history":[{"count":26,"href":"https:\/\/nolimit-aventure.com\/nemours\/wp-json\/wp\/v2\/pages\/22\/revisions"}],"predecessor-version":[{"id":8379,"href":"https:\/\/nolimit-aventure.com\/nemours\/wp-json\/wp\/v2\/pages\/22\/revisions\/8379"}],"wp:attachment":[{"href":"https:\/\/nolimit-aventure.com\/nemours\/wp-json\/wp\/v2\/media?parent=22"}],"curies":[{"name":"wp","href":"https:\/\/api.w.org\/{rel}","templated":true}]}}