{"id":28,"date":"2016-10-07T11:01:00","date_gmt":"2016-10-07T09:01:00","guid":{"rendered":"https:\/\/xml-io.proteusthemes.com\/adrenaline\/?page_id=28"},"modified":"2024-04-30T10:24:12","modified_gmt":"2024-04-30T08:24:12","slug":"les-activites","status":"publish","type":"page","link":"https:\/\/nolimit-aventure.com\/nemours\/les-activites\/","title":{"rendered":"Activit\u00e9s"},"content":{"rendered":"<div id=\"pl-28\"  class=\"panel-layout\" ><div id=\"pg-28-0\"  class=\"panel-grid panel-no-style\" ><div id=\"pgc-28-0-0\"  class=\"panel-grid-cell panel-grid-cell-empty\" ><\/div><\/div><div id=\"pg-28-1\"  class=\"panel-grid panel-no-style\" ><div id=\"pgc-28-1-0\"  class=\"panel-grid-cell\" ><div id=\"panel-28-1-0-0\" class=\"so-panel widget widget_pw_portfolio_grid widget-portfolio-grid panel-first-child panel-last-child\" data-index=\"0\" >\t\t\t\t\t<div class=\"portfolio-grid  portfolio-grid--grid\" data-type=\"grid\" data-inarow=\"4\">\n\t\t\t\t\t\t\t\t\t<nav class=\"portfolio-grid__header\">\n\t\t\t\t\t<a href=\"#\" class=\"portfolio-grid__mobile-filter  js-filter  btn  btn-primary  btn-sm  d-lg-none\">\n\t\t\t\t\t\t<span class=\"fa  fa-filter\"><\/span> &nbsp;\n\t\t\t\t\t\tFILTER\t\t\t\t\t<\/a>\n\n\t\t\t\t\t\n\t\t\t\t\t<ul class=\"portfolio-grid__nav  js-wpg-nav-holder\">\n\t\t\t\t\t\t\t\t\t\t\t\t\t<li class=\"portfolio-grid__nav-item  is-active\">\n\t\t\t\t\t\t\t\t<a href=\"#widget-1-0-0-all\" data-category=\"*\" class=\"portfolio-grid__nav-link  js-wpg-nav\">Tous<\/a>\n\t\t\t\t\t\t\t<\/li>\n\t\t\t\t\t\t\t\t\t\t\t\t\t\t\t\t\t\t\t<li class=\"portfolio-grid__nav-item\">\n\t\t\t\t\t\t\t\t<a href=\"#widget-1-0-0-adultes\" data-category=\"adultes\" class=\"portfolio-grid__nav-link  js-wpg-nav\">Adultes<\/a>\n\t\t\t\t\t\t\t<\/li>\n\t\t\t\t\t\t\t\t\t\t\t\t\t<li class=\"portfolio-grid__nav-item\">\n\t\t\t\t\t\t\t\t<a href=\"#widget-1-0-0-enfants\" data-category=\"enfants\" class=\"portfolio-grid__nav-link  js-wpg-nav\">Enfants<\/a>\n\t\t\t\t\t\t\t<\/li>\n\t\t\t\t\t\t\t\t\t\t\t\t\t<li class=\"portfolio-grid__nav-item\">\n\t\t\t\t\t\t\t\t<a href=\"#widget-1-0-0-ados\" data-category=\"ados\" class=\"portfolio-grid__nav-link  js-wpg-nav\">Ados<\/a>\n\t\t\t\t\t\t\t<\/li>\n\t\t\t\t\t\t\t\t\t\t\t<\/ul>\n\n\t\t\t\t\t\t\t\t\t<\/nav>\n\t\t\t\t\t\t\t\t\t<div class=\"js-wpg-items\">\n\t\t\t\t\t\t\t<div class=\"row\">\n\t\t\t\t\t\t\t\t\t\t<div class=\"col-12  col-sm-6  col-lg-3  js-wpg-item\" data-categories=\"ados,adultes,enfants\">\n\t\t\t\t<div class=\"portfolio-grid__item\">\n\t\t\t\t\t\t\t\t\t\t\t<a class=\"portfolio-grid__image  js-wpg-card\" href=\"https:\/\/nolimit-aventure.com\/nemours\/activite\/laser-game\/\">\n\t\t\t\t\t\t\t<img loading=\"lazy\" decoding=\"async\" width=\"428\" height=\"242\" src=\"https:\/\/nolimit-aventure.com\/nemours\/wp-content\/uploads\/2022\/04\/laser-game-exterieure-77-et-ile-de-france-1024x490-428x242.jpg\" class=\"card-img-top  portfolio-grid__card-img wp-post-image\" alt=\"\" srcset=\"https:\/\/nolimit-aventure.com\/nemours\/wp-content\/uploads\/2022\/04\/laser-game-exterieure-77-et-ile-de-france-1024x490-428x242.jpg 428w, https:\/\/nolimit-aventure.com\/nemours\/wp-content\/uploads\/2022\/04\/laser-game-exterieure-77-et-ile-de-france-1024x490-352x198.jpg 352w\" sizes=\"auto, (max-width: 428px) 100vw, 428px\" \/>\t\t\t\t\t\t\t\t\t\t\t\t\t\t\t<div class=\"portfolio-grid__specification\">\n\t\t\t\t\t\t\t\t\t<i class=\"fa fa-tag\" aria-hidden=\"true\"><\/i> Action\t\t\t\t\t\t\t\t<\/div>\n\t\t\t\t\t\t\t\t\t\t\t\t\t<\/a>\n\t\t\t\t\t\t\t\t\t\t<div class=\"portfolio-grid__content\">\n\t\t\t\t\t\t<a class=\"h4  portfolio-grid__item-title\" href=\"https:\/\/nolimit-aventure.com\/nemours\/activite\/laser-game\/\">Laser Game<\/a>\n\t\t\t\t\t\t\t\t\t\t\t\t\t<p class=\"portfolio-grid__price\"><sup>D\u00e8s<\/sup>13<sup>\u20ac<\/sup><\/p>\n\t\t\t\t\t\t\t\t\t\t\t\t\t\t\t\t\t\t\t<div class=\"portfolio-grid__label\">\n\t\t\t\t\t\t\t\t<i class=\"fa fa-bolt\" aria-hidden=\"true\"><\/i>  Zap Zap Zap\t\t\t\t\t\t\t<\/div>\n\t\t\t\t\t\t\t\t\t\t\t<\/div>\n\t\t\t\t<\/div>\n\t\t\t<\/div>\n\t\t\t\t\t\t<div class=\"col-12  col-sm-6  col-lg-3  js-wpg-item\" data-categories=\"adultes\">\n\t\t\t\t<div class=\"portfolio-grid__item\">\n\t\t\t\t\t\t\t\t\t\t\t<a class=\"portfolio-grid__image  js-wpg-card\" href=\"https:\/\/nolimit-aventure.com\/nemours\/activite\/paintball\/\">\n\t\t\t\t\t\t\t<img loading=\"lazy\" decoding=\"async\" width=\"428\" height=\"242\" src=\"https:\/\/nolimit-aventure.com\/nemours\/wp-content\/uploads\/2017\/05\/paintball-location-428x242.jpg\" class=\"card-img-top  portfolio-grid__card-img wp-post-image\" alt=\"\" srcset=\"https:\/\/nolimit-aventure.com\/nemours\/wp-content\/uploads\/2017\/05\/paintball-location-428x242.jpg 428w, https:\/\/nolimit-aventure.com\/nemours\/wp-content\/uploads\/2017\/05\/paintball-location-352x198.jpg 352w\" sizes=\"auto, (max-width: 428px) 100vw, 428px\" \/>\t\t\t\t\t\t\t\t\t\t\t\t\t\t\t<div class=\"portfolio-grid__specification\">\n\t\t\t\t\t\t\t\t\t<i class=\"fa fa-tag\" aria-hidden=\"true\"><\/i> Adrenaline\t\t\t\t\t\t\t\t<\/div>\n\t\t\t\t\t\t\t\t\t\t\t\t\t<\/a>\n\t\t\t\t\t\t\t\t\t\t<div class=\"portfolio-grid__content\">\n\t\t\t\t\t\t<a class=\"h4  portfolio-grid__item-title\" href=\"https:\/\/nolimit-aventure.com\/nemours\/activite\/paintball\/\">Paintball<\/a>\n\t\t\t\t\t\t\t\t\t\t\t\t\t<p class=\"portfolio-grid__price\"><sup>D\u00e8s<\/sup>25<sup>\u20ac<\/sup><\/p>\n\t\t\t\t\t\t\t\t\t\t\t\t\t\t\t\t\t\t\t<div class=\"portfolio-grid__label\">\n\t\t\t\t\t\t\t\tDe 4 a 200 personnes\t\t\t\t\t\t\t<\/div>\n\t\t\t\t\t\t\t\t\t\t\t<\/div>\n\t\t\t\t<\/div>\n\t\t\t<\/div>\n\t\t\t\t\t\t<div class=\"col-12  col-sm-6  col-lg-3  js-wpg-item\" data-categories=\"adultes,enfants\">\n\t\t\t\t<div class=\"portfolio-grid__item\">\n\t\t\t\t\t\t\t\t\t\t\t<a class=\"portfolio-grid__image  js-wpg-card\" href=\"https:\/\/nolimit-aventure.com\/nemours\/activite\/parc-accrobranche\/\">\n\t\t\t\t\t\t\t<img loading=\"lazy\" decoding=\"async\" width=\"428\" height=\"242\" src=\"https:\/\/nolimit-aventure.com\/nemours\/wp-content\/uploads\/2017\/04\/tyrolienne-geante-nemours-2-428x242.jpg\" class=\"card-img-top  portfolio-grid__card-img wp-post-image\" alt=\"\" srcset=\"https:\/\/nolimit-aventure.com\/nemours\/wp-content\/uploads\/2017\/04\/tyrolienne-geante-nemours-2-428x242.jpg 428w, https:\/\/nolimit-aventure.com\/nemours\/wp-content\/uploads\/2017\/04\/tyrolienne-geante-nemours-2-352x198.jpg 352w\" sizes=\"auto, (max-width: 428px) 100vw, 428px\" \/>\t\t\t\t\t\t\t\t\t\t\t\t\t\t\t<div class=\"portfolio-grid__specification\">\n\t\t\t\t\t\t\t\t\t<i class=\"fa fa-tag\" aria-hidden=\"true\"><\/i> \u00c9vasion \t\t\t\t\t\t\t\t<\/div>\n\t\t\t\t\t\t\t\t\t\t\t\t\t<\/a>\n\t\t\t\t\t\t\t\t\t\t<div class=\"portfolio-grid__content\">\n\t\t\t\t\t\t<a class=\"h4  portfolio-grid__item-title\" href=\"https:\/\/nolimit-aventure.com\/nemours\/activite\/parc-accrobranche\/\">Accrobranche<\/a>\n\t\t\t\t\t\t\t\t\t\t\t\t\t<p class=\"portfolio-grid__price\"><sup>D\u00e8s<\/sup>10<sup>\u20ac<\/sup><\/p>\n\t\t\t\t\t\t\t\t\t\t\t\t\t\t\t\t\t\t\t<div class=\"portfolio-grid__label\">\n\t\t\t\t\t\t\t\t<i class=\"fa fa-clock-o\" aria-hidden=\"true\"><\/i>  3 Heures\t\t\t\t\t\t\t<\/div>\n\t\t\t\t\t\t\t\t\t\t\t<\/div>\n\t\t\t\t<\/div>\n\t\t\t<\/div>\n\t\t\t\t\t\t<div class=\"col-12  col-sm-6  col-lg-3  js-wpg-item\" data-categories=\"ados,adultes,enfants\">\n\t\t\t\t<div class=\"portfolio-grid__item\">\n\t\t\t\t\t\t\t\t\t\t\t<a class=\"portfolio-grid__image  js-wpg-card\" href=\"https:\/\/nolimit-aventure.com\/nemours\/activite\/escape-game-2\/\">\n\t\t\t\t\t\t\t<img loading=\"lazy\" decoding=\"async\" width=\"428\" height=\"242\" src=\"https:\/\/nolimit-aventure.com\/nemours\/wp-content\/uploads\/2019\/08\/escape-game-tablette-bandeau-1024x490-428x242.jpg\" class=\"card-img-top  portfolio-grid__card-img wp-post-image\" alt=\"Escape Game\" srcset=\"https:\/\/nolimit-aventure.com\/nemours\/wp-content\/uploads\/2019\/08\/escape-game-tablette-bandeau-1024x490-428x242.jpg 428w, https:\/\/nolimit-aventure.com\/nemours\/wp-content\/uploads\/2019\/08\/escape-game-tablette-bandeau-1024x490-352x198.jpg 352w\" sizes=\"auto, (max-width: 428px) 100vw, 428px\" \/>\t\t\t\t\t\t\t\t\t\t\t\t\t\t\t<div class=\"portfolio-grid__specification\">\n\t\t\t\t\t\t\t\t\t<i class=\"fa \" aria-hidden=\"true\"><\/i> D\u00e9fis\t\t\t\t\t\t\t\t<\/div>\n\t\t\t\t\t\t\t\t\t\t\t\t\t<\/a>\n\t\t\t\t\t\t\t\t\t\t<div class=\"portfolio-grid__content\">\n\t\t\t\t\t\t<a class=\"h4  portfolio-grid__item-title\" href=\"https:\/\/nolimit-aventure.com\/nemours\/activite\/escape-game-2\/\">Escape Game<\/a>\n\t\t\t\t\t\t\t\t\t\t\t\t\t<p class=\"portfolio-grid__price\"><sup>D\u00e8s<\/sup>18<sup>\u20ac<\/sup><\/p>\n\t\t\t\t\t\t\t\t\t\t\t\t\t\t\t\t\t\t\t<div class=\"portfolio-grid__label\">\n\t\t\t\t\t\t\t\t<i class=\"fa fa-map\" aria-hidden=\"true\"><\/i> 6 jeux disponibles\t\t\t\t\t\t\t<\/div>\n\t\t\t\t\t\t\t\t\t\t\t<\/div>\n\t\t\t\t<\/div>\n\t\t\t<\/div>\n\t\t\t<\/div><div class=\"row\">\t\t\t<div class=\"col-12  col-sm-6  col-lg-3  js-wpg-item\" data-categories=\"ados,adultes\">\n\t\t\t\t<div class=\"portfolio-grid__item\">\n\t\t\t\t\t\t\t\t\t\t\t<a class=\"portfolio-grid__image  js-wpg-card\" href=\"https:\/\/nolimit-aventure.com\/nemours\/activite\/battle-archery\/\">\n\t\t\t\t\t\t\t<img loading=\"lazy\" decoding=\"async\" width=\"428\" height=\"242\" src=\"https:\/\/nolimit-aventure.com\/nemours\/wp-content\/uploads\/2017\/05\/battle-archery-nolimit-aventure-paris-428x242.jpg\" class=\"card-img-top  portfolio-grid__card-img wp-post-image\" alt=\"Battle archery\" srcset=\"https:\/\/nolimit-aventure.com\/nemours\/wp-content\/uploads\/2017\/05\/battle-archery-nolimit-aventure-paris-428x242.jpg 428w, https:\/\/nolimit-aventure.com\/nemours\/wp-content\/uploads\/2017\/05\/battle-archery-nolimit-aventure-paris-352x198.jpg 352w\" sizes=\"auto, (max-width: 428px) 100vw, 428px\" \/>\t\t\t\t\t\t\t\t\t\t\t\t\t\t\t<div class=\"portfolio-grid__specification\">\n\t\t\t\t\t\t\t\t\t<i class=\"fa fa-tag\" aria-hidden=\"true\"><\/i> Fun\t\t\t\t\t\t\t\t<\/div>\n\t\t\t\t\t\t\t\t\t\t\t\t\t<\/a>\n\t\t\t\t\t\t\t\t\t\t<div class=\"portfolio-grid__content\">\n\t\t\t\t\t\t<a class=\"h4  portfolio-grid__item-title\" href=\"https:\/\/nolimit-aventure.com\/nemours\/activite\/battle-archery\/\">Battle Archery<\/a>\n\t\t\t\t\t\t\t\t\t\t\t\t\t<p class=\"portfolio-grid__price\"><sup>D\u00e8s<\/sup>13<sup>\u20ac<\/sup><\/p>\n\t\t\t\t\t\t\t\t\t\t\t\t\t\t\t\t\t\t\t<div class=\"portfolio-grid__label\">\n\t\t\t\t\t\t\t\t<i class=\"fa fa-users\" aria-hidden=\"true\"><\/i> D\u00e9s 1m40\t\t\t\t\t\t\t<\/div>\n\t\t\t\t\t\t\t\t\t\t\t<\/div>\n\t\t\t\t<\/div>\n\t\t\t<\/div>\n\t\t\t\t\t\t<div class=\"col-12  col-sm-6  col-lg-3  js-wpg-item\" data-categories=\"enfants\">\n\t\t\t\t<div class=\"portfolio-grid__item\">\n\t\t\t\t\t\t\t\t\t\t\t<a class=\"portfolio-grid__image  js-wpg-card\" href=\"https:\/\/nolimit-aventure.com\/nemours\/activite\/paintball-enfant\/\">\n\t\t\t\t\t\t\t<img loading=\"lazy\" decoding=\"async\" width=\"428\" height=\"242\" src=\"https:\/\/nolimit-aventure.com\/nemours\/wp-content\/uploads\/2017\/05\/paintball-enfant-1-428x242.jpg\" class=\"card-img-top  portfolio-grid__card-img wp-post-image\" alt=\"paintball Ado\" srcset=\"https:\/\/nolimit-aventure.com\/nemours\/wp-content\/uploads\/2017\/05\/paintball-enfant-1-428x242.jpg 428w, https:\/\/nolimit-aventure.com\/nemours\/wp-content\/uploads\/2017\/05\/paintball-enfant-1-352x198.jpg 352w\" sizes=\"auto, (max-width: 428px) 100vw, 428px\" \/>\t\t\t\t\t\t\t\t\t\t\t\t\t\t\t<div class=\"portfolio-grid__specification\">\n\t\t\t\t\t\t\t\t\t<i class=\"fa fa-tag\" aria-hidden=\"true\"><\/i> Super souvenir\t\t\t\t\t\t\t\t<\/div>\n\t\t\t\t\t\t\t\t\t\t\t\t\t<\/a>\n\t\t\t\t\t\t\t\t\t\t<div class=\"portfolio-grid__content\">\n\t\t\t\t\t\t<a class=\"h4  portfolio-grid__item-title\" href=\"https:\/\/nolimit-aventure.com\/nemours\/activite\/paintball-enfant\/\">Paintball Ado<\/a>\n\t\t\t\t\t\t\t\t\t\t\t\t\t<p class=\"portfolio-grid__price\"><sup>D\u00e8s<\/sup>25<sup>\u20ac<\/sup><\/p>\n\t\t\t\t\t\t\t\t\t\t\t\t\t\t\t\t\t\t\t<div class=\"portfolio-grid__label\">\n\t\t\t\t\t\t\t\tD\u00e9s 12 ans\t\t\t\t\t\t\t<\/div>\n\t\t\t\t\t\t\t\t\t\t\t<\/div>\n\t\t\t\t<\/div>\n\t\t\t<\/div>\n\t\t\t\t\t\t<div class=\"col-12  col-sm-6  col-lg-3  js-wpg-item\" data-categories=\"adultes\">\n\t\t\t\t<div class=\"portfolio-grid__item\">\n\t\t\t\t\t\t\t\t\t\t\t<a class=\"portfolio-grid__image  js-wpg-card\" href=\"https:\/\/nolimit-aventure.com\/nemours\/activite\/combat-de-sumo\/\">\n\t\t\t\t\t\t\t<img loading=\"lazy\" decoding=\"async\" width=\"428\" height=\"242\" src=\"https:\/\/nolimit-aventure.com\/nemours\/wp-content\/uploads\/2017\/05\/Combat-de-sumo-428x242.jpg\" class=\"card-img-top  portfolio-grid__card-img wp-post-image\" alt=\"Combat de sumo\" srcset=\"https:\/\/nolimit-aventure.com\/nemours\/wp-content\/uploads\/2017\/05\/Combat-de-sumo-428x242.jpg 428w, https:\/\/nolimit-aventure.com\/nemours\/wp-content\/uploads\/2017\/05\/Combat-de-sumo-352x198.jpg 352w\" sizes=\"auto, (max-width: 428px) 100vw, 428px\" \/>\t\t\t\t\t\t\t\t\t\t\t\t\t\t\t<div class=\"portfolio-grid__specification\">\n\t\t\t\t\t\t\t\t\t<i class=\"fa fa-tag\" aria-hidden=\"true\"><\/i> Ambiance\t\t\t\t\t\t\t\t<\/div>\n\t\t\t\t\t\t\t\t\t\t\t\t\t<\/a>\n\t\t\t\t\t\t\t\t\t\t<div class=\"portfolio-grid__content\">\n\t\t\t\t\t\t<a class=\"h4  portfolio-grid__item-title\" href=\"https:\/\/nolimit-aventure.com\/nemours\/activite\/combat-de-sumo\/\">Combat de Sumo<\/a>\n\t\t\t\t\t\t\t\t\t\t\t\t\t<p class=\"portfolio-grid__price\"><sup>D\u00e8s<\/sup>5<sup>\u20ac<\/sup><\/p>\n\t\t\t\t\t\t\t\t\t\t\t\t\t\t\t\t\t\t\t<div class=\"portfolio-grid__label\">\n\t\t\t\t\t\t\t\t<i class=\"fa fa-users\" aria-hidden=\"true\"><\/i> Groupes\t\t\t\t\t\t\t<\/div>\n\t\t\t\t\t\t\t\t\t\t\t<\/div>\n\t\t\t\t<\/div>\n\t\t\t<\/div>\n\t\t\t\t\t\t<div class=\"col-12  col-sm-6  col-lg-3  js-wpg-item\" data-categories=\"\">\n\t\t\t\t<div class=\"portfolio-grid__card  portfolio-grid__card--dummy  js-wpg-card\" href=\"https:\/\/nolimit-aventure.com\/nemours\/activite\/combat-de-sumo\/\">\n\t\t\t\t\t<div class=\"portfolio-grid__card-block  text-center\">\n\t\t\t\t\t\t<span class=\"fa fa-envelope fa-3x\"><\/span>\n\t\t\t\t\t\t<h5 class=\"portfolio-grid__card-title\">Vous avez<\/h5>\n\t\t\t\t\t\t<p class=\"portfolio-grid__card-text\">une demande particuli\u00e8re ?<\/p>\n\t\t\t\t\t\t<a href=\"https:\/\/nolimit-aventure.com\/nemours\/infos-contact#form\" class=\"portfolio-grid__cta  btn  btn-primary\">ECRIVEZ-NOUS<\/a>\n\t\t\t\t\t<\/div>\n\t\t\t\t<\/div>\n\t\t\t<\/div>\n\t\t\t\t\t\t\t\t\t\t<\/div>\n\t\t\t\t\t\t<\/div>\n\t\t\t\t\t<\/div>\n\t\t\t\t\t<\/div><\/div><\/div><\/div>","protected":false},"excerpt":{"rendered":"<p>&nbsp; FILTER Tous Adultes Enfants Ados Action Laser Game D\u00e8s13\u20ac Zap Zap Zap Adrenaline Paintball D\u00e8s25\u20ac De 4 a 200 personnes \u00c9vasion Accrobranche D\u00e8s10\u20ac 3 Heures D\u00e9fis Escape Game D\u00e8s18\u20ac 6 jeux disponibles Fun Battle Archery D\u00e8s13\u20ac D\u00e9s 1m40 Super souvenir Paintball Ado D\u00e8s25\u20ac D\u00e9s 12 ans Ambiance Combat de Sumo D\u00e8s5\u20ac Groupes Vous avez &hellip;<\/p>\n","protected":false},"author":1,"featured_media":0,"parent":0,"menu_order":0,"comment_status":"closed","ping_status":"closed","template":"","meta":{"_acf_changed":false,"footnotes":""},"class_list":{"0":"post-28","1":"page","2":"type-page","3":"status-publish","5":"clearfix","6":"article"},"acf":[],"yoast_head":"<!-- This site is optimized with the Yoast SEO plugin v27.3 - https:\/\/yoast.com\/product\/yoast-seo-wordpress\/ -->\n<title>Activit\u00e9s en seine et marne | Parc NoLimit Aventure<\/title>\n<meta name=\"description\" content=\"D\u00e9couvrez les activit\u00e9s en Seine et Marne, (\u00eele de France) 8 aires Paintball,12 parcours aventure, Tyrolienne G\u00e9ante, accrobranche, etc..\" \/>\n<meta name=\"robots\" content=\"index, follow, max-snippet:-1, max-image-preview:large, max-video-preview:-1\" \/>\n<link rel=\"canonical\" href=\"https:\/\/nolimit-aventure.com\/nemours\/les-activites\/\" \/>\n<meta property=\"og:locale\" content=\"fr_FR\" \/>\n<meta property=\"og:type\" content=\"article\" \/>\n<meta property=\"og:title\" content=\"Activit\u00e9s en seine et marne | Parc NoLimit Aventure\" \/>\n<meta property=\"og:description\" content=\"D\u00e9couvrez les activit\u00e9s en Seine et Marne, (\u00eele de France) 8 aires Paintball,12 parcours aventure, Tyrolienne G\u00e9ante, accrobranche, etc..\" \/>\n<meta property=\"og:url\" content=\"https:\/\/nolimit-aventure.com\/nemours\/les-activites\/\" \/>\n<meta property=\"og:site_name\" content=\"NoLimit Aventure Nemours\" \/>\n<meta property=\"article:modified_time\" content=\"2024-04-30T08:24:12+00:00\" \/>\n<meta name=\"twitter:card\" content=\"summary_large_image\" \/>\n<meta name=\"twitter:label1\" content=\"Dur\u00e9e de lecture estim\u00e9e\" \/>\n\t<meta name=\"twitter:data1\" content=\"3 minutes\" \/>\n<script type=\"application\/ld+json\" class=\"yoast-schema-graph\">{\"@context\":\"https:\\\/\\\/schema.org\",\"@graph\":[{\"@type\":\"WebPage\",\"@id\":\"https:\\\/\\\/nolimit-aventure.com\\\/nemours\\\/les-activites\\\/\",\"url\":\"https:\\\/\\\/nolimit-aventure.com\\\/nemours\\\/les-activites\\\/\",\"name\":\"Activit\u00e9s en seine et marne | Parc NoLimit Aventure\",\"isPartOf\":{\"@id\":\"https:\\\/\\\/nolimit-aventure.com\\\/nemours\\\/#website\"},\"datePublished\":\"2016-10-07T09:01:00+00:00\",\"dateModified\":\"2024-04-30T08:24:12+00:00\",\"description\":\"D\u00e9couvrez les activit\u00e9s en Seine et Marne, (\u00eele de France) 8 aires Paintball,12 parcours aventure, Tyrolienne G\u00e9ante, accrobranche, etc..\",\"breadcrumb\":{\"@id\":\"https:\\\/\\\/nolimit-aventure.com\\\/nemours\\\/les-activites\\\/#breadcrumb\"},\"inLanguage\":\"fr-FR\",\"potentialAction\":[{\"@type\":\"ReadAction\",\"target\":[\"https:\\\/\\\/nolimit-aventure.com\\\/nemours\\\/les-activites\\\/\"]}]},{\"@type\":\"BreadcrumbList\",\"@id\":\"https:\\\/\\\/nolimit-aventure.com\\\/nemours\\\/les-activites\\\/#breadcrumb\",\"itemListElement\":[{\"@type\":\"ListItem\",\"position\":1,\"name\":\"Accueil\",\"item\":\"https:\\\/\\\/nolimit-aventure.com\\\/nemours\\\/\"},{\"@type\":\"ListItem\",\"position\":2,\"name\":\"Activit\u00e9s\"}]},{\"@type\":\"WebSite\",\"@id\":\"https:\\\/\\\/nolimit-aventure.com\\\/nemours\\\/#website\",\"url\":\"https:\\\/\\\/nolimit-aventure.com\\\/nemours\\\/\",\"name\":\"NoLimit Aventure Nemours\",\"description\":\"\",\"potentialAction\":[{\"@type\":\"SearchAction\",\"target\":{\"@type\":\"EntryPoint\",\"urlTemplate\":\"https:\\\/\\\/nolimit-aventure.com\\\/nemours\\\/?s={search_term_string}\"},\"query-input\":{\"@type\":\"PropertyValueSpecification\",\"valueRequired\":true,\"valueName\":\"search_term_string\"}}],\"inLanguage\":\"fr-FR\"}]}<\/script>\n<!-- \/ Yoast SEO plugin. -->","yoast_head_json":{"title":"Activit\u00e9s en seine et marne | Parc NoLimit Aventure","description":"D\u00e9couvrez les activit\u00e9s en Seine et Marne, (\u00eele de France) 8 aires Paintball,12 parcours aventure, Tyrolienne G\u00e9ante, accrobranche, etc..","robots":{"index":"index","follow":"follow","max-snippet":"max-snippet:-1","max-image-preview":"max-image-preview:large","max-video-preview":"max-video-preview:-1"},"canonical":"https:\/\/nolimit-aventure.com\/nemours\/les-activites\/","og_locale":"fr_FR","og_type":"article","og_title":"Activit\u00e9s en seine et marne | Parc NoLimit Aventure","og_description":"D\u00e9couvrez les activit\u00e9s en Seine et Marne, (\u00eele de France) 8 aires Paintball,12 parcours aventure, Tyrolienne G\u00e9ante, accrobranche, etc..","og_url":"https:\/\/nolimit-aventure.com\/nemours\/les-activites\/","og_site_name":"NoLimit Aventure Nemours","article_modified_time":"2024-04-30T08:24:12+00:00","twitter_card":"summary_large_image","twitter_misc":{"Dur\u00e9e de lecture estim\u00e9e":"3 minutes"},"schema":{"@context":"https:\/\/schema.org","@graph":[{"@type":"WebPage","@id":"https:\/\/nolimit-aventure.com\/nemours\/les-activites\/","url":"https:\/\/nolimit-aventure.com\/nemours\/les-activites\/","name":"Activit\u00e9s en seine et marne | Parc NoLimit Aventure","isPartOf":{"@id":"https:\/\/nolimit-aventure.com\/nemours\/#website"},"datePublished":"2016-10-07T09:01:00+00:00","dateModified":"2024-04-30T08:24:12+00:00","description":"D\u00e9couvrez les activit\u00e9s en Seine et Marne, (\u00eele de France) 8 aires Paintball,12 parcours aventure, Tyrolienne G\u00e9ante, accrobranche, etc..","breadcrumb":{"@id":"https:\/\/nolimit-aventure.com\/nemours\/les-activites\/#breadcrumb"},"inLanguage":"fr-FR","potentialAction":[{"@type":"ReadAction","target":["https:\/\/nolimit-aventure.com\/nemours\/les-activites\/"]}]},{"@type":"BreadcrumbList","@id":"https:\/\/nolimit-aventure.com\/nemours\/les-activites\/#breadcrumb","itemListElement":[{"@type":"ListItem","position":1,"name":"Accueil","item":"https:\/\/nolimit-aventure.com\/nemours\/"},{"@type":"ListItem","position":2,"name":"Activit\u00e9s"}]},{"@type":"WebSite","@id":"https:\/\/nolimit-aventure.com\/nemours\/#website","url":"https:\/\/nolimit-aventure.com\/nemours\/","name":"NoLimit Aventure Nemours","description":"","potentialAction":[{"@type":"SearchAction","target":{"@type":"EntryPoint","urlTemplate":"https:\/\/nolimit-aventure.com\/nemours\/?s={search_term_string}"},"query-input":{"@type":"PropertyValueSpecification","valueRequired":true,"valueName":"search_term_string"}}],"inLanguage":"fr-FR"}]}},"_links":{"self":[{"href":"https:\/\/nolimit-aventure.com\/nemours\/wp-json\/wp\/v2\/pages\/28","targetHints":{"allow":["GET"]}}],"collection":[{"href":"https:\/\/nolimit-aventure.com\/nemours\/wp-json\/wp\/v2\/pages"}],"about":[{"href":"https:\/\/nolimit-aventure.com\/nemours\/wp-json\/wp\/v2\/types\/page"}],"author":[{"embeddable":true,"href":"https:\/\/nolimit-aventure.com\/nemours\/wp-json\/wp\/v2\/users\/1"}],"replies":[{"embeddable":true,"href":"https:\/\/nolimit-aventure.com\/nemours\/wp-json\/wp\/v2\/comments?post=28"}],"version-history":[{"count":48,"href":"https:\/\/nolimit-aventure.com\/nemours\/wp-json\/wp\/v2\/pages\/28\/revisions"}],"predecessor-version":[{"id":8673,"href":"https:\/\/nolimit-aventure.com\/nemours\/wp-json\/wp\/v2\/pages\/28\/revisions\/8673"}],"wp:attachment":[{"href":"https:\/\/nolimit-aventure.com\/nemours\/wp-json\/wp\/v2\/media?parent=28"}],"curies":[{"name":"wp","href":"https:\/\/api.w.org\/{rel}","templated":true}]}}