{"id":2826,"date":"2017-05-26T07:03:40","date_gmt":"2017-05-26T05:03:40","guid":{"rendered":"https:\/\/nolimit-aventure.com\/nemours\/?page_id=2826"},"modified":"2017-05-26T07:37:56","modified_gmt":"2017-05-26T05:37:56","slug":"parcours","status":"publish","type":"page","link":"https:\/\/nolimit-aventure.com\/nemours\/parcours\/","title":{"rendered":"Parcours"},"content":{"rendered":"<div id=\"pl-2826\"  class=\"panel-layout\" ><div id=\"pg-2826-0\"  class=\"panel-grid panel-no-style\" ><div id=\"pgc-2826-0-0\"  class=\"panel-grid-cell panel-grid-cell-empty\" ><\/div><\/div><div id=\"pg-2826-1\"  class=\"panel-grid panel-no-style\" ><div id=\"pgc-2826-1-0\"  class=\"panel-grid-cell\" ><div id=\"panel-2826-1-0-0\" class=\"so-panel widget widget_pw_featured_page widget-featured-page panel-first-child panel-last-child\" data-index=\"0\" >\n\t<div class=\"page-box  page-box--block\">\n\t\t\t\t<div class=\"page-box__content\">\n\t\t\t<h2 class=\"page-box__title\"><a href=\"https:\/\/nolimit-aventure.com\/nemours\/parcours\/parcours-blanc\/\">Parcours Blanc<\/a><\/h2>\n\t\t\t<p class=\"page-box__text\">Parcours Blanc\nApr\u00e8s avoir visionn\u00e9 le briefing vid\u00e9o, vous mettrez en pratique ce que vous avez appris sur ce parcours d'entra\u00eenement. Passage &hellip;<\/p>\n\t\t\t\t\t\t\t<a href=\"https:\/\/nolimit-aventure.com\/nemours\/parcours\/parcours-blanc\/\" class=\"page-box__more-link\">En savoir plus<\/a>\n\t\t\t\t\t<\/div>\n\t<\/div>\n\n<\/div><\/div><div id=\"pgc-2826-1-1\"  class=\"panel-grid-cell panel-grid-cell-empty panel-grid-cell-mobile-last\" ><\/div><div id=\"pgc-2826-1-2\"  class=\"panel-grid-cell panel-grid-cell-empty\" ><\/div><\/div><div id=\"pg-2826-2\"  class=\"panel-grid panel-no-style\" ><div id=\"pgc-2826-2-0\"  class=\"panel-grid-cell panel-grid-cell-empty\" ><\/div><div id=\"pgc-2826-2-1\"  class=\"panel-grid-cell panel-grid-cell-empty panel-grid-cell-mobile-last\" ><\/div><div id=\"pgc-2826-2-2\"  class=\"panel-grid-cell panel-grid-cell-empty\" ><\/div><\/div><div id=\"pg-2826-3\"  class=\"panel-grid panel-has-style\" ><div class=\"panel-row-style panel-row-style-for-2826-3\" ><div id=\"pgc-2826-3-0\"  class=\"panel-grid-cell\" ><div id=\"panel-2826-3-0-0\" class=\"so-panel widget widget_sow-google-map panel-first-child panel-last-child\" data-index=\"1\" ><div class=\"panel-widget-style panel-widget-style-for-2826-3-0-0\" ><div\n\t\t\t\n\t\t\tclass=\"so-widget-sow-google-map so-widget-sow-google-map-default-ae958db06d5f-2826\"\n\t\t\t\n\t\t>\n<div class=\"sow-google-map-canvas\"\n\tstyle=\"\"\n\tid=\"map-canvas-26b419455404d1ecd182af40d3c6392e\"\n\tdata-options=\"{&quot;address&quot;:&quot;nemours, france&quot;,&quot;zoom&quot;:13,&quot;mobileZoom&quot;:13,&quot;gestureHandling&quot;:&quot;none&quot;,&quot;disableUi&quot;:false,&quot;markerIcon&quot;:&quot;https:\\\/\\\/nolimit-aventure.com\\\/nemours\\\/wp-content\\\/uploads\\\/2016\\\/10\\\/marker.png&quot;,&quot;markersDraggable&quot;:false,&quot;markerAtCenter&quot;:true,&quot;markerInfoDisplay&quot;:&quot;click&quot;,&quot;markerInfoMultiple&quot;:true,&quot;markerPositions&quot;:[{&quot;place&quot;:&quot;Larchant&quot;,&quot;info&quot;:&quot;&quot;,&quot;infoSelectedEditor&quot;:&quot;tinymce&quot;,&quot;infoMaxWidth&quot;:&quot;&quot;,&quot;customMarkerIcon&quot;:&quot;&quot;,&quot;customMarkerIconSize&quot;:&quot;&quot;},{&quot;place&quot;:&quot;Montargis&quot;,&quot;info&quot;:&quot;&quot;,&quot;infoSelectedEditor&quot;:&quot;tinymce&quot;,&quot;infoMaxWidth&quot;:&quot;&quot;,&quot;customMarkerIcon&quot;:&quot;&quot;,&quot;customMarkerIconSize&quot;:&quot;&quot;},{&quot;place&quot;:&quot;Digny&quot;,&quot;info&quot;:&quot;&quot;,&quot;infoSelectedEditor&quot;:&quot;tinymce&quot;,&quot;infoMaxWidth&quot;:&quot;&quot;,&quot;customMarkerIcon&quot;:&quot;&quot;,&quot;customMarkerIconSize&quot;:&quot;&quot;}],&quot;mapName&quot;:&quot;Carte personnalis\\u00e9e&quot;,&quot;mapStyles&quot;:[{&quot;featureType&quot;:&quot;water&quot;,&quot;elementType&quot;:&quot;geometry&quot;,&quot;stylers&quot;:[{&quot;color&quot;:&quot;#e9e9e9&quot;},{&quot;lightness&quot;:17}]},{&quot;featureType&quot;:&quot;landscape&quot;,&quot;elementType&quot;:&quot;geometry&quot;,&quot;stylers&quot;:[{&quot;color&quot;:&quot;#f5f5f5&quot;},{&quot;lightness&quot;:20}]},{&quot;featureType&quot;:&quot;road.highway&quot;,&quot;elementType&quot;:&quot;geometry.fill&quot;,&quot;stylers&quot;:[{&quot;color&quot;:&quot;#ffffff&quot;},{&quot;lightness&quot;:17}]},{&quot;featureType&quot;:&quot;road.highway&quot;,&quot;elementType&quot;:&quot;geometry.stroke&quot;,&quot;stylers&quot;:[{&quot;color&quot;:&quot;#ffffff&quot;},{&quot;lightness&quot;:29},{&quot;weight&quot;:0.2}]},{&quot;featureType&quot;:&quot;road.arterial&quot;,&quot;elementType&quot;:&quot;geometry&quot;,&quot;stylers&quot;:[{&quot;color&quot;:&quot;#ffffff&quot;},{&quot;lightness&quot;:18}]},{&quot;featureType&quot;:&quot;road.local&quot;,&quot;elementType&quot;:&quot;geometry&quot;,&quot;stylers&quot;:[{&quot;color&quot;:&quot;#ffffff&quot;},{&quot;lightness&quot;:16}]},{&quot;featureType&quot;:&quot;poi&quot;,&quot;elementType&quot;:&quot;geometry&quot;,&quot;stylers&quot;:[{&quot;color&quot;:&quot;#f5f5f5&quot;},{&quot;lightness&quot;:21}]},{&quot;featureType&quot;:&quot;poi.park&quot;,&quot;elementType&quot;:&quot;geometry&quot;,&quot;stylers&quot;:[{&quot;color&quot;:&quot;#dedede&quot;},{&quot;lightness&quot;:21}]},{&quot;elementType&quot;:&quot;labels.text.stroke&quot;,&quot;stylers&quot;:[{&quot;visibility&quot;:&quot;on&quot;},{&quot;color&quot;:&quot;#ffffff&quot;},{&quot;lightness&quot;:16}]},{&quot;elementType&quot;:&quot;labels.text.fill&quot;,&quot;stylers&quot;:[{&quot;saturation&quot;:36},{&quot;color&quot;:&quot;#333333&quot;},{&quot;lightness&quot;:40}]},{&quot;elementType&quot;:&quot;labels.icon&quot;,&quot;stylers&quot;:[{&quot;visibility&quot;:&quot;off&quot;}]},{&quot;featureType&quot;:&quot;transit&quot;,&quot;elementType&quot;:&quot;geometry&quot;,&quot;stylers&quot;:[{&quot;color&quot;:&quot;#f2f2f2&quot;},{&quot;lightness&quot;:19}]},{&quot;featureType&quot;:&quot;administrative&quot;,&quot;elementType&quot;:&quot;geometry.fill&quot;,&quot;stylers&quot;:[{&quot;color&quot;:&quot;#fefefe&quot;},{&quot;lightness&quot;:20}]},{&quot;featureType&quot;:&quot;administrative&quot;,&quot;elementType&quot;:&quot;geometry.stroke&quot;,&quot;stylers&quot;:[{&quot;color&quot;:&quot;#fefefe&quot;},{&quot;lightness&quot;:17},{&quot;weight&quot;:1.2}]}],&quot;directions&quot;:&quot;&quot;,&quot;apiKey&quot;:&quot;AIzaSyB7KobOozKQ8YV5xIqILlrEucsBB5Bwfjc&quot;,&quot;breakpoint&quot;:780}\"\n\tdata-fallback-image=\"{&quot;img&quot;:&quot;&quot;}\"><\/div>\n<\/div><\/div><\/div><\/div><\/div><\/div><\/div>","protected":false},"excerpt":{"rendered":"<p>Parcours Blanc Parcours Blanc Apr\u00e8s avoir visionn\u00e9 le briefing vid\u00e9o, vous mettrez en pratique ce que vous avez appris sur ce parcours d&rsquo;entra\u00eenement. Passage &hellip; En savoir plus<\/p>\n","protected":false},"author":2,"featured_media":0,"parent":0,"menu_order":0,"comment_status":"closed","ping_status":"closed","template":"","meta":{"_acf_changed":false,"footnotes":""},"class_list":{"0":"post-2826","1":"page","2":"type-page","3":"status-publish","5":"clearfix","6":"article"},"acf":[],"yoast_head":"<!-- This site is optimized with the Yoast SEO plugin v27.6 - https:\/\/yoast.com\/product\/yoast-seo-wordpress\/ -->\n<title>Parcours - NoLimit Aventure Nemours<\/title>\n<meta name=\"robots\" content=\"index, follow, max-snippet:-1, max-image-preview:large, max-video-preview:-1\" \/>\n<link rel=\"canonical\" href=\"https:\/\/nolimit-aventure.com\/nemours\/parcours\/\" \/>\n<meta property=\"og:locale\" content=\"fr_FR\" \/>\n<meta property=\"og:type\" content=\"article\" \/>\n<meta property=\"og:title\" content=\"Parcours - NoLimit Aventure Nemours\" \/>\n<meta property=\"og:description\" content=\"Parcours Blanc Parcours Blanc Apr\u00e8s avoir visionn\u00e9 le briefing vid\u00e9o, vous mettrez en pratique ce que vous avez appris sur ce parcours d&#039;entra\u00eenement. Passage &hellip; En savoir plus\" \/>\n<meta property=\"og:url\" content=\"https:\/\/nolimit-aventure.com\/nemours\/parcours\/\" \/>\n<meta property=\"og:site_name\" content=\"NoLimit Aventure Nemours\" \/>\n<meta property=\"article:modified_time\" content=\"2017-05-26T05:37:56+00:00\" \/>\n<meta property=\"og:image\" content=\"https:\/\/nolimit-aventure.com\/nemours\/wp-content\/uploads\/2017\/05\/pass-extreme-352x198.jpg\" \/>\n<meta name=\"twitter:card\" content=\"summary_large_image\" \/>\n<meta name=\"twitter:label1\" content=\"Dur\u00e9e de lecture estim\u00e9e\" \/>\n\t<meta name=\"twitter:data1\" content=\"1 minute\" \/>\n<script type=\"application\/ld+json\" class=\"yoast-schema-graph\">{\"@context\":\"https:\\\/\\\/schema.org\",\"@graph\":[{\"@type\":\"WebPage\",\"@id\":\"https:\\\/\\\/nolimit-aventure.com\\\/nemours\\\/parcours\\\/\",\"url\":\"https:\\\/\\\/nolimit-aventure.com\\\/nemours\\\/parcours\\\/\",\"name\":\"Parcours - NoLimit Aventure Nemours\",\"isPartOf\":{\"@id\":\"https:\\\/\\\/nolimit-aventure.com\\\/nemours\\\/#website\"},\"primaryImageOfPage\":{\"@id\":\"https:\\\/\\\/nolimit-aventure.com\\\/nemours\\\/parcours\\\/#primaryimage\"},\"image\":{\"@id\":\"https:\\\/\\\/nolimit-aventure.com\\\/nemours\\\/parcours\\\/#primaryimage\"},\"thumbnailUrl\":\"https:\\\/\\\/nolimit-aventure.com\\\/nemours\\\/wp-content\\\/uploads\\\/2017\\\/05\\\/pass-extreme-352x198.jpg\",\"datePublished\":\"2017-05-26T05:03:40+00:00\",\"dateModified\":\"2017-05-26T05:37:56+00:00\",\"breadcrumb\":{\"@id\":\"https:\\\/\\\/nolimit-aventure.com\\\/nemours\\\/parcours\\\/#breadcrumb\"},\"inLanguage\":\"fr-FR\",\"potentialAction\":[{\"@type\":\"ReadAction\",\"target\":[\"https:\\\/\\\/nolimit-aventure.com\\\/nemours\\\/parcours\\\/\"]}]},{\"@type\":\"ImageObject\",\"inLanguage\":\"fr-FR\",\"@id\":\"https:\\\/\\\/nolimit-aventure.com\\\/nemours\\\/parcours\\\/#primaryimage\",\"url\":\"https:\\\/\\\/nolimit-aventure.com\\\/nemours\\\/wp-content\\\/uploads\\\/2017\\\/05\\\/pass-extreme.jpg\",\"contentUrl\":\"https:\\\/\\\/nolimit-aventure.com\\\/nemours\\\/wp-content\\\/uploads\\\/2017\\\/05\\\/pass-extreme.jpg\",\"width\":867,\"height\":437,\"caption\":\"Formules paintball\"},{\"@type\":\"BreadcrumbList\",\"@id\":\"https:\\\/\\\/nolimit-aventure.com\\\/nemours\\\/parcours\\\/#breadcrumb\",\"itemListElement\":[{\"@type\":\"ListItem\",\"position\":1,\"name\":\"Accueil\",\"item\":\"https:\\\/\\\/nolimit-aventure.com\\\/nemours\\\/\"},{\"@type\":\"ListItem\",\"position\":2,\"name\":\"Parcours\"}]},{\"@type\":\"WebSite\",\"@id\":\"https:\\\/\\\/nolimit-aventure.com\\\/nemours\\\/#website\",\"url\":\"https:\\\/\\\/nolimit-aventure.com\\\/nemours\\\/\",\"name\":\"NoLimit Aventure Nemours\",\"description\":\"\",\"potentialAction\":[{\"@type\":\"SearchAction\",\"target\":{\"@type\":\"EntryPoint\",\"urlTemplate\":\"https:\\\/\\\/nolimit-aventure.com\\\/nemours\\\/?s={search_term_string}\"},\"query-input\":{\"@type\":\"PropertyValueSpecification\",\"valueRequired\":true,\"valueName\":\"search_term_string\"}}],\"inLanguage\":\"fr-FR\"}]}<\/script>\n<!-- \/ Yoast SEO plugin. -->","yoast_head_json":{"title":"Parcours - NoLimit Aventure Nemours","robots":{"index":"index","follow":"follow","max-snippet":"max-snippet:-1","max-image-preview":"max-image-preview:large","max-video-preview":"max-video-preview:-1"},"canonical":"https:\/\/nolimit-aventure.com\/nemours\/parcours\/","og_locale":"fr_FR","og_type":"article","og_title":"Parcours - NoLimit Aventure Nemours","og_description":"Parcours Blanc Parcours Blanc Apr\u00e8s avoir visionn\u00e9 le briefing vid\u00e9o, vous mettrez en pratique ce que vous avez appris sur ce parcours d'entra\u00eenement. Passage &hellip; En savoir plus","og_url":"https:\/\/nolimit-aventure.com\/nemours\/parcours\/","og_site_name":"NoLimit Aventure Nemours","article_modified_time":"2017-05-26T05:37:56+00:00","og_image":[{"url":"https:\/\/nolimit-aventure.com\/nemours\/wp-content\/uploads\/2017\/05\/pass-extreme-352x198.jpg","type":"","width":"","height":""}],"twitter_card":"summary_large_image","twitter_misc":{"Dur\u00e9e de lecture estim\u00e9e":"1 minute"},"schema":{"@context":"https:\/\/schema.org","@graph":[{"@type":"WebPage","@id":"https:\/\/nolimit-aventure.com\/nemours\/parcours\/","url":"https:\/\/nolimit-aventure.com\/nemours\/parcours\/","name":"Parcours - NoLimit Aventure Nemours","isPartOf":{"@id":"https:\/\/nolimit-aventure.com\/nemours\/#website"},"primaryImageOfPage":{"@id":"https:\/\/nolimit-aventure.com\/nemours\/parcours\/#primaryimage"},"image":{"@id":"https:\/\/nolimit-aventure.com\/nemours\/parcours\/#primaryimage"},"thumbnailUrl":"https:\/\/nolimit-aventure.com\/nemours\/wp-content\/uploads\/2017\/05\/pass-extreme-352x198.jpg","datePublished":"2017-05-26T05:03:40+00:00","dateModified":"2017-05-26T05:37:56+00:00","breadcrumb":{"@id":"https:\/\/nolimit-aventure.com\/nemours\/parcours\/#breadcrumb"},"inLanguage":"fr-FR","potentialAction":[{"@type":"ReadAction","target":["https:\/\/nolimit-aventure.com\/nemours\/parcours\/"]}]},{"@type":"ImageObject","inLanguage":"fr-FR","@id":"https:\/\/nolimit-aventure.com\/nemours\/parcours\/#primaryimage","url":"https:\/\/nolimit-aventure.com\/nemours\/wp-content\/uploads\/2017\/05\/pass-extreme.jpg","contentUrl":"https:\/\/nolimit-aventure.com\/nemours\/wp-content\/uploads\/2017\/05\/pass-extreme.jpg","width":867,"height":437,"caption":"Formules paintball"},{"@type":"BreadcrumbList","@id":"https:\/\/nolimit-aventure.com\/nemours\/parcours\/#breadcrumb","itemListElement":[{"@type":"ListItem","position":1,"name":"Accueil","item":"https:\/\/nolimit-aventure.com\/nemours\/"},{"@type":"ListItem","position":2,"name":"Parcours"}]},{"@type":"WebSite","@id":"https:\/\/nolimit-aventure.com\/nemours\/#website","url":"https:\/\/nolimit-aventure.com\/nemours\/","name":"NoLimit Aventure Nemours","description":"","potentialAction":[{"@type":"SearchAction","target":{"@type":"EntryPoint","urlTemplate":"https:\/\/nolimit-aventure.com\/nemours\/?s={search_term_string}"},"query-input":{"@type":"PropertyValueSpecification","valueRequired":true,"valueName":"search_term_string"}}],"inLanguage":"fr-FR"}]}},"_links":{"self":[{"href":"https:\/\/nolimit-aventure.com\/nemours\/wp-json\/wp\/v2\/pages\/2826","targetHints":{"allow":["GET"]}}],"collection":[{"href":"https:\/\/nolimit-aventure.com\/nemours\/wp-json\/wp\/v2\/pages"}],"about":[{"href":"https:\/\/nolimit-aventure.com\/nemours\/wp-json\/wp\/v2\/types\/page"}],"author":[{"embeddable":true,"href":"https:\/\/nolimit-aventure.com\/nemours\/wp-json\/wp\/v2\/users\/2"}],"replies":[{"embeddable":true,"href":"https:\/\/nolimit-aventure.com\/nemours\/wp-json\/wp\/v2\/comments?post=2826"}],"version-history":[{"count":15,"href":"https:\/\/nolimit-aventure.com\/nemours\/wp-json\/wp\/v2\/pages\/2826\/revisions"}],"predecessor-version":[{"id":2828,"href":"https:\/\/nolimit-aventure.com\/nemours\/wp-json\/wp\/v2\/pages\/2826\/revisions\/2828"}],"wp:attachment":[{"href":"https:\/\/nolimit-aventure.com\/nemours\/wp-json\/wp\/v2\/media?parent=2826"}],"curies":[{"name":"wp","href":"https:\/\/api.w.org\/{rel}","templated":true}]}}