{"id":2849,"date":"2017-05-26T07:41:12","date_gmt":"2017-05-26T05:41:12","guid":{"rendered":"https:\/\/nolimit-aventure.com\/nemours\/?page_id=2849"},"modified":"2018-01-08T16:19:00","modified_gmt":"2018-01-08T15:19:00","slug":"parcours-blanc","status":"publish","type":"page","link":"https:\/\/nolimit-aventure.com\/nemours\/parcours\/parcours-blanc\/","title":{"rendered":"Parcours Blanc"},"content":{"rendered":"<div id=\"pl-2849\"  class=\"panel-layout\" ><div id=\"pg-2849-0\"  class=\"panel-grid panel-no-style\" ><div id=\"pgc-2849-0-0\"  class=\"panel-grid-cell panel-grid-cell-empty\" ><\/div><\/div><div id=\"pg-2849-1\"  class=\"panel-grid panel-no-style\" ><div id=\"pgc-2849-1-0\"  class=\"panel-grid-cell\" ><div id=\"panel-2849-1-0-0\" class=\"so-panel widget widget_sow-editor panel-first-child\" data-index=\"0\" ><div\n\t\t\t\n\t\t\tclass=\"so-widget-sow-editor so-widget-sow-editor-base\"\n\t\t\t\n\t\t>\n<div class=\"siteorigin-widget-tinymce textwidget\">\n\t<h2>Parcours Blanc<\/h2>\n<p>Apr\u00e8s avoir visionn\u00e9 le briefing vid\u00e9o, vous mettrez en pratique ce que vous avez appris sur ce parcours d'entra\u00eenement. Passage obligatoire afin d'utiliser une premi\u00e8re fois le mat\u00e9riel.<\/p>\n<p>5 jeux \u00e0 difficult\u00e9 tr\u00e8s facile accessibles \u00e0 partir de 1m30 d\u00e8s 8 ans<\/p>\n<\/div>\n<\/div><\/div><div id=\"panel-2849-1-0-1\" class=\"so-panel widget widget_sow-editor panel-last-child\" data-index=\"1\" ><div class=\"panel-widget-style panel-widget-style-for-2849-1-0-1\" ><div\n\t\t\t\n\t\t\tclass=\"so-widget-sow-editor so-widget-sow-editor-base\"\n\t\t\t\n\t\t>\n<div class=\"siteorigin-widget-tinymce textwidget\">\n\t<div id='gallery-1' class='gallery galleryid-2849 gallery-columns-5 gallery-size-medium'><figure class='gallery-item'>\n\t\t\t<div class='gallery-icon portrait'>\n\t\t\t\t<a href='https:\/\/nolimit-aventure.com\/nemours\/wp-content\/uploads\/2017\/05\/Parcours-accrobranche-blanc-1.jpg'><img loading=\"lazy\" decoding=\"async\" width=\"180\" height=\"300\" src=\"https:\/\/nolimit-aventure.com\/nemours\/wp-content\/uploads\/2017\/05\/Parcours-accrobranche-blanc-1-180x300.jpg\" class=\"attachment-medium size-medium\" alt=\"\" srcset=\"https:\/\/nolimit-aventure.com\/nemours\/wp-content\/uploads\/2017\/05\/Parcours-accrobranche-blanc-1-180x300.jpg 180w, https:\/\/nolimit-aventure.com\/nemours\/wp-content\/uploads\/2017\/05\/Parcours-accrobranche-blanc-1.jpg 400w\" sizes=\"auto, (max-width: 180px) 100vw, 180px\" \/><\/a>\n\t\t\t<\/div><\/figure><figure class='gallery-item'>\n\t\t\t<div class='gallery-icon portrait'>\n\t\t\t\t<a href='https:\/\/nolimit-aventure.com\/nemours\/wp-content\/uploads\/2017\/05\/Parcours-accrobranche-blanc-2.jpg'><img loading=\"lazy\" decoding=\"async\" width=\"180\" height=\"300\" src=\"https:\/\/nolimit-aventure.com\/nemours\/wp-content\/uploads\/2017\/05\/Parcours-accrobranche-blanc-2-180x300.jpg\" class=\"attachment-medium size-medium\" alt=\"\" srcset=\"https:\/\/nolimit-aventure.com\/nemours\/wp-content\/uploads\/2017\/05\/Parcours-accrobranche-blanc-2-180x300.jpg 180w, https:\/\/nolimit-aventure.com\/nemours\/wp-content\/uploads\/2017\/05\/Parcours-accrobranche-blanc-2.jpg 400w\" sizes=\"auto, (max-width: 180px) 100vw, 180px\" \/><\/a>\n\t\t\t<\/div><\/figure><figure class='gallery-item'>\n\t\t\t<div class='gallery-icon portrait'>\n\t\t\t\t<a href='https:\/\/nolimit-aventure.com\/nemours\/wp-content\/uploads\/2017\/05\/Parcours-accrobranche-blanc-3.jpg'><img loading=\"lazy\" decoding=\"async\" width=\"180\" height=\"300\" src=\"https:\/\/nolimit-aventure.com\/nemours\/wp-content\/uploads\/2017\/05\/Parcours-accrobranche-blanc-3-180x300.jpg\" class=\"attachment-medium size-medium\" alt=\"\" srcset=\"https:\/\/nolimit-aventure.com\/nemours\/wp-content\/uploads\/2017\/05\/Parcours-accrobranche-blanc-3-180x300.jpg 180w, https:\/\/nolimit-aventure.com\/nemours\/wp-content\/uploads\/2017\/05\/Parcours-accrobranche-blanc-3.jpg 400w\" sizes=\"auto, (max-width: 180px) 100vw, 180px\" \/><\/a>\n\t\t\t<\/div><\/figure><figure class='gallery-item'>\n\t\t\t<div class='gallery-icon portrait'>\n\t\t\t\t<a href='https:\/\/nolimit-aventure.com\/nemours\/wp-content\/uploads\/2017\/05\/Parcours-accrobranche-blanc-4.jpg'><img loading=\"lazy\" decoding=\"async\" width=\"180\" height=\"300\" src=\"https:\/\/nolimit-aventure.com\/nemours\/wp-content\/uploads\/2017\/05\/Parcours-accrobranche-blanc-4-180x300.jpg\" class=\"attachment-medium size-medium\" alt=\"\" srcset=\"https:\/\/nolimit-aventure.com\/nemours\/wp-content\/uploads\/2017\/05\/Parcours-accrobranche-blanc-4-180x300.jpg 180w, https:\/\/nolimit-aventure.com\/nemours\/wp-content\/uploads\/2017\/05\/Parcours-accrobranche-blanc-4.jpg 400w\" sizes=\"auto, (max-width: 180px) 100vw, 180px\" \/><\/a>\n\t\t\t<\/div><\/figure><figure class='gallery-item'>\n\t\t\t<div class='gallery-icon portrait'>\n\t\t\t\t<a href='https:\/\/nolimit-aventure.com\/nemours\/wp-content\/uploads\/2017\/05\/Parcours-accrobranche-blanc-5.jpg'><img loading=\"lazy\" decoding=\"async\" width=\"180\" height=\"300\" src=\"https:\/\/nolimit-aventure.com\/nemours\/wp-content\/uploads\/2017\/05\/Parcours-accrobranche-blanc-5-180x300.jpg\" class=\"attachment-medium size-medium\" alt=\"\" srcset=\"https:\/\/nolimit-aventure.com\/nemours\/wp-content\/uploads\/2017\/05\/Parcours-accrobranche-blanc-5-180x300.jpg 180w, https:\/\/nolimit-aventure.com\/nemours\/wp-content\/uploads\/2017\/05\/Parcours-accrobranche-blanc-5.jpg 400w\" sizes=\"auto, (max-width: 180px) 100vw, 180px\" \/><\/a>\n\t\t\t<\/div><\/figure>\n\t\t<\/div>\n\n<\/div>\n<\/div><\/div><\/div><\/div><\/div><\/div>","protected":false},"excerpt":{"rendered":"<p>Parcours Blanc Apr\u00e8s avoir visionn\u00e9 le briefing vid\u00e9o, vous mettrez en pratique ce que vous avez appris sur ce parcours d&rsquo;entra\u00eenement. Passage obligatoire afin d&rsquo;utiliser une premi\u00e8re fois le mat\u00e9riel. 5 jeux \u00e0 difficult\u00e9 tr\u00e8s facile accessibles \u00e0 partir de 1m30 d\u00e8s 8 ans<\/p>\n","protected":false},"author":2,"featured_media":0,"parent":2826,"menu_order":0,"comment_status":"closed","ping_status":"closed","template":"","meta":{"_acf_changed":false,"footnotes":""},"class_list":{"0":"post-2849","1":"page","2":"type-page","3":"status-publish","5":"clearfix","6":"article"},"acf":[],"yoast_head":"<!-- This site is optimized with the Yoast SEO plugin v27.6 - https:\/\/yoast.com\/product\/yoast-seo-wordpress\/ -->\n<title>Parcours Blanc - NoLimit Aventure Nemours<\/title>\n<meta name=\"robots\" content=\"index, follow, max-snippet:-1, max-image-preview:large, max-video-preview:-1\" \/>\n<link rel=\"canonical\" href=\"https:\/\/nolimit-aventure.com\/nemours\/parcours\/parcours-blanc\/\" \/>\n<meta property=\"og:locale\" content=\"fr_FR\" \/>\n<meta property=\"og:type\" content=\"article\" \/>\n<meta property=\"og:title\" content=\"Parcours Blanc - NoLimit Aventure Nemours\" \/>\n<meta property=\"og:description\" content=\"Parcours Blanc Apr\u00e8s avoir visionn\u00e9 le briefing vid\u00e9o, vous mettrez en pratique ce que vous avez appris sur ce parcours d&#039;entra\u00eenement. Passage obligatoire afin d&#039;utiliser une premi\u00e8re fois le mat\u00e9riel. 5 jeux \u00e0 difficult\u00e9 tr\u00e8s facile accessibles \u00e0 partir de 1m30 d\u00e8s 8 ans\" \/>\n<meta property=\"og:url\" content=\"https:\/\/nolimit-aventure.com\/nemours\/parcours\/parcours-blanc\/\" \/>\n<meta property=\"og:site_name\" content=\"NoLimit Aventure Nemours\" \/>\n<meta property=\"article:modified_time\" content=\"2018-01-08T15:19:00+00:00\" \/>\n<meta property=\"og:image\" content=\"https:\/\/nolimit-aventure.com\/nemours\/wp-content\/uploads\/2017\/05\/Parcours-accrobranche-blanc-1-180x300.jpg\" \/>\n<meta name=\"twitter:card\" content=\"summary_large_image\" \/>\n<script type=\"application\/ld+json\" class=\"yoast-schema-graph\">{\"@context\":\"https:\\\/\\\/schema.org\",\"@graph\":[{\"@type\":\"WebPage\",\"@id\":\"https:\\\/\\\/nolimit-aventure.com\\\/nemours\\\/parcours\\\/parcours-blanc\\\/\",\"url\":\"https:\\\/\\\/nolimit-aventure.com\\\/nemours\\\/parcours\\\/parcours-blanc\\\/\",\"name\":\"Parcours Blanc - NoLimit Aventure Nemours\",\"isPartOf\":{\"@id\":\"https:\\\/\\\/nolimit-aventure.com\\\/nemours\\\/#website\"},\"datePublished\":\"2017-05-26T05:41:12+00:00\",\"dateModified\":\"2018-01-08T15:19:00+00:00\",\"breadcrumb\":{\"@id\":\"https:\\\/\\\/nolimit-aventure.com\\\/nemours\\\/parcours\\\/parcours-blanc\\\/#breadcrumb\"},\"inLanguage\":\"fr-FR\",\"potentialAction\":[{\"@type\":\"ReadAction\",\"target\":[\"https:\\\/\\\/nolimit-aventure.com\\\/nemours\\\/parcours\\\/parcours-blanc\\\/\"]}]},{\"@type\":\"BreadcrumbList\",\"@id\":\"https:\\\/\\\/nolimit-aventure.com\\\/nemours\\\/parcours\\\/parcours-blanc\\\/#breadcrumb\",\"itemListElement\":[{\"@type\":\"ListItem\",\"position\":1,\"name\":\"Accueil\",\"item\":\"https:\\\/\\\/nolimit-aventure.com\\\/nemours\\\/\"},{\"@type\":\"ListItem\",\"position\":2,\"name\":\"Parcours\",\"item\":\"https:\\\/\\\/nolimit-aventure.com\\\/nemours\\\/parcours\\\/\"},{\"@type\":\"ListItem\",\"position\":3,\"name\":\"Parcours Blanc\"}]},{\"@type\":\"WebSite\",\"@id\":\"https:\\\/\\\/nolimit-aventure.com\\\/nemours\\\/#website\",\"url\":\"https:\\\/\\\/nolimit-aventure.com\\\/nemours\\\/\",\"name\":\"NoLimit Aventure Nemours\",\"description\":\"\",\"potentialAction\":[{\"@type\":\"SearchAction\",\"target\":{\"@type\":\"EntryPoint\",\"urlTemplate\":\"https:\\\/\\\/nolimit-aventure.com\\\/nemours\\\/?s={search_term_string}\"},\"query-input\":{\"@type\":\"PropertyValueSpecification\",\"valueRequired\":true,\"valueName\":\"search_term_string\"}}],\"inLanguage\":\"fr-FR\"}]}<\/script>\n<!-- \/ Yoast SEO plugin. -->","yoast_head_json":{"title":"Parcours Blanc - NoLimit Aventure Nemours","robots":{"index":"index","follow":"follow","max-snippet":"max-snippet:-1","max-image-preview":"max-image-preview:large","max-video-preview":"max-video-preview:-1"},"canonical":"https:\/\/nolimit-aventure.com\/nemours\/parcours\/parcours-blanc\/","og_locale":"fr_FR","og_type":"article","og_title":"Parcours Blanc - NoLimit Aventure Nemours","og_description":"Parcours Blanc Apr\u00e8s avoir visionn\u00e9 le briefing vid\u00e9o, vous mettrez en pratique ce que vous avez appris sur ce parcours d'entra\u00eenement. Passage obligatoire afin d'utiliser une premi\u00e8re fois le mat\u00e9riel. 5 jeux \u00e0 difficult\u00e9 tr\u00e8s facile accessibles \u00e0 partir de 1m30 d\u00e8s 8 ans","og_url":"https:\/\/nolimit-aventure.com\/nemours\/parcours\/parcours-blanc\/","og_site_name":"NoLimit Aventure Nemours","article_modified_time":"2018-01-08T15:19:00+00:00","og_image":[{"url":"https:\/\/nolimit-aventure.com\/nemours\/wp-content\/uploads\/2017\/05\/Parcours-accrobranche-blanc-1-180x300.jpg","type":"","width":"","height":""}],"twitter_card":"summary_large_image","schema":{"@context":"https:\/\/schema.org","@graph":[{"@type":"WebPage","@id":"https:\/\/nolimit-aventure.com\/nemours\/parcours\/parcours-blanc\/","url":"https:\/\/nolimit-aventure.com\/nemours\/parcours\/parcours-blanc\/","name":"Parcours Blanc - NoLimit Aventure Nemours","isPartOf":{"@id":"https:\/\/nolimit-aventure.com\/nemours\/#website"},"datePublished":"2017-05-26T05:41:12+00:00","dateModified":"2018-01-08T15:19:00+00:00","breadcrumb":{"@id":"https:\/\/nolimit-aventure.com\/nemours\/parcours\/parcours-blanc\/#breadcrumb"},"inLanguage":"fr-FR","potentialAction":[{"@type":"ReadAction","target":["https:\/\/nolimit-aventure.com\/nemours\/parcours\/parcours-blanc\/"]}]},{"@type":"BreadcrumbList","@id":"https:\/\/nolimit-aventure.com\/nemours\/parcours\/parcours-blanc\/#breadcrumb","itemListElement":[{"@type":"ListItem","position":1,"name":"Accueil","item":"https:\/\/nolimit-aventure.com\/nemours\/"},{"@type":"ListItem","position":2,"name":"Parcours","item":"https:\/\/nolimit-aventure.com\/nemours\/parcours\/"},{"@type":"ListItem","position":3,"name":"Parcours Blanc"}]},{"@type":"WebSite","@id":"https:\/\/nolimit-aventure.com\/nemours\/#website","url":"https:\/\/nolimit-aventure.com\/nemours\/","name":"NoLimit Aventure Nemours","description":"","potentialAction":[{"@type":"SearchAction","target":{"@type":"EntryPoint","urlTemplate":"https:\/\/nolimit-aventure.com\/nemours\/?s={search_term_string}"},"query-input":{"@type":"PropertyValueSpecification","valueRequired":true,"valueName":"search_term_string"}}],"inLanguage":"fr-FR"}]}},"_links":{"self":[{"href":"https:\/\/nolimit-aventure.com\/nemours\/wp-json\/wp\/v2\/pages\/2849","targetHints":{"allow":["GET"]}}],"collection":[{"href":"https:\/\/nolimit-aventure.com\/nemours\/wp-json\/wp\/v2\/pages"}],"about":[{"href":"https:\/\/nolimit-aventure.com\/nemours\/wp-json\/wp\/v2\/types\/page"}],"author":[{"embeddable":true,"href":"https:\/\/nolimit-aventure.com\/nemours\/wp-json\/wp\/v2\/users\/2"}],"replies":[{"embeddable":true,"href":"https:\/\/nolimit-aventure.com\/nemours\/wp-json\/wp\/v2\/comments?post=2849"}],"version-history":[{"count":33,"href":"https:\/\/nolimit-aventure.com\/nemours\/wp-json\/wp\/v2\/pages\/2849\/revisions"}],"predecessor-version":[{"id":3633,"href":"https:\/\/nolimit-aventure.com\/nemours\/wp-json\/wp\/v2\/pages\/2849\/revisions\/3633"}],"up":[{"embeddable":true,"href":"https:\/\/nolimit-aventure.com\/nemours\/wp-json\/wp\/v2\/pages\/2826"}],"wp:attachment":[{"href":"https:\/\/nolimit-aventure.com\/nemours\/wp-json\/wp\/v2\/media?parent=2849"}],"curies":[{"name":"wp","href":"https:\/\/api.w.org\/{rel}","templated":true}]}}