{"id":2912,"date":"2017-05-29T10:43:32","date_gmt":"2017-05-29T08:43:32","guid":{"rendered":"https:\/\/nolimit-aventure.com\/nemours\/?page_id=2912"},"modified":"2017-06-07T08:11:04","modified_gmt":"2017-06-07T06:11:04","slug":"parcours-vert","status":"publish","type":"page","link":"https:\/\/nolimit-aventure.com\/nemours\/parcours-vert\/","title":{"rendered":"Parcours Vert"},"content":{"rendered":"<div id=\"pl-2912\"  class=\"panel-layout\" ><div id=\"pg-2912-0\"  class=\"panel-grid panel-no-style\" ><div id=\"pgc-2912-0-0\"  class=\"panel-grid-cell panel-grid-cell-empty\" ><\/div><\/div><div id=\"pg-2912-1\"  class=\"panel-grid panel-no-style\" ><div id=\"pgc-2912-1-0\"  class=\"panel-grid-cell\" ><div id=\"panel-2912-1-0-0\" class=\"so-panel widget widget_sow-editor panel-first-child\" data-index=\"0\" ><div\n\t\t\t\n\t\t\tclass=\"so-widget-sow-editor so-widget-sow-editor-base\"\n\t\t\t\n\t\t>\n<div class=\"siteorigin-widget-tinymce textwidget\">\n\t<h2>Parcours Vert <\/h2>\n<p>Premier parcours o\u00f9 vous mettrez r\u00e9ellement en pratique vos talents cach\u00e9s d'acrobates et de gymnastes. Id\u00e9al pour les familles qui veulent s'amuser ensemble.<\/p>\n<p>12 jeux \u00e0 difficult\u00e9 facile accessibles \u00e0 partir de 1m30 d\u00e8s 8 ans<\/p>\n<\/div>\n<\/div><\/div><div id=\"panel-2912-1-0-1\" class=\"so-panel widget widget_sow-editor panel-last-child\" data-index=\"1\" ><div class=\"panel-widget-style panel-widget-style-for-2912-1-0-1\" ><div\n\t\t\t\n\t\t\tclass=\"so-widget-sow-editor so-widget-sow-editor-base\"\n\t\t\t\n\t\t>\n<div class=\"siteorigin-widget-tinymce textwidget\">\n\t<div id='gallery-1' class='gallery galleryid-2912 gallery-columns-5 gallery-size-medium'><figure class='gallery-item'>\n\t\t\t<div class='gallery-icon portrait'>\n\t\t\t\t<a href='https:\/\/nolimit-aventure.com\/nemours\/wp-content\/uploads\/2017\/05\/Parcours-accrobranche-vert-1.jpg'><img loading=\"lazy\" decoding=\"async\" width=\"180\" height=\"300\" src=\"https:\/\/nolimit-aventure.com\/nemours\/wp-content\/uploads\/2017\/05\/Parcours-accrobranche-vert-1-180x300.jpg\" class=\"attachment-medium size-medium\" alt=\"\" srcset=\"https:\/\/nolimit-aventure.com\/nemours\/wp-content\/uploads\/2017\/05\/Parcours-accrobranche-vert-1-180x300.jpg 180w, https:\/\/nolimit-aventure.com\/nemours\/wp-content\/uploads\/2017\/05\/Parcours-accrobranche-vert-1.jpg 400w\" sizes=\"auto, (max-width: 180px) 100vw, 180px\" \/><\/a>\n\t\t\t<\/div><\/figure><figure class='gallery-item'>\n\t\t\t<div class='gallery-icon portrait'>\n\t\t\t\t<a href='https:\/\/nolimit-aventure.com\/nemours\/wp-content\/uploads\/2017\/05\/Parcours-accrobranche-vert-2.jpg'><img loading=\"lazy\" decoding=\"async\" width=\"180\" height=\"300\" src=\"https:\/\/nolimit-aventure.com\/nemours\/wp-content\/uploads\/2017\/05\/Parcours-accrobranche-vert-2-180x300.jpg\" class=\"attachment-medium size-medium\" alt=\"\" srcset=\"https:\/\/nolimit-aventure.com\/nemours\/wp-content\/uploads\/2017\/05\/Parcours-accrobranche-vert-2-180x300.jpg 180w, https:\/\/nolimit-aventure.com\/nemours\/wp-content\/uploads\/2017\/05\/Parcours-accrobranche-vert-2.jpg 400w\" sizes=\"auto, (max-width: 180px) 100vw, 180px\" \/><\/a>\n\t\t\t<\/div><\/figure><figure class='gallery-item'>\n\t\t\t<div class='gallery-icon portrait'>\n\t\t\t\t<a href='https:\/\/nolimit-aventure.com\/nemours\/wp-content\/uploads\/2017\/05\/Parcours-accrobranche-vert-3.jpg'><img loading=\"lazy\" decoding=\"async\" width=\"180\" height=\"300\" src=\"https:\/\/nolimit-aventure.com\/nemours\/wp-content\/uploads\/2017\/05\/Parcours-accrobranche-vert-3-180x300.jpg\" class=\"attachment-medium size-medium\" alt=\"\" srcset=\"https:\/\/nolimit-aventure.com\/nemours\/wp-content\/uploads\/2017\/05\/Parcours-accrobranche-vert-3-180x300.jpg 180w, https:\/\/nolimit-aventure.com\/nemours\/wp-content\/uploads\/2017\/05\/Parcours-accrobranche-vert-3.jpg 400w\" sizes=\"auto, (max-width: 180px) 100vw, 180px\" \/><\/a>\n\t\t\t<\/div><\/figure><figure class='gallery-item'>\n\t\t\t<div class='gallery-icon portrait'>\n\t\t\t\t<a href='https:\/\/nolimit-aventure.com\/nemours\/wp-content\/uploads\/2017\/05\/Parcours-accrobranche-vert-4.jpg'><img loading=\"lazy\" decoding=\"async\" width=\"180\" height=\"300\" src=\"https:\/\/nolimit-aventure.com\/nemours\/wp-content\/uploads\/2017\/05\/Parcours-accrobranche-vert-4-180x300.jpg\" class=\"attachment-medium size-medium\" alt=\"\" srcset=\"https:\/\/nolimit-aventure.com\/nemours\/wp-content\/uploads\/2017\/05\/Parcours-accrobranche-vert-4-180x300.jpg 180w, https:\/\/nolimit-aventure.com\/nemours\/wp-content\/uploads\/2017\/05\/Parcours-accrobranche-vert-4.jpg 400w\" sizes=\"auto, (max-width: 180px) 100vw, 180px\" \/><\/a>\n\t\t\t<\/div><\/figure><figure class='gallery-item'>\n\t\t\t<div class='gallery-icon portrait'>\n\t\t\t\t<a href='https:\/\/nolimit-aventure.com\/nemours\/wp-content\/uploads\/2017\/05\/Parcours-accrobranche-vert-5.jpg'><img loading=\"lazy\" decoding=\"async\" width=\"180\" height=\"300\" src=\"https:\/\/nolimit-aventure.com\/nemours\/wp-content\/uploads\/2017\/05\/Parcours-accrobranche-vert-5-180x300.jpg\" class=\"attachment-medium size-medium\" alt=\"\" srcset=\"https:\/\/nolimit-aventure.com\/nemours\/wp-content\/uploads\/2017\/05\/Parcours-accrobranche-vert-5-180x300.jpg 180w, https:\/\/nolimit-aventure.com\/nemours\/wp-content\/uploads\/2017\/05\/Parcours-accrobranche-vert-5.jpg 400w\" sizes=\"auto, (max-width: 180px) 100vw, 180px\" \/><\/a>\n\t\t\t<\/div><\/figure><figure class='gallery-item'>\n\t\t\t<div class='gallery-icon portrait'>\n\t\t\t\t<a href='https:\/\/nolimit-aventure.com\/nemours\/wp-content\/uploads\/2017\/05\/Parcours-accrobranche-vert-6.jpg'><img loading=\"lazy\" decoding=\"async\" width=\"180\" height=\"300\" src=\"https:\/\/nolimit-aventure.com\/nemours\/wp-content\/uploads\/2017\/05\/Parcours-accrobranche-vert-6-180x300.jpg\" class=\"attachment-medium size-medium\" alt=\"\" srcset=\"https:\/\/nolimit-aventure.com\/nemours\/wp-content\/uploads\/2017\/05\/Parcours-accrobranche-vert-6-180x300.jpg 180w, https:\/\/nolimit-aventure.com\/nemours\/wp-content\/uploads\/2017\/05\/Parcours-accrobranche-vert-6.jpg 400w\" sizes=\"auto, (max-width: 180px) 100vw, 180px\" \/><\/a>\n\t\t\t<\/div><\/figure><figure class='gallery-item'>\n\t\t\t<div class='gallery-icon portrait'>\n\t\t\t\t<a href='https:\/\/nolimit-aventure.com\/nemours\/wp-content\/uploads\/2017\/05\/Parcours-accrobranche-vert-7.jpg'><img loading=\"lazy\" decoding=\"async\" width=\"180\" height=\"300\" src=\"https:\/\/nolimit-aventure.com\/nemours\/wp-content\/uploads\/2017\/05\/Parcours-accrobranche-vert-7-180x300.jpg\" class=\"attachment-medium size-medium\" alt=\"\" srcset=\"https:\/\/nolimit-aventure.com\/nemours\/wp-content\/uploads\/2017\/05\/Parcours-accrobranche-vert-7-180x300.jpg 180w, https:\/\/nolimit-aventure.com\/nemours\/wp-content\/uploads\/2017\/05\/Parcours-accrobranche-vert-7.jpg 400w\" sizes=\"auto, (max-width: 180px) 100vw, 180px\" \/><\/a>\n\t\t\t<\/div><\/figure><figure class='gallery-item'>\n\t\t\t<div class='gallery-icon portrait'>\n\t\t\t\t<a href='https:\/\/nolimit-aventure.com\/nemours\/wp-content\/uploads\/2017\/05\/Parcours-accrobranche-vert-8.jpg'><img loading=\"lazy\" decoding=\"async\" width=\"180\" height=\"300\" src=\"https:\/\/nolimit-aventure.com\/nemours\/wp-content\/uploads\/2017\/05\/Parcours-accrobranche-vert-8-180x300.jpg\" class=\"attachment-medium size-medium\" alt=\"\" srcset=\"https:\/\/nolimit-aventure.com\/nemours\/wp-content\/uploads\/2017\/05\/Parcours-accrobranche-vert-8-180x300.jpg 180w, https:\/\/nolimit-aventure.com\/nemours\/wp-content\/uploads\/2017\/05\/Parcours-accrobranche-vert-8.jpg 400w\" sizes=\"auto, (max-width: 180px) 100vw, 180px\" \/><\/a>\n\t\t\t<\/div><\/figure><figure class='gallery-item'>\n\t\t\t<div class='gallery-icon portrait'>\n\t\t\t\t<a href='https:\/\/nolimit-aventure.com\/nemours\/wp-content\/uploads\/2017\/05\/Parcours-accrobranche-vert-9.jpg'><img loading=\"lazy\" decoding=\"async\" width=\"180\" height=\"300\" src=\"https:\/\/nolimit-aventure.com\/nemours\/wp-content\/uploads\/2017\/05\/Parcours-accrobranche-vert-9-180x300.jpg\" class=\"attachment-medium size-medium\" alt=\"\" srcset=\"https:\/\/nolimit-aventure.com\/nemours\/wp-content\/uploads\/2017\/05\/Parcours-accrobranche-vert-9-180x300.jpg 180w, https:\/\/nolimit-aventure.com\/nemours\/wp-content\/uploads\/2017\/05\/Parcours-accrobranche-vert-9.jpg 400w\" sizes=\"auto, (max-width: 180px) 100vw, 180px\" \/><\/a>\n\t\t\t<\/div><\/figure><figure class='gallery-item'>\n\t\t\t<div class='gallery-icon portrait'>\n\t\t\t\t<a href='https:\/\/nolimit-aventure.com\/nemours\/wp-content\/uploads\/2017\/05\/Parcours-accrobranche-vert-10.jpg'><img loading=\"lazy\" decoding=\"async\" width=\"180\" height=\"300\" src=\"https:\/\/nolimit-aventure.com\/nemours\/wp-content\/uploads\/2017\/05\/Parcours-accrobranche-vert-10-180x300.jpg\" class=\"attachment-medium size-medium\" alt=\"\" srcset=\"https:\/\/nolimit-aventure.com\/nemours\/wp-content\/uploads\/2017\/05\/Parcours-accrobranche-vert-10-180x300.jpg 180w, https:\/\/nolimit-aventure.com\/nemours\/wp-content\/uploads\/2017\/05\/Parcours-accrobranche-vert-10.jpg 400w\" sizes=\"auto, (max-width: 180px) 100vw, 180px\" \/><\/a>\n\t\t\t<\/div><\/figure><figure class='gallery-item'>\n\t\t\t<div class='gallery-icon portrait'>\n\t\t\t\t<a href='https:\/\/nolimit-aventure.com\/nemours\/wp-content\/uploads\/2017\/05\/Parcours-accrobranche-vert-11.jpg'><img loading=\"lazy\" decoding=\"async\" width=\"180\" height=\"300\" src=\"https:\/\/nolimit-aventure.com\/nemours\/wp-content\/uploads\/2017\/05\/Parcours-accrobranche-vert-11-180x300.jpg\" class=\"attachment-medium size-medium\" alt=\"\" srcset=\"https:\/\/nolimit-aventure.com\/nemours\/wp-content\/uploads\/2017\/05\/Parcours-accrobranche-vert-11-180x300.jpg 180w, https:\/\/nolimit-aventure.com\/nemours\/wp-content\/uploads\/2017\/05\/Parcours-accrobranche-vert-11-768x1280.jpg 768w, https:\/\/nolimit-aventure.com\/nemours\/wp-content\/uploads\/2017\/05\/Parcours-accrobranche-vert-11-614x1024.jpg 614w, https:\/\/nolimit-aventure.com\/nemours\/wp-content\/uploads\/2017\/05\/Parcours-accrobranche-vert-11.jpg 2008w\" sizes=\"auto, (max-width: 180px) 100vw, 180px\" \/><\/a>\n\t\t\t<\/div><\/figure><figure class='gallery-item'>\n\t\t\t<div class='gallery-icon portrait'>\n\t\t\t\t<a href='https:\/\/nolimit-aventure.com\/nemours\/wp-content\/uploads\/2017\/05\/Parcours-accrobranche-vert-12.jpg'><img loading=\"lazy\" decoding=\"async\" width=\"180\" height=\"300\" src=\"https:\/\/nolimit-aventure.com\/nemours\/wp-content\/uploads\/2017\/05\/Parcours-accrobranche-vert-12-180x300.jpg\" class=\"attachment-medium size-medium\" alt=\"\" srcset=\"https:\/\/nolimit-aventure.com\/nemours\/wp-content\/uploads\/2017\/05\/Parcours-accrobranche-vert-12-180x300.jpg 180w, https:\/\/nolimit-aventure.com\/nemours\/wp-content\/uploads\/2017\/05\/Parcours-accrobranche-vert-12.jpg 400w\" sizes=\"auto, (max-width: 180px) 100vw, 180px\" \/><\/a>\n\t\t\t<\/div><\/figure>\n\t\t<\/div>\n\n<\/div>\n<\/div><\/div><\/div><\/div><\/div><\/div>","protected":false},"excerpt":{"rendered":"<p>Parcours Vert Premier parcours o\u00f9 vous mettrez r\u00e9ellement en pratique vos talents cach\u00e9s d&rsquo;acrobates et de gymnastes. Id\u00e9al pour les familles qui veulent s&rsquo;amuser ensemble. 12 jeux \u00e0 difficult\u00e9 facile accessibles \u00e0 partir de 1m30 d\u00e8s 8 ans<\/p>\n","protected":false},"author":2,"featured_media":0,"parent":0,"menu_order":0,"comment_status":"closed","ping_status":"closed","template":"","meta":{"_acf_changed":false,"footnotes":""},"class_list":{"0":"post-2912","1":"page","2":"type-page","3":"status-publish","5":"clearfix","6":"article"},"acf":[],"yoast_head":"<!-- This site is optimized with the Yoast SEO plugin v27.6 - https:\/\/yoast.com\/product\/yoast-seo-wordpress\/ -->\n<title>Parcours Vert - NoLimit Aventure Nemours<\/title>\n<meta name=\"robots\" content=\"index, follow, max-snippet:-1, max-image-preview:large, max-video-preview:-1\" \/>\n<link rel=\"canonical\" href=\"https:\/\/nolimit-aventure.com\/nemours\/parcours-vert\/\" \/>\n<meta property=\"og:locale\" content=\"fr_FR\" \/>\n<meta property=\"og:type\" content=\"article\" \/>\n<meta property=\"og:title\" content=\"Parcours Vert - NoLimit Aventure Nemours\" \/>\n<meta property=\"og:description\" content=\"Parcours Vert Premier parcours o\u00f9 vous mettrez r\u00e9ellement en pratique vos talents cach\u00e9s d&#039;acrobates et de gymnastes. Id\u00e9al pour les familles qui veulent s&#039;amuser ensemble. 12 jeux \u00e0 difficult\u00e9 facile accessibles \u00e0 partir de 1m30 d\u00e8s 8 ans\" \/>\n<meta property=\"og:url\" content=\"https:\/\/nolimit-aventure.com\/nemours\/parcours-vert\/\" \/>\n<meta property=\"og:site_name\" content=\"NoLimit Aventure Nemours\" \/>\n<meta property=\"article:modified_time\" content=\"2017-06-07T06:11:04+00:00\" \/>\n<meta property=\"og:image\" content=\"https:\/\/nolimit-aventure.com\/nemours\/wp-content\/uploads\/2017\/05\/Parcours-accrobranche-vert-1-180x300.jpg\" \/>\n<meta name=\"twitter:card\" content=\"summary_large_image\" \/>\n<script type=\"application\/ld+json\" class=\"yoast-schema-graph\">{\"@context\":\"https:\\\/\\\/schema.org\",\"@graph\":[{\"@type\":\"WebPage\",\"@id\":\"https:\\\/\\\/nolimit-aventure.com\\\/nemours\\\/parcours-vert\\\/\",\"url\":\"https:\\\/\\\/nolimit-aventure.com\\\/nemours\\\/parcours-vert\\\/\",\"name\":\"Parcours Vert - NoLimit Aventure Nemours\",\"isPartOf\":{\"@id\":\"https:\\\/\\\/nolimit-aventure.com\\\/nemours\\\/#website\"},\"datePublished\":\"2017-05-29T08:43:32+00:00\",\"dateModified\":\"2017-06-07T06:11:04+00:00\",\"breadcrumb\":{\"@id\":\"https:\\\/\\\/nolimit-aventure.com\\\/nemours\\\/parcours-vert\\\/#breadcrumb\"},\"inLanguage\":\"fr-FR\",\"potentialAction\":[{\"@type\":\"ReadAction\",\"target\":[\"https:\\\/\\\/nolimit-aventure.com\\\/nemours\\\/parcours-vert\\\/\"]}]},{\"@type\":\"BreadcrumbList\",\"@id\":\"https:\\\/\\\/nolimit-aventure.com\\\/nemours\\\/parcours-vert\\\/#breadcrumb\",\"itemListElement\":[{\"@type\":\"ListItem\",\"position\":1,\"name\":\"Accueil\",\"item\":\"https:\\\/\\\/nolimit-aventure.com\\\/nemours\\\/\"},{\"@type\":\"ListItem\",\"position\":2,\"name\":\"Parcours Vert\"}]},{\"@type\":\"WebSite\",\"@id\":\"https:\\\/\\\/nolimit-aventure.com\\\/nemours\\\/#website\",\"url\":\"https:\\\/\\\/nolimit-aventure.com\\\/nemours\\\/\",\"name\":\"NoLimit Aventure Nemours\",\"description\":\"\",\"potentialAction\":[{\"@type\":\"SearchAction\",\"target\":{\"@type\":\"EntryPoint\",\"urlTemplate\":\"https:\\\/\\\/nolimit-aventure.com\\\/nemours\\\/?s={search_term_string}\"},\"query-input\":{\"@type\":\"PropertyValueSpecification\",\"valueRequired\":true,\"valueName\":\"search_term_string\"}}],\"inLanguage\":\"fr-FR\"}]}<\/script>\n<!-- \/ Yoast SEO plugin. -->","yoast_head_json":{"title":"Parcours Vert - NoLimit Aventure Nemours","robots":{"index":"index","follow":"follow","max-snippet":"max-snippet:-1","max-image-preview":"max-image-preview:large","max-video-preview":"max-video-preview:-1"},"canonical":"https:\/\/nolimit-aventure.com\/nemours\/parcours-vert\/","og_locale":"fr_FR","og_type":"article","og_title":"Parcours Vert - NoLimit Aventure Nemours","og_description":"Parcours Vert Premier parcours o\u00f9 vous mettrez r\u00e9ellement en pratique vos talents cach\u00e9s d'acrobates et de gymnastes. Id\u00e9al pour les familles qui veulent s'amuser ensemble. 12 jeux \u00e0 difficult\u00e9 facile accessibles \u00e0 partir de 1m30 d\u00e8s 8 ans","og_url":"https:\/\/nolimit-aventure.com\/nemours\/parcours-vert\/","og_site_name":"NoLimit Aventure Nemours","article_modified_time":"2017-06-07T06:11:04+00:00","og_image":[{"url":"https:\/\/nolimit-aventure.com\/nemours\/wp-content\/uploads\/2017\/05\/Parcours-accrobranche-vert-1-180x300.jpg","type":"","width":"","height":""}],"twitter_card":"summary_large_image","schema":{"@context":"https:\/\/schema.org","@graph":[{"@type":"WebPage","@id":"https:\/\/nolimit-aventure.com\/nemours\/parcours-vert\/","url":"https:\/\/nolimit-aventure.com\/nemours\/parcours-vert\/","name":"Parcours Vert - NoLimit Aventure Nemours","isPartOf":{"@id":"https:\/\/nolimit-aventure.com\/nemours\/#website"},"datePublished":"2017-05-29T08:43:32+00:00","dateModified":"2017-06-07T06:11:04+00:00","breadcrumb":{"@id":"https:\/\/nolimit-aventure.com\/nemours\/parcours-vert\/#breadcrumb"},"inLanguage":"fr-FR","potentialAction":[{"@type":"ReadAction","target":["https:\/\/nolimit-aventure.com\/nemours\/parcours-vert\/"]}]},{"@type":"BreadcrumbList","@id":"https:\/\/nolimit-aventure.com\/nemours\/parcours-vert\/#breadcrumb","itemListElement":[{"@type":"ListItem","position":1,"name":"Accueil","item":"https:\/\/nolimit-aventure.com\/nemours\/"},{"@type":"ListItem","position":2,"name":"Parcours Vert"}]},{"@type":"WebSite","@id":"https:\/\/nolimit-aventure.com\/nemours\/#website","url":"https:\/\/nolimit-aventure.com\/nemours\/","name":"NoLimit Aventure Nemours","description":"","potentialAction":[{"@type":"SearchAction","target":{"@type":"EntryPoint","urlTemplate":"https:\/\/nolimit-aventure.com\/nemours\/?s={search_term_string}"},"query-input":{"@type":"PropertyValueSpecification","valueRequired":true,"valueName":"search_term_string"}}],"inLanguage":"fr-FR"}]}},"_links":{"self":[{"href":"https:\/\/nolimit-aventure.com\/nemours\/wp-json\/wp\/v2\/pages\/2912","targetHints":{"allow":["GET"]}}],"collection":[{"href":"https:\/\/nolimit-aventure.com\/nemours\/wp-json\/wp\/v2\/pages"}],"about":[{"href":"https:\/\/nolimit-aventure.com\/nemours\/wp-json\/wp\/v2\/types\/page"}],"author":[{"embeddable":true,"href":"https:\/\/nolimit-aventure.com\/nemours\/wp-json\/wp\/v2\/users\/2"}],"replies":[{"embeddable":true,"href":"https:\/\/nolimit-aventure.com\/nemours\/wp-json\/wp\/v2\/comments?post=2912"}],"version-history":[{"count":14,"href":"https:\/\/nolimit-aventure.com\/nemours\/wp-json\/wp\/v2\/pages\/2912\/revisions"}],"predecessor-version":[{"id":2923,"href":"https:\/\/nolimit-aventure.com\/nemours\/wp-json\/wp\/v2\/pages\/2912\/revisions\/2923"}],"wp:attachment":[{"href":"https:\/\/nolimit-aventure.com\/nemours\/wp-json\/wp\/v2\/media?parent=2912"}],"curies":[{"name":"wp","href":"https:\/\/api.w.org\/{rel}","templated":true}]}}