{"id":3003,"date":"2017-05-29T14:30:17","date_gmt":"2017-05-29T12:30:17","guid":{"rendered":"https:\/\/nolimit-aventure.com\/nemours\/?page_id=3003"},"modified":"2017-06-07T08:13:02","modified_gmt":"2017-06-07T06:13:02","slug":"parcours-orange","status":"publish","type":"page","link":"https:\/\/nolimit-aventure.com\/nemours\/parcours-orange\/","title":{"rendered":"Parcours Orange"},"content":{"rendered":"<div id=\"pl-3003\"  class=\"panel-layout\" ><div id=\"pg-3003-0\"  class=\"panel-grid panel-no-style\" ><div id=\"pgc-3003-0-0\"  class=\"panel-grid-cell panel-grid-cell-empty\" ><\/div><\/div><div id=\"pg-3003-1\"  class=\"panel-grid panel-no-style\" ><div id=\"pgc-3003-1-0\"  class=\"panel-grid-cell\" ><div id=\"panel-3003-1-0-0\" class=\"so-panel widget widget_sow-editor panel-first-child\" data-index=\"0\" ><div\n\t\t\t\n\t\t\tclass=\"so-widget-sow-editor so-widget-sow-editor-base\"\n\t\t\t\n\t\t>\n<div class=\"siteorigin-widget-tinymce textwidget\">\n\t<h2>Parcours Orange<\/h2>\n<p>Ce parcours vous am\u00e8nera tout droit au-dessus du parking. Une succession de tyroliennes et d'ateliers plus fous les uns que les autres vous fera visiter une partie de notre for\u00eat.<\/p>\n<p>12 ateliers \u00e0 difficult\u00e9 moyenne accessibles \u00e0 partir de 1m40 d\u00e8s 10 ans<\/p>\n<\/div>\n<\/div><\/div><div id=\"panel-3003-1-0-1\" class=\"so-panel widget widget_sow-editor panel-last-child\" data-index=\"1\" ><div class=\"panel-widget-style panel-widget-style-for-3003-1-0-1\" ><div\n\t\t\t\n\t\t\tclass=\"so-widget-sow-editor so-widget-sow-editor-base\"\n\t\t\t\n\t\t>\n<div class=\"siteorigin-widget-tinymce textwidget\">\n\t<div id='gallery-1' class='gallery galleryid-3003 gallery-columns-5 gallery-size-medium'><figure class='gallery-item'>\n\t\t\t<div class='gallery-icon portrait'>\n\t\t\t\t<a href='https:\/\/nolimit-aventure.com\/nemours\/parcours-orange\/parcours-accrobranche-orange-1\/'><img loading=\"lazy\" decoding=\"async\" width=\"180\" height=\"300\" src=\"https:\/\/nolimit-aventure.com\/nemours\/wp-content\/uploads\/2017\/05\/Parcours-accrobranche-orange-1-180x300.jpg\" class=\"attachment-medium size-medium\" alt=\"\" srcset=\"https:\/\/nolimit-aventure.com\/nemours\/wp-content\/uploads\/2017\/05\/Parcours-accrobranche-orange-1-180x300.jpg 180w, https:\/\/nolimit-aventure.com\/nemours\/wp-content\/uploads\/2017\/05\/Parcours-accrobranche-orange-1.jpg 400w\" sizes=\"auto, (max-width: 180px) 100vw, 180px\" \/><\/a>\n\t\t\t<\/div><\/figure><figure class='gallery-item'>\n\t\t\t<div class='gallery-icon portrait'>\n\t\t\t\t<a href='https:\/\/nolimit-aventure.com\/nemours\/parcours-orange\/parcours-accrobranche-orange-2\/'><img loading=\"lazy\" decoding=\"async\" width=\"180\" height=\"300\" src=\"https:\/\/nolimit-aventure.com\/nemours\/wp-content\/uploads\/2017\/05\/Parcours-accrobranche-orange-2-180x300.jpg\" class=\"attachment-medium size-medium\" alt=\"\" srcset=\"https:\/\/nolimit-aventure.com\/nemours\/wp-content\/uploads\/2017\/05\/Parcours-accrobranche-orange-2-180x300.jpg 180w, https:\/\/nolimit-aventure.com\/nemours\/wp-content\/uploads\/2017\/05\/Parcours-accrobranche-orange-2.jpg 400w\" sizes=\"auto, (max-width: 180px) 100vw, 180px\" \/><\/a>\n\t\t\t<\/div><\/figure><figure class='gallery-item'>\n\t\t\t<div class='gallery-icon portrait'>\n\t\t\t\t<a href='https:\/\/nolimit-aventure.com\/nemours\/parcours-orange\/parcours-accrobranche-orange-3\/'><img loading=\"lazy\" decoding=\"async\" width=\"180\" height=\"300\" src=\"https:\/\/nolimit-aventure.com\/nemours\/wp-content\/uploads\/2017\/05\/Parcours-accrobranche-orange-3-180x300.jpg\" class=\"attachment-medium size-medium\" alt=\"\" srcset=\"https:\/\/nolimit-aventure.com\/nemours\/wp-content\/uploads\/2017\/05\/Parcours-accrobranche-orange-3-180x300.jpg 180w, https:\/\/nolimit-aventure.com\/nemours\/wp-content\/uploads\/2017\/05\/Parcours-accrobranche-orange-3.jpg 400w\" sizes=\"auto, (max-width: 180px) 100vw, 180px\" \/><\/a>\n\t\t\t<\/div><\/figure><figure class='gallery-item'>\n\t\t\t<div class='gallery-icon portrait'>\n\t\t\t\t<a href='https:\/\/nolimit-aventure.com\/nemours\/parcours-orange\/parcours-accrobranche-orange-4\/'><img loading=\"lazy\" decoding=\"async\" width=\"180\" height=\"300\" src=\"https:\/\/nolimit-aventure.com\/nemours\/wp-content\/uploads\/2017\/05\/Parcours-accrobranche-orange-4-180x300.jpg\" class=\"attachment-medium size-medium\" alt=\"\" srcset=\"https:\/\/nolimit-aventure.com\/nemours\/wp-content\/uploads\/2017\/05\/Parcours-accrobranche-orange-4-180x300.jpg 180w, https:\/\/nolimit-aventure.com\/nemours\/wp-content\/uploads\/2017\/05\/Parcours-accrobranche-orange-4-768x1279.jpg 768w, https:\/\/nolimit-aventure.com\/nemours\/wp-content\/uploads\/2017\/05\/Parcours-accrobranche-orange-4-615x1024.jpg 615w, https:\/\/nolimit-aventure.com\/nemours\/wp-content\/uploads\/2017\/05\/Parcours-accrobranche-orange-4.jpg 2009w\" sizes=\"auto, (max-width: 180px) 100vw, 180px\" \/><\/a>\n\t\t\t<\/div><\/figure><figure class='gallery-item'>\n\t\t\t<div class='gallery-icon portrait'>\n\t\t\t\t<a href='https:\/\/nolimit-aventure.com\/nemours\/parcours-orange\/parcours-accrobranche-orange-5\/'><img loading=\"lazy\" decoding=\"async\" width=\"180\" height=\"300\" src=\"https:\/\/nolimit-aventure.com\/nemours\/wp-content\/uploads\/2017\/05\/Parcours-accrobranche-orange-5-180x300.jpg\" class=\"attachment-medium size-medium\" alt=\"\" srcset=\"https:\/\/nolimit-aventure.com\/nemours\/wp-content\/uploads\/2017\/05\/Parcours-accrobranche-orange-5-180x300.jpg 180w, https:\/\/nolimit-aventure.com\/nemours\/wp-content\/uploads\/2017\/05\/Parcours-accrobranche-orange-5.jpg 400w\" sizes=\"auto, (max-width: 180px) 100vw, 180px\" \/><\/a>\n\t\t\t<\/div><\/figure><figure class='gallery-item'>\n\t\t\t<div class='gallery-icon portrait'>\n\t\t\t\t<a href='https:\/\/nolimit-aventure.com\/nemours\/parcours-orange\/parcours-accrobranche-orange-6\/'><img loading=\"lazy\" decoding=\"async\" width=\"180\" height=\"300\" src=\"https:\/\/nolimit-aventure.com\/nemours\/wp-content\/uploads\/2017\/05\/Parcours-accrobranche-orange-6-180x300.jpg\" class=\"attachment-medium size-medium\" alt=\"\" srcset=\"https:\/\/nolimit-aventure.com\/nemours\/wp-content\/uploads\/2017\/05\/Parcours-accrobranche-orange-6-180x300.jpg 180w, https:\/\/nolimit-aventure.com\/nemours\/wp-content\/uploads\/2017\/05\/Parcours-accrobranche-orange-6.jpg 400w\" sizes=\"auto, (max-width: 180px) 100vw, 180px\" \/><\/a>\n\t\t\t<\/div><\/figure><figure class='gallery-item'>\n\t\t\t<div class='gallery-icon portrait'>\n\t\t\t\t<a href='https:\/\/nolimit-aventure.com\/nemours\/parcours-orange\/parcours-accrobranche-orange-7\/'><img loading=\"lazy\" decoding=\"async\" width=\"180\" height=\"300\" src=\"https:\/\/nolimit-aventure.com\/nemours\/wp-content\/uploads\/2017\/05\/Parcours-accrobranche-orange-7-180x300.jpg\" class=\"attachment-medium size-medium\" alt=\"\" srcset=\"https:\/\/nolimit-aventure.com\/nemours\/wp-content\/uploads\/2017\/05\/Parcours-accrobranche-orange-7-180x300.jpg 180w, https:\/\/nolimit-aventure.com\/nemours\/wp-content\/uploads\/2017\/05\/Parcours-accrobranche-orange-7.jpg 400w\" sizes=\"auto, (max-width: 180px) 100vw, 180px\" \/><\/a>\n\t\t\t<\/div><\/figure><figure class='gallery-item'>\n\t\t\t<div class='gallery-icon portrait'>\n\t\t\t\t<a href='https:\/\/nolimit-aventure.com\/nemours\/parcours-orange\/parcours-accrobranche-orange-8\/'><img loading=\"lazy\" decoding=\"async\" width=\"180\" height=\"300\" src=\"https:\/\/nolimit-aventure.com\/nemours\/wp-content\/uploads\/2017\/05\/Parcours-accrobranche-orange-8-180x300.jpg\" class=\"attachment-medium size-medium\" alt=\"\" srcset=\"https:\/\/nolimit-aventure.com\/nemours\/wp-content\/uploads\/2017\/05\/Parcours-accrobranche-orange-8-180x300.jpg 180w, https:\/\/nolimit-aventure.com\/nemours\/wp-content\/uploads\/2017\/05\/Parcours-accrobranche-orange-8.jpg 400w\" sizes=\"auto, (max-width: 180px) 100vw, 180px\" \/><\/a>\n\t\t\t<\/div><\/figure><figure class='gallery-item'>\n\t\t\t<div class='gallery-icon portrait'>\n\t\t\t\t<a href='https:\/\/nolimit-aventure.com\/nemours\/parcours-orange\/parcours-accrobranche-orange-9\/'><img loading=\"lazy\" decoding=\"async\" width=\"180\" height=\"300\" src=\"https:\/\/nolimit-aventure.com\/nemours\/wp-content\/uploads\/2017\/05\/Parcours-accrobranche-orange-9-180x300.jpg\" class=\"attachment-medium size-medium\" alt=\"\" srcset=\"https:\/\/nolimit-aventure.com\/nemours\/wp-content\/uploads\/2017\/05\/Parcours-accrobranche-orange-9-180x300.jpg 180w, https:\/\/nolimit-aventure.com\/nemours\/wp-content\/uploads\/2017\/05\/Parcours-accrobranche-orange-9.jpg 400w\" sizes=\"auto, (max-width: 180px) 100vw, 180px\" \/><\/a>\n\t\t\t<\/div><\/figure><figure class='gallery-item'>\n\t\t\t<div class='gallery-icon portrait'>\n\t\t\t\t<a href='https:\/\/nolimit-aventure.com\/nemours\/parcours-orange\/parcours-accrobranche-orange-10\/'><img loading=\"lazy\" decoding=\"async\" width=\"180\" height=\"300\" src=\"https:\/\/nolimit-aventure.com\/nemours\/wp-content\/uploads\/2017\/05\/Parcours-accrobranche-orange-10-180x300.jpg\" class=\"attachment-medium size-medium\" alt=\"\" srcset=\"https:\/\/nolimit-aventure.com\/nemours\/wp-content\/uploads\/2017\/05\/Parcours-accrobranche-orange-10-180x300.jpg 180w, https:\/\/nolimit-aventure.com\/nemours\/wp-content\/uploads\/2017\/05\/Parcours-accrobranche-orange-10.jpg 400w\" sizes=\"auto, (max-width: 180px) 100vw, 180px\" \/><\/a>\n\t\t\t<\/div><\/figure><figure class='gallery-item'>\n\t\t\t<div class='gallery-icon portrait'>\n\t\t\t\t<a href='https:\/\/nolimit-aventure.com\/nemours\/parcours-orange\/parcours-accrobranche-orange-11\/'><img loading=\"lazy\" decoding=\"async\" width=\"180\" height=\"300\" src=\"https:\/\/nolimit-aventure.com\/nemours\/wp-content\/uploads\/2017\/05\/Parcours-accrobranche-orange-11-180x300.jpg\" class=\"attachment-medium size-medium\" alt=\"\" srcset=\"https:\/\/nolimit-aventure.com\/nemours\/wp-content\/uploads\/2017\/05\/Parcours-accrobranche-orange-11-180x300.jpg 180w, https:\/\/nolimit-aventure.com\/nemours\/wp-content\/uploads\/2017\/05\/Parcours-accrobranche-orange-11.jpg 400w\" sizes=\"auto, (max-width: 180px) 100vw, 180px\" \/><\/a>\n\t\t\t<\/div><\/figure><figure class='gallery-item'>\n\t\t\t<div class='gallery-icon portrait'>\n\t\t\t\t<a href='https:\/\/nolimit-aventure.com\/nemours\/parcours-orange\/parcours-accrobranche-orange-12\/'><img loading=\"lazy\" decoding=\"async\" width=\"180\" height=\"300\" src=\"https:\/\/nolimit-aventure.com\/nemours\/wp-content\/uploads\/2017\/05\/Parcours-accrobranche-orange-12-180x300.jpg\" class=\"attachment-medium size-medium\" alt=\"\" srcset=\"https:\/\/nolimit-aventure.com\/nemours\/wp-content\/uploads\/2017\/05\/Parcours-accrobranche-orange-12-180x300.jpg 180w, https:\/\/nolimit-aventure.com\/nemours\/wp-content\/uploads\/2017\/05\/Parcours-accrobranche-orange-12.jpg 400w\" sizes=\"auto, (max-width: 180px) 100vw, 180px\" \/><\/a>\n\t\t\t<\/div><\/figure>\n\t\t<\/div>\n\n<\/div>\n<\/div><\/div><\/div><\/div><\/div><\/div>","protected":false},"excerpt":{"rendered":"<p>Parcours Orange Ce parcours vous am\u00e8nera tout droit au-dessus du parking. Une succession de tyroliennes et d&rsquo;ateliers plus fous les uns que les autres vous fera visiter une partie de notre for\u00eat. 12 ateliers \u00e0 difficult\u00e9 moyenne accessibles \u00e0 partir de 1m40 d\u00e8s 10 ans<\/p>\n","protected":false},"author":2,"featured_media":0,"parent":0,"menu_order":0,"comment_status":"closed","ping_status":"closed","template":"","meta":{"_acf_changed":false,"footnotes":""},"class_list":{"0":"post-3003","1":"page","2":"type-page","3":"status-publish","5":"clearfix","6":"article"},"acf":[],"yoast_head":"<!-- This site is optimized with the Yoast SEO plugin v27.6 - https:\/\/yoast.com\/product\/yoast-seo-wordpress\/ -->\n<title>Parcours Orange - NoLimit Aventure Nemours<\/title>\n<meta name=\"robots\" content=\"index, follow, max-snippet:-1, max-image-preview:large, max-video-preview:-1\" \/>\n<link rel=\"canonical\" href=\"https:\/\/nolimit-aventure.com\/nemours\/parcours-orange\/\" \/>\n<meta property=\"og:locale\" content=\"fr_FR\" \/>\n<meta property=\"og:type\" content=\"article\" \/>\n<meta property=\"og:title\" content=\"Parcours Orange - NoLimit Aventure Nemours\" \/>\n<meta property=\"og:description\" content=\"Parcours Orange Ce parcours vous am\u00e8nera tout droit au-dessus du parking. Une succession de tyroliennes et d&#039;ateliers plus fous les uns que les autres vous fera visiter une partie de notre for\u00eat. 12 ateliers \u00e0 difficult\u00e9 moyenne accessibles \u00e0 partir de 1m40 d\u00e8s 10 ans\" \/>\n<meta property=\"og:url\" content=\"https:\/\/nolimit-aventure.com\/nemours\/parcours-orange\/\" \/>\n<meta property=\"og:site_name\" content=\"NoLimit Aventure Nemours\" \/>\n<meta property=\"article:modified_time\" content=\"2017-06-07T06:13:02+00:00\" \/>\n<meta property=\"og:image\" content=\"https:\/\/nolimit-aventure.com\/nemours\/wp-content\/uploads\/2017\/05\/Parcours-accrobranche-orange-1-180x300.jpg\" \/>\n<meta name=\"twitter:card\" content=\"summary_large_image\" \/>\n<script type=\"application\/ld+json\" class=\"yoast-schema-graph\">{\"@context\":\"https:\\\/\\\/schema.org\",\"@graph\":[{\"@type\":\"WebPage\",\"@id\":\"https:\\\/\\\/nolimit-aventure.com\\\/nemours\\\/parcours-orange\\\/\",\"url\":\"https:\\\/\\\/nolimit-aventure.com\\\/nemours\\\/parcours-orange\\\/\",\"name\":\"Parcours Orange - NoLimit Aventure Nemours\",\"isPartOf\":{\"@id\":\"https:\\\/\\\/nolimit-aventure.com\\\/nemours\\\/#website\"},\"datePublished\":\"2017-05-29T12:30:17+00:00\",\"dateModified\":\"2017-06-07T06:13:02+00:00\",\"breadcrumb\":{\"@id\":\"https:\\\/\\\/nolimit-aventure.com\\\/nemours\\\/parcours-orange\\\/#breadcrumb\"},\"inLanguage\":\"fr-FR\",\"potentialAction\":[{\"@type\":\"ReadAction\",\"target\":[\"https:\\\/\\\/nolimit-aventure.com\\\/nemours\\\/parcours-orange\\\/\"]}]},{\"@type\":\"BreadcrumbList\",\"@id\":\"https:\\\/\\\/nolimit-aventure.com\\\/nemours\\\/parcours-orange\\\/#breadcrumb\",\"itemListElement\":[{\"@type\":\"ListItem\",\"position\":1,\"name\":\"Accueil\",\"item\":\"https:\\\/\\\/nolimit-aventure.com\\\/nemours\\\/\"},{\"@type\":\"ListItem\",\"position\":2,\"name\":\"Parcours Orange\"}]},{\"@type\":\"WebSite\",\"@id\":\"https:\\\/\\\/nolimit-aventure.com\\\/nemours\\\/#website\",\"url\":\"https:\\\/\\\/nolimit-aventure.com\\\/nemours\\\/\",\"name\":\"NoLimit Aventure Nemours\",\"description\":\"\",\"potentialAction\":[{\"@type\":\"SearchAction\",\"target\":{\"@type\":\"EntryPoint\",\"urlTemplate\":\"https:\\\/\\\/nolimit-aventure.com\\\/nemours\\\/?s={search_term_string}\"},\"query-input\":{\"@type\":\"PropertyValueSpecification\",\"valueRequired\":true,\"valueName\":\"search_term_string\"}}],\"inLanguage\":\"fr-FR\"}]}<\/script>\n<!-- \/ Yoast SEO plugin. -->","yoast_head_json":{"title":"Parcours Orange - NoLimit Aventure Nemours","robots":{"index":"index","follow":"follow","max-snippet":"max-snippet:-1","max-image-preview":"max-image-preview:large","max-video-preview":"max-video-preview:-1"},"canonical":"https:\/\/nolimit-aventure.com\/nemours\/parcours-orange\/","og_locale":"fr_FR","og_type":"article","og_title":"Parcours Orange - NoLimit Aventure Nemours","og_description":"Parcours Orange Ce parcours vous am\u00e8nera tout droit au-dessus du parking. Une succession de tyroliennes et d'ateliers plus fous les uns que les autres vous fera visiter une partie de notre for\u00eat. 12 ateliers \u00e0 difficult\u00e9 moyenne accessibles \u00e0 partir de 1m40 d\u00e8s 10 ans","og_url":"https:\/\/nolimit-aventure.com\/nemours\/parcours-orange\/","og_site_name":"NoLimit Aventure Nemours","article_modified_time":"2017-06-07T06:13:02+00:00","og_image":[{"url":"https:\/\/nolimit-aventure.com\/nemours\/wp-content\/uploads\/2017\/05\/Parcours-accrobranche-orange-1-180x300.jpg","type":"","width":"","height":""}],"twitter_card":"summary_large_image","schema":{"@context":"https:\/\/schema.org","@graph":[{"@type":"WebPage","@id":"https:\/\/nolimit-aventure.com\/nemours\/parcours-orange\/","url":"https:\/\/nolimit-aventure.com\/nemours\/parcours-orange\/","name":"Parcours Orange - NoLimit Aventure Nemours","isPartOf":{"@id":"https:\/\/nolimit-aventure.com\/nemours\/#website"},"datePublished":"2017-05-29T12:30:17+00:00","dateModified":"2017-06-07T06:13:02+00:00","breadcrumb":{"@id":"https:\/\/nolimit-aventure.com\/nemours\/parcours-orange\/#breadcrumb"},"inLanguage":"fr-FR","potentialAction":[{"@type":"ReadAction","target":["https:\/\/nolimit-aventure.com\/nemours\/parcours-orange\/"]}]},{"@type":"BreadcrumbList","@id":"https:\/\/nolimit-aventure.com\/nemours\/parcours-orange\/#breadcrumb","itemListElement":[{"@type":"ListItem","position":1,"name":"Accueil","item":"https:\/\/nolimit-aventure.com\/nemours\/"},{"@type":"ListItem","position":2,"name":"Parcours Orange"}]},{"@type":"WebSite","@id":"https:\/\/nolimit-aventure.com\/nemours\/#website","url":"https:\/\/nolimit-aventure.com\/nemours\/","name":"NoLimit Aventure Nemours","description":"","potentialAction":[{"@type":"SearchAction","target":{"@type":"EntryPoint","urlTemplate":"https:\/\/nolimit-aventure.com\/nemours\/?s={search_term_string}"},"query-input":{"@type":"PropertyValueSpecification","valueRequired":true,"valueName":"search_term_string"}}],"inLanguage":"fr-FR"}]}},"_links":{"self":[{"href":"https:\/\/nolimit-aventure.com\/nemours\/wp-json\/wp\/v2\/pages\/3003","targetHints":{"allow":["GET"]}}],"collection":[{"href":"https:\/\/nolimit-aventure.com\/nemours\/wp-json\/wp\/v2\/pages"}],"about":[{"href":"https:\/\/nolimit-aventure.com\/nemours\/wp-json\/wp\/v2\/types\/page"}],"author":[{"embeddable":true,"href":"https:\/\/nolimit-aventure.com\/nemours\/wp-json\/wp\/v2\/users\/2"}],"replies":[{"embeddable":true,"href":"https:\/\/nolimit-aventure.com\/nemours\/wp-json\/wp\/v2\/comments?post=3003"}],"version-history":[{"count":9,"href":"https:\/\/nolimit-aventure.com\/nemours\/wp-json\/wp\/v2\/pages\/3003\/revisions"}],"predecessor-version":[{"id":3045,"href":"https:\/\/nolimit-aventure.com\/nemours\/wp-json\/wp\/v2\/pages\/3003\/revisions\/3045"}],"wp:attachment":[{"href":"https:\/\/nolimit-aventure.com\/nemours\/wp-json\/wp\/v2\/media?parent=3003"}],"curies":[{"name":"wp","href":"https:\/\/api.w.org\/{rel}","templated":true}]}}