{"id":3466,"date":"2017-06-08T10:27:01","date_gmt":"2017-06-08T08:27:01","guid":{"rendered":"https:\/\/nolimit-aventure.com\/nemours\/?page_id=3466"},"modified":"2024-01-21T20:05:43","modified_gmt":"2024-01-21T19:05:43","slug":"billetterie","status":"publish","type":"page","link":"https:\/\/nolimit-aventure.com\/nemours\/billetterie\/","title":{"rendered":"Billetterie C.E"},"content":{"rendered":"<div id=\"pl-3466\"  class=\"panel-layout\" ><div id=\"pg-3466-0\"  class=\"panel-grid panel-no-style\" ><div id=\"pgc-3466-0-0\"  class=\"panel-grid-cell\" ><div id=\"panel-3466-0-0-0\" class=\"so-panel widget widget_sow-editor panel-first-child panel-last-child\" data-index=\"0\" ><div\n\t\t\t\n\t\t\tclass=\"so-widget-sow-editor so-widget-sow-editor-base\"\n\t\t\t\n\t\t>\n<div class=\"siteorigin-widget-tinymce textwidget\">\n\t<p><img loading=\"lazy\" decoding=\"async\" class=\"alignnone size-full wp-image-3481\" src=\"https:\/\/nolimit-aventure.com\/nemours\/wp-content\/uploads\/2017\/06\/bandeau-CE-Site.jpg\" alt=\"\" width=\"1024\" height=\"396\" srcset=\"https:\/\/nolimit-aventure.com\/nemours\/wp-content\/uploads\/2017\/06\/bandeau-CE-Site.jpg 1024w, https:\/\/nolimit-aventure.com\/nemours\/wp-content\/uploads\/2017\/06\/bandeau-CE-Site-300x116.jpg 300w, https:\/\/nolimit-aventure.com\/nemours\/wp-content\/uploads\/2017\/06\/bandeau-CE-Site-768x297.jpg 768w\" sizes=\"auto, (max-width: 1024px) 100vw, 1024px\" \/><\/p>\n<p>Concept unique et novateur de billetterie, r\u00e9serv\u00e9 aux <strong>comit\u00e9s d'entreprise :<\/strong><\/p>\n<h2><em><strong>Explorez NoLimit Aventure Nemours - Votre Destination de Loisirs pour les Comit\u00e9s d'Entreprise \u00e0 Proximit\u00e9 de Paris et d'Orl\u00e9ans<\/strong><\/em><\/h2>\n<p>Activit\u00e9s Comit\u00e9 d'entreprise | Notre parc, NoLimit Aventure Nemours, est votre passerelle vers une exp\u00e9rience exceptionnelle de loisirs en plein c\u0153ur de la r\u00e9gion \u00cele-de-France, situ\u00e9 dans la majestueuse For\u00eat de Fontainebleau. Nous sommes fiers d'\u00eatre les pionniers de l'accrobranche, du paintball, du battle archery, du laser game et de l'escape game dans la r\u00e9gion.<\/p>\n<p>Pour les Comit\u00e9s d'Entreprise, nous avons con\u00e7u une billetterie innovante, avantageuse, simple et \u00e9conomique, parfaitement adapt\u00e9e \u00e0 vos besoins en mati\u00e8re de loisirs d'entreprise. En tant qu'acteur majeur et exploitant de nos propres sites de loisirs, nous vous offrons une opportunit\u00e9 incomparable de divertissement en \u00cele-de-France.<\/p>\n<p>D\u00e9couvrez nos avantages exclusifs pour les comit\u00e9s d'entreprise :<\/p>\n<ol>\n<li>R\u00e9ductions exceptionnelles pour les Comit\u00e9s d'Entreprise : \u00c9conomisez sur vos activit\u00e9s pr\u00e9f\u00e9r\u00e9es.<\/li>\n<li>Syst\u00e8me de d\u00e9p\u00f4t-vente pour Comit\u00e9s d'Entreprise : Aucune tr\u00e9sorerie \u00e0 avancer, tout est simple et transparent.<\/li>\n<li>Activit\u00e9s pour tous : Que vous soyez un amateur d'adr\u00e9naline chevronn\u00e9 ou en qu\u00eate de plaisir en famille, nous avons des activit\u00e9s adapt\u00e9es \u00e0 tous les \u00e2ges et \u00e0 toutes les tailles de groupes d'entreprise.<\/li>\n<li>Vari\u00e9t\u00e9 de choix : Acc\u00e9dez \u00e0 nos 12 parcours d'accrobranche et \u00e0 nos 8 terrains de paintball pour une journ\u00e9e inoubliable avec votre comit\u00e9 d'entreprise.<\/li>\n<li>Facilit\u00e9 d'utilisation : Notre billetterie en ligne est conviviale et intuitive, vous permettant de r\u00e9server vos aventures en un clin d'\u0153il, id\u00e9al pour les Comit\u00e9s d'Entreprise.<\/li>\n<\/ol>\n<p>Ne laissez pas passer cette opportunit\u00e9 de vivre des sensations fortes inoubliables \u00e0 NoLimit Aventure Nemours, id\u00e9alement situ\u00e9 \u00e0 proximit\u00e9 de Paris et d'Orl\u00e9ans en \u00cele-de-France, au c\u0153ur de la Seine-et-Marne. R\u00e9servez d\u00e8s maintenant et grimpez au sommet de l'excitation avec votre Comit\u00e9 d'Entreprise ! Votre aventure d'entreprise commence ici.<\/p>\n<p>Demandez <a title=\"Demande de brochure\" href=\"https:\/\/nolimit-aventure.com\/nemours\/infos-contact\/\">votre brochure<\/a>.<\/p>\n<\/div>\n<\/div><\/div><\/div><\/div><\/div>","protected":false},"excerpt":{"rendered":"<p>Concept unique et novateur de billetterie, r\u00e9serv\u00e9 aux comit\u00e9s d&rsquo;entreprise : Explorez NoLimit Aventure Nemours &#8211; Votre Destination de Loisirs pour les Comit\u00e9s d&rsquo;Entreprise \u00e0 Proximit\u00e9 de Paris et d&rsquo;Orl\u00e9ans Activit\u00e9s Comit\u00e9 d&rsquo;entreprise | Notre parc, NoLimit Aventure Nemours, est votre passerelle vers une exp\u00e9rience exceptionnelle de loisirs en plein c\u0153ur de la r\u00e9gion \u00cele-de-France, &hellip;<\/p>\n","protected":false},"author":1,"featured_media":0,"parent":0,"menu_order":0,"comment_status":"closed","ping_status":"closed","template":"","meta":{"_acf_changed":false,"footnotes":""},"class_list":{"0":"post-3466","1":"page","2":"type-page","3":"status-publish","5":"clearfix","6":"article"},"acf":[],"yoast_head":"<!-- This site is optimized with the Yoast SEO plugin v27.5 - https:\/\/yoast.com\/product\/yoast-seo-wordpress\/ -->\n<title>Activit\u00e9s Comit\u00e9 d&#039;entreprise | No Limit Aventure Nemours (77)<\/title>\n<meta name=\"description\" content=\"Parc d&#039;Activit\u00e9s Comit\u00e9 d&#039;entreprise \u00e0 NoLimit Aventure Nemours. R\u00e9ductions exclusives accrobranche, paintball etc.. Pr\u00e8s de Paris &amp; Orl\u00e9nans.\" \/>\n<meta name=\"robots\" content=\"index, follow, max-snippet:-1, max-image-preview:large, max-video-preview:-1\" \/>\n<link rel=\"canonical\" href=\"https:\/\/nolimit-aventure.com\/nemours\/billetterie\/\" \/>\n<meta property=\"og:locale\" content=\"fr_FR\" \/>\n<meta property=\"og:type\" content=\"article\" \/>\n<meta property=\"og:title\" content=\"Activit\u00e9s Comit\u00e9 d&#039;entreprise | No Limit Aventure Nemours (77)\" \/>\n<meta property=\"og:description\" content=\"Parc d&#039;Activit\u00e9s Comit\u00e9 d&#039;entreprise \u00e0 NoLimit Aventure Nemours. R\u00e9ductions exclusives accrobranche, paintball etc.. Pr\u00e8s de Paris &amp; Orl\u00e9nans.\" \/>\n<meta property=\"og:url\" content=\"https:\/\/nolimit-aventure.com\/nemours\/billetterie\/\" \/>\n<meta property=\"og:site_name\" content=\"NoLimit Aventure Nemours\" \/>\n<meta property=\"article:modified_time\" content=\"2024-01-21T19:05:43+00:00\" \/>\n<meta property=\"og:image\" content=\"https:\/\/nolimit-aventure.com\/nemours\/wp-content\/uploads\/2017\/06\/bandeau-CE-Site.jpg\" \/>\n<meta name=\"twitter:card\" content=\"summary_large_image\" \/>\n<meta name=\"twitter:label1\" content=\"Dur\u00e9e de lecture estim\u00e9e\" \/>\n\t<meta name=\"twitter:data1\" content=\"2 minutes\" \/>\n<script type=\"application\/ld+json\" class=\"yoast-schema-graph\">{\"@context\":\"https:\\\/\\\/schema.org\",\"@graph\":[{\"@type\":\"WebPage\",\"@id\":\"https:\\\/\\\/nolimit-aventure.com\\\/nemours\\\/billetterie\\\/\",\"url\":\"https:\\\/\\\/nolimit-aventure.com\\\/nemours\\\/billetterie\\\/\",\"name\":\"Activit\u00e9s Comit\u00e9 d'entreprise | No Limit Aventure Nemours (77)\",\"isPartOf\":{\"@id\":\"https:\\\/\\\/nolimit-aventure.com\\\/nemours\\\/#website\"},\"primaryImageOfPage\":{\"@id\":\"https:\\\/\\\/nolimit-aventure.com\\\/nemours\\\/billetterie\\\/#primaryimage\"},\"image\":{\"@id\":\"https:\\\/\\\/nolimit-aventure.com\\\/nemours\\\/billetterie\\\/#primaryimage\"},\"thumbnailUrl\":\"https:\\\/\\\/nolimit-aventure.com\\\/nemours\\\/wp-content\\\/uploads\\\/2017\\\/06\\\/bandeau-CE-Site.jpg\",\"datePublished\":\"2017-06-08T08:27:01+00:00\",\"dateModified\":\"2024-01-21T19:05:43+00:00\",\"description\":\"Parc d'Activit\u00e9s Comit\u00e9 d'entreprise \u00e0 NoLimit Aventure Nemours. R\u00e9ductions exclusives accrobranche, paintball etc.. Pr\u00e8s de Paris & Orl\u00e9nans.\",\"breadcrumb\":{\"@id\":\"https:\\\/\\\/nolimit-aventure.com\\\/nemours\\\/billetterie\\\/#breadcrumb\"},\"inLanguage\":\"fr-FR\",\"potentialAction\":[{\"@type\":\"ReadAction\",\"target\":[\"https:\\\/\\\/nolimit-aventure.com\\\/nemours\\\/billetterie\\\/\"]}]},{\"@type\":\"ImageObject\",\"inLanguage\":\"fr-FR\",\"@id\":\"https:\\\/\\\/nolimit-aventure.com\\\/nemours\\\/billetterie\\\/#primaryimage\",\"url\":\"https:\\\/\\\/nolimit-aventure.com\\\/nemours\\\/wp-content\\\/uploads\\\/2017\\\/06\\\/bandeau-CE-Site.jpg\",\"contentUrl\":\"https:\\\/\\\/nolimit-aventure.com\\\/nemours\\\/wp-content\\\/uploads\\\/2017\\\/06\\\/bandeau-CE-Site.jpg\",\"width\":1024,\"height\":396},{\"@type\":\"BreadcrumbList\",\"@id\":\"https:\\\/\\\/nolimit-aventure.com\\\/nemours\\\/billetterie\\\/#breadcrumb\",\"itemListElement\":[{\"@type\":\"ListItem\",\"position\":1,\"name\":\"Accueil\",\"item\":\"https:\\\/\\\/nolimit-aventure.com\\\/nemours\\\/\"},{\"@type\":\"ListItem\",\"position\":2,\"name\":\"Billetterie C.E\"}]},{\"@type\":\"WebSite\",\"@id\":\"https:\\\/\\\/nolimit-aventure.com\\\/nemours\\\/#website\",\"url\":\"https:\\\/\\\/nolimit-aventure.com\\\/nemours\\\/\",\"name\":\"NoLimit Aventure Nemours\",\"description\":\"\",\"potentialAction\":[{\"@type\":\"SearchAction\",\"target\":{\"@type\":\"EntryPoint\",\"urlTemplate\":\"https:\\\/\\\/nolimit-aventure.com\\\/nemours\\\/?s={search_term_string}\"},\"query-input\":{\"@type\":\"PropertyValueSpecification\",\"valueRequired\":true,\"valueName\":\"search_term_string\"}}],\"inLanguage\":\"fr-FR\"}]}<\/script>\n<!-- \/ Yoast SEO plugin. -->","yoast_head_json":{"title":"Activit\u00e9s Comit\u00e9 d'entreprise | No Limit Aventure Nemours (77)","description":"Parc d'Activit\u00e9s Comit\u00e9 d'entreprise \u00e0 NoLimit Aventure Nemours. R\u00e9ductions exclusives accrobranche, paintball etc.. Pr\u00e8s de Paris & Orl\u00e9nans.","robots":{"index":"index","follow":"follow","max-snippet":"max-snippet:-1","max-image-preview":"max-image-preview:large","max-video-preview":"max-video-preview:-1"},"canonical":"https:\/\/nolimit-aventure.com\/nemours\/billetterie\/","og_locale":"fr_FR","og_type":"article","og_title":"Activit\u00e9s Comit\u00e9 d'entreprise | No Limit Aventure Nemours (77)","og_description":"Parc d'Activit\u00e9s Comit\u00e9 d'entreprise \u00e0 NoLimit Aventure Nemours. R\u00e9ductions exclusives accrobranche, paintball etc.. Pr\u00e8s de Paris & Orl\u00e9nans.","og_url":"https:\/\/nolimit-aventure.com\/nemours\/billetterie\/","og_site_name":"NoLimit Aventure Nemours","article_modified_time":"2024-01-21T19:05:43+00:00","og_image":[{"url":"https:\/\/nolimit-aventure.com\/nemours\/wp-content\/uploads\/2017\/06\/bandeau-CE-Site.jpg","type":"","width":"","height":""}],"twitter_card":"summary_large_image","twitter_misc":{"Dur\u00e9e de lecture estim\u00e9e":"2 minutes"},"schema":{"@context":"https:\/\/schema.org","@graph":[{"@type":"WebPage","@id":"https:\/\/nolimit-aventure.com\/nemours\/billetterie\/","url":"https:\/\/nolimit-aventure.com\/nemours\/billetterie\/","name":"Activit\u00e9s Comit\u00e9 d'entreprise | No Limit Aventure Nemours (77)","isPartOf":{"@id":"https:\/\/nolimit-aventure.com\/nemours\/#website"},"primaryImageOfPage":{"@id":"https:\/\/nolimit-aventure.com\/nemours\/billetterie\/#primaryimage"},"image":{"@id":"https:\/\/nolimit-aventure.com\/nemours\/billetterie\/#primaryimage"},"thumbnailUrl":"https:\/\/nolimit-aventure.com\/nemours\/wp-content\/uploads\/2017\/06\/bandeau-CE-Site.jpg","datePublished":"2017-06-08T08:27:01+00:00","dateModified":"2024-01-21T19:05:43+00:00","description":"Parc d'Activit\u00e9s Comit\u00e9 d'entreprise \u00e0 NoLimit Aventure Nemours. R\u00e9ductions exclusives accrobranche, paintball etc.. Pr\u00e8s de Paris & Orl\u00e9nans.","breadcrumb":{"@id":"https:\/\/nolimit-aventure.com\/nemours\/billetterie\/#breadcrumb"},"inLanguage":"fr-FR","potentialAction":[{"@type":"ReadAction","target":["https:\/\/nolimit-aventure.com\/nemours\/billetterie\/"]}]},{"@type":"ImageObject","inLanguage":"fr-FR","@id":"https:\/\/nolimit-aventure.com\/nemours\/billetterie\/#primaryimage","url":"https:\/\/nolimit-aventure.com\/nemours\/wp-content\/uploads\/2017\/06\/bandeau-CE-Site.jpg","contentUrl":"https:\/\/nolimit-aventure.com\/nemours\/wp-content\/uploads\/2017\/06\/bandeau-CE-Site.jpg","width":1024,"height":396},{"@type":"BreadcrumbList","@id":"https:\/\/nolimit-aventure.com\/nemours\/billetterie\/#breadcrumb","itemListElement":[{"@type":"ListItem","position":1,"name":"Accueil","item":"https:\/\/nolimit-aventure.com\/nemours\/"},{"@type":"ListItem","position":2,"name":"Billetterie C.E"}]},{"@type":"WebSite","@id":"https:\/\/nolimit-aventure.com\/nemours\/#website","url":"https:\/\/nolimit-aventure.com\/nemours\/","name":"NoLimit Aventure Nemours","description":"","potentialAction":[{"@type":"SearchAction","target":{"@type":"EntryPoint","urlTemplate":"https:\/\/nolimit-aventure.com\/nemours\/?s={search_term_string}"},"query-input":{"@type":"PropertyValueSpecification","valueRequired":true,"valueName":"search_term_string"}}],"inLanguage":"fr-FR"}]}},"_links":{"self":[{"href":"https:\/\/nolimit-aventure.com\/nemours\/wp-json\/wp\/v2\/pages\/3466","targetHints":{"allow":["GET"]}}],"collection":[{"href":"https:\/\/nolimit-aventure.com\/nemours\/wp-json\/wp\/v2\/pages"}],"about":[{"href":"https:\/\/nolimit-aventure.com\/nemours\/wp-json\/wp\/v2\/types\/page"}],"author":[{"embeddable":true,"href":"https:\/\/nolimit-aventure.com\/nemours\/wp-json\/wp\/v2\/users\/1"}],"replies":[{"embeddable":true,"href":"https:\/\/nolimit-aventure.com\/nemours\/wp-json\/wp\/v2\/comments?post=3466"}],"version-history":[{"count":12,"href":"https:\/\/nolimit-aventure.com\/nemours\/wp-json\/wp\/v2\/pages\/3466\/revisions"}],"predecessor-version":[{"id":8448,"href":"https:\/\/nolimit-aventure.com\/nemours\/wp-json\/wp\/v2\/pages\/3466\/revisions\/8448"}],"wp:attachment":[{"href":"https:\/\/nolimit-aventure.com\/nemours\/wp-json\/wp\/v2\/media?parent=3466"}],"curies":[{"name":"wp","href":"https:\/\/api.w.org\/{rel}","templated":true}]}}