{"id":8533,"date":"2024-03-11T09:50:32","date_gmt":"2024-03-11T08:50:32","guid":{"rendered":"https:\/\/nolimit-aventure.com\/nemours\/?page_id=8533"},"modified":"2024-04-02T17:12:13","modified_gmt":"2024-04-02T15:12:13","slug":"reservation","status":"publish","type":"page","link":"https:\/\/nolimit-aventure.com\/nemours\/reservation\/","title":{"rendered":"R\u00e9servation"},"content":{"rendered":"<div id=\"pl-8533\"  class=\"panel-layout\" ><div id=\"pg-8533-0\"  class=\"panel-grid panel-no-style\" ><div id=\"pgc-8533-0-0\"  class=\"panel-grid-cell\" ><div id=\"panel-8533-0-0-0\" class=\"so-panel widget widget_sow-editor panel-first-child panel-last-child\" data-index=\"0\" ><div\n\t\t\t\n\t\t\tclass=\"so-widget-sow-editor so-widget-sow-editor-base\"\n\t\t\t\n\t\t>\n<div class=\"siteorigin-widget-tinymce textwidget\">\n\t<p style=\"text-align: center;\"><span style=\"color: #ff6600;\"><strong><em>R\u00c9SERVEZ VOTRE PROCHAINE SORTIE AVENTURE<\/em><\/strong><\/span><br \/>\n<strong>La r\u00e9servation est fortement conseill\u00e9e.<\/strong><br \/>\nDans le cas contraire, nous ne pourrons vous garantir la disponibilit\u00e9 sur place.<br \/>\nPr\u00e9sentez vous 15mn avant l'horaire de votre session.<br \/>\nPort de gants non obligatoire sur les parcours accrobranche, mais fortement conseill\u00e9<br \/>\n(Gants de jardinage, bricolage \u2013 Pas de gants en latex ou de soins - Evitez les \u00e9galement vos gants en laine !).<\/p>\n<p style=\"text-align: center;\"><span style=\"color: #003366;\"><em><strong>Possibilit\u00e9 d\u2019achat sur place \u00e0 2\u20ac.<\/strong><\/em><\/span><\/p>\n<hr \/>\n<p>&nbsp;<\/p>\n<\/div>\n<\/div><\/div><\/div><\/div><div id=\"pg-8533-1\"  class=\"panel-grid panel-no-style\" ><div id=\"pgc-8533-1-0\"  class=\"panel-grid-cell\" ><div id=\"panel-8533-1-0-0\" class=\"so-panel widget widget_sow-editor panel-first-child\" data-index=\"1\" ><div\n\t\t\t\n\t\t\tclass=\"so-widget-sow-editor so-widget-sow-editor-base\"\n\t\t\t\n\t\t>\n<div class=\"siteorigin-widget-tinymce textwidget\">\n\t<p style=\"text-align: center;\"><span style=\"color: #ff6600;\"><strong><em>Particuliers, Anniversaires, Enterrement de vie de c\u00e9libataire<\/em><\/strong><\/span><\/p>\n<hr \/>\n<p style=\"text-align: center;\">Si vous avez une question, vous pouvez nous contacter via le formulaire de contact ou par t\u00e9l\u00e9phone au<br \/>\n<span style=\"color: #003366;\"><strong> 06 12 35 40 50<\/strong><\/span><\/p>\n<hr \/>\n<p style=\"text-align: center;\">\n<\/div>\n<\/div><\/div><div id=\"panel-8533-1-0-2\" class=\"so-panel widget widget_media_image panel-last-child\" data-index=\"3\" ><div class=\"featured-widget panel-widget-style panel-widget-style-for-8533-1-0-2\" ><a href=\"https:\/\/nolimit-aventure.qweekle.com\/shop\/nolimit-aventure-nemours\/booking?lang=fr\"><img loading=\"lazy\" decoding=\"async\" width=\"1024\" height=\"576\" src=\"https:\/\/nolimit-aventure.com\/nemours\/wp-content\/uploads\/2024\/03\/Visuels-NoLimit-Aventure-4-1024x576.png\" class=\"image wp-image-8567  attachment-large size-large\" alt=\"\" style=\"max-width: 100%; height: auto;\" srcset=\"https:\/\/nolimit-aventure.com\/nemours\/wp-content\/uploads\/2024\/03\/Visuels-NoLimit-Aventure-4-1024x576.png 1024w, https:\/\/nolimit-aventure.com\/nemours\/wp-content\/uploads\/2024\/03\/Visuels-NoLimit-Aventure-4-300x169.png 300w, https:\/\/nolimit-aventure.com\/nemours\/wp-content\/uploads\/2024\/03\/Visuels-NoLimit-Aventure-4-768x432.png 768w, https:\/\/nolimit-aventure.com\/nemours\/wp-content\/uploads\/2024\/03\/Visuels-NoLimit-Aventure-4-1536x864.png 1536w, https:\/\/nolimit-aventure.com\/nemours\/wp-content\/uploads\/2024\/03\/Visuels-NoLimit-Aventure-4-428x242.png 428w, https:\/\/nolimit-aventure.com\/nemours\/wp-content\/uploads\/2024\/03\/Visuels-NoLimit-Aventure-4.png 1920w\" sizes=\"auto, (max-width: 1024px) 100vw, 1024px\" \/><\/a><\/div><\/div><\/div><div id=\"pgc-8533-1-1\"  class=\"panel-grid-cell\" ><div id=\"panel-8533-1-1-0\" class=\"so-panel widget widget_sow-editor panel-first-child panel-last-child\" data-index=\"4\" ><div\n\t\t\t\n\t\t\tclass=\"so-widget-sow-editor so-widget-sow-editor-base\"\n\t\t\t\n\t\t>\n<div class=\"siteorigin-widget-tinymce textwidget\">\n\t<p style=\"text-align: center;\"><span style=\"color: #ff6600;\"><strong><em>Demande de Devis : Centres de loisirs \/<\/em><\/strong><\/span><br \/>\n<span style=\"color: #ff6600;\"><strong><em>Associations \/ \u00c9coles \/ Entreprises \/ CSE<\/em><\/strong><\/span><\/p>\n<p style=\"text-align: center;\">Pour toute demande de devis, merci de nous contacter par mail \u00e0 <span style=\"color: #003366;\"><strong>nemours@nolimit-aventure.com<\/strong><\/span> et de nous indiquer :<\/p>\n<ul>\n<li>Nom, Pr\u00e9nom, num\u00e9ro de t\u00e9l\u00e9phone<\/li>\n<li>Nom et coordonn\u00e9es compl\u00e8tes de votre structure<\/li>\n<li>Date et heure souhait\u00e9e pour votre sortie<\/li>\n<li>Activit\u00e9(s) souhait\u00e9e(s)<\/li>\n<li>\u00c2ge des participants<\/li>\n<li>Nombre de participants<\/li>\n<li>Mode de r\u00e8glement souhait\u00e9 (y compris Chorus !)<\/li>\n<li>Toute information pouvant faciliter le traitement de votre demande<\/li>\n<\/ul>\n<\/div>\n<\/div><\/div><\/div><\/div><div id=\"pg-8533-2\"  class=\"panel-grid panel-no-style\" ><div id=\"pgc-8533-2-0\"  class=\"panel-grid-cell\" ><div id=\"panel-8533-2-0-0\" class=\"so-panel widget widget_sow-editor panel-first-child panel-last-child\" data-index=\"5\" ><div\n\t\t\t\n\t\t\tclass=\"so-widget-sow-editor so-widget-sow-editor-base\"\n\t\t\t\n\t\t>\n<div class=\"siteorigin-widget-tinymce textwidget\">\n\t<hr \/>\n<p style=\"text-align: center;\"><span style=\"color: #ff0000;\"><strong><em>Fermeture de l\u2019entr\u00e9e des parcours :<br \/>\n<\/em><\/strong><\/span><br \/>\n<span style=\"color: #003366;\"><strong><em>Parcours Rouges \u00e0 Noir<\/em><\/strong><\/span> : <em>1h15 avant la fermeture<\/em><br \/>\n<span style=\"color: #003366;\"><em><strong>Parcours Bleus \u2013 Vert \u2013 Jaunes<\/strong><\/em> <\/span>:<em> 1 heure avant la fermeture<\/em><\/p>\n<h3 class=\"LC20lb MBeuO DKV0Md\"><\/h3>\n<p style=\"text-align: center;\"><em><strong>\u26a0\ufe0f Attention : si vous vous pr\u00e9sentez moins de 3h avant la fermeture du parc,<br \/>\nla dur\u00e9e de votre session sera r\u00e9duite d\u2019autant. <\/strong><\/em>\u26a0\ufe0f<\/p>\n<hr \/>\n<p><span style=\"color: #003366;\"><strong>Pensez \u00e0 l'ASSURANCE REPORT NOLIMIT AVENTURE<\/strong><\/span><\/p>\n<p>Pour seulement 1,50 \u20ac par billet, notre assurance report vous offre la flexibilit\u00e9 de reporter votre billet une fois dans l'ann\u00e9e suivant l'achat. Le report est possible jusque-l\u00e0 veille de la prestation.<br \/>\nBien que non obligatoire, elle est fortement conseill\u00e9e pour ceux qui sont sensibles aux conditions m\u00e9t\u00e9orologiques ou organisent une sortie de groupe.<\/p>\n<hr \/>\n<h3 style=\"text-align: center;\"><span style=\"color: #ff0000;\"><strong>Pensez \u00e0 transmettre les informations suivantes \u00e0 l'ensemble des participants !<\/strong><\/span><\/h3>\n<hr \/>\n<p><span style=\"color: #003366;\"><strong><em>Pour l'activit\u00e9 Accrobranche :<\/em><\/strong><\/span><\/p>\n<p>Cheveux attach\u00e9s, chaussures ferm\u00e9es obligatoires et gants conseill\u00e9s (vente sur place \u00e0 2\u20ac)<br \/>\nCasque fournit ; possibilit\u00e9 d'apporter le v\u00f4tre.<br \/>\nEcharpe, foulard ou tout habit et accessoire qui entoure le cou sont interdits pour votre s\u00e9curit\u00e9.<\/p>\n<p><span style=\"color: #003366;\"><em><strong>Pour le Paintball :<\/strong><\/em><\/span><\/p>\n<p>Tenue textile fournie ; \u00e9vitez de porter 30 sous-couches : cela ne fera qu'entraver vos mouvements !!!<br \/>\nNous vous conseillons de porter un bonnet ou bandana afin de prot\u00e9ger le haut de la t\u00eate (pas de casquette ou capuche... pour cause de bu\u00e9e accrue dans le masque).<\/p>\n<p><span style=\"color: #003366;\"><em><strong>Pour toutes les activit\u00e9s :<\/strong><\/em><\/span><\/p>\n<p>Les pratiquants de moins de 16 ans doivent \u00eatre accompagn\u00e9s par au moins un adulte pour toute la dur\u00e9e de la session sans obligation de participer \u00e0 l'activit\u00e9.<br \/>\nPr\u00e9sentez-vous 15mn avant l'horaire de la session ; tout retard entrainera une diminution du temps de jeu ou l'annulation de votre r\u00e9servation sans possibilit\u00e9 de remboursement.<\/p>\n<p><strong><span style=\"color: #003366;\">Vous trouverez sur le parc un SNACK<\/span><\/strong><br \/>\nDes aires de pique-nique et de barbecues sont \u00e9galement \u00e0 votre disposition (pensez \u00e0 votre charbon de bois et allumes feu, les deux non disponible sur place).<\/p>\n<p>Toilettes s\u00e8ches et eau non potable sur place. En cas de forte chaleur, pensez \u00e0 emmener de quoi vous d\u00e9salt\u00e9rer (possibilit\u00e9 de vente sur place)<\/p>\n<p><span style=\"color: #003366;\"><strong>Parking gratuit<\/strong><\/span><\/p>\n<\/div>\n<\/div><\/div><\/div><\/div><div id=\"pg-8533-3\"  class=\"panel-grid panel-no-style\" ><div id=\"pgc-8533-3-0\"  class=\"panel-grid-cell\" ><div id=\"panel-8533-3-0-0\" class=\"so-panel widget widget_media_image panel-first-child\" data-index=\"6\" ><a href=\"https:\/\/nolimit-aventure.com\/nemours\/wp-content\/uploads\/2024\/03\/Capture-decran-2024-03-11-102448-2.pdf\"><img loading=\"lazy\" decoding=\"async\" width=\"1024\" height=\"660\" src=\"https:\/\/nolimit-aventure.com\/nemours\/wp-content\/uploads\/2024\/03\/Capture-decran-2024-03-11-102448-1024x660.png\" class=\"image wp-image-8548  attachment-large size-large\" alt=\"\" style=\"max-width: 100%; height: auto;\" srcset=\"https:\/\/nolimit-aventure.com\/nemours\/wp-content\/uploads\/2024\/03\/Capture-decran-2024-03-11-102448-1024x660.png 1024w, https:\/\/nolimit-aventure.com\/nemours\/wp-content\/uploads\/2024\/03\/Capture-decran-2024-03-11-102448-300x193.png 300w, https:\/\/nolimit-aventure.com\/nemours\/wp-content\/uploads\/2024\/03\/Capture-decran-2024-03-11-102448-768x495.png 768w, https:\/\/nolimit-aventure.com\/nemours\/wp-content\/uploads\/2024\/03\/Capture-decran-2024-03-11-102448.png 1190w\" sizes=\"auto, (max-width: 1024px) 100vw, 1024px\" \/><\/a><\/div><div id=\"panel-8533-3-0-1\" class=\"so-panel widget widget_media_image panel-last-child\" data-index=\"7\" ><img loading=\"lazy\" decoding=\"async\" width=\"1024\" height=\"724\" src=\"https:\/\/nolimit-aventure.com\/nemours\/wp-content\/uploads\/2024\/04\/Tarifs-Nemours-1-1024x724.png\" class=\"image wp-image-8647  attachment-large size-large\" alt=\"\" style=\"max-width: 100%; height: auto;\" srcset=\"https:\/\/nolimit-aventure.com\/nemours\/wp-content\/uploads\/2024\/04\/Tarifs-Nemours-1-1024x724.png 1024w, https:\/\/nolimit-aventure.com\/nemours\/wp-content\/uploads\/2024\/04\/Tarifs-Nemours-1-300x212.png 300w, https:\/\/nolimit-aventure.com\/nemours\/wp-content\/uploads\/2024\/04\/Tarifs-Nemours-1-768x543.png 768w, https:\/\/nolimit-aventure.com\/nemours\/wp-content\/uploads\/2024\/04\/Tarifs-Nemours-1-1536x1086.png 1536w, https:\/\/nolimit-aventure.com\/nemours\/wp-content\/uploads\/2024\/04\/Tarifs-Nemours-1-2048x1448.png 2048w, https:\/\/nolimit-aventure.com\/nemours\/wp-content\/uploads\/2024\/04\/Tarifs-Nemours-1-100x70.png 100w\" sizes=\"auto, (max-width: 1024px) 100vw, 1024px\" \/><\/div><\/div><\/div><\/div>","protected":false},"excerpt":{"rendered":"<p>R\u00c9SERVEZ VOTRE PROCHAINE SORTIE AVENTURE La r\u00e9servation est fortement conseill\u00e9e. Dans le cas contraire, nous ne pourrons vous garantir la disponibilit\u00e9 sur place. Pr\u00e9sentez vous 15mn avant l&rsquo;horaire de votre session. Port de gants non obligatoire sur les parcours accrobranche, mais fortement conseill\u00e9 (Gants de jardinage, bricolage \u2013 Pas de gants en latex ou de &hellip;<\/p>\n","protected":false},"author":4,"featured_media":0,"parent":0,"menu_order":0,"comment_status":"closed","ping_status":"closed","template":"","meta":{"_acf_changed":false,"footnotes":""},"class_list":{"0":"post-8533","1":"page","2":"type-page","3":"status-publish","5":"clearfix","6":"article"},"acf":[],"yoast_head":"<!-- This site is optimized with the Yoast SEO plugin v27.3 - https:\/\/yoast.com\/product\/yoast-seo-wordpress\/ -->\n<title>R\u00e9servation - NoLimit Aventure Nemours<\/title>\n<meta name=\"robots\" content=\"index, follow, max-snippet:-1, max-image-preview:large, max-video-preview:-1\" \/>\n<link rel=\"canonical\" href=\"https:\/\/nolimit-aventure.com\/nemours\/reservation\/\" \/>\n<meta property=\"og:locale\" content=\"fr_FR\" \/>\n<meta property=\"og:type\" content=\"article\" \/>\n<meta property=\"og:title\" content=\"R\u00e9servation - NoLimit Aventure Nemours\" \/>\n<meta property=\"og:description\" content=\"R\u00c9SERVEZ VOTRE PROCHAINE SORTIE AVENTURE La r\u00e9servation est fortement conseill\u00e9e. Dans le cas contraire, nous ne pourrons vous garantir la disponibilit\u00e9 sur place. Pr\u00e9sentez vous 15mn avant l&#039;horaire de votre session. Port de gants non obligatoire sur les parcours accrobranche, mais fortement conseill\u00e9 (Gants de jardinage, bricolage \u2013 Pas de gants en latex ou de &hellip;\" \/>\n<meta property=\"og:url\" content=\"https:\/\/nolimit-aventure.com\/nemours\/reservation\/\" \/>\n<meta property=\"og:site_name\" content=\"NoLimit Aventure Nemours\" \/>\n<meta property=\"article:modified_time\" content=\"2024-04-02T15:12:13+00:00\" \/>\n<meta name=\"twitter:card\" content=\"summary_large_image\" \/>\n<meta name=\"twitter:label1\" content=\"Dur\u00e9e de lecture estim\u00e9e\" \/>\n\t<meta name=\"twitter:data1\" content=\"4 minutes\" \/>\n<script type=\"application\/ld+json\" class=\"yoast-schema-graph\">{\"@context\":\"https:\\\/\\\/schema.org\",\"@graph\":[{\"@type\":\"WebPage\",\"@id\":\"https:\\\/\\\/nolimit-aventure.com\\\/nemours\\\/reservation\\\/\",\"url\":\"https:\\\/\\\/nolimit-aventure.com\\\/nemours\\\/reservation\\\/\",\"name\":\"R\u00e9servation - NoLimit Aventure Nemours\",\"isPartOf\":{\"@id\":\"https:\\\/\\\/nolimit-aventure.com\\\/nemours\\\/#website\"},\"datePublished\":\"2024-03-11T08:50:32+00:00\",\"dateModified\":\"2024-04-02T15:12:13+00:00\",\"breadcrumb\":{\"@id\":\"https:\\\/\\\/nolimit-aventure.com\\\/nemours\\\/reservation\\\/#breadcrumb\"},\"inLanguage\":\"fr-FR\",\"potentialAction\":[{\"@type\":\"ReadAction\",\"target\":[\"https:\\\/\\\/nolimit-aventure.com\\\/nemours\\\/reservation\\\/\"]}]},{\"@type\":\"BreadcrumbList\",\"@id\":\"https:\\\/\\\/nolimit-aventure.com\\\/nemours\\\/reservation\\\/#breadcrumb\",\"itemListElement\":[{\"@type\":\"ListItem\",\"position\":1,\"name\":\"Accueil\",\"item\":\"https:\\\/\\\/nolimit-aventure.com\\\/nemours\\\/\"},{\"@type\":\"ListItem\",\"position\":2,\"name\":\"R\u00e9servation\"}]},{\"@type\":\"WebSite\",\"@id\":\"https:\\\/\\\/nolimit-aventure.com\\\/nemours\\\/#website\",\"url\":\"https:\\\/\\\/nolimit-aventure.com\\\/nemours\\\/\",\"name\":\"NoLimit Aventure Nemours\",\"description\":\"\",\"potentialAction\":[{\"@type\":\"SearchAction\",\"target\":{\"@type\":\"EntryPoint\",\"urlTemplate\":\"https:\\\/\\\/nolimit-aventure.com\\\/nemours\\\/?s={search_term_string}\"},\"query-input\":{\"@type\":\"PropertyValueSpecification\",\"valueRequired\":true,\"valueName\":\"search_term_string\"}}],\"inLanguage\":\"fr-FR\"}]}<\/script>\n<!-- \/ Yoast SEO plugin. -->","yoast_head_json":{"title":"R\u00e9servation - NoLimit Aventure Nemours","robots":{"index":"index","follow":"follow","max-snippet":"max-snippet:-1","max-image-preview":"max-image-preview:large","max-video-preview":"max-video-preview:-1"},"canonical":"https:\/\/nolimit-aventure.com\/nemours\/reservation\/","og_locale":"fr_FR","og_type":"article","og_title":"R\u00e9servation - NoLimit Aventure Nemours","og_description":"R\u00c9SERVEZ VOTRE PROCHAINE SORTIE AVENTURE La r\u00e9servation est fortement conseill\u00e9e. Dans le cas contraire, nous ne pourrons vous garantir la disponibilit\u00e9 sur place. Pr\u00e9sentez vous 15mn avant l'horaire de votre session. Port de gants non obligatoire sur les parcours accrobranche, mais fortement conseill\u00e9 (Gants de jardinage, bricolage \u2013 Pas de gants en latex ou de &hellip;","og_url":"https:\/\/nolimit-aventure.com\/nemours\/reservation\/","og_site_name":"NoLimit Aventure Nemours","article_modified_time":"2024-04-02T15:12:13+00:00","twitter_card":"summary_large_image","twitter_misc":{"Dur\u00e9e de lecture estim\u00e9e":"4 minutes"},"schema":{"@context":"https:\/\/schema.org","@graph":[{"@type":"WebPage","@id":"https:\/\/nolimit-aventure.com\/nemours\/reservation\/","url":"https:\/\/nolimit-aventure.com\/nemours\/reservation\/","name":"R\u00e9servation - NoLimit Aventure Nemours","isPartOf":{"@id":"https:\/\/nolimit-aventure.com\/nemours\/#website"},"datePublished":"2024-03-11T08:50:32+00:00","dateModified":"2024-04-02T15:12:13+00:00","breadcrumb":{"@id":"https:\/\/nolimit-aventure.com\/nemours\/reservation\/#breadcrumb"},"inLanguage":"fr-FR","potentialAction":[{"@type":"ReadAction","target":["https:\/\/nolimit-aventure.com\/nemours\/reservation\/"]}]},{"@type":"BreadcrumbList","@id":"https:\/\/nolimit-aventure.com\/nemours\/reservation\/#breadcrumb","itemListElement":[{"@type":"ListItem","position":1,"name":"Accueil","item":"https:\/\/nolimit-aventure.com\/nemours\/"},{"@type":"ListItem","position":2,"name":"R\u00e9servation"}]},{"@type":"WebSite","@id":"https:\/\/nolimit-aventure.com\/nemours\/#website","url":"https:\/\/nolimit-aventure.com\/nemours\/","name":"NoLimit Aventure Nemours","description":"","potentialAction":[{"@type":"SearchAction","target":{"@type":"EntryPoint","urlTemplate":"https:\/\/nolimit-aventure.com\/nemours\/?s={search_term_string}"},"query-input":{"@type":"PropertyValueSpecification","valueRequired":true,"valueName":"search_term_string"}}],"inLanguage":"fr-FR"}]}},"_links":{"self":[{"href":"https:\/\/nolimit-aventure.com\/nemours\/wp-json\/wp\/v2\/pages\/8533","targetHints":{"allow":["GET"]}}],"collection":[{"href":"https:\/\/nolimit-aventure.com\/nemours\/wp-json\/wp\/v2\/pages"}],"about":[{"href":"https:\/\/nolimit-aventure.com\/nemours\/wp-json\/wp\/v2\/types\/page"}],"author":[{"embeddable":true,"href":"https:\/\/nolimit-aventure.com\/nemours\/wp-json\/wp\/v2\/users\/4"}],"replies":[{"embeddable":true,"href":"https:\/\/nolimit-aventure.com\/nemours\/wp-json\/wp\/v2\/comments?post=8533"}],"version-history":[{"count":54,"href":"https:\/\/nolimit-aventure.com\/nemours\/wp-json\/wp\/v2\/pages\/8533\/revisions"}],"predecessor-version":[{"id":8652,"href":"https:\/\/nolimit-aventure.com\/nemours\/wp-json\/wp\/v2\/pages\/8533\/revisions\/8652"}],"wp:attachment":[{"href":"https:\/\/nolimit-aventure.com\/nemours\/wp-json\/wp\/v2\/media?parent=8533"}],"curies":[{"name":"wp","href":"https:\/\/api.w.org\/{rel}","templated":true}]}}